{"id":19980,"date":"2025-10-30T21:35:46","date_gmt":"2025-10-30T13:35:46","guid":{"rendered":"https:\/\/agoravape.com\/?post_type=product&#038;p=19980"},"modified":"2026-01-19T21:59:00","modified_gmt":"2026-01-19T13:59:00","slug":"bang-starry-25000-puffs-vape","status":"publish","type":"product","link":"https:\/\/agoravape.com\/hu\/product\/bang-starry-25000-puffs-vape\/","title":{"rendered":"Bang Starry 25000 | Hatalmas szippant\u00e1ssz\u00e1m, nulla gond"},"content":{"rendered":"<h2 data-v-md-heading=\"what-is-the-special-feature-of-bang-starry-25000-rechargeable-mesh-coil-vape\" data-v-md-line=\"3\"><img loading=\"lazy\" decoding=\"async\" class=\"size-full wp-image-20029 aligncenter\" src=\"https:\/\/agoravape.com\/wp-content\/uploads\/2025\/10\/Bang-Starry-25000-Massive-Puff-Count-Zero-Hassle_Agora_vape-6-scaled.webp\" alt=\"\" width=\"1163\" height=\"2560\" srcset=\"https:\/\/agoravape.com\/wp-content\/uploads\/2025\/10\/Bang-Starry-25000-Massive-Puff-Count-Zero-Hassle_Agora_vape-6-scaled.webp 1163w, https:\/\/agoravape.com\/wp-content\/uploads\/2025\/10\/Bang-Starry-25000-Massive-Puff-Count-Zero-Hassle_Agora_vape-6-136x300.webp 136w, https:\/\/agoravape.com\/wp-content\/uploads\/2025\/10\/Bang-Starry-25000-Massive-Puff-Count-Zero-Hassle_Agora_vape-6-465x1024.webp 465w, https:\/\/agoravape.com\/wp-content\/uploads\/2025\/10\/Bang-Starry-25000-Massive-Puff-Count-Zero-Hassle_Agora_vape-6-768x1690.webp 768w, https:\/\/agoravape.com\/wp-content\/uploads\/2025\/10\/Bang-Starry-25000-Massive-Puff-Count-Zero-Hassle_Agora_vape-6-698x1536.webp 698w, https:\/\/agoravape.com\/wp-content\/uploads\/2025\/10\/Bang-Starry-25000-Massive-Puff-Count-Zero-Hassle_Agora_vape-6-931x2048.webp 931w, https:\/\/agoravape.com\/wp-content\/uploads\/2025\/10\/Bang-Starry-25000-Massive-Puff-Count-Zero-Hassle_Agora_vape-6-1200x2641.webp 1200w\" sizes=\"auto, (max-width: 1163px) 100vw, 1163px\" \/><\/h2>\n<h2 data-v-md-heading=\"what-is-the-special-feature-of-bang-starry-25000-rechargeable-mesh-coil-vape\" data-v-md-line=\"3\">Mi a Bang Starry 25000 \u00fajrat\u00f6lthet\u0151 h\u00e1l\u00f3s tekercses vape k\u00fcl\u00f6nleges tulajdons\u00e1ga?<\/h2>\n<p data-v-md-line=\"5\">\u0150szint\u00e9n sz\u00f3lva, a legt\u00f6bb eldobhat\u00f3 vape elt\u00falzott, de n\u00e9h\u00e1ny nappal k\u00e9s\u0151bb csal\u00f3d\u00e1st okoznak. A Bang Starry 25000 teljesen m\u00e1s. Ez a k\u00e9sz\u00fcl\u00e9k elk\u00e9peszt\u0151, 25000 portos akkumul\u00e1tor-\u00fczemid\u0151vel rendelkezik, ami nem az a fajta \u00e1tlagos term\u00e9k, ami szerd\u00e1nk\u00e9nt csal\u00f3d\u00e1st okoz. Azoknak k\u00e9sz\u00fclt, akik abban rem\u00e9nykednek, hogy a vape-ek l\u00e9p\u00e9st tudnak tartani az \u00e9let temp\u00f3j\u00e1val, ahelyett, hogy az korl\u00e1tozn\u00e1 \u0151ket.<\/p>\n<p data-v-md-line=\"7\">S\u0151t, tal\u00e1n \u00fagy gondolod, hogy egy 25 000 mp-es akkumul\u00e1tor-\u00fczemid\u0151vel rendelkez\u0151 k\u00e9sz\u00fcl\u00e9knek olyan orm\u00f3tlannak kellene lennie, mint egy t\u00e9gla, de a Bang Starry k\u00f6nnyed\u00e9n elf\u00e9r a zsebedben. Azok sz\u00e1m\u00e1ra, akik belef\u00e1radtak az \u00e1lland\u00f3 \u00faj eszk\u00f6z\u00f6k v\u00e1s\u00e1rl\u00e1s\u00e1ba vagy a bonyolult be\u00e1ll\u00edt\u00e1sokkal val\u00f3 foglalkozni, ez a t\u00f6k\u00e9letes v\u00e1laszt\u00e1s. Csak v\u00e1laszd ki a kedvenc \u00edzedet, \u00e9s \u00e9lvezd hetekig.<\/p>\n<h2 data-v-md-heading=\"excellent-performance-easy-and-convenient\" data-v-md-line=\"9\">Kiv\u00e1l\u00f3 teljes\u00edtm\u00e9ny, egyszer\u0171 \u00e9s k\u00e9nyelmes<\/h2>\n<p data-v-md-line=\"11\">A mindig gazdag \u00edz titka? Az 1,1 \u03a9-os h\u00e1l\u00f3s porlaszt\u00f3mag biztos\u00edtja, hogy minden falat olyan friss legyen, mint az els\u0151 \u2013 ak\u00e1r 10, ak\u00e1r 10 000 slukkot sz\u00edvt\u00e1l. A 28 ml-es e-liquid kapacit\u00e1s sima \u00e9lm\u00e9nyt ny\u00fajt, a 800 mAh-s akkumul\u00e1tor pedig hossz\u00fa \u00fczemid\u0151t biztos\u00edt, \u00edgy nem kell agg\u00f3dnod a lemer\u00fcl\u0151 akkumul\u00e1tor miatt. T\u00f6lt\u00e9skor egyszer\u0171en haszn\u00e1lj Type-C adatk\u00e1belt \u2013 ak\u00e1rcsak a telefonod t\u00f6lt\u00e9sekor. Egyszer\u0171 \u00e9s k\u00e9nyelmes.<\/p>\n<h2 data-v-md-heading=\"product-specifications\" data-v-md-line=\"13\">Term\u00e9kle\u00edr\u00e1s<\/h2>\n<p data-v-md-line=\"15\"><strong>Doh\u00e1nyz\u00e1si gyakoris\u00e1g:<\/strong>\u00a0ak\u00e1r 25 000 slukk<\/p>\n<p data-v-md-line=\"17\"><strong>e-folyad\u00e9k kapacit\u00e1s:<\/strong>\u00a028 ml el\u0151re t\u00f6lt\u00f6tt olaj<\/p>\n<p data-v-md-line=\"19\"><strong>Akkumul\u00e1tor:<\/strong>\u00a0800 mAh-s \u00fajrat\u00f6lthet\u0151 akkumul\u00e1tor<\/p>\n<p data-v-md-line=\"21\"><strong>Porlaszt\u00f3 mag:<\/strong>\u00a01,1 \u03a9-os h\u00e1l\u00f3szem\u0171 porlaszt\u00f3mag, amely sima \u00e9s stabil \u00edzt biztos\u00edt<\/p>\n<p data-v-md-line=\"23\"><strong>T\u00f6lt\u0151fel\u00fclet:<\/strong>\u00a0Szabv\u00e1nyos C t\u00edpus\u00fa USB csatlakoz\u00f3<\/p>\n<p data-v-md-line=\"25\"><strong>\u00c1llapot:<\/strong>\u00a0A dobozb\u00f3l kiv\u00e9ve azonnal haszn\u00e1latra k\u00e9sz<\/p>\n<h2 data-v-md-heading=\"complete-flavor-lineup\" data-v-md-line=\"27\">Teljes \u00edzv\u00e1laszt\u00e9k<\/h2>\n<ul data-v-md-line=\"29\">\n<li>Eper g\u00f6r\u00f6gdinnye<\/li>\n<li>Csereszny\u00e9s sz\u00f3da<\/li>\n<li>\u0150szibarack j\u00e9g<\/li>\n<li>Kiwi \u00e9s maracuja<\/li>\n<li>G\u00f6r\u00f6gdinnye j\u00e9g<\/li>\n<li>V\u00f6r\u00f6s Bika<\/li>\n<li>Sz\u0151l\u0151fagylalt<\/li>\n<li>K\u00e9k j\u00e9gp\u00e1lya<\/li>\n<li>Eper \u00e9s ban\u00e1n<\/li>\n<li>Lemon mint<\/li>\n<li>Dupla alm\u00e1k<\/li>\n<li>Mang\u00f3 j\u00e9g<\/li>\n<li>Anan\u00e1sz j\u00e9g<\/li>\n<li>Coca-Cola j\u00e9g<\/li>\n<li>Gr\u00e1n\u00e1talma<\/li>\n<li>K\u00e9k j\u00e9gp\u00e1lya<\/li>\n<\/ul>\n<h2 data-v-md-heading=\"tailored-for-you-and-your-business\" data-v-md-line=\"46\">\u00d6nre \u00e9s v\u00e1llalkoz\u00e1s\u00e1ra szabva<\/h2>\n<p data-v-md-line=\"48\">Most megnyitottuk a Bang Starry 25000-et szem\u00e9lyes v\u00e1s\u00e1rl\u00e1sra, de ha v\u00e1llalkoz\u00f3 vagy, \u00e9s olyan term\u00e9kekkel szeretn\u00e9l felt\u00f6lteni a k\u00e9szletedet, amelyeket az \u00fcgyfelek val\u00f3ban \u00fajra megv\u00e1s\u00e1rolnak, nagykereskedelmi megold\u00e1sunk megfelelhet az ig\u00e9nyeidnek. Minden egyes \u00e1rut\u00e9telhez teljes dokument\u00e1ci\u00f3 tartozik, \u00e9s ad\u00f3z\u00e1s ut\u00e1n (DDP) sz\u00e1ll\u00edtjuk megb\u00edzhat\u00f3 partnereken, p\u00e9ld\u00e1ul a UPS-en, a DPD-n \u00e9s a DHL-en kereszt\u00fcl, \u00edgy nem kell agg\u00f3dnod a v\u00e1mk\u00f6lts\u00e9gek miatt.<\/p>\n<p data-v-md-line=\"50\">A Bang kiskeresked\u0151k \u00e9s forgalmaz\u00f3k sz\u00e1m\u00e1ra OEM\/ODM t\u00e1mogat\u00e1st is k\u00edn\u00e1l, ami azt jelenti, hogy a megrendel\u00e9seket a piaci ig\u00e9nyeknek megfelel\u0151en testre szabhatj\u00e1k. Pontosan ez a rugalmass\u00e1g teszi a Bang Starry-t b\u00f6lcs v\u00e1laszt\u00e1ss\u00e1 az eur\u00f3pai v\u00e1llalkoz\u00e1sok sz\u00e1m\u00e1ra.<\/p>\n<h2 data-v-md-heading=\"reasons-why-you-will-like-it\" data-v-md-line=\"52\">Reasons why you will like it<\/h2>\n<p data-v-md-line=\"54\"><strong>25000 slukk:<\/strong>\u00a0\u00c9lvezd a hetekig tart\u00f3 vape \u00e9lm\u00e9nyt an\u00e9lk\u00fcl, hogy ki kellene cser\u00e9lned a porlaszt\u00f3 magot<\/p>\n<p data-v-md-line=\"56\"><strong>H\u00e1l\u00f3s porlaszt\u00e1si magtechnol\u00f3gia:<\/strong>\u00a0Minden falat ugyanazt a kiv\u00e1l\u00f3 \u00edzt hozza<\/p>\n<p data-v-md-line=\"58\"><strong>28 ml-es extra nagy kapacit\u00e1s:<\/strong>\u00a0A nagyobb e-liquid kapacit\u00e1s nagyobb k\u00f6lts\u00e9ghat\u00e9konys\u00e1got jelent<\/p>\n<p data-v-md-line=\"60\"><strong>USB Type-C t\u00f6lt\u00e9s:<\/strong>\u00a0Gyors \u00e9s k\u00e9nyelmes, haszn\u00e1lhatja a megl\u00e9v\u0151 adatk\u00e1bel\u00e9t<\/p>\n<p data-v-md-line=\"62\"><strong>16 \u00edzes\u00edt\u00e9si lehet\u0151s\u00e9g:<\/strong>\u00a0A klasszikus gy\u00fcm\u00f6lcs\u00edzekt\u0151l az olyan egyedi \u00edzekig, mint a Red Bull \u00e9s az Iced Coke, minden el\u00e9rhet\u0151.<\/p>\n<h2 data-v-md-heading=\"why-choose-to-collaborate-with-agoravape\" data-v-md-line=\"64\">Mi\u00e9rt \u00e9rdemes az AgoraVape-pel egy\u00fcttm\u0171k\u00f6dni?<\/h2>\n<p data-v-md-line=\"66\">Eur\u00f3pa egyik legmegb\u00edzhat\u00f3bb vape forgalmaz\u00f3jak\u00e9nt kiz\u00e1r\u00f3lag 100%-ban eredeti term\u00e9keket forgalmazunk. V\u00e1llalati \u00fcgyfeleink sz\u00e1m\u00e1ra ez Bang Starry 25000 nagykereskedelmi \u00e1rkedvezm\u00e9nyt, \u00e1tfog\u00f3 technikai t\u00e1mogat\u00e1st, valamint gyors \u00e9s megb\u00edzhat\u00f3 kisz\u00e1ll\u00edt\u00e1si szolg\u00e1ltat\u00e1sokat jelent. Azonnal vegye fel vel\u00fcnk a kapcsolatot, hogy \u0151szint\u00e9n megk\u00f6sz\u00f6nje \u00fcgyfeleinek a term\u00e9k biztos\u00edt\u00e1s\u00e1t.<\/p>\n<p><script src=\"chrome-extension:\/\/fpelahbljekknahkcaegamhcndkfpfnc\/iFrame.js\" type=\"text\/javascript\"><\/script><\/p>\n<p><script src=\"chrome-extension:\/\/fpelahbljekknahkcaegamhcndkfpfnc\/iFrame.js\" type=\"text\/javascript\"><\/script><\/p>","protected":false},"excerpt":{"rendered":"<p>&nbsp;<\/p>\n<p><script src=\"chrome-extension:\/\/fpelahbljekknahkcaegamhcndkfpfnc\/iFrame.js\" type=\"text\/javascript\"><\/script><\/p>\n<p><script src=\"chrome-extension:\/\/fpelahbljekknahkcaegamhcndkfpfnc\/iFrame.js\" type=\"text\/javascript\"><\/script><\/p>\n<p><script src=\"chrome-extension:\/\/fpelahbljekknahkcaegamhcndkfpfnc\/iFrame.js\" type=\"text\/javascript\"><\/script><\/p>\n<p><script src=\"chrome-extension:\/\/fpelahbljekknahkcaegamhcndkfpfnc\/iFrame.js\" type=\"text\/javascript\"><\/script><\/p>\n<p><script src=\"chrome-extension:\/\/fpelahbljekknahkcaegamhcndkfpfnc\/iFrame.js\" type=\"text\/javascript\"><\/script><\/p>\n<p><script src=\"chrome-extension:\/\/fpelahbljekknahkcaegamhcndkfpfnc\/iFrame.js\" type=\"text\/javascript\"><\/script><\/p>","protected":false},"featured_media":20040,"comment_status":"open","ping_status":"closed","template":"","meta":[],"product_brand":[197],"product_cat":[124,187,185,189,123,176,174,175,193,191,173,186,180,190],"product_tag":[],"class_list":{"0":"post-19980","1":"product","2":"type-product","3":"status-publish","4":"has-post-thumbnail","6":"product_brand-bang","7":"product_cat-vape-by-brand","8":"product_cat-0mg-nicotine-free-vapes","9":"product_cat-10000-puffs-high-capacity","10":"product_cat-20mg-standard-nicotine-vapes","11":"product_cat-bang","12":"product_cat-beverage","13":"product_cat-fruit-flavors","14":"product_cat-icy-mint","15":"product_cat-mesh-coil","16":"product_cat-rechargeable-disposables","17":"product_cat-vape-by-flavor-profile","18":"product_cat-vape-by-nicotine-strength","19":"product_cat-vape-by-puff-count","20":"product_cat-vape-by-feature-or-type","22":"first","23":"onbackorder","24":"shipping-taxable","25":"purchasable","26":"product-type-variable","27":"has-default-attributes"},"tiered_pricing_type":"percentage","tiered_pricing_fixed_rules":[],"tiered_pricing_product_settings":{"layout":"default","base_unit_name":{"singular":null,"plural":null},"default_variation":null},"tiered_pricing_minimum_quantity":10,"tiered_pricing_roles_data":[],"tiered_pricing_percentage_rules":{"30":"29","50":"35","100":"40","200":"44","500":"47","1000":"49"},"tiered_pricing_maximum_quantity":null,"tiered_pricing_quantity_step":"10","_links":{"self":[{"href":"https:\/\/agoravape.com\/hu\/wp-json\/wp\/v2\/product\/19980","targetHints":{"allow":["GET"]}}],"collection":[{"href":"https:\/\/agoravape.com\/hu\/wp-json\/wp\/v2\/product"}],"about":[{"href":"https:\/\/agoravape.com\/hu\/wp-json\/wp\/v2\/types\/product"}],"replies":[{"embeddable":true,"href":"https:\/\/agoravape.com\/hu\/wp-json\/wp\/v2\/comments?post=19980"}],"version-history":[{"count":0,"href":"https:\/\/agoravape.com\/hu\/wp-json\/wp\/v2\/product\/19980\/revisions"}],"wp:featuredmedia":[{"embeddable":true,"href":"https:\/\/agoravape.com\/hu\/wp-json\/wp\/v2\/media\/20040"}],"wp:attachment":[{"href":"https:\/\/agoravape.com\/hu\/wp-json\/wp\/v2\/media?parent=19980"}],"wp:term":[{"taxonomy":"product_brand","embeddable":true,"href":"https:\/\/agoravape.com\/hu\/wp-json\/wp\/v2\/product_brand?post=19980"},{"taxonomy":"product_cat","embeddable":true,"href":"https:\/\/agoravape.com\/hu\/wp-json\/wp\/v2\/product_cat?post=19980"},{"taxonomy":"product_tag","embeddable":true,"href":"https:\/\/agoravape.com\/hu\/wp-json\/wp\/v2\/product_tag?post=19980"}],"curies":[{"name":"wp","href":"https:\/\/api.w.org\/{rel}","templated":true}]}}