{"id":20080,"date":"2025-10-31T10:57:56","date_gmt":"2025-10-31T02:57:56","guid":{"rendered":"https:\/\/agoravape.com\/?post_type=product&#038;p=20080"},"modified":"2026-02-22T15:14:39","modified_gmt":"2026-02-22T14:14:39","slug":"fluum-box-12000-puffs-vape","status":"publish","type":"product","link":"https:\/\/agoravape.com\/hu\/product\/fluum-box-12000-puffs-vape\/","title":{"rendered":"Fluum Box 12000 | Hatalmas puffan\u00e1sok, nulla gond"},"content":{"rendered":"<h2 data-v-md-heading=\"what-is-special-about-fluum-box-12000\" data-v-md-line=\"3\"><img loading=\"lazy\" decoding=\"async\" class=\"wp-image-20100 size-full alignright\" src=\"https:\/\/agoravape.com\/wp-content\/uploads\/2025\/10\/Fluum-Box-12000-Massive-Puffs-Zero-Hassle_Agora_vape-7.webp\" alt=\"\" width=\"1080\" height=\"1678\" srcset=\"https:\/\/agoravape.com\/wp-content\/uploads\/2025\/10\/Fluum-Box-12000-Massive-Puffs-Zero-Hassle_Agora_vape-7.webp 1080w, https:\/\/agoravape.com\/wp-content\/uploads\/2025\/10\/Fluum-Box-12000-Massive-Puffs-Zero-Hassle_Agora_vape-7-193x300.webp 193w, https:\/\/agoravape.com\/wp-content\/uploads\/2025\/10\/Fluum-Box-12000-Massive-Puffs-Zero-Hassle_Agora_vape-7-659x1024.webp 659w, https:\/\/agoravape.com\/wp-content\/uploads\/2025\/10\/Fluum-Box-12000-Massive-Puffs-Zero-Hassle_Agora_vape-7-768x1193.webp 768w, https:\/\/agoravape.com\/wp-content\/uploads\/2025\/10\/Fluum-Box-12000-Massive-Puffs-Zero-Hassle_Agora_vape-7-989x1536.webp 989w\" sizes=\"auto, (max-width: 1080px) 100vw, 1080px\" \/><\/h2>\n<h2 data-v-md-heading=\"what-is-special-about-fluum-box-12000\" data-v-md-line=\"3\">Mi a k\u00fcl\u00f6nleges a Fluum Box 12000-ben?<\/h2>\n<p data-v-md-line=\"5\">Ha eleged van az eldobhat\u00f3, nem sok\u00e1ig tart\u00f3 e-cigarett\u00e1kb\u00f3l, akkor ez a term\u00e9k biztosan kiel\u00e9g\u00edti az ig\u00e9nyeidet. A Fluum Box 12000 ak\u00e1r 12000 slukknyi akkumul\u00e1tor-\u00fczemid\u0151t is biztos\u00edt egyetlen slukk alatt \u2013 ez el\u00e9g ahhoz, hogy hetekig tart\u00f3 vape \u00e9lm\u00e9nyben legyen r\u00e9szed n\u00e9h\u00e1ny nap helyett. Azoknak a felhaszn\u00e1l\u00f3knak, akik megb\u00edzhat\u00f3 \u00e9s gazdag vape \u00e9lm\u00e9nyre v\u00e1gynak an\u00e9lk\u00fcl, hogy folyamatosan agg\u00f3dniuk kellene az e-liquid kifogy\u00e1sa miatt, ez a t\u00f6k\u00e9letes v\u00e1laszt\u00e1s.<\/p>\n<p data-v-md-line=\"7\">Sok nagy kapacit\u00e1s\u00fa vape-et tesztelt\u00fcnk m\u00e1r, \u00e9s \u0151szint\u00e9n sz\u00f3lva, a legt\u00f6bbj\u00fck olyan orm\u00f3tlan, mint egy t\u00e9gla. De a Fluum Boxnak siker\u00fclt \u2013 ilyen nagy kapacit\u00e1ssal rendelkezik an\u00e9lk\u00fcl, hogy hordozhat\u00f3 power bank \u00e9rzet\u00e9t kelten\u00e9. K\u00e9nyelmes, n\u00e9gyzet alak\u00fa kialak\u00edt\u00e1s\u00fa, kiv\u00e1l\u00f3 fog\u00e1s\u00fa, matt fel\u00fclete pedig biztos\u00edtja, hogy ne cs\u00fasszon ki a kezedb\u0151l, amikor kimegy\u00e9l.<\/p>\n<h2 data-v-md-heading=\"excellent-performance-easy-and-convenient\" data-v-md-line=\"9\">Kiv\u00e1l\u00f3 teljes\u00edtm\u00e9ny, egyszer\u0171 \u00e9s k\u00e9nyelmes<\/h2>\n<p data-v-md-line=\"11\">A Fluum Box \u00e1lland\u00f3 \u00edz\u00e9nek titka az 1,1 \u03a9-os h\u00e1l\u00f3s porlaszt\u00f3 magban rejlik \u2013 egyenletesen meleg\u00edti fel az e-liquidet, biztos\u00edtva, hogy minden falat ugyanolyan finom legyen, mint az els\u0151. B\u00facs\u00fat inthetsz az \u00e9gett \u00edznek, b\u00facs\u00fat inthetsz a hirtelen gyenge \u00e9rz\u00e9snek a f\u00e9l\u00faton. \u00c9lvezd a sima \u00e9s kiel\u00e9g\u00edt\u0151 g\u0151z\u00e9lm\u00e9nyt az elej\u00e9t\u0151l a v\u00e9g\u00e9ig. A 650 mAh-s akkumul\u00e1tor nagyon kis kapacit\u00e1s\u00fa, \u00e9s amikor t\u00f6lt\u00e9sre van sz\u00fcks\u00e9g (ami nem gyakori), egyszer\u0171en csatlakoztasd b\u00e1rmelyik Type-C adatk\u00e1belhez \u2013 val\u00f3sz\u00edn\u0171leg ahhoz, amelyikhez a telefonod t\u00f6lt\u00e9s\u00e9hez haszn\u00e1lod. Egyszer\u0171 \u00e9s k\u00e9nyelmes.<\/p>\n<h2 data-v-md-heading=\"quick-specifications\" data-v-md-line=\"13\">Gyors specifik\u00e1ci\u00f3k<\/h2>\n<p data-v-md-line=\"15\"><strong>Doh\u00e1nyz\u00e1si gyakoris\u00e1g:<\/strong>\u00a0ak\u00e1r 12000 f\u00faj\u00e1s<\/p>\n<p data-v-md-line=\"17\"><strong>e-folyad\u00e9k kapacit\u00e1s:<\/strong>\u00a020 ml el\u0151re t\u00f6lt\u00f6tt olaj<\/p>\n<p data-v-md-line=\"19\"><strong>Akkumul\u00e1tor:<\/strong>\u00a0650 mAh-s \u00fajrat\u00f6lthet\u0151 akkumul\u00e1tor<\/p>\n<p data-v-md-line=\"21\"><strong>Porlaszt\u00f3 mag:<\/strong>\u00a01,1 \u03a9-os h\u00e1l\u00f3szem\u0171 porlaszt\u00f3mag az \u00e1lland\u00f3 \u00edzletess\u00e9g\u00e9rt<\/p>\n<p data-v-md-line=\"23\"><strong>Haszn\u00e1lat:<\/strong>\u00a0L\u00e9legezz be az aktiv\u00e1l\u00e1shoz<\/p>\n<p data-v-md-line=\"25\"><strong>T\u00f6lt\u00e9si m\u00f3d:<\/strong>\u00a0Szabv\u00e1nyos C t\u00edpus\u00fa USB csatlakoz\u00f3<\/p>\n<p data-v-md-line=\"27\"><strong>\u00c1llapot:<\/strong>\u00a0A dobozb\u00f3l kiv\u00e9ve azonnal haszn\u00e1latra k\u00e9sz<\/p>\n<h2 data-v-md-heading=\"complete-flavor-lineup\" data-v-md-line=\"29\">Teljes \u00edzv\u00e1laszt\u00e9k<\/h2>\n<ul data-v-md-line=\"31\">\n<li>Eper g\u00f6r\u00f6gdinnye<\/li>\n<li>Eper-mang\u00f3<\/li>\n<li>H\u00e1rmas bogy\u00f3<\/li>\n<li>G\u00f6r\u00f6gdinnye j\u00e9g<\/li>\n<li>Mang\u00f3 \u0151szibarack<\/li>\n<li>\u00c1fonya \u00e9s m\u00e1lna<\/li>\n<li>\u0150szibarack j\u00e9g<\/li>\n<li>K\u00e9k j\u00e9gp\u00e1lya<\/li>\n<li>Savany\u00fa alma<\/li>\n<li>Eper kivi<\/li>\n<li>Kiwi, maracuja, guava<\/li>\n<li>Sz\u0151l\u0151fagylalt<\/li>\n<\/ul>\n<h2 data-v-md-heading=\"tailored-for-you-and-your-business\" data-v-md-line=\"44\">\u00d6nre \u00e9s v\u00e1llalkoz\u00e1s\u00e1ra szabva<\/h2>\n<p data-v-md-line=\"46\">Megjelent a Fluum Box 12000, amelyet k\u00fcl\u00f6n is megv\u00e1s\u00e1rolhat, vagy v\u00e1laszthatja nagykereskedelmi megold\u00e1sunkat nagykereskedelmi v\u00e1s\u00e1rl\u00e1sokhoz. Minden eszk\u00f6z megfelel\u0151en becsomagolt, \u00e9s k\u00f6zvetlen\u00fcl \u00e9rt\u00e9kes\u00edthet\u0151. Megb\u00edzhat\u00f3 partnerekkel, p\u00e9ld\u00e1ul UPS-szel, DPD-vel \u00e9s DHL-lel dolgozunk egy\u00fctt, \u00e9s a DDP sz\u00e1ll\u00edt\u00e1st haszn\u00e1ljuk az \u00f6sszes importv\u00e1m fedez\u00e9s\u00e9re, \u00edgy nem kell agg\u00f3dnia a v\u00e1mk\u00f6lts\u00e9gek miatt. Egyszer\u0171en sz\u00e1ll\u00edtsa ki egyszer\u0171en h\u00e1zhoz vagy az \u00fczlet\u00e9be.<\/p>\n<p data-v-md-line=\"48\">A term\u00e9ksz\u00e1m (FLUUM-Box-12000) egyszer\u0171v\u00e9 \u00e9s gyorss\u00e1 teszi a k\u00e9szletfelt\u00f6lt\u00e9st. 12 \u00edzes\u00edt\u00e9st k\u00edn\u00e1lunk, hogy v\u00e1s\u00e1rl\u00f3id gazdag v\u00e1laszt\u00e9kot kapjanak. A friss\u00edt\u0151 g\u00f6r\u00f6gdinnyefagylaltt\u00f3l a tr\u00f3pusi kivi \u00e9s maracuja, valamint guava kever\u00e9k \u00edzekig mindig tal\u00e1lsz olyat, amelyik megfelel az \u00edzl\u00e9sednek.<\/p>\n<h2 data-v-md-heading=\"reasons-why-you-will-like-it\" data-v-md-line=\"50\">Reasons why you will like it<\/h2>\n<p data-v-md-line=\"52\"><strong>12000 port:<\/strong>\u00a0Akkumul\u00e1tor \u00fczemid\u0151 hetekig, nem napokig \u2013 nagyszer\u0171 \u00e1r-\u00e9rt\u00e9k ar\u00e1ny\u00fa v\u00e1laszt\u00e1s<\/p>\n<p data-v-md-line=\"54\"><strong>20 ml-es e-folyad\u00e9k:<\/strong>\u00a0Nagyobb kapacit\u00e1s, \u00e1r-\u00e9rt\u00e9k ar\u00e1ny<\/p>\n<p data-v-md-line=\"56\"><strong>\u00dajrat\u00f6lthet\u0151 akkumul\u00e1tor:<\/strong>\u00a0Haszn\u00e1ld ki az e-liquid minden cseppj\u00e9t, \u00e9s soha ne pazarold el<\/p>\n<p data-v-md-line=\"58\"><strong>H\u00e1l\u00f3s tekercses technol\u00f3gia:<\/strong>\u00a0Egyenletes, sima \u00edz az els\u0151 falatt\u00f3l az utols\u00f3ig<\/p>\n<p data-v-md-line=\"60\"><strong>C t\u00edpus\u00fa t\u00f6lt\u00e9s:<\/strong>\u00a0Ugyanazt a t\u00f6lt\u0151k\u00e1belt haszn\u00e1lja, mint a legt\u00f6bb modern eszk\u00f6z<\/p>\n<p data-v-md-line=\"62\"><strong>12 \u00edzes\u00edt\u00e9si lehet\u0151s\u00e9g:<\/strong>\u00a0A gy\u00fcm\u00f6lcs\u00f6st\u0151l a friss\u00edt\u0151ig, mindig van olyan, amelyik illik hozz\u00e1d<\/p>\n<h2 data-v-md-heading=\"why-choose-to-collaborate-with-agoravape\" data-v-md-line=\"64\">Mi\u00e9rt \u00e9rdemes az AgoraVape-pel egy\u00fcttm\u0171k\u00f6dni?<\/h2>\n<p data-v-md-line=\"66\">Eur\u00f3pa egyik legmegb\u00edzhat\u00f3bb vape forgalmaz\u00f3jak\u00e9nt kiz\u00e1r\u00f3lag 100%-ban eredeti term\u00e9keket forgalmazunk. V\u00e1llalati \u00fcgyfeleink sz\u00e1m\u00e1ra ez kedvezm\u00e9nyes nagykereskedelmi \u00e1rakat, \u00e1tfog\u00f3 technikai t\u00e1mogat\u00e1st, valamint gyors \u00e9s megb\u00edzhat\u00f3 kisz\u00e1ll\u00edt\u00e1si szolg\u00e1ltat\u00e1sokat jelent a Fluum Box 12000 eset\u00e9ben. L\u00e9pjen kapcsolatba vel\u00fcnk, hogy \u0151szint\u00e9n megk\u00f6sz\u00f6nje \u00fcgyfeleinek ezt a term\u00e9ket.<\/p>\n<p><script src=\"chrome-extension:\/\/fpelahbljekknahkcaegamhcndkfpfnc\/iFrame.js\" type=\"text\/javascript\"><\/script><\/p>","protected":false},"excerpt":{"rendered":"<p>&nbsp;<\/p>\n<p><script src=\"chrome-extension:\/\/fpelahbljekknahkcaegamhcndkfpfnc\/iFrame.js\" type=\"text\/javascript\"><\/script><\/p>\n<p><script src=\"chrome-extension:\/\/fpelahbljekknahkcaegamhcndkfpfnc\/iFrame.js\" type=\"text\/javascript\"><\/script><\/p>\n<p><script src=\"chrome-extension:\/\/fpelahbljekknahkcaegamhcndkfpfnc\/iFrame.js\" type=\"text\/javascript\"><\/script><\/p>\n<p><script src=\"chrome-extension:\/\/fpelahbljekknahkcaegamhcndkfpfnc\/iFrame.js\" type=\"text\/javascript\"><\/script><\/p>\n<p><script src=\"chrome-extension:\/\/fpelahbljekknahkcaegamhcndkfpfnc\/iFrame.js\" type=\"text\/javascript\"><\/script><\/p>\n<p><script src=\"chrome-extension:\/\/fpelahbljekknahkcaegamhcndkfpfnc\/iFrame.js\" type=\"text\/javascript\"><\/script><\/p>\n<p><script src=\"chrome-extension:\/\/fpelahbljekknahkcaegamhcndkfpfnc\/iFrame.js\" type=\"text\/javascript\"><\/script><\/p>","protected":false},"featured_media":20106,"comment_status":"open","ping_status":"closed","template":"","meta":[],"product_brand":[197],"product_cat":[124,187,185,1634,189,123,174,175,193,191,179,173,186,180,190],"product_tag":[],"class_list":{"0":"post-20080","1":"product","2":"type-product","3":"status-publish","4":"has-post-thumbnail","6":"product_brand-bang","7":"product_cat-vape-by-brand","8":"product_cat-0mg-nicotine-free-vapes","9":"product_cat-10000-puffs-high-capacity","10":"product_cat-12000-puffs","11":"product_cat-20mg-standard-nicotine-vapes","12":"product_cat-bang","13":"product_cat-fruit-flavors","14":"product_cat-icy-mint","15":"product_cat-mesh-coil","16":"product_cat-rechargeable-disposables","17":"product_cat-unique-blends","18":"product_cat-vape-by-flavor-profile","19":"product_cat-vape-by-nicotine-strength","20":"product_cat-vape-by-puff-count","21":"product_cat-vape-by-feature-or-type","23":"first","24":"onbackorder","25":"shipping-taxable","26":"purchasable","27":"product-type-variable","28":"has-default-attributes"},"tiered_pricing_type":"percentage","tiered_pricing_fixed_rules":[],"tiered_pricing_product_settings":{"layout":"default","base_unit_name":{"singular":null,"plural":null},"default_variation":null},"tiered_pricing_minimum_quantity":10,"tiered_pricing_roles_data":[],"tiered_pricing_percentage_rules":{"30":"29","50":"35","100":"40","200":"44","500":"47","1000":"49"},"tiered_pricing_maximum_quantity":null,"tiered_pricing_quantity_step":"10","_links":{"self":[{"href":"https:\/\/agoravape.com\/hu\/wp-json\/wp\/v2\/product\/20080","targetHints":{"allow":["GET"]}}],"collection":[{"href":"https:\/\/agoravape.com\/hu\/wp-json\/wp\/v2\/product"}],"about":[{"href":"https:\/\/agoravape.com\/hu\/wp-json\/wp\/v2\/types\/product"}],"replies":[{"embeddable":true,"href":"https:\/\/agoravape.com\/hu\/wp-json\/wp\/v2\/comments?post=20080"}],"version-history":[{"count":0,"href":"https:\/\/agoravape.com\/hu\/wp-json\/wp\/v2\/product\/20080\/revisions"}],"wp:featuredmedia":[{"embeddable":true,"href":"https:\/\/agoravape.com\/hu\/wp-json\/wp\/v2\/media\/20106"}],"wp:attachment":[{"href":"https:\/\/agoravape.com\/hu\/wp-json\/wp\/v2\/media?parent=20080"}],"wp:term":[{"taxonomy":"product_brand","embeddable":true,"href":"https:\/\/agoravape.com\/hu\/wp-json\/wp\/v2\/product_brand?post=20080"},{"taxonomy":"product_cat","embeddable":true,"href":"https:\/\/agoravape.com\/hu\/wp-json\/wp\/v2\/product_cat?post=20080"},{"taxonomy":"product_tag","embeddable":true,"href":"https:\/\/agoravape.com\/hu\/wp-json\/wp\/v2\/product_tag?post=20080"}],"curies":[{"name":"wp","href":"https:\/\/api.w.org\/{rel}","templated":true}]}}