{"id":20462,"date":"2025-12-30T22:06:43","date_gmt":"2025-12-30T14:06:43","guid":{"rendered":"https:\/\/agoravape.com\/?post_type=product&#038;p=20462"},"modified":"2026-01-21T21:52:04","modified_gmt":"2026-01-21T13:52:04","slug":"jnr-shisha-ultra-45k-puffs-disposable-vape-wholesale","status":"publish","type":"product","link":"https:\/\/agoravape.com\/hu\/product\/jnr-shisha-ultra-45k-puffs-disposable-vape-wholesale\/","title":{"rendered":"JNR Shisha Ultra 45000 Port Eldobhat\u00f3 Vape Nagykereskedelem | Nagy kapacit\u00e1s, K\u00f6nny\u0171 T\u00f6lt\u00e9s"},"content":{"rendered":"<h2 data-v-md-heading=\"what-are-the-advantages-of-wholesale-jnr-shisha-ultra-45000-disposable-vapes\" data-v-md-line=\"3\">Milyen el\u0151nyei vannak a nagykereskedelmi JNR Shisha Ultra 45000 eldobhat\u00f3 vape-eknek?<\/h2>\n<p data-v-md-line=\"5\">Ha eleged van az eldobhat\u00f3 e-cigarett\u00e1kb\u00f3l, amikb\u0151l n\u00e9h\u00e1ny nap alatt kifogy az \u00f6sszes sz\u00e1l, akkor \u00e9rdemes megn\u00e9zned ezt a term\u00e9ket. A JNR Shisha Ultra ak\u00e1r 45000 t\u00f6lt\u00e9st is k\u00e9pes t\u00e1rolni, tart\u00f3s \u00e9s nem ig\u00e9nyel gyakori t\u00f6lt\u00e9st.<\/p>\n<p data-v-md-line=\"7\">Kifejezetten azoknak a vape felhaszn\u00e1l\u00f3knak tervezt\u00e9k, akik a megb\u00edzhat\u00f3s\u00e1got, a kiv\u00e1l\u00f3 \u00edzt \u00e9s a k\u00e9nyelmes t\u00f6lt\u00e9st keresik. Nincsenek benne flancos funkci\u00f3k, csak hossz\u00fa akkumul\u00e1tor-\u00fczemid\u0151 \u00e9s klasszikus \u00edzek, amelyeket a v\u00e1s\u00e1rl\u00f3id ismernek \u00e9s szeretnek.<\/p>\n<h2 data-v-md-heading=\"excellent-performance-and-easy-operation\" data-v-md-line=\"9\">Kiv\u00e1l\u00f3 teljes\u00edtm\u00e9ny \u00e9s egyszer\u0171 kezelhet\u0151s\u00e9g<\/h2>\n<p data-v-md-line=\"11\">A tekercset gondosan hangolt\u00e1k az \u00e1lland\u00f3 \u00edz biztos\u00edt\u00e1sa \u00e9rdek\u00e9ben, \u00e9s az utols\u00f3 falat ugyanolyan finom, mint az els\u0151. Ha az akkumul\u00e1tor lemer\u00fclt, k\u00f6nnyen felt\u00f6ltheted a Type-C interf\u00e9szen kereszt\u00fcl. Ez az interf\u00e9sz megegyezik a legt\u00f6bb mobiltelefon \u00e1ltal haszn\u00e1lt interf\u00e9szrel, \u00e9s nem kell k\u00fcl\u00f6n t\u00f6lt\u0151k\u00e1belt keresned. K\u00f6nnyen haszn\u00e1lhat\u00f3 \u00e9s k\u00f6nnyen karbantarthat\u00f3.<\/p>\n<p data-v-md-line=\"11\"><img loading=\"lazy\" decoding=\"async\" class=\"aligncenter size-full wp-image-20467\" src=\"https:\/\/agoravape.com\/wp-content\/uploads\/2025\/12\/JNR-Shisha-Ultra-45000-Puffs-Disposable-Vape-Wholesale_Agora_vape-13.webp\" alt=\"\" width=\"1200\" height=\"1200\" srcset=\"https:\/\/agoravape.com\/wp-content\/uploads\/2025\/12\/JNR-Shisha-Ultra-45000-Puffs-Disposable-Vape-Wholesale_Agora_vape-13.webp 1200w, https:\/\/agoravape.com\/wp-content\/uploads\/2025\/12\/JNR-Shisha-Ultra-45000-Puffs-Disposable-Vape-Wholesale_Agora_vape-13-600x600.webp 600w, https:\/\/agoravape.com\/wp-content\/uploads\/2025\/12\/JNR-Shisha-Ultra-45000-Puffs-Disposable-Vape-Wholesale_Agora_vape-13-300x300.webp 300w, https:\/\/agoravape.com\/wp-content\/uploads\/2025\/12\/JNR-Shisha-Ultra-45000-Puffs-Disposable-Vape-Wholesale_Agora_vape-13-1024x1024.webp 1024w, https:\/\/agoravape.com\/wp-content\/uploads\/2025\/12\/JNR-Shisha-Ultra-45000-Puffs-Disposable-Vape-Wholesale_Agora_vape-13-150x150.webp 150w, https:\/\/agoravape.com\/wp-content\/uploads\/2025\/12\/JNR-Shisha-Ultra-45000-Puffs-Disposable-Vape-Wholesale_Agora_vape-13-768x768.webp 768w, https:\/\/agoravape.com\/wp-content\/uploads\/2025\/12\/JNR-Shisha-Ultra-45000-Puffs-Disposable-Vape-Wholesale_Agora_vape-13-12x12.webp 12w\" sizes=\"auto, (max-width: 1200px) 100vw, 1200px\" \/><\/p>\n<h2 data-v-md-heading=\"quick-specifications\" data-v-md-line=\"13\">Gyors specifik\u00e1ci\u00f3k<\/h2>\n<ul data-v-md-line=\"15\">\n<li>Doh\u00e1nyz\u00e1si gyakoris\u00e1g: ak\u00e1r 45000 alkalommal<\/li>\n<li>Nikotintartalom: 2% nikotin<\/li>\n<li>Haszn\u00e1lat: L\u00e9legezze be az aktiv\u00e1l\u00e1shoz<\/li>\n<li>T\u00f6lt\u00e9si m\u00f3d: Standard Type-C USB csatlakoz\u00f3<\/li>\n<li>Akkumul\u00e1tor kapacit\u00e1sa: 1100mAh<\/li>\n<li>\u00c1llapot: Kicsomagol\u00e1s ut\u00e1n azonnal haszn\u00e1lhat\u00f3<\/li>\n<\/ul>\n<h2 data-v-md-heading=\"complete-flavor-lineup\" data-v-md-line=\"22\">Teljes \u00edzv\u00e1laszt\u00e9k<\/h2>\n<ul data-v-md-line=\"23\">\n<li>Mint<\/li>\n<li>Gum mint<\/li>\n<li>Epres Panqu<\/li>\n<li>\u0150szibarack j\u00e9g<\/li>\n<li>Var\u00e1zslatos szerelem<\/li>\n<li>\u00c1fony\u00e1s menta<\/li>\n<li>\u00c1fonya \u00e9s m\u00e1lna<\/li>\n<li>Lemon mint<\/li>\n<li>Eper-cseresznye<\/li>\n<li>Mentol<\/li>\n<li>Z\u00f6ld menta<\/li>\n<li>Vegyes bogy\u00f3s gy\u00fcm\u00f6lcs\u00f6k<\/li>\n<li>Ny\u00e1ri \u00e1lom<\/li>\n<li>Mang\u00f3 anan\u00e1sz<\/li>\n<li>Cseresznyekarnev\u00e1l<\/li>\n<li>Ny\u00e1ri \u0151szibarack<\/li>\n<li>Dupla alm\u00e1k<\/li>\n<\/ul>\n<h2 data-v-md-heading=\"suitable-for-you-and-your-business\" data-v-md-line=\"41\">Alkalmas \u00d6nnek \u00e9s v\u00e1llalkoz\u00e1s\u00e1nak<\/h2>\n<p data-v-md-line=\"43\">V\u00e1s\u00e1rolhat egyetlen egys\u00e9get tesztel\u00e9sre, vagy k\u00f6zvetlen\u00fcl nagykereskedelmi \u00e1ron. Minden bels\u0151 doboz 5 darabot tartalmaz, m\u00edg minden k\u00fcls\u0151 doboz 100 darabot. A k\u00fcls\u0151 doboz s\u00falya 14,34 kilogramm, \u00edgy k\u00e9nyelmesen megtervezheti a raklapra rakod\u00e1st.<\/p>\n<p data-v-md-line=\"45\">Megb\u00edzhat\u00f3 partnerekkel, mint p\u00e9ld\u00e1ul a UPS, a DPD \u00e9s a DHL, m\u0171k\u00f6d\u00fcnk egy\u00fctt, hogy ad\u00f3z\u00e1s ut\u00e1ni DDP sz\u00e1ll\u00edt\u00e1si szolg\u00e1ltat\u00e1sokat ny\u00fajtsunk eg\u00e9sz Eur\u00f3p\u00e1ban. Az \u00e1rut a teljes folyamat sor\u00e1n nyomon k\u00f6vetheti, \u00e9s kisz\u00e1m\u00edthat\u00f3 sz\u00e1ll\u00edt\u00e1si id\u0151ket \u00e9lvezhet, hogy elker\u00fclje a v\u00e1ratlan helyzeteket a v\u00e1mn\u00e1l.<\/p>\n<p data-v-md-line=\"47\">A megfelel\u0151s\u00e9ggel kapcsolatban: A term\u00e9k kapacit\u00e1sa \u00e9s f\u00fcst\u00f6l\u00e9si gyakoris\u00e1ga messze meghaladja az EU TPD\/TRRP el\u0151\u00edr\u00e1sai \u00e1ltal meghat\u00e1rozott 2 ml-es hat\u00e1r\u00e9rt\u00e9ket. K\u00e9rj\u00fck, a kiskereskedelemben val\u00f3 \u00e9rt\u00e9kes\u00edt\u00e9s el\u0151tt ellen\u0151rizze a helyi el\u0151\u00edr\u00e1sokat.<\/p>\n<h2 data-v-md-heading=\"the-reason-why-you-will-like-it\" data-v-md-line=\"49\">Az ok, ami\u00e9rt tetszeni fog<\/h2>\n<ul data-v-md-line=\"50\">\n<li>Gyakoribb doh\u00e1nyz\u00e1s: Tart\u00f3sabb \u00e9s hosszabb \u00e9lettartam\u00fa, gyakori ut\u00e1nt\u00f6lt\u00e9s n\u00e9lk\u00fcl.<\/li>\n<li>M\u00e9rs\u00e9kelt nikotintartalom: A 2%-os nikotintartalom alkalmas a t\u00f6megpiacra, \u00e9s k\u00f6nnyen kiv\u00e1laszthat\u00f3.<\/li>\n<li>\u00dajrat\u00f6lthet\u0151: Teljes m\u00e9rt\u00e9kben haszn\u00e1lja ki az e-liquidet an\u00e9lk\u00fcl, hogy f\u00e9lk\u00e9sz eszk\u00f6z\u00f6ket dobna ki. *\u00c1lland\u00f3 \u00edz: Ez a porlaszt\u00f3 mag stabil \u00e9s kiel\u00e9g\u00edt\u0151 inhal\u00e1ci\u00f3s \u00e9lm\u00e9nyt ny\u00fajt az elej\u00e9t\u0151l a v\u00e9g\u00e9ig.<\/li>\n<\/ul>\n<h2 data-v-md-heading=\"why-choose-to-collaborate-with-agoravape\" data-v-md-line=\"54\">Mi\u00e9rt \u00e9rdemes az AgoraVape-pel egy\u00fcttm\u0171k\u00f6dni?<\/h2>\n<p data-v-md-line=\"56\">Garant\u00e1ljuk, hogy minden term\u00e9k\u00fcnk 100%-ban eredeti, \u00e9s min\u0151s\u00e9gi garanci\u00e1t v\u00e1llalunk. A JNR Shisha Ultra 45000 eldobhat\u00f3 e-cigarett\u00e1k nagykereskedelm\u00e9vel korrekt nagykereskedelmi \u00e1rakat, gyors reag\u00e1l\u00e1s\u00fa technikai t\u00e1mogat\u00e1st \u00e9s k\u00e9nyelmes DDP kisz\u00e1ll\u00edt\u00e1si szolg\u00e1ltat\u00e1sokat kap. Ha nagy kapacit\u00e1s\u00fa, \u00fajrat\u00f6lthet\u0151, eldobhat\u00f3 vape-rel szeretn\u00e9 b\u0151v\u00edteni \u00fcgyfelei k\u00f6r\u00e9t, \u00e9s visszat\u00e9r\u0151 v\u00e1s\u00e1rl\u00f3kk\u00e1 tenni \u0151ket, k\u00e9rj\u00fck, forduljon hozz\u00e1nk b\u00e1rmikor.<\/p>","protected":false},"excerpt":{"rendered":"<p>Milyen el\u0151nyei vannak a JNR Shisha Ultra 45000 eldobhat\u00f3 e-cigarett\u00e1k nagykereskedelmi \u00e9rt\u00e9kes\u00edt\u00e9s\u00e9nek? Ha unod m\u00e1r az eldobhat\u00f3 e-cigarett\u00e1kat, amelyek<\/p>","protected":false},"featured_media":20480,"comment_status":"closed","ping_status":"closed","template":"","meta":[],"product_brand":[225],"product_cat":[124,185,189,177,174,175,152,193,191,173,186,180,190],"product_tag":[],"class_list":{"0":"post-20462","1":"product","2":"type-product","3":"status-publish","4":"has-post-thumbnail","6":"product_brand-jnr","7":"product_cat-vape-by-brand","8":"product_cat-10000-puffs-high-capacity","9":"product_cat-20mg-standard-nicotine-vapes","10":"product_cat-dessert-sweets","11":"product_cat-fruit-flavors","12":"product_cat-icy-mint","13":"product_cat-jnr","14":"product_cat-mesh-coil","15":"product_cat-rechargeable-disposables","16":"product_cat-vape-by-flavor-profile","17":"product_cat-vape-by-nicotine-strength","18":"product_cat-vape-by-puff-count","19":"product_cat-vape-by-feature-or-type","21":"first","22":"instock","23":"shipping-taxable","24":"purchasable","25":"product-type-variable","26":"has-default-attributes"},"tiered_pricing_type":"percentage","tiered_pricing_fixed_rules":{"30":"29","50":"35","100":"40","200":"44","500":"47","1000":"49"},"tiered_pricing_product_settings":{"layout":"default","base_unit_name":{"singular":null,"plural":null},"default_variation":null},"tiered_pricing_minimum_quantity":10,"tiered_pricing_roles_data":[],"tiered_pricing_percentage_rules":{"30":"29","50":"35","100":"40","200":"44","500":"47","1000":"46"},"tiered_pricing_maximum_quantity":null,"tiered_pricing_quantity_step":"10","_links":{"self":[{"href":"https:\/\/agoravape.com\/hu\/wp-json\/wp\/v2\/product\/20462","targetHints":{"allow":["GET"]}}],"collection":[{"href":"https:\/\/agoravape.com\/hu\/wp-json\/wp\/v2\/product"}],"about":[{"href":"https:\/\/agoravape.com\/hu\/wp-json\/wp\/v2\/types\/product"}],"replies":[{"embeddable":true,"href":"https:\/\/agoravape.com\/hu\/wp-json\/wp\/v2\/comments?post=20462"}],"version-history":[{"count":0,"href":"https:\/\/agoravape.com\/hu\/wp-json\/wp\/v2\/product\/20462\/revisions"}],"wp:featuredmedia":[{"embeddable":true,"href":"https:\/\/agoravape.com\/hu\/wp-json\/wp\/v2\/media\/20480"}],"wp:attachment":[{"href":"https:\/\/agoravape.com\/hu\/wp-json\/wp\/v2\/media?parent=20462"}],"wp:term":[{"taxonomy":"product_brand","embeddable":true,"href":"https:\/\/agoravape.com\/hu\/wp-json\/wp\/v2\/product_brand?post=20462"},{"taxonomy":"product_cat","embeddable":true,"href":"https:\/\/agoravape.com\/hu\/wp-json\/wp\/v2\/product_cat?post=20462"},{"taxonomy":"product_tag","embeddable":true,"href":"https:\/\/agoravape.com\/hu\/wp-json\/wp\/v2\/product_tag?post=20462"}],"curies":[{"name":"wp","href":"https:\/\/api.w.org\/{rel}","templated":true}]}}