{"id":20517,"date":"2025-12-30T22:20:04","date_gmt":"2025-12-30T14:20:04","guid":{"rendered":"https:\/\/agoravape.com\/?post_type=product&#038;p=20517"},"modified":"2026-01-21T21:53:08","modified_gmt":"2026-01-21T13:53:08","slug":"jnr-windwhip-44k-puffs-dual-flavor-disposable","status":"publish","type":"product","link":"https:\/\/agoravape.com\/hu\/product\/jnr-windwhip-44k-puffs-dual-flavor-disposable\/","title":{"rendered":"JNR WindWhip 44000 F\u00faj\u00e1s K\u00e9tf\u00e9le \u00cdz\u0171 Eldobhat\u00f3 | Nagy kiszerel\u00e9s | K\u00e9t \u00edz. Egy eszk\u00f6z. Nagy sz\u00e1m\u00fa slukkot tartalmaz."},"content":{"rendered":"<h2 data-v-md-heading=\"jnr-windwhip-44000-dual-flavored-disposable-vape-what-s-special-about-its-large-capacity\" data-v-md-line=\"3\">JNR WindWhip 44000 kett\u0151s \u00edzes\u00edt\u00e9s\u0171 eldobhat\u00f3 vape | Mi a k\u00fcl\u00f6nleges a nagy kapacit\u00e1s\u00e1ban?<\/h2>\n<p data-v-md-line=\"5\">Ha belef\u00e1radt\u00e1l a t\u00fal gyors vape haszn\u00e1lat\u00e1ba, ez a term\u00e9k mindenk\u00e9ppen az ide\u00e1lis v\u00e1laszt\u00e1s. A JNR WindWhip akkumul\u00e1tor\u00e1nak \u00e9lettartama ak\u00e1r 44000 port, \u00e9s egy eszk\u00f6z k\u00e9t \u00edzt is k\u00edn\u00e1l, \u00edgy b\u00e1rmikor megv\u00e1ltoztathatod az \u00edzl\u00e9sedet.<\/p>\n<p data-v-md-line=\"7\">Ha tart\u00f3s \u00e9s k\u00f6nnyen haszn\u00e1lhat\u00f3 vape-t keresel, ez a t\u00f6k\u00e9letes v\u00e1laszt\u00e1s. Nincs sz\u00fcks\u00e9g men\u00fckezel\u00e9sre, nem kell kicser\u00e9lni a porlaszt\u00f3magot. Csak vedd fel, \u00e9s \u00e9lvezd az \u00e1lland\u00f3 finoms\u00e1got az elej\u00e9t\u0151l a v\u00e9g\u00e9ig.<\/p>\n<h2 data-v-md-heading=\"excellent-performance-simple-and-easy-to-use\" data-v-md-line=\"9\">Excellent performance, simple and easy to use<\/h2>\n<p data-v-md-line=\"11\">A WindWhip-et a sima l\u00e9g\u00e1raml\u00e1sra \u00e9s a stabil \u00edzre tervezt\u00e9k, \u00edgy minden nap \u00e9lvezheted a kiv\u00e1l\u00f3s\u00e1g\u00e1t. Ha az akkumul\u00e1tor lemer\u00fclt, egyszer\u0171en t\u00f6ltsd fel egy Type-C adatk\u00e1bellel, ami lehet ugyanaz a k\u00e1bel, amit a telefon t\u00f6lt\u00e9s\u00e9hez is haszn\u00e1lsz. Egyszer\u0171.<\/p>\n<h2 data-v-md-heading=\"quick-specifications\" data-v-md-line=\"13\">Gyors specifik\u00e1ci\u00f3k<\/h2>\n<ul data-v-md-line=\"14\">\n<li>Doh\u00e1nyz\u00e1si gyakoris\u00e1g: ak\u00e1r 44000 cigaretta<\/li>\n<li>Nikotinkoncentr\u00e1ci\u00f3: 2%<\/li>\n<li>Haszn\u00e1lat: L\u00e9legezze be az aktiv\u00e1l\u00e1shoz<\/li>\n<li>T\u00f6lt\u00e9si m\u00f3d: Standard Type-C USB csatlakoz\u00f3<\/li>\n<li>\u00c1llapot: Kicsomagol\u00e1s ut\u00e1n azonnal haszn\u00e1lhat\u00f3<\/li>\n<\/ul>\n<p><img loading=\"lazy\" decoding=\"async\" class=\"aligncenter size-full wp-image-20550\" src=\"https:\/\/agoravape.com\/wp-content\/uploads\/2025\/12\/JNR-WindWhip-44000-Puffs-Dual-Flavor-Disposable-Bulk-Two-flavours.-One-device.-Big-puff-count._Agora_vape-11.webp\" alt=\"\" width=\"1600\" height=\"1600\" srcset=\"https:\/\/agoravape.com\/wp-content\/uploads\/2025\/12\/JNR-WindWhip-44000-Puffs-Dual-Flavor-Disposable-Bulk-Two-flavours.-One-device.-Big-puff-count._Agora_vape-11.webp 1600w, https:\/\/agoravape.com\/wp-content\/uploads\/2025\/12\/JNR-WindWhip-44000-Puffs-Dual-Flavor-Disposable-Bulk-Two-flavours.-One-device.-Big-puff-count._Agora_vape-11-600x600.webp 600w, https:\/\/agoravape.com\/wp-content\/uploads\/2025\/12\/JNR-WindWhip-44000-Puffs-Dual-Flavor-Disposable-Bulk-Two-flavours.-One-device.-Big-puff-count._Agora_vape-11-1200x1200.webp 1200w, https:\/\/agoravape.com\/wp-content\/uploads\/2025\/12\/JNR-WindWhip-44000-Puffs-Dual-Flavor-Disposable-Bulk-Two-flavours.-One-device.-Big-puff-count._Agora_vape-11-300x300.webp 300w, https:\/\/agoravape.com\/wp-content\/uploads\/2025\/12\/JNR-WindWhip-44000-Puffs-Dual-Flavor-Disposable-Bulk-Two-flavours.-One-device.-Big-puff-count._Agora_vape-11-1024x1024.webp 1024w, https:\/\/agoravape.com\/wp-content\/uploads\/2025\/12\/JNR-WindWhip-44000-Puffs-Dual-Flavor-Disposable-Bulk-Two-flavours.-One-device.-Big-puff-count._Agora_vape-11-150x150.webp 150w, https:\/\/agoravape.com\/wp-content\/uploads\/2025\/12\/JNR-WindWhip-44000-Puffs-Dual-Flavor-Disposable-Bulk-Two-flavours.-One-device.-Big-puff-count._Agora_vape-11-768x768.webp 768w, https:\/\/agoravape.com\/wp-content\/uploads\/2025\/12\/JNR-WindWhip-44000-Puffs-Dual-Flavor-Disposable-Bulk-Two-flavours.-One-device.-Big-puff-count._Agora_vape-11-1536x1536.webp 1536w, https:\/\/agoravape.com\/wp-content\/uploads\/2025\/12\/JNR-WindWhip-44000-Puffs-Dual-Flavor-Disposable-Bulk-Two-flavours.-One-device.-Big-puff-count._Agora_vape-11-12x12.webp 12w\" sizes=\"auto, (max-width: 1600px) 100vw, 1600px\" \/><\/p>\n<h2 data-v-md-heading=\"complete-flavor-lineup\" data-v-md-line=\"20\">Teljes \u00edzv\u00e1laszt\u00e9k<\/h2>\n<ul data-v-md-line=\"21\">\n<li>Blue Razz Cherry + Cherry<\/li>\n<li>Mixed Berry + White Peach Razz<\/li>\n<li>Friss eperfagylalt + \u00e1fony\u00e1s-savany\u00fa m\u00e1lna<\/li>\n<li>G\u00f6r\u00f6gdinnye j\u00e9g + G\u00f6r\u00f6gdinnye r\u00e1g\u00f3gumi<\/li>\n<li>Kiwi g\u00f6r\u00f6gdinnye j\u00e9g + eper kivi<\/li>\n<li>Epres-g\u00f6r\u00f6gdinnye j\u00e9g + Epres-ban\u00e1n<\/li>\n<li>Cherry Cola + Summer Peaches<\/li>\n<li>Love 66 + Hawaii<\/li>\n<li>Dupla alma + z\u00f6ldalma \u0151szibarack k\u00f6rte<\/li>\n<li>Black Ice + Black Dragon Ice<\/li>\n<\/ul>\n<h2 data-v-md-heading=\"to-serve-you-and-your-business\" data-v-md-line=\"32\">To serve you and your business<\/h2>\n<p data-v-md-line=\"34\">A JNR WindWhip 44000-et k\u00fcl\u00f6n-k\u00fcl\u00f6n vagy nagy t\u00e9telben is megv\u00e1s\u00e1rolhatja kiskereskedelmi c\u00e9lokra. 10 darab bels\u0151 dobozonk\u00e9nt \u00e9s 200 darab k\u00fcls\u0151 dobozonk\u00e9nt. Ha boltot \u00fczemeltet, biztosan szeretni fogja ezt a praktikus, 10 darabos bels\u0151 dobozt, amely praktikus a polcrendszer \u00e9s a k\u00e9szletkezel\u00e9s szempontj\u00e1b\u00f3l.<\/p>\n<p data-v-md-line=\"36\">Megb\u00edzhat\u00f3 DDP sz\u00e1ll\u00edt\u00e1si szolg\u00e1ltat\u00e1sokat k\u00edn\u00e1lunk az ad\u00f3fizet\u00e9s ut\u00e1n olyan partnerekkel, mint a UPS, a DPD \u00e9s a DHL, hogy seg\u00edts\u00fcnk elker\u00fclni a v\u00e1mkezel\u00e9si k\u00e9sedelmeket \u00e9s a v\u00e1ratlan k\u00f6lts\u00e9geket. Az eur\u00f3pai szab\u00e1lyoz\u00e1sok elt\u00e9r\u00e9sei miatt fontos, hogy a nagy kapacit\u00e1s\u00fa eldobhat\u00f3 vape-ek \u00e9rt\u00e9kes\u00edt\u00e9se el\u0151tt ellen\u0151rizze a helyi el\u0151\u00edr\u00e1sokat.<\/p>\n<h2 data-v-md-heading=\"the-reason-why-you-will-like-it\" data-v-md-line=\"38\">Az ok, ami\u00e9rt tetszeni fog<\/h2>\n<ul data-v-md-line=\"39\">\n<li>Tart\u00f3s \u00e9s hossz\u00fa \u00e9lettartam\u00fa: A hosszabb haszn\u00e1lati id\u0151nek k\u00f6sz\u00f6nhet\u0151en nincs sz\u00fcks\u00e9g a berendez\u00e9sek gyakori cser\u00e9j\u00e9re.<\/li>\n<li>Nikotinkoncentr\u00e1ci\u00f3 kiv\u00e1laszt\u00e1sa: 2%-os nikotinkoncentr\u00e1ci\u00f3, a legt\u00f6bb eldobhat\u00f3 vape-felhaszn\u00e1l\u00f3 sz\u00e1m\u00e1ra alkalmas.<\/li>\n<li>\u00dajrat\u00f6lthet\u0151: Az \u00f6sszes megv\u00e1s\u00e1rolt e-folyad\u00e9kot felhaszn\u00e1lhatod an\u00e9lk\u00fcl, hogy agg\u00f3dnod kellene a f\u00e9lig megtelt eszk\u00f6z kidob\u00e1sa miatt.<\/li>\n<li>\u00c1lland\u00f3 \u00edz: sima l\u00e9g\u00e1raml\u00e1sra \u00e9s \u00e1lland\u00f3 \u00edzre tervezve.<\/li>\n<\/ul>\n<h2 data-v-md-heading=\"why-choose-to-collaborate-with-agoravape\" data-v-md-line=\"44\">Mi\u00e9rt \u00e9rdemes az AgoraVape-pel egy\u00fcttm\u0171k\u00f6dni?<\/h2>\n<p data-v-md-line=\"46\">Kiz\u00e1r\u00f3lag eredeti term\u00e9keket forgalmazunk, \u00fcgyfelei megb\u00edzhatnak benn\u00fcnk. V\u00e1llalati v\u00e1s\u00e1rl\u00f3k sz\u00e1m\u00e1ra ez azt jelenti, hogy a JNR WindWhip 44000 kett\u0151s \u00edzes\u00edt\u00e9s\u0171, eldobhat\u00f3 vape-ek (nagy kiszerel\u00e9s) rendk\u00edv\u00fcl versenyk\u00e9pes nagykereskedelmi \u00e1rakat, megb\u00edzhat\u00f3 \u00e9rt\u00e9kes\u00edt\u00e9s ut\u00e1ni t\u00e1mogat\u00e1st \u00e9s gyors sz\u00e1ll\u00edt\u00e1st k\u00edn\u00e1lnak. Ha szeretne egy bev\u00e1lt, nagy kapacit\u00e1s\u00fa, kett\u0151s \u00edzes\u00edt\u00e9s\u0171 vape-et hozz\u00e1adni term\u00e9kk\u00edn\u00e1lat\u00e1hoz, k\u00e9rj\u00fck, vegye fel vel\u00fcnk a kapcsolatot. \u00dcgyfelei biztosan \u00fajra v\u00e1s\u00e1rolnak majd t\u0151l\u00fcnk.<\/p>","protected":false},"excerpt":{"rendered":"<p>JNR WindWhip 44000 kett\u0151s \u00edzes\u00edt\u00e9s\u0171 eldobhat\u00f3 vape | Mi a k\u00fcl\u00f6nleges a nagy kapacit\u00e1s\u00e1ban? Ha belef\u00e1radt\u00e1l a<\/p>","protected":false},"featured_media":20549,"comment_status":"closed","ping_status":"closed","template":"","meta":[],"product_brand":[225],"product_cat":[124,185,189,177,195,174,175,152,193,191,173,186,180,190],"product_tag":[],"class_list":{"0":"post-20517","1":"product","2":"type-product","3":"status-publish","4":"has-post-thumbnail","6":"product_brand-jnr","7":"product_cat-vape-by-brand","8":"product_cat-10000-puffs-high-capacity","9":"product_cat-20mg-standard-nicotine-vapes","10":"product_cat-dessert-sweets","11":"product_cat-dual-flavor-switch","12":"product_cat-fruit-flavors","13":"product_cat-icy-mint","14":"product_cat-jnr","15":"product_cat-mesh-coil","16":"product_cat-rechargeable-disposables","17":"product_cat-vape-by-flavor-profile","18":"product_cat-vape-by-nicotine-strength","19":"product_cat-vape-by-puff-count","20":"product_cat-vape-by-feature-or-type","22":"first","23":"instock","24":"shipping-taxable","25":"purchasable","26":"product-type-variable","27":"has-default-attributes"},"tiered_pricing_type":"percentage","tiered_pricing_fixed_rules":{"30":"29","50":"35","100":"40","200":"44","500":"47","1000":"49"},"tiered_pricing_product_settings":{"layout":"default","base_unit_name":{"singular":null,"plural":null},"default_variation":null},"tiered_pricing_minimum_quantity":10,"tiered_pricing_roles_data":[],"tiered_pricing_percentage_rules":{"30":"29","50":"35","100":"40","200":"44","500":"47","1000":"46"},"tiered_pricing_maximum_quantity":null,"tiered_pricing_quantity_step":"10","_links":{"self":[{"href":"https:\/\/agoravape.com\/hu\/wp-json\/wp\/v2\/product\/20517","targetHints":{"allow":["GET"]}}],"collection":[{"href":"https:\/\/agoravape.com\/hu\/wp-json\/wp\/v2\/product"}],"about":[{"href":"https:\/\/agoravape.com\/hu\/wp-json\/wp\/v2\/types\/product"}],"replies":[{"embeddable":true,"href":"https:\/\/agoravape.com\/hu\/wp-json\/wp\/v2\/comments?post=20517"}],"version-history":[{"count":0,"href":"https:\/\/agoravape.com\/hu\/wp-json\/wp\/v2\/product\/20517\/revisions"}],"wp:featuredmedia":[{"embeddable":true,"href":"https:\/\/agoravape.com\/hu\/wp-json\/wp\/v2\/media\/20549"}],"wp:attachment":[{"href":"https:\/\/agoravape.com\/hu\/wp-json\/wp\/v2\/media?parent=20517"}],"wp:term":[{"taxonomy":"product_brand","embeddable":true,"href":"https:\/\/agoravape.com\/hu\/wp-json\/wp\/v2\/product_brand?post=20517"},{"taxonomy":"product_cat","embeddable":true,"href":"https:\/\/agoravape.com\/hu\/wp-json\/wp\/v2\/product_cat?post=20517"},{"taxonomy":"product_tag","embeddable":true,"href":"https:\/\/agoravape.com\/hu\/wp-json\/wp\/v2\/product_tag?post=20517"}],"curies":[{"name":"wp","href":"https:\/\/api.w.org\/{rel}","templated":true}]}}