{"id":20563,"date":"2025-12-30T22:38:15","date_gmt":"2025-12-30T14:38:15","guid":{"rendered":"https:\/\/agoravape.com\/?post_type=product&#038;p=20563"},"modified":"2026-02-25T07:38:10","modified_gmt":"2026-02-25T06:38:10","slug":"jnr-lionking-42000-puffs-disposable-vape","status":"publish","type":"product","link":"https:\/\/agoravape.com\/hu\/product\/jnr-lionking-42000-puffs-disposable-vape\/","title":{"rendered":"JNR LionKing 42000 Puffs Eldobhat\u00f3 Vape Nagykereskedelmi | Hossz\u00fa t\u00e1v\u00fa k\u00e9nyelem 2% nikotintartalommal"},"content":{"rendered":"<h2 data-v-md-heading=\"what-are-the-advantages-of-jnr-lionking-s-wholesale-of-42000-disposable-vapes\" data-v-md-line=\"3\"><img loading=\"lazy\" decoding=\"async\" class=\"aligncenter size-full wp-image-20587\" src=\"https:\/\/agoravape.com\/wp-content\/uploads\/2025\/12\/JNR-LionKing-42000-Puffs-Disposable-Vape-Bulk-Wholesale-Long-Running-Convenience-at-2-Nicotine_Agora_vape-13.webp\" alt=\"\" width=\"1600\" height=\"1600\" srcset=\"https:\/\/agoravape.com\/wp-content\/uploads\/2025\/12\/JNR-LionKing-42000-Puffs-Disposable-Vape-Bulk-Wholesale-Long-Running-Convenience-at-2-Nicotine_Agora_vape-13.webp 1600w, https:\/\/agoravape.com\/wp-content\/uploads\/2025\/12\/JNR-LionKing-42000-Puffs-Disposable-Vape-Bulk-Wholesale-Long-Running-Convenience-at-2-Nicotine_Agora_vape-13-600x600.webp 600w, https:\/\/agoravape.com\/wp-content\/uploads\/2025\/12\/JNR-LionKing-42000-Puffs-Disposable-Vape-Bulk-Wholesale-Long-Running-Convenience-at-2-Nicotine_Agora_vape-13-1200x1200.webp 1200w, https:\/\/agoravape.com\/wp-content\/uploads\/2025\/12\/JNR-LionKing-42000-Puffs-Disposable-Vape-Bulk-Wholesale-Long-Running-Convenience-at-2-Nicotine_Agora_vape-13-300x300.webp 300w, https:\/\/agoravape.com\/wp-content\/uploads\/2025\/12\/JNR-LionKing-42000-Puffs-Disposable-Vape-Bulk-Wholesale-Long-Running-Convenience-at-2-Nicotine_Agora_vape-13-1024x1024.webp 1024w, https:\/\/agoravape.com\/wp-content\/uploads\/2025\/12\/JNR-LionKing-42000-Puffs-Disposable-Vape-Bulk-Wholesale-Long-Running-Convenience-at-2-Nicotine_Agora_vape-13-150x150.webp 150w, https:\/\/agoravape.com\/wp-content\/uploads\/2025\/12\/JNR-LionKing-42000-Puffs-Disposable-Vape-Bulk-Wholesale-Long-Running-Convenience-at-2-Nicotine_Agora_vape-13-768x768.webp 768w, https:\/\/agoravape.com\/wp-content\/uploads\/2025\/12\/JNR-LionKing-42000-Puffs-Disposable-Vape-Bulk-Wholesale-Long-Running-Convenience-at-2-Nicotine_Agora_vape-13-1536x1536.webp 1536w, https:\/\/agoravape.com\/wp-content\/uploads\/2025\/12\/JNR-LionKing-42000-Puffs-Disposable-Vape-Bulk-Wholesale-Long-Running-Convenience-at-2-Nicotine_Agora_vape-13-12x12.webp 12w\" sizes=\"auto, (max-width: 1600px) 100vw, 1600px\" \/><\/h2>\n<h2 data-v-md-heading=\"what-are-the-advantages-of-jnr-lionking-s-wholesale-of-42000-disposable-vapes\" data-v-md-line=\"3\">Milyen el\u0151nyei vannak a JNR LionKing 42000 eldobhat\u00f3 vape nagykereskedelmi k\u00edn\u00e1lat\u00e1nak?<\/h2>\n<p data-v-md-line=\"5\">Ha eleged van az eldobhat\u00f3, n\u00e9h\u00e1ny nap alatt elhaszn\u00e1lhat\u00f3 vape-ekb\u0151l, akkor ez a term\u00e9k meg\u00e9ri a figyelmedet. A JNR LionKing hossz\u00fa t\u00e1v\u00fa haszn\u00e1latra k\u00e9sz\u00fclt, \u00e9s ak\u00e1r 42000 slukk lead\u00e1s\u00e1ra is k\u00e9pes 2%-os nikotinkoncentr\u00e1ci\u00f3val. K\u00f6nnyen haszn\u00e1lhat\u00f3 \u00e9s a Type-C csatlakoz\u00f3n kereszt\u00fcl t\u00f6lthet\u0151. Ez a term\u00e9k kifejezetten azoknak a felhaszn\u00e1l\u00f3knak k\u00e9sz\u00fclt, akik a stabil \u00edzvil\u00e1gra t\u00f6rekszenek, \u00e9s nem akarnak f\u00e1raszt\u00f3 m\u0171veleteket v\u00e9gezni.<\/p>\n<p data-v-md-line=\"7\">Szem\u00e9lyes \u00e9s kereskedelmi haszn\u00e1latra egyar\u00e1nt alkalmas. Hosszan tart\u00f3 \u00e9s stabil teljes\u00edtm\u00e9nyt \u00e9rhet el an\u00e9lk\u00fcl, hogy agg\u00f3dnia kellene az e-folyad\u00e9k kifogy\u00e1sa \u00e9s a k\u00e9sz\u00fcl\u00e9k eldob\u00e1sa miatt.<\/p>\n<h2 data-v-md-heading=\"excellent-performance-and-easy-operation\" data-v-md-line=\"9\">Kiv\u00e1l\u00f3 teljes\u00edtm\u00e9ny \u00e9s egyszer\u0171 kezelhet\u0151s\u00e9g<\/h2>\n<p data-v-md-line=\"11\">A tekercset gondosan hangolt\u00e1k az \u00e1lland\u00f3 \u00edz biztos\u00edt\u00e1sa \u00e9rdek\u00e9ben, az utols\u00f3 falat szinte ugyanolyan \u00edz\u0171, mint az els\u0151. Nincs t\u00falmeleged\u00e9si jelens\u00e9g, nincs \u00e9gett szag. Ha az akkumul\u00e1tor lemer\u00fclt, egyszer\u0171en csatlakoztass egy C t\u00edpus\u00fa adatk\u00e1belt. Ez az a fajta, amelyet a telefonod t\u00f6lt\u00e9s\u00e9hez haszn\u00e1lsz. Hamarosan folytathatom a vapel\u00e9s \u00e9lvezet\u00e9t.<\/p>\n<p data-v-md-line=\"13\">Azt gondolhatod, hogy ennek a nagy sz\u00edv\u00f3erej\u0171 k\u00e9sz\u00fcl\u00e9knek az illata enyh\u00fclni fog, de meglep\u0151en tart\u00f3s, m\u00e9g hosszabb haszn\u00e1lat ut\u00e1n is.<\/p>\n<h2 data-v-md-heading=\"quick-specifications\" data-v-md-line=\"15\">Gyors specifik\u00e1ci\u00f3k<\/h2>\n<ul data-v-md-line=\"17\">\n<li>Sz\u00edv\u00f3ny\u00edl\u00e1sok sz\u00e1ma: ak\u00e1r 42000 ny\u00edl\u00e1s<\/li>\n<li>Nikotintartalom: 2% (20 mg\/ml)<\/li>\n<li>Akkumul\u00e1tor: 850mAh, t\u00e1mogatja a Type-C t\u00f6lt\u00e9st<\/li>\n<li>Haszn\u00e1lat: Egyszer\u0171 sz\u00edv\u00f3 eldobhat\u00f3 vape<\/li>\n<li>\u00c1llapot: Kicsomagol\u00e1s ut\u00e1n azonnal haszn\u00e1lhat\u00f3<\/li>\n<li>Term\u00e9kk\u00f3d: JNR-LionKing-42k<\/li>\n<li>Csomagol\u00e1s: 10 bels\u0151 doboz; 200 k\u00fcls\u0151 doboz; Brutt\u00f3 t\u00f6meg 21,95 kilogramm<\/li>\n<\/ul>\n<h2 data-v-md-heading=\"complete-flavor-series\" data-v-md-line=\"24\">Teljes \u00edzsorozat<\/h2>\n<ul data-v-md-line=\"26\">\n<li>\u00c1fonya, m\u00e1lna, cseresznye<\/li>\n<li>Bubor\u00e9kos cseresznye k\u00f3la<\/li>\n<li>Vegyes bogy\u00f3s gy\u00fcm\u00f6lcs\u00f6k<\/li>\n<li>Eper M\u00e1lna Meggyfagylalt<\/li>\n<li>Eperfagylalt<\/li>\n<li>G\u00f6r\u00f6gdinnye j\u00e9g<\/li>\n<li>\u00c1fonya \u00e9s m\u00e1lna<\/li>\n<li>Eper kivi<\/li>\n<li>Epres g\u00f6r\u00f6gdinnyefagylalt<\/li>\n<li>Tr\u00f3pusi gy\u00fcm\u00f6lcs\u00f6k<\/li>\n<li>Bubor\u00e9k Eper<\/li>\n<li>Coca-Cola j\u00e9g<\/li>\n<li>\u0150szibarack bogy\u00f3<\/li>\n<li>Ny\u00e1ri \u0151szibarackfagylalt<\/li>\n<li>Fekete j\u00e9g<\/li>\n<li>Hawaii<\/li>\n<li>S\u00e1rk\u00e1nygy\u00fcm\u00f6lcs<\/li>\n<li>G\u00f6r\u00f6gdinnye r\u00e1g\u00f3gumi<\/li>\n<li>Cseresznyefagylalt<\/li>\n<li>Szerelem 66<\/li>\n<\/ul>\n<h2 data-v-md-heading=\"tailored-for-you-and-your-business\" data-v-md-line=\"46\">\u00d6nre \u00e9s v\u00e1llalkoz\u00e1s\u00e1ra szabva<\/h2>\n<p data-v-md-line=\"48\">Ha csak kipr\u00f3b\u00e1ln\u00e1d, egyszeri v\u00e1s\u00e1rl\u00e1s eset\u00e9n JNR LionKing 42000 eldobhat\u00f3 vape-eket k\u00edn\u00e1lunk. Ha az \u00fczletedbe v\u00e1s\u00e1rolsz, 10 darabos\/dobozos nagykereskedelmi kiszerel\u00e9sben vagy 200 darabos\/dobozos nagykereskedelmi kiszerel\u00e9sben is rendelhetsz. Letisztult, egyszer\u0171 \u00e9s k\u00f6nnyen kezelhet\u0151 k\u00e9szlet.<\/p>\n<p data-v-md-line=\"50\">Eur\u00f3pa k\u00fcl\u00f6nb\u00f6z\u0151 r\u00e9szeire sz\u00e1ll\u00edtunk megb\u00edzhat\u00f3 partnereken, p\u00e9ld\u00e1ul UPS-en, DPD-n \u00e9s DHL-en kereszt\u00fcl DDP form\u00e1tumban, \u00edgy a v\u00e1millet\u00e9kek \u00e9s az \u00e1ltal\u00e1nos forgalmi ad\u00f3 el\u0151re feldolgozott. Nem kell agg\u00f3dnia a v\u00e1mk\u00f6lts\u00e9gek miatt. A sz\u00e1ll\u00edt\u00e1si id\u0151 kisz\u00e1m\u00edthat\u00f3, \u00e9s a teljes folyamatot nyomon k\u00f6vetheti a felv\u00e9telt\u0151l a h\u00e1zhozsz\u00e1ll\u00edt\u00e1sig.<\/p>\n<p data-v-md-line=\"52\">A szab\u00e1lyoz\u00e1s r\u00f6vid ismertet\u00e9se: Az EU TPD szab\u00e1lyoz\u00e1sa az eldobhat\u00f3 e-folyad\u00e9kok kiskereskedelmi kapacit\u00e1s\u00e1t 2 milliliterre korl\u00e1tozza, ami jellemz\u0151en 600-800 slukk mennyis\u00e9g\u00e9nek felel meg. Egy 42000 slukk elsz\u00edv\u00e1s\u00e1ra k\u00e9pes eszk\u00f6z meghaladja ezt a hat\u00e1r\u00e9rt\u00e9ket, ez\u00e9rt nem felel meg az EU B2C kiskereskedelmi szab\u00e1lyoz\u00e1s\u00e1nak. Sok B2B v\u00e1s\u00e1rl\u00f3 exportpiacokra vagy ellen\u0151rz\u00f6tt csatorn\u00e1kra v\u00e1s\u00e1rol term\u00e9keket. K\u00e9rj\u00fck, a list\u00e1z\u00e1s el\u0151tt ellen\u0151rizze a helyi szab\u00e1lyoz\u00e1sokat.<\/p>\n<p data-v-md-line=\"54\">Ha nagykereskedelmi \u00e1rakra \u00e9s minim\u00e1lis rendel\u00e9si mennyis\u00e9gekre van sz\u00fcks\u00e9ge, k\u00e9rj\u00fck, vegye fel a kapcsolatot \u00e9rt\u00e9kes\u00edt\u00e9si csapatunkkal. A rendel\u00e9si mennyis\u00e9g \u00e9s a sz\u00e1ll\u00edt\u00e1si \u00fatvonal alapj\u00e1n szem\u00e9lyre szabott \u00e1raj\u00e1nlatot k\u00e9sz\u00edt\u00fcnk \u00d6nnek.<\/p>\n<h2 data-v-md-heading=\"the-reason-why-you-will-like-it\" data-v-md-line=\"56\">Az ok, ami\u00e9rt tetszeni fog<\/h2>\n<ul data-v-md-line=\"58\">\n<li>Ultra hossz\u00fa sz\u00edv\u00f3ny\u00edl\u00e1s: Nem kell gyakran cser\u00e9lni a k\u00e9sz\u00fcl\u00e9ket.<\/li>\n<li>2% nikotin: A legt\u00f6bb feln\u0151tt vape-felhaszn\u00e1l\u00f3 sz\u00e1m\u00e1ra alkalmas, akik szeretik a stabil doh\u00e1nyz\u00e1si \u00e9lm\u00e9nyt.<\/li>\n<li>\u00dajrat\u00f6lthet\u0151: A megv\u00e1s\u00e1rolt e-liquidet tov\u00e1bbra is haszn\u00e1lhatod an\u00e9lk\u00fcl, hogy a f\u00e9lig haszn\u00e1lt eszk\u00f6zt kidobn\u00e1d.<\/li>\n<li>Stabil tekercs: Sima \u00e9s l\u00e1gy \u00edzt biztos\u00edt az elej\u00e9t\u0151l a v\u00e9g\u00e9ig.<\/li>\n<li>C t\u00edpus\u00fa csatlakoz\u00f3: T\u00f6lt\u00e9s a megl\u00e9v\u0151 adatk\u00e1bellel.<\/li>\n<\/ul>\n<h2 data-v-md-heading=\"why-choose-agoravape\" data-v-md-line=\"64\">Mi\u00e9rt v\u00e1lassza az AgoraVape-et?<\/h2>\n<p data-v-md-line=\"66\">Kiz\u00e1r\u00f3lag 100%-ban eredeti JNR term\u00e9keket k\u00edn\u00e1lunk. A gy\u00e1rt\u00e1si sz\u00e1m ellen\u0151rizhet\u0151. C\u00e9g\u00fcnk Eur\u00f3p\u00e1ban van bejegyezve, \u00e9s naponta sz\u00e1ll\u00edt EU-s v\u00e1llalatoknak. \u00c9rthet\u0151 dokumentumokat \u00e9s id\u0151ben t\u00f6rt\u00e9n\u0151 technikai t\u00e1mogat\u00e1st kap.<\/p>\n<p data-v-md-line=\"68\">T\u00e1mogatjuk a banki \u00e1tutal\u00e1sokat, a hagyom\u00e1nyos hitelk\u00e1rty\u00e1kat \u00e9s a PayPal fizet\u00e9seket, \u00e9s vev\u0151v\u00e9delmet biztos\u00edtunk. A nagykereskedelmi v\u00e1s\u00e1rl\u00f3k kedvezm\u00e9nyes \u00e1rakat, gyors sz\u00e1ll\u00edt\u00e1st \u00e9s DDP sz\u00e1ll\u00edt\u00e1si szolg\u00e1ltat\u00e1sokat \u00e9lvezhetnek a JNR LionKing 42000 eldobhat\u00f3 vape-ek eset\u00e9ben. L\u00e9pjen kapcsolatba csapatunkkal, hogy v\u00e1s\u00e1rl\u00f3i val\u00f3ban beleszeressenek ebbe a term\u00e9kbe, \u00e9s folyamatosan \u00fajrav\u00e1s\u00e1rolj\u00e1k.<\/p>","protected":false},"excerpt":{"rendered":"<p>Milyen el\u0151nyei vannak a JNR LionKing 42000 darabos eldobhat\u00f3 e-cigaretta nagykereskedelmi \u00e9rt\u00e9kes\u00edt\u00e9s\u00e9nek? Ha eleged van az eldobhat\u00f3 e-cigarett\u00e1kb\u00f3l, amelyek<\/p>","protected":false},"featured_media":20595,"comment_status":"closed","ping_status":"closed","template":"","meta":[],"product_brand":[225],"product_cat":[124,185,189,177,174,175,152,193,191,173,186,180,190,192],"product_tag":[],"class_list":{"0":"post-20563","1":"product","2":"type-product","3":"status-publish","4":"has-post-thumbnail","6":"product_brand-jnr","7":"product_cat-vape-by-brand","8":"product_cat-10000-puffs-high-capacity","9":"product_cat-20mg-standard-nicotine-vapes","10":"product_cat-dessert-sweets","11":"product_cat-fruit-flavors","12":"product_cat-icy-mint","13":"product_cat-jnr","14":"product_cat-mesh-coil","15":"product_cat-rechargeable-disposables","16":"product_cat-vape-by-flavor-profile","17":"product_cat-vape-by-nicotine-strength","18":"product_cat-vape-by-puff-count","19":"product_cat-vape-by-feature-or-type","20":"product_cat-vapes-with-screens","22":"first","23":"outofstock","24":"shipping-taxable","25":"purchasable","26":"product-type-variable","27":"has-default-attributes"},"tiered_pricing_type":"percentage","tiered_pricing_fixed_rules":{"30":"29","50":"35","100":"40","200":"44","500":"47","1000":"49"},"tiered_pricing_product_settings":{"layout":"default","base_unit_name":{"singular":null,"plural":null},"default_variation":null},"tiered_pricing_minimum_quantity":10,"tiered_pricing_roles_data":[],"tiered_pricing_percentage_rules":{"30":"29","50":"35","100":"40","200":"44","500":"47","1000":"46"},"tiered_pricing_maximum_quantity":null,"tiered_pricing_quantity_step":"10","_links":{"self":[{"href":"https:\/\/agoravape.com\/hu\/wp-json\/wp\/v2\/product\/20563","targetHints":{"allow":["GET"]}}],"collection":[{"href":"https:\/\/agoravape.com\/hu\/wp-json\/wp\/v2\/product"}],"about":[{"href":"https:\/\/agoravape.com\/hu\/wp-json\/wp\/v2\/types\/product"}],"replies":[{"embeddable":true,"href":"https:\/\/agoravape.com\/hu\/wp-json\/wp\/v2\/comments?post=20563"}],"version-history":[{"count":0,"href":"https:\/\/agoravape.com\/hu\/wp-json\/wp\/v2\/product\/20563\/revisions"}],"wp:featuredmedia":[{"embeddable":true,"href":"https:\/\/agoravape.com\/hu\/wp-json\/wp\/v2\/media\/20595"}],"wp:attachment":[{"href":"https:\/\/agoravape.com\/hu\/wp-json\/wp\/v2\/media?parent=20563"}],"wp:term":[{"taxonomy":"product_brand","embeddable":true,"href":"https:\/\/agoravape.com\/hu\/wp-json\/wp\/v2\/product_brand?post=20563"},{"taxonomy":"product_cat","embeddable":true,"href":"https:\/\/agoravape.com\/hu\/wp-json\/wp\/v2\/product_cat?post=20563"},{"taxonomy":"product_tag","embeddable":true,"href":"https:\/\/agoravape.com\/hu\/wp-json\/wp\/v2\/product_tag?post=20563"}],"curies":[{"name":"wp","href":"https:\/\/api.w.org\/{rel}","templated":true}]}}