{"id":21121,"date":"2026-01-18T00:23:32","date_gmt":"2026-01-17T16:23:32","guid":{"rendered":"https:\/\/agoravape.com\/?post_type=product&#038;p=21121"},"modified":"2026-02-22T15:14:24","modified_gmt":"2026-02-22T14:14:24","slug":"myde-8in1-150k-150000-puffs-vape","status":"publish","type":"product","link":"https:\/\/agoravape.com\/hu\/product\/myde-8in1-150k-150000-puffs-vape\/","title":{"rendered":"MYDE 8in1 150k 150000 F\u00faj\u00e1s 4 Mesh Tekercses Vape | V\u00e1lts \u00edzeket, Maradj Egyszer\u0171"},"content":{"rendered":"<h2 data-v-md-heading=\"what-is-myde-8-in-1-150000-mouth-4-mesh-coil-electronic-cigarette-like\" data-v-md-line=\"1\"><img loading=\"lazy\" decoding=\"async\" class=\"aligncenter size-full wp-image-21134\" src=\"https:\/\/agoravape.com\/wp-content\/uploads\/2026\/01\/MYDE-8in1-150k-150000-Puffs-4-Mesh-Coil-Vape-Switch-Flavours-Keep-It-Simple_Agora_vape-2-scaled.webp\" alt=\"\" width=\"2560\" height=\"1163\" srcset=\"https:\/\/agoravape.com\/wp-content\/uploads\/2026\/01\/MYDE-8in1-150k-150000-Puffs-4-Mesh-Coil-Vape-Switch-Flavours-Keep-It-Simple_Agora_vape-2-scaled.webp 2560w, https:\/\/agoravape.com\/wp-content\/uploads\/2026\/01\/MYDE-8in1-150k-150000-Puffs-4-Mesh-Coil-Vape-Switch-Flavours-Keep-It-Simple_Agora_vape-2-scaled-1200x545.webp 1200w, https:\/\/agoravape.com\/wp-content\/uploads\/2026\/01\/MYDE-8in1-150k-150000-Puffs-4-Mesh-Coil-Vape-Switch-Flavours-Keep-It-Simple_Agora_vape-2-300x136.webp 300w, https:\/\/agoravape.com\/wp-content\/uploads\/2026\/01\/MYDE-8in1-150k-150000-Puffs-4-Mesh-Coil-Vape-Switch-Flavours-Keep-It-Simple_Agora_vape-2-1024x465.webp 1024w, https:\/\/agoravape.com\/wp-content\/uploads\/2026\/01\/MYDE-8in1-150k-150000-Puffs-4-Mesh-Coil-Vape-Switch-Flavours-Keep-It-Simple_Agora_vape-2-768x349.webp 768w, https:\/\/agoravape.com\/wp-content\/uploads\/2026\/01\/MYDE-8in1-150k-150000-Puffs-4-Mesh-Coil-Vape-Switch-Flavours-Keep-It-Simple_Agora_vape-2-1536x698.webp 1536w, https:\/\/agoravape.com\/wp-content\/uploads\/2026\/01\/MYDE-8in1-150k-150000-Puffs-4-Mesh-Coil-Vape-Switch-Flavours-Keep-It-Simple_Agora_vape-2-2048x930.webp 2048w, https:\/\/agoravape.com\/wp-content\/uploads\/2026\/01\/MYDE-8in1-150k-150000-Puffs-4-Mesh-Coil-Vape-Switch-Flavours-Keep-It-Simple_Agora_vape-2-18x8.webp 18w\" sizes=\"auto, (max-width: 2560px) 100vw, 2560px\" \/><\/h2>\n<h2 data-v-md-heading=\"what-is-myde-8-in-1-150000-mouth-4-mesh-coil-electronic-cigarette-like\" data-v-md-line=\"1\">Milyen a MYDE 8-in-1 150000 sz\u00e1j\u00fa, 4-h\u00e1l\u00f3s tekercses elektronikus cigaretta?<\/h2>\n<p data-v-md-line=\"3\">Ha eleged van az eldobhat\u00f3 e-cigarett\u00e1kb\u00f3l, amik csak egy napig b\u00edrj\u00e1k, azt\u00e1n zuhannak az \u00e1ruk, akkor ez a MYDE 8 az 1-ben e-cigaretta biztosan kiel\u00e9g\u00edt majd. Hossz\u00fa t\u00e1v\u00fa haszn\u00e1latra tervezt\u00e9k (ak\u00e1r 150 000 slukk), \u00e9s 8 az 1-ben \u00edzv\u00e1lt\u00f3 funkci\u00f3val rendelkezik, \u00edgy k\u00f6nnyed\u00e9n v\u00e1lthatsz \u00edzeket an\u00e9lk\u00fcl, hogy k\u00e9t vagy h\u00e1rom e-cigarett\u00e1t kellene magaddal vinned.<\/p>\n<p data-v-md-line=\"5\">Lehet, hogy \u00fagy \u00e9rzed, hogy a nagy sz\u00e1j\u00fa e-cigarett\u00e1k olyan nehezek, mint egy t\u00e9gla a zsebedben, de a hordozhat\u00f3s\u00e1guk meglep\u0151en j\u00f3. A test nagyon massz\u00edvnak \u00e9rz\u0151dik, \u00e1lland\u00f3 a sz\u00edv\u00f3ellen\u00e1ll\u00e1sa, \u00e9s a haszn\u00e1lat m\u00f3dja is nagyon egyszer\u0171: v\u00e1laszd ki az \u00edzt, l\u00e9legezz be, \u00e9s \u00e9lvezd.<\/p>\n<p data-v-md-line=\"5\"><img loading=\"lazy\" decoding=\"async\" class=\"size-full wp-image-21133 alignright\" src=\"https:\/\/agoravape.com\/wp-content\/uploads\/2026\/01\/MYDE-8in1-150k-150000-Puffs-4-Mesh-Coil-Vape-Switch-Flavours-Keep-It-Simple_Agora_vape-1-scaled.webp\" alt=\"\" width=\"1829\" height=\"2560\" srcset=\"https:\/\/agoravape.com\/wp-content\/uploads\/2026\/01\/MYDE-8in1-150k-150000-Puffs-4-Mesh-Coil-Vape-Switch-Flavours-Keep-It-Simple_Agora_vape-1-scaled.webp 1829w, https:\/\/agoravape.com\/wp-content\/uploads\/2026\/01\/MYDE-8in1-150k-150000-Puffs-4-Mesh-Coil-Vape-Switch-Flavours-Keep-It-Simple_Agora_vape-1-scaled-1200x1680.webp 1200w, https:\/\/agoravape.com\/wp-content\/uploads\/2026\/01\/MYDE-8in1-150k-150000-Puffs-4-Mesh-Coil-Vape-Switch-Flavours-Keep-It-Simple_Agora_vape-1-214x300.webp 214w, https:\/\/agoravape.com\/wp-content\/uploads\/2026\/01\/MYDE-8in1-150k-150000-Puffs-4-Mesh-Coil-Vape-Switch-Flavours-Keep-It-Simple_Agora_vape-1-731x1024.webp 731w, https:\/\/agoravape.com\/wp-content\/uploads\/2026\/01\/MYDE-8in1-150k-150000-Puffs-4-Mesh-Coil-Vape-Switch-Flavours-Keep-It-Simple_Agora_vape-1-768x1075.webp 768w, https:\/\/agoravape.com\/wp-content\/uploads\/2026\/01\/MYDE-8in1-150k-150000-Puffs-4-Mesh-Coil-Vape-Switch-Flavours-Keep-It-Simple_Agora_vape-1-1097x1536.webp 1097w, https:\/\/agoravape.com\/wp-content\/uploads\/2026\/01\/MYDE-8in1-150k-150000-Puffs-4-Mesh-Coil-Vape-Switch-Flavours-Keep-It-Simple_Agora_vape-1-1463x2048.webp 1463w, https:\/\/agoravape.com\/wp-content\/uploads\/2026\/01\/MYDE-8in1-150k-150000-Puffs-4-Mesh-Coil-Vape-Switch-Flavours-Keep-It-Simple_Agora_vape-1-9x12.webp 9w\" sizes=\"auto, (max-width: 1829px) 100vw, 1829px\" \/><\/p>\n<h2 data-v-md-heading=\"excellent-performance-and-easy-operation\" data-v-md-line=\"7\">Kiv\u00e1l\u00f3 teljes\u00edtm\u00e9ny \u00e9s egyszer\u0171 kezelhet\u0151s\u00e9g<\/h2>\n<p data-v-md-line=\"9\">Ez az elektronikus cigaretta 4 db 1,2 \u03a9-os h\u00e1l\u00f3s porlaszt\u00f3maggal van felszerelve, amelyek az er\u0151s porlaszt\u00e1si \u00e9lm\u00e9ny\u00e9rt felel\u0151sek. Egyszer\u0171en fogalmazva, ezek a porlaszt\u00f3magok biztos\u00edtj\u00e1k az \u00e1lland\u00f3 \u00edzt, \u00e9s megakad\u00e1lyozz\u00e1k, hogy az \u00edz elhalv\u00e1nyuljon a t\u00f6lt\u00e9s k\u00f6zben. Ezenk\u00edv\u00fcl egy 850 mAh-s \u00fajrat\u00f6lthet\u0151 akkumul\u00e1torral van felszerelve, amely t\u00e1mogatja az USB Type-C t\u00f6lt\u00e9st. M\u00e9g ha az akkumul\u00e1tor az e-folyad\u00e9k el\u0151tt lemer\u00fcl is, nem kell agg\u00f3dnod az e-cigaretta selejtez\u00e9se miatt. LED kijelz\u0151vel is fel van szerelve, amely lehet\u0151v\u00e9 teszi, hogy k\u00f6nnyen \u00e1ttekinthesd a haszn\u00e1lati \u00e1llapotot tal\u00e1lgat\u00e1s n\u00e9lk\u00fcl.<\/p>\n<h2 data-v-md-heading=\"quick-specifications\" data-v-md-line=\"11\">Gyors specifik\u00e1ci\u00f3k<\/h2>\n<ul data-v-md-line=\"13\">\n<li>\n<p data-v-md-line=\"13\">Doh\u00e1nyz\u00e1si gyakoris\u00e1g: ak\u00e1r 150 000 slukk<\/p>\n<\/li>\n<li>\n<p data-v-md-line=\"15\">e-folyad\u00e9k kapacit\u00e1sa: 58 milliliter<\/p>\n<\/li>\n<li>\n<p data-v-md-line=\"17\">Porlaszt\u00e1si mag: 4 mesh porlaszt\u00e1si mag, 1,2 \u03a9<\/p>\n<\/li>\n<li>\n<p data-v-md-line=\"19\">Akkumul\u00e1tor: 850mAh \u00fajrat\u00f6lthet\u0151 akkumul\u00e1tor<\/p>\n<\/li>\n<li>\n<p data-v-md-line=\"21\">Nikotinkoncentr\u00e1ci\u00f3: 0%\/2%\/3%\/5%<\/p>\n<\/li>\n<li>\n<p data-v-md-line=\"23\">Haszn\u00e1lat: L\u00e9legezze be az aktiv\u00e1l\u00e1shoz<\/p>\n<\/li>\n<li>\n<p data-v-md-line=\"25\">T\u00f6lt\u00e9si m\u00f3d: USB Type-C interf\u00e9sz<\/p>\n<\/li>\n<li>\n<p data-v-md-line=\"27\">Kijelz\u0151: LED kijelz\u0151<\/p>\n<\/li>\n<li>\n<p data-v-md-line=\"29\">M\u00e9ret\/S\u00faly: 39 \u00d7 39 \u00d7 118 millim\u00e9ter, 130 gramm (egyetlen g\u00e9p)<\/p>\n<\/li>\n<li>\n<p data-v-md-line=\"31\">\u00c1llapot: Kicsomagol\u00e1s ut\u00e1n azonnal haszn\u00e1lhat\u00f3<\/p>\n<\/li>\n<\/ul>\n<h2 data-v-md-heading=\"rich-flavor-options\" data-v-md-line=\"33\">Gazdag \u00edzv\u00e1laszt\u00e9k<\/h2>\n<p data-v-md-line=\"35\">Minden konfigur\u00e1ci\u00f3 4 \u00edzkombin\u00e1ci\u00f3t k\u00edn\u00e1l (b\u00e1rmikor v\u00e1lthatsz), amelyek a k\u00f6vetkez\u0151k:<\/p>\n<ul data-v-md-line=\"36\">\n<li>Eperfagylalt + g\u00f6r\u00f6gdinnyefagylalt + \u0151szibarackfagylalt + maracuj\u00e1sfagylalt<\/li>\n<li>Epres-\u00e1fony\u00e1s-sz\u0151l\u0151s-z\u00f6ldalm\u00e1s-sz\u0151l\u0151s<\/li>\n<li>Eperfagylalt + Mang\u00f3 + Anan\u00e1sz + Fagylalt<\/li>\n<li>\u00c1fony\u00e1s j\u00e9g+M\u00e1ln\u00e1s-citromos j\u00e9g+G\u00f6r\u00f6gdinnye R\u00e1g\u00f3gumi+Borsmenta<\/li>\n<li>G\u00f6r\u00f6gdinnye+m\u00e1lna+cseresznye+k\u00f3la<\/li>\n<li>Sz\u0151l\u0151fagylalt + Mang\u00f3-\u0151szibarack + G\u00f6r\u00f6gdinnyefagylalt + \u00c1fony\u00e1sfagylalt<\/li>\n<li>Eper, kivi, \u00e1fonya, k\u00f3kusz, vegyes szilva, mang\u00f3<\/li>\n<li>Ban\u00e1nfagylalt + Eperfagylalt + G\u00f6r\u00f6gdinnyefagylalt + Citromosfagylalt<\/li>\n<li>Eperfagylalt + Anan\u00e1szos k\u00f3kuszfagylalt + Mang\u00f3fagylalt + Maracuj\u00e1sfagylalt<\/li>\n<li>Anan\u00e1szos k\u00f3kusz + Citromos j\u00e9g + \u00c1fony\u00e1s j\u00e9g + Energiaital<\/li>\n<\/ul>\n<h2 data-v-md-heading=\"for-you-and-your-business\" data-v-md-line=\"47\">\u00d6nnek \u00e9s v\u00e1llalkoz\u00e1s\u00e1nak<\/h2>\n<p data-v-md-line=\"49\">Ig\u00e9nyeld a MYDE-t, egy 8 az 1-ben elektronikus cigarett\u00e1t, amely szem\u00e9lyes haszn\u00e1latra alkalmas. Ha egy eldobhat\u00f3 elektronikus cigarett\u00e1t keresel, amely nagyot szippant, \u00e9s nem fogsz unatkozni t\u0151le k\u00e9t nap alatt, akkor ez mindenk\u00e9ppen az ide\u00e1lis v\u00e1laszt\u00e1s. Ha \u00fczletbe v\u00e1s\u00e1rolsz, ez a term\u00e9k kiv\u00e1l\u00f3 pulton is eladhat\u00f3, mivel a v\u00e1s\u00e1rl\u00f3k gyorsan meg\u00e9rtik az \u00e9rt\u00e9kes\u00edt\u00e9si l\u00e9nyeg\u00e9t: \u201eEgy eszk\u00f6z, t\u00f6bb \u00edz, \u00fajrat\u00f6lthet\u0151\u201d.<\/p>\n<p data-v-md-line=\"51\">Nagykereskedelmi szempontb\u00f3l ezt a term\u00e9ket 150 darabos\/dobozos kiszerel\u00e9sben sz\u00e1ll\u00edtjuk. Megb\u00edzhat\u00f3 EU-s logisztikai partnerekkel dolgozunk k\u00e9z a k\u00e9zben, \u00e9s a lehet\u0151 legnagyobb m\u00e9rt\u00e9kben megszervezz\u00fck a v\u00e1mkezel\u00e9ssel \u00e9s v\u00e1mkezel\u00e9ssel j\u00e1r\u00f3 (DDP) sz\u00e1ll\u00edt\u00e1st, \u00edgy megk\u00edm\u00e9lve \u00d6nt a v\u00e1mprobl\u00e9m\u00e1kt\u00f3l \u00e9s a v\u00e1ratlan d\u00edjakt\u00f3l.<\/p>\n<h2 data-v-md-heading=\"reasons-why-you-will-like-it\" data-v-md-line=\"53\">Reasons why you will like it<\/h2>\n<ul data-v-md-line=\"55\">\n<li>\n<p data-v-md-line=\"55\">Ultra hossz\u00fa sz\u00edv\u00f3er\u0151: Tart\u00f3s \u00e9s hossz\u00fa \u00e9lettartam\u00fa, cs\u00f6kkenti a csere gyakoris\u00e1g\u00e1t.<\/p>\n<\/li>\n<li>\n<p data-v-md-line=\"56\">\u00cdzv\u00e1lt\u00e1s (8 az 1-ben): Amikor egy \u00edz monotonn\u00e1 v\u00e1lik, frissess\u00e9g \u00e9rzet\u00e9t keltheti.<\/p>\n<\/li>\n<li>\n<p data-v-md-line=\"57\">\u00dajrat\u00f6lthet\u0151 akkumul\u00e1tor: Seg\u00edt a megv\u00e1s\u00e1rolt e-folyad\u00e9k teljes kihaszn\u00e1l\u00e1s\u00e1ban.<\/p>\n<\/li>\n<li>\n<p data-v-md-line=\"59\">4 h\u00e1l\u00f3s tekercsszerkezet: biztos\u00edtja az \u00e1lland\u00f3 sz\u00edv\u00e1si ellen\u00e1ll\u00e1st \u00e9s \u00edzt.<\/p>\n<\/li>\n<li>\n<p data-v-md-line=\"60\">LED kijelz\u0151: Nem kell tal\u00e1lgatni, mikor kell t\u00f6lteni.<\/p>\n<\/li>\n<\/ul>\n<h2 data-v-md-heading=\"why-choose-to-collaborate-with-agoravape\" data-v-md-line=\"62\">Mi\u00e9rt \u00e9rdemes az AgoraVape-pel egy\u00fcttm\u0171k\u00f6dni?<\/h2>\n<p data-v-md-line=\"64\">Soha nem \u00e9rt\u00e9kes\u00edt\u00fcnk ismeretlen forr\u00e1sb\u00f3l sz\u00e1rmaz\u00f3 k\u00e9szleteket. Az AgoraVape a 100%-os eredeti term\u00e9kgaranci\u00e1ra, a megb\u00edzhat\u00f3 logisztikai sz\u00e1ll\u00edt\u00e1sra, valamint a fogyaszt\u00f3k \u00e9s a kiskeresked\u0151k sz\u00e1m\u00e1ra ny\u00fajtott gyakorlatias \u00e9s hat\u00e9kony t\u00e1mogat\u00e1sra \u00f6sszpontos\u00edt. Ha nagykereskedelmi \u00e1ron \u00e9s megb\u00edzhat\u00f3 EU-s sz\u00e1ll\u00edt\u00e1si megold\u00e1sokkal szeretne MYDE 8-in-1 150k 150000 sz\u00e1j\u00fa, 4-h\u00e1l\u00f3s tekercses elektronikus cigarett\u00e1t v\u00e1s\u00e1rolni, k\u00e9rj\u00fck, vegye fel vel\u00fcnk a kapcsolatot, \u00e9s seg\u00edt\u00fcnk \u00d6nnek megfelel\u0151 rendel\u00e9seket \u00f6ssze\u00e1ll\u00edtani \u00fcgyfelei sz\u00e1m\u00e1ra.<\/p>\n<p><script src=\"chrome-extension:\/\/fpelahbljekknahkcaegamhcndkfpfnc\/iFrame.js\" type=\"text\/javascript\"><\/script><\/p>","protected":false},"excerpt":{"rendered":"<p>&nbsp;<\/p>\n<p><script src=\"chrome-extension:\/\/fpelahbljekknahkcaegamhcndkfpfnc\/iFrame.js\" type=\"text\/javascript\"><\/script><\/p>\n<p><script src=\"chrome-extension:\/\/fpelahbljekknahkcaegamhcndkfpfnc\/iFrame.js\" type=\"text\/javascript\"><\/script><\/p>\n<p><script src=\"chrome-extension:\/\/fpelahbljekknahkcaegamhcndkfpfnc\/iFrame.js\" type=\"text\/javascript\"><\/script><\/p>\n<p><script src=\"chrome-extension:\/\/fpelahbljekknahkcaegamhcndkfpfnc\/iFrame.js\" type=\"text\/javascript\"><\/script><\/p>\n<p><script src=\"chrome-extension:\/\/fpelahbljekknahkcaegamhcndkfpfnc\/iFrame.js\" type=\"text\/javascript\"><\/script><\/p>\n<p><script src=\"chrome-extension:\/\/fpelahbljekknahkcaegamhcndkfpfnc\/iFrame.js\" type=\"text\/javascript\"><\/script><\/p>\n<p><script src=\"chrome-extension:\/\/fpelahbljekknahkcaegamhcndkfpfnc\/iFrame.js\" type=\"text\/javascript\"><\/script><\/p>\n<p><script src=\"chrome-extension:\/\/fpelahbljekknahkcaegamhcndkfpfnc\/iFrame.js\" type=\"text\/javascript\"><\/script><\/p>\n<p><script src=\"chrome-extension:\/\/fpelahbljekknahkcaegamhcndkfpfnc\/iFrame.js\" type=\"text\/javascript\"><\/script><\/p>\n<p><script src=\"chrome-extension:\/\/fpelahbljekknahkcaegamhcndkfpfnc\/iFrame.js\" type=\"text\/javascript\"><\/script><\/p>\n<p><script src=\"chrome-extension:\/\/fpelahbljekknahkcaegamhcndkfpfnc\/iFrame.js\" type=\"text\/javascript\"><\/script><\/p>","protected":false},"featured_media":21144,"comment_status":"open","ping_status":"closed","template":"","meta":[],"product_brand":[221],"product_cat":[124,185,176,177,1674,174,175,193,148,191,173,186,180,190],"product_tag":[],"class_list":{"0":"post-21121","1":"product","2":"type-product","3":"status-publish","4":"has-post-thumbnail","6":"product_brand-myde","7":"product_cat-vape-by-brand","8":"product_cat-10000-puffs-high-capacity","9":"product_cat-beverage","10":"product_cat-dessert-sweets","11":"product_cat-eu-warehouse","12":"product_cat-fruit-flavors","13":"product_cat-icy-mint","14":"product_cat-mesh-coil","15":"product_cat-myde","16":"product_cat-rechargeable-disposables","17":"product_cat-vape-by-flavor-profile","18":"product_cat-vape-by-nicotine-strength","19":"product_cat-vape-by-puff-count","20":"product_cat-vape-by-feature-or-type","22":"first","23":"instock","24":"shipping-taxable","25":"purchasable","26":"product-type-variable","27":"has-default-attributes"},"tiered_pricing_type":"percentage","tiered_pricing_fixed_rules":[],"tiered_pricing_product_settings":{"layout":"default","base_unit_name":{"singular":null,"plural":null},"default_variation":null},"tiered_pricing_minimum_quantity":10,"tiered_pricing_roles_data":[],"tiered_pricing_percentage_rules":{"30":"29","50":"35","100":"40","200":"44","500":"47","1000":"49"},"tiered_pricing_maximum_quantity":null,"tiered_pricing_quantity_step":"10","_links":{"self":[{"href":"https:\/\/agoravape.com\/hu\/wp-json\/wp\/v2\/product\/21121","targetHints":{"allow":["GET"]}}],"collection":[{"href":"https:\/\/agoravape.com\/hu\/wp-json\/wp\/v2\/product"}],"about":[{"href":"https:\/\/agoravape.com\/hu\/wp-json\/wp\/v2\/types\/product"}],"replies":[{"embeddable":true,"href":"https:\/\/agoravape.com\/hu\/wp-json\/wp\/v2\/comments?post=21121"}],"version-history":[{"count":0,"href":"https:\/\/agoravape.com\/hu\/wp-json\/wp\/v2\/product\/21121\/revisions"}],"wp:featuredmedia":[{"embeddable":true,"href":"https:\/\/agoravape.com\/hu\/wp-json\/wp\/v2\/media\/21144"}],"wp:attachment":[{"href":"https:\/\/agoravape.com\/hu\/wp-json\/wp\/v2\/media?parent=21121"}],"wp:term":[{"taxonomy":"product_brand","embeddable":true,"href":"https:\/\/agoravape.com\/hu\/wp-json\/wp\/v2\/product_brand?post=21121"},{"taxonomy":"product_cat","embeddable":true,"href":"https:\/\/agoravape.com\/hu\/wp-json\/wp\/v2\/product_cat?post=21121"},{"taxonomy":"product_tag","embeddable":true,"href":"https:\/\/agoravape.com\/hu\/wp-json\/wp\/v2\/product_tag?post=21121"}],"curies":[{"name":"wp","href":"https:\/\/api.w.org\/{rel}","templated":true}]}}