{"id":21146,"date":"2026-01-18T00:53:54","date_gmt":"2026-01-17T16:53:54","guid":{"rendered":"https:\/\/agoravape.com\/?post_type=product&#038;p=21146"},"modified":"2026-03-26T13:22:26","modified_gmt":"2026-03-26T12:22:26","slug":"myde-ak80000-80000-puffs-dtl-vape","status":"publish","type":"product","link":"https:\/\/agoravape.com\/hu\/product\/myde-ak80000-80000-puffs-dtl-vape\/","title":{"rendered":"MYDE AK80000 80000 F\u00faj\u00e1s Nagy Teljes\u00edtm\u00e9ny\u0171 DTL Vape | Nagy Felh\u0151k, Kevesebb Gond"},"content":{"rendered":"<h2 data-v-md-heading=\"what-is-myde-ak80000-80000-high-power-dtl-electronic-cigarette-like\" data-v-md-line=\"1\"><\/h2>\n<p><img loading=\"lazy\" decoding=\"async\" class=\"size-full wp-image-21205 alignright\" src=\"https:\/\/agoravape.com\/wp-content\/uploads\/2026\/01\/MYDE-AK80000-80000-Puffs-High-Power-DTL-Vape_Agora_vape-2.webp\" alt=\"\" width=\"1280\" height=\"1659\" srcset=\"https:\/\/agoravape.com\/wp-content\/uploads\/2026\/01\/MYDE-AK80000-80000-Puffs-High-Power-DTL-Vape_Agora_vape-2.webp 1280w, https:\/\/agoravape.com\/wp-content\/uploads\/2026\/01\/MYDE-AK80000-80000-Puffs-High-Power-DTL-Vape_Agora_vape-2-1200x1555.webp 1200w, https:\/\/agoravape.com\/wp-content\/uploads\/2026\/01\/MYDE-AK80000-80000-Puffs-High-Power-DTL-Vape_Agora_vape-2-231x300.webp 231w, https:\/\/agoravape.com\/wp-content\/uploads\/2026\/01\/MYDE-AK80000-80000-Puffs-High-Power-DTL-Vape_Agora_vape-2-790x1024.webp 790w, https:\/\/agoravape.com\/wp-content\/uploads\/2026\/01\/MYDE-AK80000-80000-Puffs-High-Power-DTL-Vape_Agora_vape-2-768x995.webp 768w, https:\/\/agoravape.com\/wp-content\/uploads\/2026\/01\/MYDE-AK80000-80000-Puffs-High-Power-DTL-Vape_Agora_vape-2-1185x1536.webp 1185w, https:\/\/agoravape.com\/wp-content\/uploads\/2026\/01\/MYDE-AK80000-80000-Puffs-High-Power-DTL-Vape_Agora_vape-2-9x12.webp 9w\" sizes=\"auto, (max-width: 1280px) 100vw, 1280px\" \/> <img loading=\"lazy\" decoding=\"async\" class=\"size-full wp-image-21206 alignright\" src=\"https:\/\/agoravape.com\/wp-content\/uploads\/2026\/01\/MYDE-AK80000-80000-Puffs-High-Power-DTL-Vape_Agora_vape-3-scaled.webp\" alt=\"\" width=\"765\" height=\"2560\" srcset=\"https:\/\/agoravape.com\/wp-content\/uploads\/2026\/01\/MYDE-AK80000-80000-Puffs-High-Power-DTL-Vape_Agora_vape-3-scaled.webp 765w, https:\/\/agoravape.com\/wp-content\/uploads\/2026\/01\/MYDE-AK80000-80000-Puffs-High-Power-DTL-Vape_Agora_vape-3-90x300.webp 90w, https:\/\/agoravape.com\/wp-content\/uploads\/2026\/01\/MYDE-AK80000-80000-Puffs-High-Power-DTL-Vape_Agora_vape-3-306x1024.webp 306w, https:\/\/agoravape.com\/wp-content\/uploads\/2026\/01\/MYDE-AK80000-80000-Puffs-High-Power-DTL-Vape_Agora_vape-3-768x2570.webp 768w, https:\/\/agoravape.com\/wp-content\/uploads\/2026\/01\/MYDE-AK80000-80000-Puffs-High-Power-DTL-Vape_Agora_vape-3-459x1536.webp 459w, https:\/\/agoravape.com\/wp-content\/uploads\/2026\/01\/MYDE-AK80000-80000-Puffs-High-Power-DTL-Vape_Agora_vape-3-612x2048.webp 612w, https:\/\/agoravape.com\/wp-content\/uploads\/2026\/01\/MYDE-AK80000-80000-Puffs-High-Power-DTL-Vape_Agora_vape-3-4x12.webp 4w, https:\/\/agoravape.com\/wp-content\/uploads\/2026\/01\/MYDE-AK80000-80000-Puffs-High-Power-DTL-Vape_Agora_vape-3-1200x4015.webp 1200w\" sizes=\"auto, (max-width: 765px) 100vw, 765px\" \/><\/p>\n<h2 data-v-md-heading=\"what-is-myde-ak80000-80000-high-power-dtl-electronic-cigarette-like\" data-v-md-line=\"1\">Milyen a MYDE AK80000 80000 nagy teljes\u00edtm\u00e9ny\u0171 DTL elektronikus cigaretta?<\/h2>\n<p data-v-md-line=\"3\">Ha eleged van az eldobhat\u00f3 elektronikus cigarett\u00e1kb\u00f3l, amelyek els\u0151 haszn\u00e1lat ut\u00e1n \u00fagy \u00e9rz\u0151dnek, mintha \u201eelhaszn\u00e1l\u00f3dtak volna\u201d, a MYDE AK80000 az ide\u00e1lis v\u00e1laszt\u00e1s. Ez egy nagy teljes\u00edtm\u00e9ny\u0171 DTL (k\u00f6zvetlen t\u00fcd\u0151sz\u00edv\u00f3) eldobhat\u00f3 elektronikus cigaretta, amelyet azoknak a felhaszn\u00e1l\u00f3knak terveztek, akik sim\u00e1bb ellen\u00e1ll\u00e1st \u00e9s gazdagabb f\u00fcst\u00f6t szeretn\u00e9nek a cigarett\u00e1k szoros ellen\u00e1ll\u00e1sa helyett.<\/p>\n<p data-v-md-line=\"5\">Van m\u00e9g egy v\u00e1ratlan dolog. Azt gondolhatod, hogy egy 80000 porttal rendelkez\u0151 eszk\u00f6zt olyan neh\u00e9z k\u00e9zben tartani, mint egy t\u00e9gl\u00e1t, de val\u00f3j\u00e1ban nagyon k\u00f6nny\u0171 k\u00e9zben tartani. Ha er\u0151s f\u00fcstkibocs\u00e1t\u00e1sra, \u00e1lland\u00f3 \u00edzre \u00e9s kevesebb cser\u00e9re v\u00e1gysz, akkor ez az elektronikus cigaretta a legjobb v\u00e1laszt\u00e1s.<\/p>\n<h2 data-v-md-heading=\"excellent-performance-simple-and-easy-to-use\" data-v-md-line=\"7\">Excellent performance, simple and easy to use<\/h2>\n<p data-v-md-line=\"9\">A MYDE a kulcsfontoss\u00e1g\u00fa ter\u00fcleteken az egyszer\u0171s\u00e9gre t\u00f6rekszik. A 0,4 \u03a9-os h\u00e1l\u00f3s tekercs seg\u00edt fenntartani a stabil \u00edzt, \u00e9s telt, nem pedig h\u00edg f\u00fcst\u00f6t hoz l\u00e9tre. Emellett 30 W kimeneti teljes\u00edtm\u00e9nnyel rendelkezik, \u00edgy kiv\u00e1l\u00f3an alkalmas k\u00f6zvetlen t\u00fcd\u0151aspir\u00e1ci\u00f3 (DTL) \u00fczemm\u00f3dra.<\/p>\n<p data-v-md-line=\"11\">Amikor az akkumul\u00e1tor lemer\u00fclt, nincs sz\u00fcks\u00e9g k\u00fcl\u00f6n t\u00f6lt\u0151re. Egyszer\u0171en csatlakoztasd a telefont az USB Type-C interf\u00e9szen kereszt\u00fcl (lehet, hogy kor\u00e1bban m\u00e1r haszn\u00e1ltad ugyanazt az USB-k\u00e1belt a telefon t\u00f6lt\u00e9s\u00e9hez), \u00e9s tov\u00e1bb haszn\u00e1lhatod.<\/p>\n<h2 data-v-md-heading=\"quick-specifications\" data-v-md-line=\"13\">Gyors specifik\u00e1ci\u00f3k<\/h2>\n<ul data-v-md-line=\"14\">\n<li>Doh\u00e1nyz\u00e1si gyakoris\u00e1g: ak\u00e1r 80 000 slukk<\/li>\n<li>e-folyad\u00e9k kapacit\u00e1sa: 45ml<\/li>\n<li>Nikotintartalom: 5 mg<\/li>\n<li>Teljes\u00edtm\u00e9ny: 30W<\/li>\n<li>Porlaszt\u00f3 mag: 0,4 \u03a9 mesh porlaszt\u00f3 mag<\/li>\n<li>Akkumul\u00e1tor kapacit\u00e1sa: 1300mAh (\u00fajrat\u00f6lthet\u0151)<\/li>\n<li>Haszn\u00e1lat: L\u00e9legezze be az aktiv\u00e1l\u00e1shoz<\/li>\n<li>T\u00f6lt\u00e9si m\u00f3d: Standard USB Type-C csatlakoz\u00f3<\/li>\n<li>Anyag: \u00d6tv\u00f6zet + PCTG<\/li>\n<li>M\u00e9ret\/S\u00faly: 157 \u00d7 36,3 \u00d7 36,3 mm, 135 g<\/li>\n<li>\u00c1llapot: Kicsomagol\u00e1s ut\u00e1n azonnal haszn\u00e1lhat\u00f3<\/li>\n<\/ul>\n<h2 data-v-md-heading=\"complete-flavor-lineup\" data-v-md-line=\"26\">Teljes \u00edzv\u00e1laszt\u00e9k<\/h2>\n<ul data-v-md-line=\"27\">\n<li>Lady Killer<\/li>\n<li>Sz\u0151l\u0151fagylalt<\/li>\n<li>Menta l\u00e1ndzsa<\/li>\n<li>Citrom \u00e9s lime<\/li>\n<li>G\u00f6r\u00f6gdinnye j\u00e9g<\/li>\n<li>Csereszny\u00e9s k\u00f3lasz\u00f3da<\/li>\n<li>Eper kivi<\/li>\n<li>Dinnyepisztoly<\/li>\n<li>Eper g\u00f6r\u00f6gdinnye<\/li>\n<li>G\u00f6r\u00f6gdinnye bubor\u00e9kfegyver<\/li>\n<\/ul>\n<h2 data-v-md-heading=\"suitable-for-you-and-your-business\" data-v-md-line=\"38\">Alkalmas \u00d6nnek \u00e9s v\u00e1llalkoz\u00e1s\u00e1nak<\/h2>\n<p data-v-md-line=\"40\">Ezeket a term\u00e9keket szem\u00e9lyes haszn\u00e1latra is megv\u00e1s\u00e1rolhatja, de ha kiskeresked\u0151k\u00e9nt dolgozik, ez a term\u00e9k nagyon megfelel\u0151 v\u00e1laszt\u00e1s \u201enagy teljes\u00edtm\u00e9ny\u0171 k\u00f6zvetlen sz\u00edv\u00e1s\u00fa\u201d opci\u00f3k\u00e9nt a term\u00e9kcsal\u00e1dj\u00e1ban. Minden doboz 100 darabot tartalmaz, \u00edgy k\u00f6nnyen rendelhet, \u00e9s a mennyis\u00e9g szab\u00e1lyozhat\u00f3.<\/p>\n<p data-v-md-line=\"42\">Logisztikai szempontb\u00f3l meg\u00e9rtj\u00fck az EU-s v\u00e1s\u00e1rl\u00f3k aggodalmait: a k\u00e9sedelmeket, a neh\u00e9zkes elj\u00e1r\u00e1sokat \u00e9s a v\u00e1ratlan k\u00f6lts\u00e9geket. Ez\u00e9rt arra \u00f6sszpontos\u00edtunk, hogy j\u00f3 h\u00edr\u0171 fuvaroz\u00f3kkal m\u0171k\u00f6dj\u00fcnk egy\u00fctt, megb\u00edzhat\u00f3 sz\u00e1ll\u00edt\u00e1si \u00fatvonalakat v\u00e1lasszunk, biztos\u00edtsuk az \u00e1ruk z\u00f6kken\u0151mentes k\u00e9zbes\u00edt\u00e9s\u00e9t \u00e9s elker\u00fclj\u00fck a v\u00e1melj\u00e1r\u00e1s sor\u00e1n felmer\u00fcl\u0151 probl\u00e9m\u00e1kat.<\/p>\n<h2 data-v-md-heading=\"the-reason-why-you-will-like-it\" data-v-md-line=\"44\">Az ok, ami\u00e9rt tetszeni fog<\/h2>\n<ul data-v-md-line=\"45\">\n<li>\n<p data-v-md-line=\"45\">Tart\u00f3s \u00e9s hossz\u00fa \u00e9lettartam\u00fa: A hosszabb \u00e9lettartamnak k\u00f6sz\u00f6nhet\u0151en nem kell gyakran cser\u00e9lni a berendez\u00e9seket.<\/p>\n<\/li>\n<li>\n<p data-v-md-line=\"47\">DTL Er\u0151s Teljes\u00edtm\u00e9ny\u00e9lm\u00e9ny: A 30 W-os kimeneti teljes\u00edtm\u00e9ny kiel\u00e9g\u00edt\u0151bb, sima sz\u00edv\u00e1s\u00e9lm\u00e9nyt ny\u00fajt.<\/p>\n<\/li>\n<li>\n<p data-v-md-line=\"48\">\u00dajrat\u00f6lthet\u0151 akkumul\u00e1tor: Az akkumul\u00e1tor kapacit\u00e1s\u00e1t teljes m\u00e9rt\u00e9kben kihaszn\u00e1lhatja an\u00e9lk\u00fcl, hogy el\u0151re leselejtezn\u00e9.<\/p>\n<\/li>\n<li>\n<p data-v-md-line=\"49\">H\u00e1l\u00f3s porlaszt\u00f3mag: biztos\u00edtja az \u00e1lland\u00f3 \u00edzt \u00e9s a stabil f\u00fcstkibocs\u00e1t\u00e1st.<\/p>\n<\/li>\n<\/ul>\n<h2 data-v-md-heading=\"why-choose-to-collaborate-with-agoravape\" data-v-md-line=\"51\">Mi\u00e9rt \u00e9rdemes az AgoraVape-pel egy\u00fcttm\u0171k\u00f6dni?<\/h2>\n<p data-v-md-line=\"53\">Az AgoraVape mindig egy alapelvet vall: Kiz\u00e1r\u00f3lag eredeti term\u00e9keket \u00e1rulunk. Az ilyen nagy kapacit\u00e1s\u00fa eszk\u00f6z\u00f6k eset\u00e9ben ez k\u00fcl\u00f6n\u00f6sen fontos, mivel a piacot el\u00e1rasztj\u00e1k a hamis\u00edtott term\u00e9kek. Ha v\u00e1llalati v\u00e1s\u00e1rl\u00f3 vagy, k\u00e9nyelmes nagykereskedelmi mennyis\u00e9geket, megb\u00edzhat\u00f3 t\u00e1mogat\u00e1st \u00e9s gyors sz\u00e1ll\u00edt\u00e1si szolg\u00e1ltat\u00e1sokat is ig\u00e9nybe vehetsz a MYDE AK80000 80000 nagy teljes\u00edtm\u00e9ny\u0171 DTL e-cigarett\u00e1khoz. Ha szeretn\u00e9l egy olyan term\u00e9ket lefoglalni DTL \u00fcgyfeleid sz\u00e1m\u00e1ra, amelyet k\u00e9s\u0151bb \u00fajra megv\u00e1s\u00e1rolnak, k\u00e9rj\u00fck, vedd fel vel\u00fcnk a kapcsolatot.<\/p>","protected":false},"excerpt":{"rendered":"<p>Milyen a MYDE AK80000 80000 nagy teljes\u00edtm\u00e9ny\u0171 DTL elektronikus cigaretta? Ha belef\u00e1radt az eldobhat\u00f3 elektronikus cigarett\u00e1kba, amelyek<\/p>","protected":false},"featured_media":21212,"comment_status":"open","ping_status":"closed","template":"","meta":[],"product_brand":[221],"product_cat":[124,185,194,176,177,174,175,148,191,173,186,180,190],"product_tag":[],"class_list":{"0":"post-21146","1":"product","2":"type-product","3":"status-publish","4":"has-post-thumbnail","6":"product_brand-myde","7":"product_cat-vape-by-brand","8":"product_cat-10000-puffs-high-capacity","9":"product_cat-adjustable-airflow","10":"product_cat-beverage","11":"product_cat-dessert-sweets","12":"product_cat-fruit-flavors","13":"product_cat-icy-mint","14":"product_cat-myde","15":"product_cat-rechargeable-disposables","16":"product_cat-vape-by-flavor-profile","17":"product_cat-vape-by-nicotine-strength","18":"product_cat-vape-by-puff-count","19":"product_cat-vape-by-feature-or-type","21":"first","22":"instock","23":"shipping-taxable","24":"purchasable","25":"product-type-variable","26":"has-default-attributes"},"tiered_pricing_type":"percentage","tiered_pricing_fixed_rules":[],"tiered_pricing_product_settings":{"layout":"default","base_unit_name":{"singular":null,"plural":null},"default_variation":null},"tiered_pricing_minimum_quantity":10,"tiered_pricing_roles_data":[],"tiered_pricing_percentage_rules":{"30":"29","50":"35","100":"40","200":"44","500":"47","1000":"49"},"tiered_pricing_maximum_quantity":null,"tiered_pricing_quantity_step":"10","_links":{"self":[{"href":"https:\/\/agoravape.com\/hu\/wp-json\/wp\/v2\/product\/21146","targetHints":{"allow":["GET"]}}],"collection":[{"href":"https:\/\/agoravape.com\/hu\/wp-json\/wp\/v2\/product"}],"about":[{"href":"https:\/\/agoravape.com\/hu\/wp-json\/wp\/v2\/types\/product"}],"replies":[{"embeddable":true,"href":"https:\/\/agoravape.com\/hu\/wp-json\/wp\/v2\/comments?post=21146"}],"version-history":[{"count":0,"href":"https:\/\/agoravape.com\/hu\/wp-json\/wp\/v2\/product\/21146\/revisions"}],"wp:featuredmedia":[{"embeddable":true,"href":"https:\/\/agoravape.com\/hu\/wp-json\/wp\/v2\/media\/21212"}],"wp:attachment":[{"href":"https:\/\/agoravape.com\/hu\/wp-json\/wp\/v2\/media?parent=21146"}],"wp:term":[{"taxonomy":"product_brand","embeddable":true,"href":"https:\/\/agoravape.com\/hu\/wp-json\/wp\/v2\/product_brand?post=21146"},{"taxonomy":"product_cat","embeddable":true,"href":"https:\/\/agoravape.com\/hu\/wp-json\/wp\/v2\/product_cat?post=21146"},{"taxonomy":"product_tag","embeddable":true,"href":"https:\/\/agoravape.com\/hu\/wp-json\/wp\/v2\/product_tag?post=21146"}],"curies":[{"name":"wp","href":"https:\/\/api.w.org\/{rel}","templated":true}]}}