{"id":21214,"date":"2026-01-18T01:26:07","date_gmt":"2026-01-17T17:26:07","guid":{"rendered":"https:\/\/agoravape.com\/?post_type=product&#038;p=21214"},"modified":"2026-03-31T04:20:23","modified_gmt":"2026-03-31T02:20:23","slug":"myde-miou-60k-60000-puffs-dual-flavor","status":"publish","type":"product","link":"https:\/\/agoravape.com\/hu\/product\/myde-miou-60k-60000-puffs-dual-flavor\/","title":{"rendered":"MYDE MIOU 60k 60000 F\u00faj\u00e1s K\u00e9tf\u00e9le \u00cdz\u0171 Vape | K\u00e9t \u00cdz, Egy K\u00f6nny\u0171 Napi Haszn\u00e1lat"},"content":{"rendered":"<h2 data-v-md-heading=\"what-are-the-special-features-of-myde-miou-60k-60000-dual-flavored-vapes\" data-v-md-line=\"3\"><img loading=\"lazy\" decoding=\"async\" class=\"size-full wp-image-21228 alignright\" src=\"https:\/\/agoravape.com\/wp-content\/uploads\/2026\/01\/MYDE-MIOU-60k-60000-Puffs-Dual-Flavor-Vape-Two-Flavours-One-Easy-Daily-Driver_Agora_vape-3.webp\" alt=\"\" width=\"800\" height=\"800\" srcset=\"https:\/\/agoravape.com\/wp-content\/uploads\/2026\/01\/MYDE-MIOU-60k-60000-Puffs-Dual-Flavor-Vape-Two-Flavours-One-Easy-Daily-Driver_Agora_vape-3.webp 800w, https:\/\/agoravape.com\/wp-content\/uploads\/2026\/01\/MYDE-MIOU-60k-60000-Puffs-Dual-Flavor-Vape-Two-Flavours-One-Easy-Daily-Driver_Agora_vape-3-600x600.webp 600w, https:\/\/agoravape.com\/wp-content\/uploads\/2026\/01\/MYDE-MIOU-60k-60000-Puffs-Dual-Flavor-Vape-Two-Flavours-One-Easy-Daily-Driver_Agora_vape-3-300x300.webp 300w, https:\/\/agoravape.com\/wp-content\/uploads\/2026\/01\/MYDE-MIOU-60k-60000-Puffs-Dual-Flavor-Vape-Two-Flavours-One-Easy-Daily-Driver_Agora_vape-3-150x150.webp 150w, https:\/\/agoravape.com\/wp-content\/uploads\/2026\/01\/MYDE-MIOU-60k-60000-Puffs-Dual-Flavor-Vape-Two-Flavours-One-Easy-Daily-Driver_Agora_vape-3-768x768.webp 768w, https:\/\/agoravape.com\/wp-content\/uploads\/2026\/01\/MYDE-MIOU-60k-60000-Puffs-Dual-Flavor-Vape-Two-Flavours-One-Easy-Daily-Driver_Agora_vape-3-12x12.webp 12w\" sizes=\"auto, (max-width: 800px) 100vw, 800px\" \/><\/h2>\n<h2 data-v-md-heading=\"what-are-the-special-features-of-myde-miou-60k-60000-dual-flavored-vapes\" data-v-md-line=\"3\">Milyen k\u00fcl\u00f6nleges tulajdons\u00e1gai vannak a MYDE MIOU 60k 60000 kett\u0151s \u00edzes\u00edt\u00e9s\u0171 vape-eknek?<\/h2>\n<p data-v-md-line=\"5\">Ha eleged van az olyan vape-ekb\u0151l, amik csak egy-k\u00e9t napig b\u00edrj\u00e1k, \u00e9s ut\u00e1na gyorsan elvesz\u00edtik frissess\u00e9g\u00fcket, akkor a MYDE MIOU 60k az ide\u00e1lis v\u00e1laszt\u00e1s. Hossz\u00fa t\u00e1v\u00fa haszn\u00e1latra tervezt\u00e9k (ak\u00e1r 60000 slukk), \u00e9s egy egyszer\u0171, m\u00e9gis praktikus koncepci\u00f3t k\u00f6vet: k\u00e9t \u00edz egyben, \u00edgy k\u00f6nnyed\u00e9n v\u00e1lthatsz \u00edzeket an\u00e9lk\u00fcl, hogy m\u00e1sodik vape-et kellene cipelned.<\/p>\n<p data-v-md-line=\"7\">Azt gondolhatod, hogy egy 60000 slukk n\u00e9vleges kapacit\u00e1s\u00fa vape neh\u00e9z, mint egy t\u00e9gla a zsebedben, de a val\u00f3s\u00e1gban a felhaszn\u00e1l\u00f3i \u00e9lm\u00e9ny k\u00f6nnyebb \u00e9s hordozhat\u00f3bb, mint gondoln\u00e1d. Ez egy egyszer\u0171 \u00e9s k\u00f6nnyen haszn\u00e1lhat\u00f3 vape, \u00fajrat\u00f6lthet\u0151 akkumul\u00e1torokkal, el\u0151re telep\u00edtett e-folyad\u00e9kkal \u00e9s t\u00f6bbf\u00e9le \u00edzes\u00edt\u00e9ssel, amelyek akkor is felfriss\u00fcl\u00e9st hozhatnak, ha az \u00edzlel\u0151bimb\u00f3id unatkoznak.<\/p>\n<h2 data-v-md-heading=\"excellent-performance-and-easy-operation\" data-v-md-line=\"9\">Kiv\u00e1l\u00f3 teljes\u00edtm\u00e9ny \u00e9s egyszer\u0171 kezelhet\u0151s\u00e9g<\/h2>\n<p data-v-md-line=\"11\">Bel\u00fcl egy 1,2 \u03a9-os porlaszt\u00f3maggal \u00e9s egy 40 ml-es nagy kapacit\u00e1s\u00fa e-folyad\u00e9k t\u00e1rol\u00f3rekesszel van felszerelve. Ez azt jelenti, hogy stabil \u00edzt k\u00e9pes fenntartani an\u00e9lk\u00fcl, hogy az \u00edz romlana a haszn\u00e1lat sor\u00e1n. Ezenk\u00edv\u00fcl egy 600 mAh-s akkumul\u00e1torral van felszerelve, \u00edgy nem kell agg\u00f3dnod, ha az akkumul\u00e1tor lemer\u00fcl, miel\u0151tt az e-folyad\u00e9k kifogyna. Csak t\u00f6ltsd fel e-folyad\u00e9kkal a tov\u00e1bbi haszn\u00e1lathoz.<\/p>\n<p data-v-md-line=\"13\">Nincs sz\u00fcks\u00e9g gombokra vagy be\u00e1ll\u00edt\u00e1sokra. Csak igy\u00e1l egy kortyot, \u00e9s \u00e9lvezd a t\u00f6k\u00e9letes \u00e9lm\u00e9nyt.<\/p>\n<h2 data-v-md-heading=\"quick-specifications\" data-v-md-line=\"15\">Gyors specifik\u00e1ci\u00f3k<\/h2>\n<ul data-v-md-line=\"17\">\n<li>Portok sz\u00e1ma: ak\u00e1r 60000 port<\/li>\n<li>E-folyad\u00e9k kapacit\u00e1sa: \u00d6sszesen 40 milliliter (Kett\u0151s \u00edzrendszer, k\u00f6r\u00fclbel\u00fcl 7 milliliter rekeszenk\u00e9nt)<\/li>\n<li>Akkumul\u00e1tor: 600mAh (\u00fajrat\u00f6lthet\u0151)<\/li>\n<li>Tekercs ellen\u00e1ll\u00e1sa: 1,2 ohm<\/li>\n<li>Nikotintartalom: 2% vagy 5%<\/li>\n<li>Haszn\u00e1lat: Egyszer\u0171en l\u00e9legezze be az aktiv\u00e1l\u00e1shoz<\/li>\n<li>\u00c1llapot: Kicsomagol\u00e1s ut\u00e1n azonnal haszn\u00e1lhat\u00f3<\/li>\n<\/ul>\n<h2 data-v-md-heading=\"complete-flavor-lineup\" data-v-md-line=\"24\">Teljes \u00edzv\u00e1laszt\u00e9k<\/h2>\n<ul data-v-md-line=\"25\">\n<li>Citrom-lime \u00e9s g\u00f6r\u00f6gdinnye j\u00e9g<\/li>\n<li>Sz\u0151l\u0151fagylalt \u00e9s eper-kivi<\/li>\n<li>Anan\u00e1szos-k\u00f3kuszos-epres-ban\u00e1nos<\/li>\n<li>Narancsos Mang G\u00f6r\u00f6gdinnye \u00e9s Red Bull<\/li>\n<li>\u00c1fony\u00e1s j\u00e9g \u00e9s cseresznye sz\u00f3da<\/li>\n<li>G\u00f6r\u00f6gdinnye j\u00e9g \u00e9s vegyes bogy\u00f3s gy\u00fcm\u00f6lcs\u00f6k<\/li>\n<li>Eper-ban\u00e1n \u00e9s pezsg\u0151 cseresznye<\/li>\n<li>Eper M\u00e1lna Meggy \u00e9s Sz\u0151l\u0151 Fagylalt<\/li>\n<li>\u00c1fony\u00e1s citromv\u00edz \u00e9s citrom-lime<\/li>\n<li>G\u00f6r\u00f6gdinnye-j\u00e9g \u00e9s eper-mang\u00f3<\/li>\n<\/ul>\n<h2 data-v-md-heading=\"suitable-for-personal-and-commercial-use\" data-v-md-line=\"36\">Szem\u00e9lyes \u00e9s kereskedelmi haszn\u00e1latra alkalmas<\/h2>\n<p data-v-md-line=\"38\"><a class=\"wpil_keyword_link\" href=\"https:\/\/agoravape.com\/hu\/vape-marka-szerint\/mrvi\/\" target=\"_blank\" rel=\"noopener\" title=\"APR\u00d3\" data-wpil-keyword-link=\"linked\" data-wpil-monitor-id=\"7189\">MYDE<\/a> MIOU 60k is a durable vape that won\u2019t leave you feeling bored after a few days, making it the ideal choice for your personal use. At the same time, it is also suitable as a retail inventory product because consumers prefer convenient \u201cintegrated\u201d products, especially the dual flavor version.<\/p>\n<p data-v-md-line=\"40\">Ha viszontelad\u00e1sra v\u00e1s\u00e1rol, az AgoraVape gyors \u00e9s megb\u00edzhat\u00f3 eur\u00f3pai sz\u00e1ll\u00edt\u00e1si szolg\u00e1ltat\u00e1sokat k\u00edn\u00e1l. Megb\u00edzhat\u00f3 sz\u00e1ll\u00edt\u00f3kkal, p\u00e9ld\u00e1ul a DHL-lel, a DPD-vel \u00e9s az UPS-szel dolgozunk egy\u00fctt, hogy biztos\u00edtsuk a z\u00f6kken\u0151mentes sz\u00e1ll\u00edt\u00e1st \u00e9s elker\u00fclj\u00fck a v\u00e1ratlan helyzeteket a hat\u00e1ron. Ha a nagykereskedelemhez sz\u00fcks\u00e9ges pontos mennyis\u00e9gre van sz\u00fcks\u00e9ge, k\u00e9rj\u00fck, vegye fel a kapcsolatot csapatunkkal, \u00e9s mi gondoskodunk az aktu\u00e1lis csomagol\u00e1si r\u00e9szletekr\u0151l.<\/p>\n<h2 data-v-md-heading=\"reasons-why-you-will-like-it\" data-v-md-line=\"42\">Reasons why you will like it<\/h2>\n<ul data-v-md-line=\"44\">\n<li>Ultra hossz\u00fa akkumul\u00e1tor-\u00fczemid\u0151: Hosszabb \u00fczemid\u0151, nem kell gyakran cser\u00e9lni az eszk\u00f6z\u00f6ket.<\/li>\n<li>Kett\u0151s \u00edzbe\u00e1ll\u00edt\u00e1s: Nem kell m\u00e1sodik vape-t v\u00e1s\u00e1rolnod az \u00edzek v\u00e1lt\u00e1s\u00e1hoz.<\/li>\n<li>Nikotinkoncentr\u00e1ci\u00f3 kiv\u00e1laszt\u00e1sa: 2% l\u00e1gyabb \u00edz\u00e9rt, 5% er\u0151sebb \u00e9lm\u00e9ny\u00e9rt.<\/li>\n<li>\u00dajrat\u00f6lthet\u0151 akkumul\u00e1tor: Gy\u0151z\u0151dj\u00f6n meg r\u00f3la, hogy val\u00f3ban felhaszn\u00e1lta a megv\u00e1s\u00e1rolt e-folyad\u00e9kot.<\/li>\n<li>1,2 \u03a9-os tekercs: stabil sz\u00edv\u00e1si ellen\u00e1ll\u00e1st tart fenn, hogy megakad\u00e1lyozza az \u00edzek t\u00fal gyors roml\u00e1s\u00e1t.<\/li>\n<\/ul>\n<h2 data-v-md-heading=\"why-choose-agoravape\" data-v-md-line=\"50\">Mi\u00e9rt v\u00e1lassza az AgoraVape-et?<\/h2>\n<p data-v-md-line=\"52\">Az AgoraVape-n\u00e9l arra \u00f6sszpontos\u00edtunk, ami igaz\u00e1n sz\u00e1m\u00edt: a val\u00f3di term\u00e9kgaranci\u00e1ra, a megb\u00edzhat\u00f3 logisztikai sz\u00e1ll\u00edt\u00e1sra \u00e9s az \u00e1tl\u00e1that\u00f3 v\u00e1laszokra. Ha MYDE MIOU 60k 60000 kett\u0151s \u00edzes\u00edt\u00e9s\u0171 vape-eket \u00e1rulsz, versenyk\u00e9pes nagykereskedelmi \u00e1rakkal, reag\u00e1l\u00f3 technikai t\u00e1mogat\u00e1ssal \u00e9s rugalmas sz\u00e1ll\u00edt\u00e1si megold\u00e1sokkal seg\u00edt\u00fcnk n\u00f6velni az elad\u00e1saidat. L\u00e9pj vel\u00fcnk kapcsolatba, \u00e9s mi elegend\u0151 k\u00e9szletet biztos\u00edtunk ahhoz, hogy \u00fcgyfeleid visszat\u00e9rjenek.<\/p>","protected":false},"excerpt":{"rendered":"<p>Melyek a MYDE MIOU 60k 60000 kett\u0151s \u00edzes\u00edt\u00e9s\u0171 g\u0151z\u00f6k k\u00fcl\u00f6nleges jellemz\u0151i? Ha m\u00e1r unod a p\u00e1rologtat\u00f3kat, amelyek<\/p>","protected":false},"featured_media":21235,"comment_status":"open","ping_status":"closed","template":"","meta":[],"product_brand":[221],"product_cat":[124,185,1642,176,177,195,174,175,148,191,173,186,180,190],"product_tag":[],"class_list":{"0":"post-21214","1":"product","2":"type-product","3":"status-publish","4":"has-post-thumbnail","6":"product_brand-myde","7":"product_cat-vape-by-brand","8":"product_cat-10000-puffs-high-capacity","9":"product_cat-60000-puffs","10":"product_cat-beverage","11":"product_cat-dessert-sweets","12":"product_cat-dual-flavor-switch","13":"product_cat-fruit-flavors","14":"product_cat-icy-mint","15":"product_cat-myde","16":"product_cat-rechargeable-disposables","17":"product_cat-vape-by-flavor-profile","18":"product_cat-vape-by-nicotine-strength","19":"product_cat-vape-by-puff-count","20":"product_cat-vape-by-feature-or-type","22":"first","23":"onbackorder","24":"shipping-taxable","25":"purchasable","26":"product-type-variable","27":"has-default-attributes"},"tiered_pricing_type":"percentage","tiered_pricing_fixed_rules":[],"tiered_pricing_product_settings":{"layout":"default","base_unit_name":{"singular":null,"plural":null},"default_variation":null},"tiered_pricing_minimum_quantity":10,"tiered_pricing_roles_data":[],"tiered_pricing_percentage_rules":{"30":"29","50":"35","100":"40","200":"44","500":"47","1000":"49"},"tiered_pricing_maximum_quantity":null,"tiered_pricing_quantity_step":"10","_links":{"self":[{"href":"https:\/\/agoravape.com\/hu\/wp-json\/wp\/v2\/product\/21214","targetHints":{"allow":["GET"]}}],"collection":[{"href":"https:\/\/agoravape.com\/hu\/wp-json\/wp\/v2\/product"}],"about":[{"href":"https:\/\/agoravape.com\/hu\/wp-json\/wp\/v2\/types\/product"}],"replies":[{"embeddable":true,"href":"https:\/\/agoravape.com\/hu\/wp-json\/wp\/v2\/comments?post=21214"}],"version-history":[{"count":2,"href":"https:\/\/agoravape.com\/hu\/wp-json\/wp\/v2\/product\/21214\/revisions"}],"predecessor-version":[{"id":29882,"href":"https:\/\/agoravape.com\/hu\/wp-json\/wp\/v2\/product\/21214\/revisions\/29882"}],"wp:featuredmedia":[{"embeddable":true,"href":"https:\/\/agoravape.com\/hu\/wp-json\/wp\/v2\/media\/21235"}],"wp:attachment":[{"href":"https:\/\/agoravape.com\/hu\/wp-json\/wp\/v2\/media?parent=21214"}],"wp:term":[{"taxonomy":"product_brand","embeddable":true,"href":"https:\/\/agoravape.com\/hu\/wp-json\/wp\/v2\/product_brand?post=21214"},{"taxonomy":"product_cat","embeddable":true,"href":"https:\/\/agoravape.com\/hu\/wp-json\/wp\/v2\/product_cat?post=21214"},{"taxonomy":"product_tag","embeddable":true,"href":"https:\/\/agoravape.com\/hu\/wp-json\/wp\/v2\/product_tag?post=21214"}],"curies":[{"name":"wp","href":"https:\/\/api.w.org\/{rel}","templated":true}]}}