{"id":21412,"date":"2026-01-18T16:11:02","date_gmt":"2026-01-18T08:11:02","guid":{"rendered":"https:\/\/agoravape.com\/?post_type=product&#038;p=21412"},"modified":"2026-03-19T11:37:04","modified_gmt":"2026-03-19T10:37:04","slug":"saimeo-tequila-30k-30000-puffs-vape","status":"publish","type":"product","link":"https:\/\/agoravape.com\/hu\/product\/saimeo-tequila-30k-30000-puffs-vape\/","title":{"rendered":"Saimeo Tequila 30k 30000 F\u00faj\u00e1s Egyedi Palackos Vape | Hossz\u00fa kiszerel\u00e9s, egyszer\u0171 haszn\u00e1lat"},"content":{"rendered":"<h2 data-v-md-heading=\"what-s-special-about-saimeo-tequila-flavored-30k-30000-unique-bottled-vapes\" data-v-md-line=\"3\"><img loading=\"lazy\" decoding=\"async\" class=\"size-full wp-image-21435 alignright\" src=\"https:\/\/agoravape.com\/wp-content\/uploads\/2026\/01\/Saimeo-Tequila-30k-30000-Puffs-Unique-Bottle-Vape-Long-Runs-Simple-Use_Agora_vape-12-scaled.webp\" alt=\"\" width=\"795\" height=\"2560\" srcset=\"https:\/\/agoravape.com\/wp-content\/uploads\/2026\/01\/Saimeo-Tequila-30k-30000-Puffs-Unique-Bottle-Vape-Long-Runs-Simple-Use_Agora_vape-12-scaled.webp 795w, https:\/\/agoravape.com\/wp-content\/uploads\/2026\/01\/Saimeo-Tequila-30k-30000-Puffs-Unique-Bottle-Vape-Long-Runs-Simple-Use_Agora_vape-12-93x300.webp 93w, https:\/\/agoravape.com\/wp-content\/uploads\/2026\/01\/Saimeo-Tequila-30k-30000-Puffs-Unique-Bottle-Vape-Long-Runs-Simple-Use_Agora_vape-12-318x1024.webp 318w, https:\/\/agoravape.com\/wp-content\/uploads\/2026\/01\/Saimeo-Tequila-30k-30000-Puffs-Unique-Bottle-Vape-Long-Runs-Simple-Use_Agora_vape-12-768x2472.webp 768w, https:\/\/agoravape.com\/wp-content\/uploads\/2026\/01\/Saimeo-Tequila-30k-30000-Puffs-Unique-Bottle-Vape-Long-Runs-Simple-Use_Agora_vape-12-477x1536.webp 477w, https:\/\/agoravape.com\/wp-content\/uploads\/2026\/01\/Saimeo-Tequila-30k-30000-Puffs-Unique-Bottle-Vape-Long-Runs-Simple-Use_Agora_vape-12-636x2048.webp 636w, https:\/\/agoravape.com\/wp-content\/uploads\/2026\/01\/Saimeo-Tequila-30k-30000-Puffs-Unique-Bottle-Vape-Long-Runs-Simple-Use_Agora_vape-12-4x12.webp 4w, https:\/\/agoravape.com\/wp-content\/uploads\/2026\/01\/Saimeo-Tequila-30k-30000-Puffs-Unique-Bottle-Vape-Long-Runs-Simple-Use_Agora_vape-12-1200x3862.webp 1200w\" sizes=\"auto, (max-width: 795px) 100vw, 795px\" \/><\/h2>\n<h2 data-v-md-heading=\"what-s-special-about-saimeo-tequila-flavored-30k-30000-unique-bottled-vapes\" data-v-md-line=\"3\">Mi a k\u00fcl\u00f6nleges a Saimeo Tequila \u00edzes\u00edt\u00e9s\u0171 30k 30000 egyedi palackozott vape-ekben?<\/h2>\n<p data-v-md-line=\"5\">Ha eleged van az eldobhat\u00f3, gyorsan kifogy\u00f3 vape-ekb\u0151l, ez a term\u00e9k tart\u00f3s haszn\u00e1latra k\u00e9sz\u00fclt. A Saimeo Tequila \u00edz\u0171 Don Leon 1942 (\u201eUnique Bottle\u201d) azoknak a felhaszn\u00e1l\u00f3knak k\u00e9sz\u00fclt, akik nagy sz\u00e1jsz\u00e1m\u00fa \u00e9s k\u00f6nnyen haszn\u00e1lhat\u00f3 napi vape-eket szeretn\u00e9nek, \u00e9s egy kicsit m\u00e1s fog\u00e1s\u00e9rzetet szeretn\u00e9nek.<\/p>\n<p data-v-md-line=\"7\">Lehet, hogy \u00fagy \u00e9rzed, hogy a 30000 sz\u00e1j\u00fa eszk\u00f6z olyan neh\u00e9z a kezedben, mint egy t\u00e9gla, de a palack alak\u00fa kialak\u00edt\u00e1s k\u00e9nyelmess\u00e9 teszi a fog\u00e1st. Ez egy olyan vape, amit magaddal vihetsz, amikor elm\u00e9sz, mert tudod, hogy abszol\u00fat megb\u00edzhat\u00f3 \u00e9s tart\u00f3s.<\/p>\n<h2 data-v-md-heading=\"excellent-performance-and-easy-operation\" data-v-md-line=\"9\">Kiv\u00e1l\u00f3 teljes\u00edtm\u00e9ny \u00e9s egyszer\u0171 kezelhet\u0151s\u00e9g<\/h2>\n<p data-v-md-line=\"11\">Ez egy eldobhat\u00f3 vape inhal\u00e1ci\u00f3s aktiv\u00e1l\u00e1ssal, amelyhez nincs sz\u00fcks\u00e9g semmilyen gombra vagy be\u00e1ll\u00edt\u00e1sra. Csak l\u00e9legezzen be az ind\u00edt\u00e1shoz. Ha egy egyszer\u0171 \u00e9s k\u00f6nnyen haszn\u00e1lhat\u00f3 term\u00e9ket keres, ez mindenk\u00e9ppen az ide\u00e1lis v\u00e1laszt\u00e1s.<\/p>\n<p data-v-md-line=\"13\">Nikotintartalma 2% nikotins\u00f3t tartalmaz, amely l\u00e1gy \u00edz\u0171 \u00e9s a legt\u00f6bb mindennapi felhaszn\u00e1l\u00f3 ig\u00e9nyeit kiel\u00e9g\u00edti.<\/p>\n<h2 data-v-md-heading=\"quick-specifications\" data-v-md-line=\"15\">Gyors specifik\u00e1ci\u00f3k<\/h2>\n<ul data-v-md-line=\"16\">\n<li>Doh\u00e1nyz\u00e1si gyakoris\u00e1g: ak\u00e1r 30 000 slukk<\/li>\n<li>Nikotintartalom: 2% nikotins\u00f3<\/li>\n<li>Haszn\u00e1lat: Egyszer\u0171en l\u00e9legezze be az aktiv\u00e1l\u00e1shoz<\/li>\n<li>\u00c1llapot: Kicsomagol\u00e1s ut\u00e1n azonnal haszn\u00e1lhat\u00f3<\/li>\n<li>Berendez\u00e9s m\u00e9rete: 37 * 40 * 160 millim\u00e9ter<\/li>\n<li>Csomagol\u00e1si adatok: 10 darab csomagonk\u00e9nt<\/li>\n<li>Csomagol\u00e1si adatok: 200 darab dobozonk\u00e9nt<\/li>\n<li>K\u00fcls\u0151 doboz m\u00e9rete: 427 \u00d7 395 \u00d7 353 millim\u00e9ter, Brutt\u00f3 t\u00f6meg: 21 kilogramm<\/li>\n<\/ul>\n<h2 data-v-md-heading=\"complete-flavor-lineup\" data-v-md-line=\"25\">Teljes \u00edzv\u00e1laszt\u00e9k<\/h2>\n<ul data-v-md-line=\"26\">\n<li>G\u00f6r\u00f6gdinnye j\u00e9g<\/li>\n<li>Eper kivi<\/li>\n<li>L\u00e9d\u00fas \u0151szibarack<\/li>\n<li>Eper g\u00f6r\u00f6gdinnye<\/li>\n<li>V\u00f6r\u00f6s \u0151szibarack pezsg\u0151<\/li>\n<li>\u00c1fonya \u00e9s m\u00e1lna<\/li>\n<li>K\u00e9k j\u00e9gp\u00e1lya<\/li>\n<li>Vegyes bogy\u00f3s gy\u00fcm\u00f6lcs\u00f6k<\/li>\n<li>Maracuja Mang\u00f3<\/li>\n<li>Cseresznye s\u00e1rk\u00e1nygy\u00fcm\u00f6lcs<\/li>\n<\/ul>\n<h2 data-v-md-heading=\"suitable-for-you-and-your-business\" data-v-md-line=\"37\">Alkalmas \u00d6nnek \u00e9s v\u00e1llalkoz\u00e1s\u00e1nak<\/h2>\n<p data-v-md-line=\"39\">Ezeket a term\u00e9keket szem\u00e9lyes haszn\u00e1latra is megv\u00e1s\u00e1rolhatja, de ha \u00fczlet\u00e9nek v\u00e1s\u00e1rol, vagy rendszeresen nagy mennyis\u00e9gben kell felt\u00f6ltenie a k\u00e9szlet\u00e9t, ez a csomagol\u00e1s k\u00e9nyelmes a k\u00e9szletkezel\u00e9s szempontj\u00e1b\u00f3l. Csomagonk\u00e9nt 10 darab, dobozonk\u00e9nt 200 darab, \u00edgy nem kell gyakran felt\u00f6ltenie a k\u00e9szletet.<\/p>\n<p data-v-md-line=\"41\">Az AgoraVape a megb\u00edzhat\u00f3 EU-s sz\u00e1ll\u00edt\u00e1si szolg\u00e1ltat\u00e1sok ny\u00fajt\u00e1s\u00e1ra \u00f6sszpontos\u00edt. Megb\u00edzhat\u00f3 fuvaroz\u00f3kkal m\u0171k\u00f6d\u00fcnk egy\u00fctt, mint p\u00e9ld\u00e1ul a UPS, a DPD \u00e9s a DHL, \u00e9s ahol a k\u00f6r\u00fclm\u00e9nyek megengedik, v\u00e1mfizet\u00e9ses k\u00e9zbes\u00edt\u00e9st (DDP) is k\u00edn\u00e1lunk. Ez z\u00f6kken\u0151mentesebb importfolyamatot \u00e9s a csomag \u00e1llapot\u00e1val kapcsolatos aggodalmak cs\u00f6kken\u00e9s\u00e9t jelenti.<\/p>\n<h2 data-v-md-heading=\"the-reason-why-you-will-like-it\" data-v-md-line=\"43\">Az ok, ami\u00e9rt tetszeni fog<\/h2>\n<ul data-v-md-line=\"44\">\n<li>\n<p data-v-md-line=\"44\">Tart\u00f3s \u00e9s hossz\u00fa \u00e9lettartam\u00fa: Tart\u00f3s \u00e9s hossz\u00fa \u00e9lettartam\u00fa, gyakori csere n\u00e9lk\u00fcl.<\/p>\n<\/li>\n<li>\n<p data-v-md-line=\"46\">2%-os nikotins\u00f3: A legt\u00f6bb napi haszn\u00e1l\u00f3 sz\u00e1m\u00e1ra ismer\u0151s koncentr\u00e1ci\u00f3nak megfelel\u0151.<\/p>\n<\/li>\n<li>\n<p data-v-md-line=\"48\">Bel\u00e9gz\u00e9ses aktiv\u00e1l\u00e1s: Nincs sz\u00fcks\u00e9g gombokra, nincs sz\u00fcks\u00e9g tanul\u00e1sra. Vedd fel \u00e9s haszn\u00e1ld.<\/p>\n<\/li>\n<li>\n<p data-v-md-line=\"50\">Palack test kialak\u00edt\u00e1sa: K\u00e9nyelmes fog\u00e1s, visszafogott, m\u00e9gis visszafogott.<\/p>\n<\/li>\n<\/ul>\n<h2 data-v-md-heading=\"why-choose-to-collaborate-with-agoravape\" data-v-md-line=\"52\">Mi\u00e9rt \u00e9rdemes az AgoraVape-pel egy\u00fcttm\u0171k\u00f6dni?<\/h2>\n<p data-v-md-line=\"54\">Kiz\u00e1r\u00f3lag 100%-ban eredeti vape term\u00e9keket \u00e1rus\u00edtunk, mert senki sem akar instabil min\u0151s\u00e9gt\u0151l szenvedni. Ha v\u00e1llalati v\u00e1s\u00e1rl\u00f3 vagy, akkor nagykereskedelmi lehet\u0151s\u00e9geket, k\u00e9nyelmes technikai t\u00e1mogat\u00e1st \u00e9s megb\u00edzhat\u00f3, gyors sz\u00e1ll\u00edt\u00e1si szolg\u00e1ltat\u00e1sokat is kapsz. Szeretn\u00e9l Saimeo Tequila 30k egyedi palackozott vape-eket v\u00e1s\u00e1rolni? K\u00e9rj\u00fck, vedd fel vel\u00fcnk a kapcsolatot, \u00e9s seg\u00edt\u00fcnk kiv\u00e1lasztani a megfelel\u0151 \u00edzt \u00e9s mennyis\u00e9get az \u00fcgyfeleid sz\u00e1m\u00e1ra.<\/p>","protected":false},"excerpt":{"rendered":"<p>Mi a k\u00fcl\u00f6nleges a Saimeo Tequila \u00edzes\u00edt\u00e9s\u0171 30k 30000 egyedi palackozott p\u00e1rologtat\u00f3ban? Ha m\u00e1r unod az eldobhat\u00f3 p\u00e1rologtat\u00f3kat, amik kifogynak.<\/p>","protected":false},"featured_media":21433,"comment_status":"open","ping_status":"closed","template":"","meta":[],"product_brand":[1663],"product_cat":[124,185,1637,177,1674,174,191,1666,179,173,186,180,190],"product_tag":[],"class_list":{"0":"post-21412","1":"product","2":"type-product","3":"status-publish","4":"has-post-thumbnail","6":"product_brand-saimeo","7":"product_cat-vape-by-brand","8":"product_cat-10000-puffs-high-capacity","9":"product_cat-30000-puffs","10":"product_cat-dessert-sweets","11":"product_cat-eu-warehouse","12":"product_cat-fruit-flavors","13":"product_cat-rechargeable-disposables","14":"product_cat-saimeo","15":"product_cat-unique-blends","16":"product_cat-vape-by-flavor-profile","17":"product_cat-vape-by-nicotine-strength","18":"product_cat-vape-by-puff-count","19":"product_cat-vape-by-feature-or-type","21":"first","22":"instock","23":"shipping-taxable","24":"purchasable","25":"product-type-variable","26":"has-default-attributes"},"tiered_pricing_type":"percentage","tiered_pricing_fixed_rules":[],"tiered_pricing_product_settings":{"layout":"default","base_unit_name":{"singular":null,"plural":null},"default_variation":null},"tiered_pricing_minimum_quantity":10,"tiered_pricing_roles_data":[],"tiered_pricing_percentage_rules":{"30":"12.41","50":"27","100":"33","200":"35","500":"39","1000":"42"},"tiered_pricing_maximum_quantity":null,"tiered_pricing_quantity_step":"10","_links":{"self":[{"href":"https:\/\/agoravape.com\/hu\/wp-json\/wp\/v2\/product\/21412","targetHints":{"allow":["GET"]}}],"collection":[{"href":"https:\/\/agoravape.com\/hu\/wp-json\/wp\/v2\/product"}],"about":[{"href":"https:\/\/agoravape.com\/hu\/wp-json\/wp\/v2\/types\/product"}],"replies":[{"embeddable":true,"href":"https:\/\/agoravape.com\/hu\/wp-json\/wp\/v2\/comments?post=21412"}],"version-history":[{"count":0,"href":"https:\/\/agoravape.com\/hu\/wp-json\/wp\/v2\/product\/21412\/revisions"}],"wp:featuredmedia":[{"embeddable":true,"href":"https:\/\/agoravape.com\/hu\/wp-json\/wp\/v2\/media\/21433"}],"wp:attachment":[{"href":"https:\/\/agoravape.com\/hu\/wp-json\/wp\/v2\/media?parent=21412"}],"wp:term":[{"taxonomy":"product_brand","embeddable":true,"href":"https:\/\/agoravape.com\/hu\/wp-json\/wp\/v2\/product_brand?post=21412"},{"taxonomy":"product_cat","embeddable":true,"href":"https:\/\/agoravape.com\/hu\/wp-json\/wp\/v2\/product_cat?post=21412"},{"taxonomy":"product_tag","embeddable":true,"href":"https:\/\/agoravape.com\/hu\/wp-json\/wp\/v2\/product_tag?post=21412"}],"curies":[{"name":"wp","href":"https:\/\/api.w.org\/{rel}","templated":true}]}}