{"id":21811,"date":"2026-01-18T21:41:30","date_gmt":"2026-01-18T13:41:30","guid":{"rendered":"https:\/\/agoravape.com\/?post_type=product&#038;p=21811"},"modified":"2026-04-13T18:03:17","modified_gmt":"2026-04-13T16:03:17","slug":"saimeo-pezsgo-30k-30000-puffs-vape","status":"publish","type":"product","link":"https:\/\/agoravape.com\/hu\/product\/saimeo-champagne-30k-30000-puffs-vape\/","title":{"rendered":"Saimeo Champagne 30k 30000 F\u00faj\u00e1s Party Vape | Nagy F\u00faj\u00e1sok Sz\u00e1ma, K\u00f6nny\u0171 Mindennapi Haszn\u00e1lat"},"content":{"rendered":"<div style=\"width: 720px;\" class=\"wp-video\"><video class=\"wp-video-shortcode\" id=\"video-21811-1\" width=\"720\" height=\"1280\" preload=\"metadata\" controls=\"controls\"><source type=\"video\/mp4\" src=\"https:\/\/agoravape.com\/wp-content\/uploads\/2026\/01\/champagne-30k.mp4?_=1\" \/><a href=\"https:\/\/agoravape.com\/wp-content\/uploads\/2026\/01\/champagne-30k.mp4\">https:\/\/agoravape.com\/wp-content\/uploads\/2026\/01\/champagne-30k.mp4<\/a><\/video><\/div>\n<h2 data-v-md-heading=\"what-is-special-about-saimeo-champagne-30k-30000-party-vapes\" data-v-md-line=\"3\"><img loading=\"lazy\" decoding=\"async\" class=\"aligncenter size-full wp-image-21829\" src=\"https:\/\/agoravape.com\/wp-content\/uploads\/2026\/01\/Saimeo-Champagne-30k-30000-Puffs-Party-Vape-Big-Puff-Count-Easy-Everyday-Use_Agora_vape-7-scaled.webp\" alt=\"\" width=\"2560\" height=\"1808\" srcset=\"https:\/\/agoravape.com\/wp-content\/uploads\/2026\/01\/Saimeo-Champagne-30k-30000-Puffs-Party-Vape-Big-Puff-Count-Easy-Everyday-Use_Agora_vape-7-scaled.webp 2560w, https:\/\/agoravape.com\/wp-content\/uploads\/2026\/01\/Saimeo-Champagne-30k-30000-Puffs-Party-Vape-Big-Puff-Count-Easy-Everyday-Use_Agora_vape-7-scaled-1200x848.webp 1200w, https:\/\/agoravape.com\/wp-content\/uploads\/2026\/01\/Saimeo-Champagne-30k-30000-Puffs-Party-Vape-Big-Puff-Count-Easy-Everyday-Use_Agora_vape-7-300x212.webp 300w, https:\/\/agoravape.com\/wp-content\/uploads\/2026\/01\/Saimeo-Champagne-30k-30000-Puffs-Party-Vape-Big-Puff-Count-Easy-Everyday-Use_Agora_vape-7-1024x723.webp 1024w, https:\/\/agoravape.com\/wp-content\/uploads\/2026\/01\/Saimeo-Champagne-30k-30000-Puffs-Party-Vape-Big-Puff-Count-Easy-Everyday-Use_Agora_vape-7-768x543.webp 768w, https:\/\/agoravape.com\/wp-content\/uploads\/2026\/01\/Saimeo-Champagne-30k-30000-Puffs-Party-Vape-Big-Puff-Count-Easy-Everyday-Use_Agora_vape-7-1536x1085.webp 1536w, https:\/\/agoravape.com\/wp-content\/uploads\/2026\/01\/Saimeo-Champagne-30k-30000-Puffs-Party-Vape-Big-Puff-Count-Easy-Everyday-Use_Agora_vape-7-2048x1447.webp 2048w, https:\/\/agoravape.com\/wp-content\/uploads\/2026\/01\/Saimeo-Champagne-30k-30000-Puffs-Party-Vape-Big-Puff-Count-Easy-Everyday-Use_Agora_vape-7-18x12.webp 18w\" sizes=\"auto, (max-width: 2560px) 100vw, 2560px\" \/><\/h2>\n<h2 data-v-md-heading=\"what-is-special-about-saimeo-champagne-30k-30000-party-vapes\" data-v-md-line=\"3\"><img loading=\"lazy\" decoding=\"async\" class=\"size-full wp-image-21823 alignright\" src=\"https:\/\/agoravape.com\/wp-content\/uploads\/2026\/01\/Saimeo-Champagne-30k-30000-Puffs-Party-Vape-Big-Puff-Count-Easy-Everyday-Use_Agora_vape-1-scaled.webp\" alt=\"\" width=\"604\" height=\"2560\" srcset=\"https:\/\/agoravape.com\/wp-content\/uploads\/2026\/01\/Saimeo-Champagne-30k-30000-Puffs-Party-Vape-Big-Puff-Count-Easy-Everyday-Use_Agora_vape-1-scaled.webp 604w, https:\/\/agoravape.com\/wp-content\/uploads\/2026\/01\/Saimeo-Champagne-30k-30000-Puffs-Party-Vape-Big-Puff-Count-Easy-Everyday-Use_Agora_vape-1-71x300.webp 71w, https:\/\/agoravape.com\/wp-content\/uploads\/2026\/01\/Saimeo-Champagne-30k-30000-Puffs-Party-Vape-Big-Puff-Count-Easy-Everyday-Use_Agora_vape-1-768x3257.webp 768w, https:\/\/agoravape.com\/wp-content\/uploads\/2026\/01\/Saimeo-Champagne-30k-30000-Puffs-Party-Vape-Big-Puff-Count-Easy-Everyday-Use_Agora_vape-1-483x2048.webp 483w, https:\/\/agoravape.com\/wp-content\/uploads\/2026\/01\/Saimeo-Champagne-30k-30000-Puffs-Party-Vape-Big-Puff-Count-Easy-Everyday-Use_Agora_vape-1-3x12.webp 3w\" sizes=\"auto, (max-width: 604px) 100vw, 604px\" \/><\/h2>\n<h2 data-v-md-heading=\"what-is-special-about-saimeo-champagne-30k-30000-party-vapes\" data-v-md-line=\"3\">Mi a k\u00fcl\u00f6nleges a Saimeo Champagne 30k 30000 party vape-ekben?<\/h2>\n<p data-v-md-line=\"5\">Ha eleged van az eldobhat\u00f3 vape-ekb\u0151l, amikb\u0151l n\u00e9h\u00e1ny nap alatt kifogy a cigaretta, a Saimeo Champagne 30k mindenk\u00e9ppen az ide\u00e1lis v\u00e1laszt\u00e1s. Hossz\u00fa t\u00e1v\u00fa haszn\u00e1latra tervezt\u00e9k, egyetlen t\u00f6lt\u00e9ssel ak\u00e1r 30 000 slukk is elegend\u0151, \u00edgy nem kell gyakran cser\u00e9lni a patronokat.<\/p>\n<p data-v-md-line=\"7\">Lehet, hogy \u00fagy \u00e9rzed, hogy egy 30k kapacit\u00e1s\u00fa eszk\u00f6z haszn\u00e1lata neh\u00e9zkes, mint egy \u201et\u00e9gla\u201d. De ennek az e-cigarett\u00e1nak k\u00e9nyelmes a fog\u00e1sa, nincs sz\u00fcks\u00e9g semmilyen be\u00e1ll\u00edt\u00e1sra, \u00e9s k\u00f6zvetlen\u00fcl felveheted \u00e9s haszn\u00e1lhatod. Nincsenek gombok, nincsenek be\u00e1ll\u00edt\u00e1sok, csak l\u00e9legezz be, \u00e9s \u00e9lvezd.<\/p>\n<h2 data-v-md-heading=\"excellent-performance-and-easy-operation\" data-v-md-line=\"9\">Kiv\u00e1l\u00f3 teljes\u00edtm\u00e9ny \u00e9s egyszer\u0171 kezelhet\u0151s\u00e9g<\/h2>\n<p data-v-md-line=\"11\">A Saimeo tervez\u00e9si koncepci\u00f3ja nagyon egyszer\u0171: bel\u00e9gz\u00e9ssel aktiv\u00e1l\u00f3dik, \u00e9s a haszn\u00e1lata hasonl\u00f3 az eldobhat\u00f3 vape-ekhez. \u00c9s mivel \u00fajrat\u00f6lthet\u0151, nagyobb val\u00f3sz\u00edn\u0171s\u00e9ggel haszn\u00e1lod el a benne l\u00e9v\u0151 e-folyad\u00e9kot, ahelyett, hogy kidobn\u00e1d, amikor az akkumul\u00e1tor t\u00f6lt\u00f6tts\u00e9gi szintje cs\u00f6kken.<\/p>\n<h2 data-v-md-heading=\"quick-specifications\" data-v-md-line=\"13\">Gyors specifik\u00e1ci\u00f3k<\/h2>\n<ul data-v-md-line=\"14\">\n<li>Doh\u00e1nyz\u00e1si gyakoris\u00e1g: ak\u00e1r 30 000 slukk<\/li>\n<li>Nikotintartalom: 2% nikotins\u00f3<\/li>\n<li>Haszn\u00e1lat: Egyszer\u0171en l\u00e9legezze be az aktiv\u00e1l\u00e1shoz<\/li>\n<li>T\u00f6lt\u00e9si m\u00f3d: \u00dajrat\u00f6lthet\u0151 (t\u00f6lt\u00e9si m\u00f3d nincs megadva)<\/li>\n<li>\u00c1llapot: Kicsomagol\u00e1s ut\u00e1n haszn\u00e1latra k\u00e9sz<\/li>\n<\/ul>\n<h2 data-v-md-heading=\"complete-flavor-lineup\" data-v-md-line=\"20\">Teljes \u00edzv\u00e1laszt\u00e9k<\/h2>\n<ul data-v-md-line=\"21\">\n<li>Eper kivi<\/li>\n<li>\u00c1fonya, m\u00e1lna, cseresznye<\/li>\n<li>Vegyes bogy\u00f3s gy\u00fcm\u00f6lcs\u00f6k<\/li>\n<li>\u00c1fonya \u00e9s m\u00e1lna<\/li>\n<li>Feh\u00e9r sz\u0151l\u0151pezsg\u0151<\/li>\n<li>L\u00e9d\u00fas \u0151szibarack<\/li>\n<li>Eper g\u00f6r\u00f6gdinnye<\/li>\n<li>Sz\u0151l\u0151 g\u00f6r\u00f6gdinnye<\/li>\n<li>G\u00f6r\u00f6gdinnye j\u00e9g<\/li>\n<li>H\u00e1rmas mang\u00f3<\/li>\n<li>M\u00e1mba k\u00edgy\u00f3<\/li>\n<li>Maracuja Mang\u00f3<\/li>\n<li>Tr\u00f3pusi gy\u00fcm\u00f6lcs\u00f6k<\/li>\n<li>Cseresznye s\u00e1rk\u00e1nygy\u00fcm\u00f6lcs \u00edz\u0171<\/li>\n<li>V\u00f6r\u00f6s \u0151szibarack pezsg\u0151 \u00edz\u0171<\/li>\n<\/ul>\n<h2 data-v-md-heading=\"suitable-for-you-and-your-business\" data-v-md-line=\"37\">Alkalmas \u00d6nnek \u00e9s v\u00e1llalkoz\u00e1s\u00e1nak<\/h2>\n<p data-v-md-line=\"39\">K\u00f6nnyed\u00e9n v\u00e1s\u00e1rolhatsz Saimeo pezsg\u0151\u00edz\u0171 30k vape-eket szem\u00e9lyes haszn\u00e1latra. Ha \u00fczletbe v\u00e1s\u00e1rolsz, vagy nagy t\u00e9telben szeretn\u00e9l v\u00e1s\u00e1rolni, nagykereskedelmi specifik\u00e1ci\u00f3kat is biztos\u00edtunk.<\/p>\n<p data-v-md-line=\"41\">A csomagol\u00e1s egyszer\u0171 \u00e9s \u00e1ttekinthet\u0151: csomagonk\u00e9nt 10 darab, dobozonk\u00e9nt 200 darab. \u00cdgy k\u00f6nnyed\u00e9n tervezheted a k\u00e9szletet \u00e9s az \u00e1raz\u00e1st tal\u00e1lgat\u00e1s n\u00e9lk\u00fcl.<\/p>\n<h2 data-v-md-heading=\"the-reason-why-you-will-like-it\" data-v-md-line=\"43\">Az ok, ami\u00e9rt tetszeni fog<\/h2>\n<ul data-v-md-line=\"44\">\n<li>Tart\u00f3s \u00e9s hossz\u00fa \u00e9lettartam\u00fa: Tart\u00f3s \u00e9s hossz\u00fa \u00e9lettartam\u00fa, cs\u00f6kkentve a v\u00e1s\u00e1rl\u00e1sok gyakoris\u00e1g\u00e1t.<\/li>\n<li>2%-os nikotins\u00f3: Sima \u00edz, k\u00f6nnyen megszokhat\u00f3, k\u00fcl\u00f6n\u00f6sen alkalmas doh\u00e1nyosok sz\u00e1m\u00e1ra.<\/li>\n<li>\u00dajrat\u00f6lthet\u0151: Hozd ki bel\u0151le a legt\u00f6bbet.<\/li>\n<li>K\u00f6nnyen kezelhet\u0151: Bel\u00e9gz\u00e9ses aktiv\u00e1l\u00e1s, b\u00e1rki azonnal haszn\u00e1lhatja.<\/li>\n<\/ul>\n<h2 data-v-md-heading=\"why-choose-to-collaborate-with-agoravape\" data-v-md-line=\"49\">Mi\u00e9rt \u00e9rdemes az AgoraVape-pel egy\u00fcttm\u0171k\u00f6dni?<\/h2>\n<p data-v-md-line=\"51\">Az AgoraVape-n\u00e9l a val\u00f3di p\u00e9nz- \u00e9s ez\u00fcstfogyaszt\u00e1sod val\u00f3ban fontos szempontjaira \u00f6sszpontos\u00edtunk: eredeti term\u00e9kgarancia, megb\u00edzhat\u00f3 forr\u00e1sok, valamint stabil eur\u00f3pai logisztika \u00e9s disztrib\u00faci\u00f3. Ha Saimeo Champagne 30k 30000-es kiszerel\u00e9s\u0171 party vape-eket \u00e1rulsz, praktikus nagykereskedelmi csomagol\u00e1si specifik\u00e1ci\u00f3kat, gyors reag\u00e1l\u00e1s\u00fa technikai t\u00e1mogat\u00e1st \u00e9s olyan ell\u00e1t\u00e1si l\u00e1ncot biztos\u00edtunk, amely val\u00f3ban seg\u00edthet v\u00e1llalkoz\u00e1sod m\u0171k\u00f6dtet\u00e9s\u00e9ben. Nagykereskedelmi \u00e1rakra vagy t\u00f6meges sz\u00e1ll\u00edt\u00e1sra van sz\u00fcks\u00e9ged? K\u00e9rj\u00fck, vedd fel vel\u00fcnk a kapcsolatot, \u00f6r\u00f6mmel \u00e1llunk rendelkez\u00e9sedre.<\/p>\n<p><script src=\"chrome-extension:\/\/fpelahbljekknahkcaegamhcndkfpfnc\/iFrame.js\" type=\"text\/javascript\"><\/script><\/p>","protected":false},"excerpt":{"rendered":"<p>&nbsp;<\/p>\n<p><script src=\"chrome-extension:\/\/fpelahbljekknahkcaegamhcndkfpfnc\/iFrame.js\" type=\"text\/javascript\"><\/script><\/p>","protected":false},"featured_media":21832,"comment_status":"open","ping_status":"closed","template":"","meta":[],"product_brand":[1663],"product_cat":[124,185,189,1637,1674,174,191,1666,179,173,186,180,190],"product_tag":[],"class_list":{"0":"post-21811","1":"product","2":"type-product","3":"status-publish","4":"has-post-thumbnail","6":"product_brand-saimeo","7":"product_cat-vape-by-brand","8":"product_cat-10000-puffs-high-capacity","9":"product_cat-20mg-standard-nicotine-vapes","10":"product_cat-30000-puffs","11":"product_cat-eu-warehouse","12":"product_cat-fruit-flavors","13":"product_cat-rechargeable-disposables","14":"product_cat-saimeo","15":"product_cat-unique-blends","16":"product_cat-vape-by-flavor-profile","17":"product_cat-vape-by-nicotine-strength","18":"product_cat-vape-by-puff-count","19":"product_cat-vape-by-feature-or-type","21":"first","22":"instock","23":"shipping-taxable","24":"purchasable","25":"product-type-variable","26":"has-default-attributes"},"tiered_pricing_type":"percentage","tiered_pricing_fixed_rules":[],"tiered_pricing_product_settings":{"layout":"default","base_unit_name":{"singular":null,"plural":null},"default_variation":null},"tiered_pricing_minimum_quantity":10,"tiered_pricing_roles_data":[],"tiered_pricing_percentage_rules":{"30":"12.41","50":"35","100":"40","200":"44","500":"47","1000":"49"},"tiered_pricing_maximum_quantity":null,"tiered_pricing_quantity_step":"10","_links":{"self":[{"href":"https:\/\/agoravape.com\/hu\/wp-json\/wp\/v2\/product\/21811","targetHints":{"allow":["GET"]}}],"collection":[{"href":"https:\/\/agoravape.com\/hu\/wp-json\/wp\/v2\/product"}],"about":[{"href":"https:\/\/agoravape.com\/hu\/wp-json\/wp\/v2\/types\/product"}],"replies":[{"embeddable":true,"href":"https:\/\/agoravape.com\/hu\/wp-json\/wp\/v2\/comments?post=21811"}],"version-history":[{"count":1,"href":"https:\/\/agoravape.com\/hu\/wp-json\/wp\/v2\/product\/21811\/revisions"}],"predecessor-version":[{"id":29873,"href":"https:\/\/agoravape.com\/hu\/wp-json\/wp\/v2\/product\/21811\/revisions\/29873"}],"wp:featuredmedia":[{"embeddable":true,"href":"https:\/\/agoravape.com\/hu\/wp-json\/wp\/v2\/media\/21832"}],"wp:attachment":[{"href":"https:\/\/agoravape.com\/hu\/wp-json\/wp\/v2\/media?parent=21811"}],"wp:term":[{"taxonomy":"product_brand","embeddable":true,"href":"https:\/\/agoravape.com\/hu\/wp-json\/wp\/v2\/product_brand?post=21811"},{"taxonomy":"product_cat","embeddable":true,"href":"https:\/\/agoravape.com\/hu\/wp-json\/wp\/v2\/product_cat?post=21811"},{"taxonomy":"product_tag","embeddable":true,"href":"https:\/\/agoravape.com\/hu\/wp-json\/wp\/v2\/product_tag?post=21811"}],"curies":[{"name":"wp","href":"https:\/\/api.w.org\/{rel}","templated":true}]}}