{"id":21870,"date":"2026-01-18T22:03:21","date_gmt":"2026-01-18T14:03:21","guid":{"rendered":"https:\/\/agoravape.com\/?post_type=product&#038;p=21870"},"modified":"2026-04-12T10:39:07","modified_gmt":"2026-04-12T08:39:07","slug":"saimeo-humo-azul-24k-24000-puffok","status":"publish","type":"product","link":"https:\/\/agoravape.com\/hu\/product\/saimeo-humo-azul-24k-24000-puffs\/","title":{"rendered":"Saimeo Humo AZUL 24k 24000 Puffs Mesh Coil Vape | Hosszan tart\u00f3 \u00edz, kevesebb gond"},"content":{"rendered":"<h2 data-v-md-heading=\"what-is-saimeo-humo-azul-24k-24000-mouth-mesh-atomizer-core-vape\" data-v-md-line=\"3\"><\/h2>\n<h2 data-v-md-heading=\"what-is-saimeo-humo-azul-24k-24000-mouth-mesh-atomizer-core-vape\" data-v-md-line=\"3\">Mi az a Saimeo Humo AZUL 24k 24000 sz\u00e1jh\u00e1l\u00f3s atomiz\u00e1toros magos vape?<\/h2>\n<p data-v-md-line=\"5\">Ha eleged van az eldobhat\u00f3 vape-ekb\u0151l, amik m\u00e1r n\u00e9h\u00e1ny nap haszn\u00e1lat ut\u00e1n is \u201enem j\u00f3k\u201d, akkor ez a term\u00e9k jobban fog neked val\u00f3 lenni. A Saimeo Humo AZUL 24k hossz\u00fa t\u00e1v\u00fa haszn\u00e1latra k\u00e9sz\u00fclt, ak\u00e1r 24000 sz\u00edv\u00f3kapacit\u00e1ssal, \u00e9s \u00fajrat\u00f6lthet\u0151 kialak\u00edt\u00e1s\u00fa, \u00edgy nem kell kidobnod csak az\u00e9rt, mert lemer\u00fcl az akkumul\u00e1tor.<\/p>\n<p data-v-md-line=\"7\">Lehet, hogy \u00fagy gondolod, hogy egy 24k-s kapacit\u00e1s\u00fa eszk\u00f6z egy orm\u00f3tlan t\u00e9gla lenne. De k\u00e9zben tartva meglep\u0151en k\u00f6nny\u0171. Azok sz\u00e1m\u00e1ra, akik stabil \u00e9s megb\u00edzhat\u00f3 napi vape-t szeretn\u00e9nek an\u00e9lk\u00fcl, hogy agg\u00f3dniuk kellene a patron, a porlaszt\u00f3 mag vagy az e-liquid palack cser\u00e9je miatt, ez a term\u00e9k az ide\u00e1lis v\u00e1laszt\u00e1s.<\/p>\n<h2 data-v-md-heading=\"excellent-performance-and-easy-operation\" data-v-md-line=\"9\">Kiv\u00e1l\u00f3 teljes\u00edtm\u00e9ny \u00e9s egyszer\u0171 kezelhet\u0151s\u00e9g<\/h2>\n<p data-v-md-line=\"11\">A Saimeo h\u00e1l\u00f3s tekercseket haszn\u00e1l, ami azt jelenti, hogy az \u00edz egyenletesebben terjed. A gyakorlati tapasztalatok szerint ez kev\u00e9sb\u00e9 \u201e\u00edztelen\u201d \u00edzt \u00e9s haszn\u00e1lat k\u00f6zben k\u00f6vetkezetesen l\u00e1gy \u00edzt jelent.<\/p>\n<p data-v-md-line=\"13\">Ha az akkumul\u00e1tor lemer\u00fclt, egyszer\u0171en t\u00f6ltsd fel. Egyszer\u0171 \u00e9s k\u00e9nyelmes. A term\u00e9kinform\u00e1ci\u00f3k meger\u0151s\u00edtik, hogy \u00fajrat\u00f6lthet\u0151, de nem hat\u00e1rozz\u00e1k meg a konkr\u00e9t csatlakoz\u00f3t\u00edpust (p\u00e9ld\u00e1ul USB-C), \u00edgy nem tudok tippelni. R\u00f6viden, a l\u00e9nyeg az, hogy t\u00f6lt\u00e9s ut\u00e1n tov\u00e1bbra is haszn\u00e1lhat\u00f3 legyen.<\/p>\n<h2 data-v-md-heading=\"quick-specifications\" data-v-md-line=\"15\">Gyors specifik\u00e1ci\u00f3k<\/h2>\n<ul data-v-md-line=\"16\">\n<li>Doh\u00e1nyz\u00e1si gyakoris\u00e1g: ak\u00e1r 24000<\/li>\n<li>Nikotintartalom: 2% nikotins\u00f3<\/li>\n<li>Haszn\u00e1lat: Bel\u00e9gz\u00e9ses aktiv\u00e1l\u00e1s<\/li>\n<li>T\u00f6lt\u00e9si m\u00f3d: \u00dajrat\u00f6lthet\u0151 (a t\u00f6lt\u0151interf\u00e9sz t\u00edpusa nincs megadva)<\/li>\n<li>\u00c1llapot: Kicsomagol\u00e1s ut\u00e1n azonnal haszn\u00e1lhat\u00f3<\/li>\n<li>Berendez\u00e9s m\u00e9rete: 135 41,5 41,5 millim\u00e9ter<\/li>\n<li>Verzi\u00f3: Standard \u00e9s R\u00f3zsasz\u00edn verzi\u00f3<\/li>\n<\/ul>\n<h2 data-v-md-heading=\"complete-flavor-lineup\" data-v-md-line=\"24\">Teljes \u00edzv\u00e1laszt\u00e9k<\/h2>\n<ul data-v-md-line=\"25\">\n<li>\u0150szibarack j\u00e9g<\/li>\n<li>K\u00e9k j\u00e9gp\u00e1lya<\/li>\n<li>Sz\u0151l\u0151fagylalt<\/li>\n<li>M\u00e9zharmat j\u00e9g<\/li>\n<li>Eper, g\u00f6r\u00f6gdinnye, sz\u0151l\u0151<\/li>\n<li>Szeder s\u00e1rk\u00e1nygy\u00fcm\u00f6lcs<\/li>\n<li>\u00c1fony\u00e1s s\u00e1rk\u00e1nygy\u00fcm\u00f6lcs<\/li>\n<li>\u00c1fony\u00e1s \u00e9s m\u00e1ln\u00e1s fagylalt<\/li>\n<li>Citrom \u00e9s lime<\/li>\n<li>G\u00f6r\u00f6gdinnye j\u00e9g<\/li>\n<li>Eper, \u00e1fonya, cseresznye \u00edz\u0171<\/li>\n<li>Sz\u0151l\u0151bogy\u00f3 \u00edz\u0171<\/li>\n<li>Maracuja, kivi \u00e9s guava \u00edz\u0171<\/li>\n<\/ul>\n<h2 data-v-md-heading=\"suitable-for-you-and-your-business\" data-v-md-line=\"39\">Alkalmas \u00d6nnek \u00e9s v\u00e1llalkoz\u00e1s\u00e1nak<\/h2>\n<p data-v-md-line=\"41\">A Saimeo Humo AZUL 24k k\u00f6zvetlen\u00fcl megv\u00e1s\u00e1rolhat\u00f3 kiskereskedelmi term\u00e9kk\u00e9nt, \u00e9s olyan \u00fczletek sz\u00e1m\u00e1ra is alkalmas, amelyek magas visszak\u00fcld\u00e9si ar\u00e1ny\u00fa term\u00e9keket szeretn\u00e9nek biztos\u00edtani az \u00fcgyfeleknek.<\/p>\n<p data-v-md-line=\"43\">Nagykereskedelmi szempontb\u00f3l a csomagol\u00e1s egyszer\u0171 \u00e9s k\u00f6nnyen haszn\u00e1lhat\u00f3: csomagonk\u00e9nt 10 darab, dobozonk\u00e9nt 200 darab. Ha viszontelad\u00e1sra v\u00e1s\u00e1rol, ez a csomagol\u00e1si specifik\u00e1ci\u00f3 k\u00e9nyelmes t\u00e1rol\u00e1st \u00e9s k\u00f6nny\u0171 be- \u00e9s kisz\u00e1ml\u00e1l\u00e1st biztos\u00edt.<\/p>\n<h2 data-v-md-heading=\"the-reason-why-you-will-like-it\" data-v-md-line=\"45\">Az ok, ami\u00e9rt tetszeni fog<\/h2>\n<ul data-v-md-line=\"46\">\n<li>Hossz\u00fa akkumul\u00e1tor-\u00fczemid\u0151: Tart\u00f3s \u00e9s hossz\u00fa \u00e9lettartam\u00fa, nem kell gyakran cser\u00e9lni.<\/li>\n<li>2%-os nikotins\u00f3: A legt\u00f6bb napi vape-felhaszn\u00e1l\u00f3 \u00e1ltal haszn\u00e1lt koncentr\u00e1ci\u00f3nak megfelel\u0151.<\/li>\n<li>\u00dajrat\u00f6lthet\u0151: lehet\u0151v\u00e9 teszi, hogy val\u00f3ban elhaszn\u00e1lja a k\u00e9sz\u00fcl\u00e9ket ahelyett, hogy t\u00fal kor\u00e1n eldobn\u00e1. H\u00e1l\u00f3s tekercs: Biztos\u00edtja az \u00e1lland\u00f3 \u00edzt az elej\u00e9t\u0151l a v\u00e9g\u00e9ig.<\/li>\n<\/ul>\n<h2 data-v-md-heading=\"why-choose-to-collaborate-with-agoravape\" data-v-md-line=\"50\">Mi\u00e9rt \u00e9rdemes az AgoraVape-pel egy\u00fcttm\u0171k\u00f6dni?<\/h2>\n<p data-v-md-line=\"52\">Az AgoraVape egy egyszer\u0171 elvet vall: Kiz\u00e1r\u00f3lag eredeti term\u00e9keket \u00e1rulunk. Ez k\u00fcl\u00f6n\u00f6sen fontos a nagy sz\u00e1j\u00fa vape-ek ter\u00fclet\u00e9n, ahol folyamatosan jelennek meg hamis\u00edtott term\u00e9kek. Ha \u00fcgyfeleknek v\u00e1s\u00e1rolsz, akkor megb\u00edzhat\u00f3 term\u00e9kekre van sz\u00fcks\u00e9ged.<\/p>\n<p data-v-md-line=\"54\">V\u00e1llalati v\u00e1s\u00e1rl\u00f3k sz\u00e1m\u00e1ra nagykereskedelmi lehet\u0151s\u00e9geket, gyors reag\u00e1l\u00e1s\u00fa technikai t\u00e1mogat\u00e1st \u00e9s z\u00f6kken\u0151mentes logisztikai kisz\u00e1ll\u00edt\u00e1st is k\u00edn\u00e1lunk, amely eg\u00e9sz Eur\u00f3p\u00e1t lefedi. Szeretne Saimeo Humo AZUL 24k 24000 mesh tekercses vape-eket v\u00e1s\u00e1rolni? K\u00e9rj\u00fck, vegye fel vel\u00fcnk a kapcsolatot, \u00e9s mi egyeztetj\u00fck a rendel\u00e9si mennyis\u00e9get \u00e9s a sz\u00e1ll\u00edt\u00e1si tervet.<\/p>","protected":false},"excerpt":{"rendered":"<p>Mi a Saimeo Humo AZUL 24k 24000 sz\u00e1jh\u00e1l\u00f3s porlaszt\u00f3 mag vape? Ha belef\u00e1radt\u00e1l az eldobhat\u00f3 p\u00e1rologtat\u00f3kba, amelyek<\/p>","protected":false},"featured_media":0,"comment_status":"open","ping_status":"closed","template":"","meta":[],"product_brand":[1663],"product_cat":[124,185,189,174,191,1666,179,173,186,180,190],"product_tag":[],"class_list":{"0":"post-21870","1":"product","2":"type-product","3":"status-publish","5":"product_brand-saimeo","6":"product_cat-vape-by-brand","7":"product_cat-10000-puffs-high-capacity","8":"product_cat-20mg-standard-nicotine-vapes","9":"product_cat-fruit-flavors","10":"product_cat-rechargeable-disposables","11":"product_cat-saimeo","12":"product_cat-unique-blends","13":"product_cat-vape-by-flavor-profile","14":"product_cat-vape-by-nicotine-strength","15":"product_cat-vape-by-puff-count","16":"product_cat-vape-by-feature-or-type","18":"first","19":"outofstock","20":"shipping-taxable","21":"purchasable","22":"product-type-variable","23":"has-default-attributes"},"tiered_pricing_type":"percentage","tiered_pricing_fixed_rules":[],"tiered_pricing_product_settings":{"layout":"default","base_unit_name":{"singular":null,"plural":null},"default_variation":null},"tiered_pricing_minimum_quantity":10,"tiered_pricing_roles_data":[],"tiered_pricing_percentage_rules":{"30":"29","50":"35","100":"40","200":"44","500":"47","1000":"49"},"tiered_pricing_maximum_quantity":null,"tiered_pricing_quantity_step":"10","_links":{"self":[{"href":"https:\/\/agoravape.com\/hu\/wp-json\/wp\/v2\/product\/21870","targetHints":{"allow":["GET"]}}],"collection":[{"href":"https:\/\/agoravape.com\/hu\/wp-json\/wp\/v2\/product"}],"about":[{"href":"https:\/\/agoravape.com\/hu\/wp-json\/wp\/v2\/types\/product"}],"replies":[{"embeddable":true,"href":"https:\/\/agoravape.com\/hu\/wp-json\/wp\/v2\/comments?post=21870"}],"version-history":[{"count":1,"href":"https:\/\/agoravape.com\/hu\/wp-json\/wp\/v2\/product\/21870\/revisions"}],"predecessor-version":[{"id":29865,"href":"https:\/\/agoravape.com\/hu\/wp-json\/wp\/v2\/product\/21870\/revisions\/29865"}],"wp:attachment":[{"href":"https:\/\/agoravape.com\/hu\/wp-json\/wp\/v2\/media?parent=21870"}],"wp:term":[{"taxonomy":"product_brand","embeddable":true,"href":"https:\/\/agoravape.com\/hu\/wp-json\/wp\/v2\/product_brand?post=21870"},{"taxonomy":"product_cat","embeddable":true,"href":"https:\/\/agoravape.com\/hu\/wp-json\/wp\/v2\/product_cat?post=21870"},{"taxonomy":"product_tag","embeddable":true,"href":"https:\/\/agoravape.com\/hu\/wp-json\/wp\/v2\/product_tag?post=21870"}],"curies":[{"name":"wp","href":"https:\/\/api.w.org\/{rel}","templated":true}]}}