{"id":21993,"date":"2026-01-18T22:45:15","date_gmt":"2026-01-18T14:45:15","guid":{"rendered":"https:\/\/agoravape.com\/?post_type=product&#038;p=21993"},"modified":"2026-03-26T13:22:25","modified_gmt":"2026-03-26T12:22:25","slug":"saimeo-humo-tok-iphone-16-pro-30000","status":"publish","type":"product","link":"https:\/\/agoravape.com\/hu\/product\/saimeo-humo-case-iphone-16-pro-30000\/","title":{"rendered":"Saimeo Humo tok iPhone 16 Pro k\u00e9sz\u00fcl\u00e9khez, 30 ezer 30000 puff | Nagy puffsz\u00e1m, egyszer\u0171 mindennapi haszn\u00e1lat"},"content":{"rendered":"<h2 data-v-md-heading=\"what-is-the-special-feature-of-saimeo-humo-case-iphone-16-pro-30k-30000-port\" data-v-md-line=\"3\"><img loading=\"lazy\" decoding=\"async\" class=\"size-full wp-image-22100 alignright\" src=\"https:\/\/agoravape.com\/wp-content\/uploads\/2026\/01\/Saimeo-Humo-Case-30k-30000-Puffs-iPhone-Series-Vape-Big-Puff-Convenience-in-a-Pocketable-Shape_Agora_vape-15.webp\" alt=\"\" width=\"446\" height=\"2048\" srcset=\"https:\/\/agoravape.com\/wp-content\/uploads\/2026\/01\/Saimeo-Humo-Case-30k-30000-Puffs-iPhone-Series-Vape-Big-Puff-Convenience-in-a-Pocketable-Shape_Agora_vape-15.webp 446w, https:\/\/agoravape.com\/wp-content\/uploads\/2026\/01\/Saimeo-Humo-Case-30k-30000-Puffs-iPhone-Series-Vape-Big-Puff-Convenience-in-a-Pocketable-Shape_Agora_vape-15-223x1024.webp 223w\" sizes=\"auto, (max-width: 446px) 100vw, 446px\" \/><\/h2>\n<h2 data-v-md-heading=\"what-is-the-special-feature-of-saimeo-humo-case-iphone-16-pro-30k-30000-port\" data-v-md-line=\"3\">Mi a Saimeo Humo tok iPhone 16 Pro 30k 30000 portj\u00e1nak k\u00fcl\u00f6nleges tulajdons\u00e1ga?<\/h2>\n<p data-v-md-line=\"5\">Ha eleged van az eldobhat\u00f3 vape-ekb\u0151l, amik els\u0151 haszn\u00e1latra \u00fagy \u00e9rz\u0151dnek, mintha \u201eelhaszn\u00e1l\u00f3dtak volna\u201d, akkor ezt a tart\u00f3s haszn\u00e1latra tervezett vape-et semmik\u00e9pp sem szabad kihagynod. A Saimeo Humo tok iPhone 16 Pro 30k-hoz ak\u00e1r 30 000 portos akkumul\u00e1tor-\u00fczemid\u0151t biztos\u00edt, ergonomikus kialak\u00edt\u00e1sa pedig k\u00e9nyelmes fog\u00e1st biztos\u00edt.<\/p>\n<p data-v-md-line=\"7\">Lehet, hogy \u00fagy \u00e9rzed, hogy a nagy teljes\u00edtm\u00e9ny\u0171 vape-ek olyanok, mint egy orm\u00f3tlan t\u00e9gla. De ez a vape a mobiltelefonokhoz hasonl\u00f3 kialak\u00edt\u00e1s\u00fa, term\u00e9szetes fog\u00e1s\u00fa \u00e9s k\u00f6nnyen elhelyezhet\u0151 zsebben vagy t\u00e1sk\u00e1ban, an\u00e9lk\u00fcl, hogy b\u00e1rmilyen teher lenne.<\/p>\n<h2 data-v-md-heading=\"excellent-performance-and-easy-operation\" data-v-md-line=\"9\">Kiv\u00e1l\u00f3 teljes\u00edtm\u00e9ny \u00e9s egyszer\u0171 kezelhet\u0151s\u00e9g<\/h2>\n<p data-v-md-line=\"11\">A Saimeo az \u201eegyszer\u0171s\u00e9g mindenekel\u0151tt\u201d koncepci\u00f3j\u00e1t k\u00f6veti: csak kortyoljon egyet, \u00e9s \u00e9lvezze. Bel\u00fcl egy h\u00e1l\u00f3s tekercs tal\u00e1lhat\u00f3, amely seg\u00edt meg\u0151rizni a stabil \u00edzt, \u00e9s elker\u00fclni az \u00edz hirtelen cs\u00f6kken\u00e9s\u00e9t egy-k\u00e9t nap ut\u00e1n. Amikor az akkumul\u00e1tor lemer\u00fclt, a Type-C csatlakoz\u00f3n kereszt\u00fcl is t\u00f6ltheti \u2013 ez a t\u00edpus\u00fa t\u00f6lt\u0151k\u00e1bel a legt\u00f6bb h\u00e1ztart\u00e1sban megtal\u00e1lhat\u00f3.<\/p>\n<h2 data-v-md-heading=\"quick-specifications\" data-v-md-line=\"13\">Gyors specifik\u00e1ci\u00f3k<\/h2>\n<ul data-v-md-line=\"14\">\n<li>Portok sz\u00e1ma: ak\u00e1r 30000 port<\/li>\n<li>e-folyad\u00e9k kapacit\u00e1sa: 13 milliliter<\/li>\n<li>Akkumul\u00e1tor: 680mAh (\u00fajrat\u00f6lthet\u0151)<\/li>\n<li>Nikotintartalom: 5%<\/li>\n<li>Haszn\u00e1lat: L\u00e9legezze be az aktiv\u00e1l\u00e1shoz<\/li>\n<li>T\u00f6lt\u0151fel\u00fclet: C t\u00edpus\u00fa csatlakoz\u00f3<\/li>\n<li>\u00c1llapot: Kicsomagol\u00e1s ut\u00e1n azonnal haszn\u00e1lhat\u00f3<\/li>\n<li>Berendez\u00e9s m\u00e9rete: 75,8 \u00d7 21,92 \u00d7 166,66 millim\u00e9ter<\/li>\n<li>Es\u00e9s\u00e1ll\u00f3 teljes\u00edtm\u00e9ny: 10 emeletes ejt\u00e9steszttel tesztelve<\/li>\n<\/ul>\n<h2 data-v-md-heading=\"complete-flavor-lineup\" data-v-md-line=\"24\">Teljes \u00edzv\u00e1laszt\u00e9k<\/h2>\n<ul data-v-md-line=\"25\">\n<li>G\u00f6r\u00f6gdinnye j\u00e9g<\/li>\n<li>\u00c1fony\u00e1s j\u00e9g<\/li>\n<li>Miami Mint<\/li>\n<li>Savany\u00fa almafagylalt<\/li>\n<li>H\u00e1rmas bogy\u00f3s gy\u00fcm\u00f6lcs<\/li>\n<\/ul>\n<h2 data-v-md-heading=\"tailored-for-you-and-your-business\" data-v-md-line=\"31\">\u00d6nre \u00e9s v\u00e1llalkoz\u00e1s\u00e1ra szabva<\/h2>\n<p data-v-md-line=\"33\">Szem\u00e9lyes haszn\u00e1lat eset\u00e9n a Saimeo Humo iPhone 16 Pro 30k telefontokot k\u00fcl\u00f6n is megv\u00e1s\u00e1rolhatod. Nagykereskedelmi v\u00e1s\u00e1rl\u00f3k\u00e9nt gy\u00f6ny\u00f6r\u0171en csomagolt nagykereskedelmi csomagol\u00e1st is k\u00edn\u00e1lunk: dobozonk\u00e9nt 5 darab, dobozonk\u00e9nt 100 darab.<\/p>\n<p data-v-md-line=\"35\">Eur\u00f3pai v\u00e1s\u00e1rl\u00f3ink \u200b\u200bsz\u00e1m\u00e1ra elk\u00f6telezettek vagyunk a z\u00f6kken\u0151mentes sz\u00e1ll\u00edt\u00e1si szolg\u00e1ltat\u00e1sok biztos\u00edt\u00e1sa ir\u00e1nt. Megb\u00edzhat\u00f3 partnerekkel, p\u00e9ld\u00e1ul a DHL-lel, a DPD-vel \u00e9s az UPS-szel dolgozunk egy\u00fctt, hogy megrendel\u00e9se gyorsan, megb\u00edzhat\u00f3an \u00e9s gondtalanul \u00e9rkezzen meg.<\/p>\n<h2 data-v-md-heading=\"reasons-why-you-will-like-it\" data-v-md-line=\"37\">Reasons why you will like it<\/h2>\n<ul data-v-md-line=\"38\">\n<li>Tart\u00f3s \u00e9s hossz\u00fa \u00e9lettartam\u00fa: Az akkumul\u00e1tor hosszabb \u00e9lettartammal rendelkezik, \u00e9s nem ig\u00e9nyel gyakori cser\u00e9t.<\/li>\n<li>\u00dajrat\u00f6lthet\u0151 akkumul\u00e1tor: lehet\u0151v\u00e9 teszi a megv\u00e1s\u00e1rolt e-liquid teljes kihaszn\u00e1l\u00e1s\u00e1t \u00e9s a korai pazarl\u00e1s elker\u00fcl\u00e9s\u00e9t.<\/li>\n<li>H\u00e1l\u00f3s porlaszt\u00f3mag: Az els\u0151 falatt\u00f3l kezdve gazdag \u00e9s l\u00e1gy \u00edzt biztos\u00edt.<\/li>\n<li>Bel\u00e9gz\u00e9ses aktiv\u00e1l\u00e1s: Nincs sz\u00fcks\u00e9g men\u00fcre, nincs bonyolult m\u0171velet \u2013 csak fogd \u00e9s haszn\u00e1ld.<\/li>\n<\/ul>\n<h2 data-v-md-heading=\"why-choose-to-collaborate-with-agoravape\" data-v-md-line=\"43\">Mi\u00e9rt \u00e9rdemes az AgoraVape-pel egy\u00fcttm\u0171k\u00f6dni?<\/h2>\n<p data-v-md-line=\"45\">Az AgoraVape kiz\u00e1r\u00f3lag 100%-ban eredeti term\u00e9keket k\u00edn\u00e1l \u2013 nincsenek ismeretlen forr\u00e1sb\u00f3l sz\u00e1rmaz\u00f3 k\u00e9szletek \u00e9s nincsenek sil\u00e1ny ut\u00e1nzatok. Ha \u00d6n kiskeresked\u0151 vagy forgalmaz\u00f3, hat\u00e9kony nagykereskedelmi megold\u00e1sokat, gyors reag\u00e1l\u00e1s\u00fa technikai t\u00e1mogat\u00e1st \u00e9s Saimeo Humo iPhone 16 Pro v\u00e9d\u0151tokot (30k kapacit\u00e1s, 30000 port) gyors \u00e9s megb\u00edzhat\u00f3 sz\u00e1ll\u00edt\u00e1si szolg\u00e1ltat\u00e1sokat k\u00edn\u00e1lunk \u00d6nnek Eur\u00f3p\u00e1n bel\u00fcl. Szeretne v\u00e1s\u00e1rolni? K\u00e9rj\u00fck, vegye fel vel\u00fcnk a kapcsolatot, \u00e9s mi megtal\u00e1ljuk az \u00d6n ig\u00e9nyeinek legink\u00e1bb megfelel\u0151 beszerz\u00e9si megold\u00e1st.<\/p>","protected":false},"excerpt":{"rendered":"<p>Mi a Saimeo Humo Case iPhone 16 Pro 30k 30000 port k\u00fcl\u00f6nleges tulajdons\u00e1ga? Ha m\u00e1r unod az eldobhat\u00f3<\/p>","protected":false},"featured_media":22103,"comment_status":"open","ping_status":"closed","template":"","meta":[],"product_brand":[1663],"product_cat":[124,185,189,1637,174,191,1666,179,173,186,180,190],"product_tag":[],"class_list":{"0":"post-21993","1":"product","2":"type-product","3":"status-publish","4":"has-post-thumbnail","6":"product_brand-saimeo","7":"product_cat-vape-by-brand","8":"product_cat-10000-puffs-high-capacity","9":"product_cat-20mg-standard-nicotine-vapes","10":"product_cat-30000-puffs","11":"product_cat-fruit-flavors","12":"product_cat-rechargeable-disposables","13":"product_cat-saimeo","14":"product_cat-unique-blends","15":"product_cat-vape-by-flavor-profile","16":"product_cat-vape-by-nicotine-strength","17":"product_cat-vape-by-puff-count","18":"product_cat-vape-by-feature-or-type","20":"first","21":"instock","22":"shipping-taxable","23":"purchasable","24":"product-type-variable","25":"has-default-attributes"},"tiered_pricing_type":"percentage","tiered_pricing_fixed_rules":[],"tiered_pricing_product_settings":{"layout":"default","base_unit_name":{"singular":null,"plural":null},"default_variation":null},"tiered_pricing_minimum_quantity":10,"tiered_pricing_roles_data":[],"tiered_pricing_percentage_rules":{"30":"29","50":"35","100":"40","200":"44","500":"47","1000":"49"},"tiered_pricing_maximum_quantity":null,"tiered_pricing_quantity_step":"10","_links":{"self":[{"href":"https:\/\/agoravape.com\/hu\/wp-json\/wp\/v2\/product\/21993","targetHints":{"allow":["GET"]}}],"collection":[{"href":"https:\/\/agoravape.com\/hu\/wp-json\/wp\/v2\/product"}],"about":[{"href":"https:\/\/agoravape.com\/hu\/wp-json\/wp\/v2\/types\/product"}],"replies":[{"embeddable":true,"href":"https:\/\/agoravape.com\/hu\/wp-json\/wp\/v2\/comments?post=21993"}],"version-history":[{"count":0,"href":"https:\/\/agoravape.com\/hu\/wp-json\/wp\/v2\/product\/21993\/revisions"}],"wp:featuredmedia":[{"embeddable":true,"href":"https:\/\/agoravape.com\/hu\/wp-json\/wp\/v2\/media\/22103"}],"wp:attachment":[{"href":"https:\/\/agoravape.com\/hu\/wp-json\/wp\/v2\/media?parent=21993"}],"wp:term":[{"taxonomy":"product_brand","embeddable":true,"href":"https:\/\/agoravape.com\/hu\/wp-json\/wp\/v2\/product_brand?post=21993"},{"taxonomy":"product_cat","embeddable":true,"href":"https:\/\/agoravape.com\/hu\/wp-json\/wp\/v2\/product_cat?post=21993"},{"taxonomy":"product_tag","embeddable":true,"href":"https:\/\/agoravape.com\/hu\/wp-json\/wp\/v2\/product_tag?post=21993"}],"curies":[{"name":"wp","href":"https:\/\/api.w.org\/{rel}","templated":true}]}}