{"id":23780,"date":"2026-01-25T14:06:41","date_gmt":"2026-01-25T06:06:41","guid":{"rendered":"https:\/\/agoravape.com\/?post_type=product&#038;p=23780"},"modified":"2026-03-26T13:22:25","modified_gmt":"2026-03-26T12:22:25","slug":"saimeo-humo-tok-iphone-16-30000-puffok","status":"publish","type":"product","link":"https:\/\/agoravape.com\/hu\/product\/saimeo-humo-case-iphone-16-30000-puffs\/","title":{"rendered":"Saimeo Humo tok iPhone 16 30k (30000 slukkos) Vape | Nagy slukkosz\u00e1m, zsebbar\u00e1t forma"},"content":{"rendered":"<h2 data-v-md-heading=\"what-is-the-special-feature-of-saimeo-humo-case-iphone-16-30k-30000-pack-vape\" data-v-md-line=\"3\">Mi a Saimeo Humo Case iPhone 16 30k 30000 csomag vape k\u00fcl\u00f6nlegess\u00e9ge?<\/h2>\n<p data-v-md-line=\"5\">Ha m\u00e1r unod az eldobhat\u00f3 vapeket, amelyeknek nincs cigarett\u00e1juk, amikor el\u0151sz\u00f6r kezded \u00e9lvezni \u0151ket, akkor ez a term\u00e9k biztosan az ide\u00e1lis v\u00e1laszt\u00e1s. A Saimeo Humo Case iPhone 16 30k hossz\u00fa t\u00e1v\u00fa haszn\u00e1latra k\u00e9sz\u00fclt, ak\u00e1r 30000 portos akkumul\u00e1tor-\u00e9lettartammal \u00e9s \u00fajrat\u00f6lthet\u0151 akkumul\u00e1torral felszerelve, \u00edgy igaz\u00e1n megtapasztalhatja a marad\u00e9k e-folyad\u00e9k mennyis\u00e9g\u00e9t.<\/p>\n<p data-v-md-line=\"7\">Azt gondolhatod, hogy egy ilyen hossz\u00fa akkumul\u00e1toros vape olyan terjedelmes lenne, mint egy t\u00e9gla, de a megjelen\u00e9se olyan, mint egy v\u00e9kony \u2018telefontok\u2019. Minden olyan felhaszn\u00e1l\u00f3 sz\u00e1m\u00e1ra, aki egy megb\u00edzhat\u00f3, hordozhat\u00f3 \u00e9s k\u00f6nnyen kezelhet\u0151 vape-t szeretne, ez egy egyszer\u0171 \u00e9s felhaszn\u00e1l\u00f3bar\u00e1t v\u00e1laszt\u00e1s.<\/p>\n<h2 data-v-md-heading=\"excellent-performance-and-easy-operation\" data-v-md-line=\"9\">Kiv\u00e1l\u00f3 teljes\u00edtm\u00e9ny \u00e9s egyszer\u0171 kezelhet\u0151s\u00e9g<\/h2>\n<p data-v-md-line=\"11\">A Saimeo tervez\u00e9si filoz\u00f3fi\u00e1ja nagyon egyszer\u0171: az aktiv\u00e1l\u00e1shoz egyszer\u0171en bel\u00e9legezz\u00fck. Ha az akkumul\u00e1tor lemer\u00fclt, a Type-C interf\u00e9szen kereszt\u00fcl t\u00f6lthet\u0151, ami azt jelenti, hogy ugyanazt a t\u00f6lt\u0151k\u00e1belt haszn\u00e1lhatja, amely m\u00e1r esetleg otthon is rendelkez\u00e9sre \u00e1ll.<\/p>\n<p data-v-md-line=\"13\">Es\u00e9sv\u00e9delmi funkci\u00f3val is rendelkezik (10 emeletig tart\u00f3 zuhan\u00e1s ellen tesztelve). Az \u00e9let elker\u00fclhetetlen\u00fcl tal\u00e1lkozik v\u00e1ratlan helyzetekkel, \u00e9s ezt a term\u00e9ket egy\u00e9rtelm\u0171en ezt szem el\u0151tt tartva tervezt\u00e9k.<\/p>\n<h2 data-v-md-heading=\"quick-specifications\" data-v-md-line=\"15\">Gyors specifik\u00e1ci\u00f3k<\/h2>\n<ul data-v-md-line=\"16\">\n<li>Doh\u00e1nyz\u00e1si gyakoris\u00e1g: ak\u00e1r 30 000 slukk<\/li>\n<li>e-folyad\u00e9k kapacit\u00e1sa: 13 milliliter<\/li>\n<li>Akkumul\u00e1tor kapacit\u00e1s: 680mAh (\u00fajrat\u00f6lthet\u0151)<\/li>\n<li>Nikotintartalom: 5%<\/li>\n<li>Haszn\u00e1lat: L\u00e9legezze be az aktiv\u00e1l\u00e1shoz<\/li>\n<li>T\u00f6lt\u0151csatlakoz\u00f3: C t\u00edpus\u00fa<\/li>\n<li>M\u00e9ret: 75,8 \u00d7 21,92 \u00d7 166,66 millim\u00e9ter<\/li>\n<li>\u00c1llapot: Kicsomagol\u00e1s ut\u00e1n azonnal haszn\u00e1lhat\u00f3<\/li>\n<\/ul>\n<h2 data-v-md-heading=\"complete-flavor-lineup\" data-v-md-line=\"25\">Teljes \u00edzv\u00e1laszt\u00e9k<\/h2>\n<ul data-v-md-line=\"26\">\n<li>G\u00f6r\u00f6gdinnye j\u00e9g<\/li>\n<li>\u00c1fony\u00e1s j\u00e9g<\/li>\n<li>Miami Mint<\/li>\n<li>Savany\u00fa almafagylalt<\/li>\n<li>H\u00e1rmas bogy\u00f3<\/li>\n<\/ul>\n<h2 data-v-md-heading=\"tailored-for-you-and-your-business\" data-v-md-line=\"32\">\u00d6nre \u00e9s v\u00e1llalkoz\u00e1s\u00e1ra szabva<\/h2>\n<p data-v-md-line=\"34\">A Saimeo Humo iPhone 16 tokot egys\u00e9genk\u00e9nt 30000 j\u00fcan\u00e9rt v\u00e1s\u00e1rolhatja meg, de ha kiskereskedelmi, akkor a csomagol\u00e1s nagykereskedelemre is alkalmas. Dobozonk\u00e9nt 5 darab, dobozonk\u00e9nt 100 darab.<\/p>\n<p data-v-md-line=\"36\">Megb\u00edzhat\u00f3 logisztikai partnerekkel dolgozunk egy\u00fctt, hogy z\u00f6kken\u0151mentes k\u00e9zbes\u00edt\u00e9si szolg\u00e1ltat\u00e1sokat ny\u00fajtsunk eur\u00f3pai \u00fcgyfeleinknek, megszabad\u00edtva \u00d6nt a \u201chol van a csomagom?\" probl\u00e9m\u00e1j\u00e1t\u00f3l. Mi\u00e9rt kell v\u00e1mkezelni. Ha \u00d6n v\u00e1llalati \u00fcgyf\u00e9l, a p\u00e9nzt\u00e1rn\u00e1l vagy \u00e9rt\u00e9kes\u00edt\u00e9si csapatunkon kereszt\u00fcl meger\u0151s\u00edtj\u00fck az \u00d6n orsz\u00e1g\u00e1nak\/r\u00e9gi\u00f3j\u00e1nak legmegfelel\u0151bb sz\u00e1ll\u00edt\u00e1si megold\u00e1st.<\/p>\n<h2 data-v-md-heading=\"reasons-why-you-will-like-it\" data-v-md-line=\"38\">Reasons why you will like it<\/h2>\n<ul data-v-md-line=\"39\">\n<li>Tart\u00f3s \u00e9s hossz\u00fa \u00e9lettartam\u00fa: Cs\u00f6kkentse a cser\u00e9k sz\u00e1m\u00e1t, minimaliz\u00e1lja a probl\u00e9m\u00e1kat, \u00e9s minden nap stabilabb \u00e9lm\u00e9nyt biztos\u00edt.<\/li>\n<li>\u00dajrat\u00f6lthet\u0151 akkumul\u00e1tor: Seg\u00edt az e-folyad\u00e9k teljes kihaszn\u00e1l\u00e1s\u00e1ban \u00e9s az id\u0151 el\u0151tti \u00e1rtalmatlan\u00edt\u00e1s elker\u00fcl\u00e9s\u00e9ben.<\/li>\n<li>Egyszer\u0171 sz\u00edv\u00e1s\u00e1ll\u00f3s\u00e1g: Nem kell gombokat haszn\u00e1lni, nem kell megtanulni, k\u00f6nnyen haszn\u00e1lhat\u00f3.<\/li>\n<li>Es\u00e9sg\u00e1tl\u00f3 kialak\u00edt\u00e1s: \u00cdgy b\u00e1rmikor \u00e9s b\u00e1rhol k\u00e9nyelmesen haszn\u00e1lhatja.<\/li>\n<\/ul>\n<h2 data-v-md-heading=\"why-choose-to-collaborate-with-agoravape\" data-v-md-line=\"44\">Mi\u00e9rt \u00e9rdemes az AgoraVape-pel egy\u00fcttm\u0171k\u00f6dni?<\/h2>\n<p data-v-md-line=\"46\">Az AgoraVape ragaszkodik ahhoz, hogy az 100% val\u00f3di, valamint vil\u00e1gos \u00e9s \u00e1tl\u00e1that\u00f3 beszerz\u00e9si folyamatot biztos\u00edtson megfelel\u0151 t\u00e1mogat\u00e1ssal. Ha \u00d6n v\u00e1llalati \u00fcgyf\u00e9l, rendk\u00edv\u00fcl versenyk\u00e9pes nagykereskedelmi megold\u00e1sokat, megb\u00edzhat\u00f3 kommunik\u00e1ci\u00f3s csatorn\u00e1kat \u00e9s a gyorsas\u00e1got \u00e9s kisz\u00e1m\u00edthat\u00f3s\u00e1got \u00e9rt\u00e9kel\u0151 eur\u00f3pai v\u00e1s\u00e1rl\u00f3kra szabott logisztikai szolg\u00e1ltat\u00e1sokat biztos\u00edtunk \u00d6nnek. Szeretn\u00e9 megv\u00e1s\u00e1rolni a Saimeo Humo iPhone 16 tokot (30k)? K\u00e9rj\u00fck, vegye fel vel\u00fcnk a kapcsolatot, \u00e9s mi gondoskodunk a megfelel\u0151 mennyis\u00e9gr\u0151l \u00e9s sz\u00e1ll\u00edt\u00e1si tervr\u0151l az \u00d6n sz\u00e1m\u00e1ra.<\/p>","protected":false},"excerpt":{"rendered":"<p>Mi a Saimeo Humo Case iPhone 16 30k 30000 csomag vape k\u00fcl\u00f6nlegess\u00e9ge? Ha m\u00e1r unod az eldobhat\u00f3<\/p>","protected":false},"featured_media":22104,"comment_status":"open","ping_status":"closed","template":"","meta":[],"product_brand":[1663],"product_cat":[124,185,189,1637,174,191,1666,179,173,186,180,190],"product_tag":[],"class_list":{"0":"post-23780","1":"product","2":"type-product","3":"status-publish","4":"has-post-thumbnail","6":"product_brand-saimeo","7":"product_cat-vape-by-brand","8":"product_cat-10000-puffs-high-capacity","9":"product_cat-20mg-standard-nicotine-vapes","10":"product_cat-30000-puffs","11":"product_cat-fruit-flavors","12":"product_cat-rechargeable-disposables","13":"product_cat-saimeo","14":"product_cat-unique-blends","15":"product_cat-vape-by-flavor-profile","16":"product_cat-vape-by-nicotine-strength","17":"product_cat-vape-by-puff-count","18":"product_cat-vape-by-feature-or-type","20":"first","21":"instock","22":"shipping-taxable","23":"purchasable","24":"product-type-variable","25":"has-default-attributes"},"tiered_pricing_type":"percentage","tiered_pricing_fixed_rules":[],"tiered_pricing_product_settings":{"layout":"default","base_unit_name":{"singular":null,"plural":null},"default_variation":null},"tiered_pricing_minimum_quantity":10,"tiered_pricing_roles_data":[],"tiered_pricing_percentage_rules":{"30":"29","50":"35","100":"40","200":"44","500":"47","1000":"49"},"tiered_pricing_maximum_quantity":null,"tiered_pricing_quantity_step":"10","_links":{"self":[{"href":"https:\/\/agoravape.com\/hu\/wp-json\/wp\/v2\/product\/23780","targetHints":{"allow":["GET"]}}],"collection":[{"href":"https:\/\/agoravape.com\/hu\/wp-json\/wp\/v2\/product"}],"about":[{"href":"https:\/\/agoravape.com\/hu\/wp-json\/wp\/v2\/types\/product"}],"replies":[{"embeddable":true,"href":"https:\/\/agoravape.com\/hu\/wp-json\/wp\/v2\/comments?post=23780"}],"version-history":[{"count":0,"href":"https:\/\/agoravape.com\/hu\/wp-json\/wp\/v2\/product\/23780\/revisions"}],"wp:featuredmedia":[{"embeddable":true,"href":"https:\/\/agoravape.com\/hu\/wp-json\/wp\/v2\/media\/22104"}],"wp:attachment":[{"href":"https:\/\/agoravape.com\/hu\/wp-json\/wp\/v2\/media?parent=23780"}],"wp:term":[{"taxonomy":"product_brand","embeddable":true,"href":"https:\/\/agoravape.com\/hu\/wp-json\/wp\/v2\/product_brand?post=23780"},{"taxonomy":"product_cat","embeddable":true,"href":"https:\/\/agoravape.com\/hu\/wp-json\/wp\/v2\/product_cat?post=23780"},{"taxonomy":"product_tag","embeddable":true,"href":"https:\/\/agoravape.com\/hu\/wp-json\/wp\/v2\/product_tag?post=23780"}],"curies":[{"name":"wp","href":"https:\/\/api.w.org\/{rel}","templated":true}]}}