{"id":23813,"date":"2026-01-25T14:23:09","date_gmt":"2026-01-25T06:23:09","guid":{"rendered":"https:\/\/agoravape.com\/?post_type=product&#038;p=23813"},"modified":"2026-03-21T12:43:57","modified_gmt":"2026-03-21T11:43:57","slug":"saimeo-humo-tok-iphone-15-30000-puffok","status":"publish","type":"product","link":"https:\/\/agoravape.com\/hu\/product\/saimeo-humo-case-iphone-15-30000-puffs\/","title":{"rendered":"Saimeo Humo tok iPhone 15 30k 30000 Puffs Vape | Big Puff Life, telefon st\u00edlus\u00fa markolat"},"content":{"rendered":"<h2 data-v-md-heading=\"what-is-the-special-feature-of-saimeo-humo-case-iphone-15-30k-30000-pack-vape\" data-v-md-line=\"3\">Mi a Saimeo Humo tok iPhone 15 30k 30000-es vape csomag k\u00fcl\u00f6nleges tulajdons\u00e1ga?<\/h2>\n<p data-v-md-line=\"5\">Ha eleged van az eldobhat\u00f3 vape-ekb\u0151l, amik az elej\u00e9n lemer\u00fclnek, akkor ez a term\u00e9k mindenk\u00e9ppen \u00e9rdemes megfontolnod. A Saimeo Humo tok iPhone 15-h\u00f6z hossz\u00fa t\u00e1v\u00fa haszn\u00e1latra k\u00e9sz\u00fclt (ak\u00e1r 30000 darabig), telefontokokra eml\u00e9keztet\u0151 kialak\u00edt\u00e1ssal, amely k\u00e9nyelmes fog\u00e1st biztos\u00edt, \u00e9s k\u00f6nnyen elf\u00e9r zsebben vagy t\u00e1sk\u00e1ban.<\/p>\n<p data-v-md-line=\"7\">Lehet, hogy \u00fagy \u00e9rzed, hogy egy \u201e30k\u201d felirat\u00fa term\u00e9k olyan neh\u00e9z, mint egy t\u00e9gla a kezedben. De ez nem \u00edgy van. Karcs\u00fa \u00e9s eleg\u00e1ns, \u00f6sszess\u00e9g\u00e9ben \u201eiPhone tok\u201d kialak\u00edt\u00e1ssal, amely kiv\u00e9telesen k\u00f6nny\u0171v\u00e9 teszi a mindennapi haszn\u00e1latot.<\/p>\n<h2 data-v-md-heading=\"excellent-performance-and-easy-operation\" data-v-md-line=\"9\">Kiv\u00e1l\u00f3 teljes\u00edtm\u00e9ny \u00e9s egyszer\u0171 kezelhet\u0151s\u00e9g<\/h2>\n<p data-v-md-line=\"11\">A Saimeo tervez\u00e9si filoz\u00f3fi\u00e1ja nagyon t\u00f6m\u00f6r. Egyszer\u0171en l\u00e9legezzen be az aktiv\u00e1l\u00e1shoz, gombok vagy neh\u00e9zkes m\u0171veletek n\u00e9lk\u00fcl. Be\u00e9p\u00edtett, \u00fajrat\u00f6lthet\u0151 680 mAh-s akkumul\u00e1torral rendelkezik, \u00e9s t\u00e1mogatja a Type-C t\u00f6lt\u00e9st, \u00edgy amikor az akkumul\u00e1tor t\u00f6lt\u00f6tts\u00e9ge alacsony, a leggyakrabban haszn\u00e1lt t\u00f6lt\u0151k\u00e1beleket haszn\u00e1lhatja a t\u00f6lt\u00e9shez. Ez a k\u00fcl\u00f6nbs\u00e9g az eldobhat\u00f3 \u00e9s a teljesen haszn\u00e1lt vape-ek k\u00f6z\u00f6tt.<\/p>\n<h2 data-v-md-heading=\"quick-specifications\" data-v-md-line=\"13\">Gyors specifik\u00e1ci\u00f3k<\/h2>\n<ul data-v-md-line=\"14\">\n<li>Portok sz\u00e1ma: ak\u00e1r 30000 port<\/li>\n<li>e-folyad\u00e9k kapacit\u00e1sa: 13 milliliter<\/li>\n<li>Akkumul\u00e1tor: 680mAh (\u00fajrat\u00f6lthet\u0151)<\/li>\n<li>Nikotintartalom: 2% vagy 5% (\u00edzl\u00e9st\u0151l f\u00fcgg\u0151en)<\/li>\n<li>Haszn\u00e1lat: Bel\u00e9gz\u00e9ses aktiv\u00e1l\u00e1s<\/li>\n<li>T\u00f6lt\u0151csatlakoz\u00f3: C t\u00edpus\u00fa<\/li>\n<li>Es\u00e9s\u00e1ll\u00f3 teljes\u00edtm\u00e9ny: Tesztelve, 10 emelet magasb\u00f3l t\u00f6rt\u00e9n\u0151 es\u00e9st is kib\u00edr<\/li>\n<li>M\u00e9ret: 75,8 \u00d7 21,92 \u00d7 166,66 millim\u00e9ter<\/li>\n<li>\u00c1llapot: Kicsomagol\u00e1s ut\u00e1n haszn\u00e1latra k\u00e9sz<\/li>\n<li>Kompatibilis a k\u00f6vetkez\u0151 k\u00e9sz\u00fcl\u00e9kekkel: iPhone 13 m\u00e9ret; iPhone 12 \u00e9s 12 Pro; iPhone 14;<\/li>\n<\/ul>\n<h2 data-v-md-heading=\"complete-flavor-lineup\" data-v-md-line=\"24\">Teljes \u00edzv\u00e1laszt\u00e9k<\/h2>\n<ul data-v-md-line=\"25\">\n<li>H\u00f6lgygyilkos (2%)<\/li>\n<li>Hawaii (2%)<\/li>\n<li>Maracuja \u00e9s kivi (2%)<\/li>\n<li>Szerelem 66 (2%)<\/li>\n<li>\u00c1fonya \u00e9s citrom (2%)<\/li>\n<li>G\u00f6r\u00f6gdinnye j\u00e9g (5%)<\/li>\n<li>\u00c1fony\u00e1s j\u00e9g (5%)<\/li>\n<li>Miami Mint (5%)<\/li>\n<li>Savany\u00fa almafagylalt (5%)<\/li>\n<li>H\u00e1romszoros bogy\u00f3s gy\u00fcm\u00f6lcs (5%)<\/li>\n<\/ul>\n<h2 data-v-md-heading=\"tailored-for-you-and-your-business\" data-v-md-line=\"36\">\u00d6nre \u00e9s v\u00e1llalkoz\u00e1s\u00e1ra szabva<\/h2>\n<p data-v-md-line=\"38\">A Saimeo Humo tok iPhone 15 30k egy egyszer\u0171 \u00e9s k\u00f6nnyen haszn\u00e1lhat\u00f3 eldobhat\u00f3 vape, amely szem\u00e9lyes haszn\u00e1latra alkalmas. Ak\u00e1r fizikai, ak\u00e1r online \u00e1ruh\u00e1zakban v\u00e1s\u00e1rolod, a nagy t\u00e9telben t\u00f6rt\u00e9n\u0151 v\u00e1s\u00e1rl\u00e1s is k\u00e9nyelmes. A csomagol\u00e1si specifik\u00e1ci\u00f3k 5 darab\/doboz \u00e9s 100 darab\/doboz.<\/p>\n<p data-v-md-line=\"40\">Azt is tudjuk, hogy az \u00edz mellett m\u00e1s szempontok is ugyanolyan fontosak. Ez\u00e9rt az AgoraVape elk\u00f6telezett a k\u00e9nyelmes eur\u00f3pai sz\u00e1ll\u00edt\u00e1si szolg\u00e1ltat\u00e1sok biztos\u00edt\u00e1sa \u00e9s a megb\u00edzhat\u00f3 fut\u00e1rpartnerekkel, p\u00e9ld\u00e1ul a UPS-szel, a DPD-vel \u00e9s a DHL-lel val\u00f3 egy\u00fcttm\u0171k\u00f6d\u00e9s mellett, hogy biztos\u00edtsa a v\u00e1mkezel\u00e9si probl\u00e9m\u00e1kt\u00f3l val\u00f3 mentess\u00e9get \u00e9s a kisz\u00e1m\u00edthat\u00f3 sz\u00e1ll\u00edt\u00e1si szolg\u00e1ltat\u00e1sokat.<\/p>\n<h2 data-v-md-heading=\"reasons-why-you-will-like-it\" data-v-md-line=\"42\">Reasons why you will like it<\/h2>\n<ul data-v-md-line=\"43\">\n<li>Ultra hossz\u00fa akkumul\u00e1tor-\u00fczemid\u0151: Hosszabb \u00fczemid\u0151, nem kell gyakran cser\u00e9lni az eszk\u00f6z\u00f6ket.<\/li>\n<li>K\u00e9t nikotinkoncentr\u00e1ci\u00f3s lehet\u0151s\u00e9g: 2%-os nikotinkoncentr\u00e1ci\u00f3, a k\u00f6nnyed \u00edzt kedvel\u0151k sz\u00e1m\u00e1ra alkalmas;<\/li>\n<li>5%-os nikotinkoncentr\u00e1ci\u00f3, amely alkalmas a gazdagabb \u00edzeket kedvel\u0151k sz\u00e1m\u00e1ra (jobb \u00edzzel).<\/li>\n<li>\u00dajrat\u00f6lthet\u0151: Gy\u0151z\u0151dj\u00f6n meg r\u00f3la, hogy val\u00f3ban el tudja haszn\u00e1lni a megv\u00e1s\u00e1rolt e-folyad\u00e9kot.<\/li>\n<li>Telefontok kialak\u00edt\u00e1sa: K\u00e9nyelmes fog\u00e1s, nem cs\u00faszik le k\u00f6nnyen.<\/li>\n<li>Ejt\u0151teszt: Tart\u00f3sabb, m\u00e9g v\u00e9letlen leejt\u00e9s eset\u00e9n sem kell agg\u00f3dni.<\/li>\n<\/ul>\n<h2 data-v-md-heading=\"why-choose-agoravape\" data-v-md-line=\"50\">Mi\u00e9rt v\u00e1lassza az AgoraVape-et?<\/h2>\n<p data-v-md-line=\"52\">Az AgoraVape egyetlen alapelvet vall: soha ne haszn\u00e1ljon sil\u00e1ny term\u00e9keket, soha ne csemp\u00e9sszen ismeretlen ell\u00e1t\u00e1si l\u00e1ncokat. 100%-os eredeti term\u00e9kgaranci\u00e1t, kedvezm\u00e9nyes \u00e1rakat \u00e9s professzion\u00e1lis t\u00e1mogat\u00e1st k\u00edn\u00e1lunk, k\u00fcl\u00f6n\u00f6sen alkalmas v\u00e1llalati beszerz\u00e9sekhez. Ha szeretn\u00e9 megv\u00e1s\u00e1rolni a Saimeo Humo tokot, iPhone 15 30k 30000 Puffs Vape-et, k\u00e9rj\u00fck, vegye fel vel\u00fcnk a kapcsolatot, \u00e9s seg\u00edt\u00fcnk kiv\u00e1lasztani az \u00fcgyfelei sz\u00e1m\u00e1ra megfelel\u0151 \u00edz- \u00e9s nikotinkoncentr\u00e1ci\u00f3-kombin\u00e1ci\u00f3t.<\/p>","protected":false},"excerpt":{"rendered":"<p>Mi a Saimeo Humo Case iPhone 15 30k 30000 csomag vape k\u00fcl\u00f6nlegess\u00e9ge? Ha m\u00e1r unod az eldobhat\u00f3<\/p>","protected":false},"featured_media":22096,"comment_status":"open","ping_status":"closed","template":"","meta":[],"product_brand":[1663],"product_cat":[124,185,189,1637,174,191,1666,179,173,186,180,190],"product_tag":[],"class_list":{"0":"post-23813","1":"product","2":"type-product","3":"status-publish","4":"has-post-thumbnail","6":"product_brand-saimeo","7":"product_cat-vape-by-brand","8":"product_cat-10000-puffs-high-capacity","9":"product_cat-20mg-standard-nicotine-vapes","10":"product_cat-30000-puffs","11":"product_cat-fruit-flavors","12":"product_cat-rechargeable-disposables","13":"product_cat-saimeo","14":"product_cat-unique-blends","15":"product_cat-vape-by-flavor-profile","16":"product_cat-vape-by-nicotine-strength","17":"product_cat-vape-by-puff-count","18":"product_cat-vape-by-feature-or-type","20":"first","21":"instock","22":"shipping-taxable","23":"purchasable","24":"product-type-variable","25":"has-default-attributes"},"tiered_pricing_type":"percentage","tiered_pricing_fixed_rules":[],"tiered_pricing_product_settings":{"layout":"default","base_unit_name":{"singular":null,"plural":null},"default_variation":null},"tiered_pricing_minimum_quantity":10,"tiered_pricing_roles_data":[],"tiered_pricing_percentage_rules":{"30":"29","50":"35","100":"40","200":"44","500":"47","1000":"49"},"tiered_pricing_maximum_quantity":null,"tiered_pricing_quantity_step":"10","_links":{"self":[{"href":"https:\/\/agoravape.com\/hu\/wp-json\/wp\/v2\/product\/23813","targetHints":{"allow":["GET"]}}],"collection":[{"href":"https:\/\/agoravape.com\/hu\/wp-json\/wp\/v2\/product"}],"about":[{"href":"https:\/\/agoravape.com\/hu\/wp-json\/wp\/v2\/types\/product"}],"replies":[{"embeddable":true,"href":"https:\/\/agoravape.com\/hu\/wp-json\/wp\/v2\/comments?post=23813"}],"version-history":[{"count":0,"href":"https:\/\/agoravape.com\/hu\/wp-json\/wp\/v2\/product\/23813\/revisions"}],"wp:featuredmedia":[{"embeddable":true,"href":"https:\/\/agoravape.com\/hu\/wp-json\/wp\/v2\/media\/22096"}],"wp:attachment":[{"href":"https:\/\/agoravape.com\/hu\/wp-json\/wp\/v2\/media?parent=23813"}],"wp:term":[{"taxonomy":"product_brand","embeddable":true,"href":"https:\/\/agoravape.com\/hu\/wp-json\/wp\/v2\/product_brand?post=23813"},{"taxonomy":"product_cat","embeddable":true,"href":"https:\/\/agoravape.com\/hu\/wp-json\/wp\/v2\/product_cat?post=23813"},{"taxonomy":"product_tag","embeddable":true,"href":"https:\/\/agoravape.com\/hu\/wp-json\/wp\/v2\/product_tag?post=23813"}],"curies":[{"name":"wp","href":"https:\/\/api.w.org\/{rel}","templated":true}]}}