{"id":23827,"date":"2026-01-25T14:39:14","date_gmt":"2026-01-25T06:39:14","guid":{"rendered":"https:\/\/agoravape.com\/?post_type=product&#038;p=23827"},"modified":"2026-03-26T13:22:25","modified_gmt":"2026-03-26T12:22:25","slug":"saimeo-humo-tok-iphone-15-pro-30000","status":"publish","type":"product","link":"https:\/\/agoravape.com\/hu\/product\/saimeo-humo-case-iphone-15-pro-30000\/","title":{"rendered":"Saimeo Humo tok iPhone 15 Pro k\u00e9sz\u00fcl\u00e9khez, 30 ezer slukkos (30 000 slukkos) | A telefontokod, plusz egy gondtalan vape"},"content":{"rendered":"<h2 data-v-md-heading=\"what-s-special-about-the-saimeo-humo-iphone-15-pro-30k-30000-port-phone-case\" data-v-md-line=\"3\">Mi a k\u00fcl\u00f6nleges a Saimeo Humo iPhone 15 Pro 30k 30000 portos telefontokban?<\/h2>\n<p data-v-md-line=\"5\">Ha eleged van abb\u00f3l, hogy az egyik zsebedben a vape-eket, a m\u00e1sikban pedig a telefonod van, a Saimeo Humo telefontok k\u00f6nnyed\u00e9n megoldhatja ezt a probl\u00e9m\u00e1t. Ez egy professzion\u00e1lis iPhone tok be\u00e9p\u00edtett vape-ekkel, \u00edgy egyszer\u0171en a telefonod el\u0151v\u00e9tel\u00e9vel haszn\u00e1lhatod.<\/p>\n<p data-v-md-line=\"7\">Lehet, hogy \u00fagy \u00e9rzed, hogy ez a term\u00e9k orm\u00f3tlan vagy hivalkod\u00f3, de a tervez\u00e9si filoz\u00f3fi\u00e1ja az, hogy ugyanolyan praktikus legyen, mint a h\u00e9tk\u00f6znapi hordhat\u00f3 t\u00e1rgyak. M\u00e1s sz\u00f3val, azoknak val\u00f3, akik k\u00e9nyelmes hordozhat\u00f3s\u00e1got, j\u00f3 \u00edzl\u00e9st szeretn\u00e9nek, \u00e9s nem akarj\u00e1k a zsebeiket k\u00fcl\u00f6nf\u00e9le fi\u00f3kokk\u00e1 v\u00e1ltoztatni.<\/p>\n<h2 data-v-md-heading=\"excellent-performance-and-easy-operation\" data-v-md-line=\"9\">Kiv\u00e1l\u00f3 teljes\u00edtm\u00e9ny \u00e9s egyszer\u0171 kezelhet\u0151s\u00e9g<\/h2>\n<p data-v-md-line=\"11\">A Saimeo ezt az e-cigarett\u00e1t egy \u00fajrat\u00f6lthet\u0151 680 mAh-s akkumul\u00e1torral \u00e9s C t\u00edpus\u00fa t\u00f6lt\u0151porttal szerelte fel, \u00edgy amikor az akkumul\u00e1tor lemer\u00fcl\u0151ben van, ugyanazt a t\u00f6lt\u0151k\u00e1belt haszn\u00e1lhatod a t\u00f6lt\u00e9shez, mint a legt\u00f6bb modern eszk\u00f6z. Egyszer\u0171 \u00e9s k\u00e9nyelmes. 13 ml-es e-folyad\u00e9k kapacit\u00e1ssal rendelkezik, \u00e9s sz\u00edv\u00f3aktiv\u00e1l\u00e1ssal tervezt\u00e9k, \u00edgy nincs sz\u00fcks\u00e9g gombokra vagy be\u00e1ll\u00edt\u00e1sokra. Vedd a kezedbe, \u00e9s \u00e9lvezd a doh\u00e1nyz\u00e1s \u00f6r\u00f6m\u00e9t.<\/p>\n<h2 data-v-md-heading=\"quick-specifications\" data-v-md-line=\"13\">Gyors specifik\u00e1ci\u00f3k<\/h2>\n<ul data-v-md-line=\"14\">\n<li>Portok sz\u00e1ma: ak\u00e1r 30000 port<\/li>\n<li>e-folyad\u00e9k kapacit\u00e1sa: 13 milliliter<\/li>\n<li>Akkumul\u00e1tor: 680mAh (\u00fajrat\u00f6lthet\u0151)<\/li>\n<li>Nikotintartalom: 2% vagy 5% (\u00edzl\u00e9st\u0151l f\u00fcgg\u0151en)<\/li>\n<li>Haszn\u00e1lat: L\u00e9legezze be az aktiv\u00e1l\u00e1shoz<\/li>\n<li>T\u00f6lt\u0151csatlakoz\u00f3: C t\u00edpus\u00fa<\/li>\n<li>Mobiltelefon-v\u00e9delem: Sikeresen teljes\u00edtette a 10 emeletes ejt\u00e9stesztet<\/li>\n<li>\u00c1llapot: Kicsomagol\u00e1s ut\u00e1n azonnal haszn\u00e1lhat\u00f3<\/li>\n<li>iPhone 12 \u00e9s 12 Pro m\u00e9retekkel kompatibilis<\/li>\n<\/ul>\n<h2 data-v-md-heading=\"complete-flavor-lineup\" data-v-md-line=\"23\">Teljes \u00edzv\u00e1laszt\u00e9k<\/h2>\n<ul data-v-md-line=\"24\">\n<li>G\u00f6r\u00f6gdinnye j\u00e9g (5%)<\/li>\n<li>\u00c1fony\u00e1s j\u00e9g (5%)<\/li>\n<li>Miami Mint (5%)<\/li>\n<li>Savany\u00fa almafagylalt (5%)<\/li>\n<li>H\u00e1romszoros bogy\u00f3s gy\u00fcm\u00f6lcs (5%)<\/li>\n<li>Hawaii (2%)<\/li>\n<li>Maracuja \u00e9s kivi (2%)<\/li>\n<li>M\u00e9zes \u0151szibarack (2%)<\/li>\n<\/ul>\n<h2 data-v-md-heading=\"suitable-for-you-and-your-business\" data-v-md-line=\"33\">Alkalmas \u00d6nnek \u00e9s v\u00e1llalkoz\u00e1s\u00e1nak<\/h2>\n<p data-v-md-line=\"35\">Ha egy egyszer\u0171, k\u00f6nnyen haszn\u00e1lhat\u00f3 \u00e9s hordozhat\u00f3 telefontokot keresel, szem\u00e9lyes haszn\u00e1latra megrendelheted a Saimeo Humo iPhone 15 Pro 30k telefontokot. Ha viszontelad\u00e1sra v\u00e1s\u00e1rolod, ez a term\u00e9k kiv\u00e1l\u00f3an alkalmas pulton val\u00f3 ki\u00e1ll\u00edt\u00e1sra is, mivel az emberek egy pillant\u00e1ssal meg\u00e9rthetik az \u00e9rt\u00e9k\u00e9t.<\/p>\n<p data-v-md-line=\"37\">Seg\u00edts\u00e9gre van sz\u00fcks\u00e9ge nagykereskedelmi rendel\u00e9sek tervez\u00e9s\u00e9ben vagy a megfelel\u0151 \u00edzkombin\u00e1ci\u00f3k kiv\u00e1laszt\u00e1s\u00e1ban? K\u00e9rj\u00fck, vegye fel a kapcsolatot az AgoraVape csapat\u00e1val, szakmai \u00fatmutat\u00e1st ny\u00fajtunk \u00d6nnek, \u00e9s megb\u00edzhat\u00f3 logisztikai c\u00e9gekkel, p\u00e9ld\u00e1ul UPS-szel, DPD-vel \u00e9s DHL-lel kommunik\u00e1lunk a z\u00f6kken\u0151mentes sz\u00e1ll\u00edt\u00e1s biztos\u00edt\u00e1sa \u00e9rdek\u00e9ben.<\/p>\n<h2 data-v-md-heading=\"the-reason-why-you-will-like-it\" data-v-md-line=\"39\">Az ok, ami\u00e9rt tetszeni fog<\/h2>\n<ul data-v-md-line=\"40\">\n<li>Integr\u00e1lt \u00e9s k\u00e9nyelmes: Az e-cigarett\u00e1d a telefonoddal egy\u00fctt helyezkedik el, \u00edgy val\u00f3sz\u00edn\u0171leg nem fogod elfelejteni magaddal vinni.<\/li>\n<li>Tart\u00f3s \u00e9s hossz\u00fa \u00e9lettartam\u00fa: Tart\u00f3s \u00e9s hossz\u00fa \u00e9lettartam\u00fa, gyakori csere n\u00e9lk\u00fcl.<\/li>\n<li>Nikotinkoncentr\u00e1ci\u00f3 kiv\u00e1laszt\u00e1sa: \u00cdzl\u00e9st\u0151l f\u00fcgg\u0151en v\u00e1lasszon 2%-os vagy 5%-os nikotinkoncentr\u00e1ci\u00f3t.<\/li>\n<li>\u00dajrat\u00f6lthet\u0151 C t\u00edpus\u00fa akkumul\u00e1tor: lehet\u0151v\u00e9 teszi a megv\u00e1s\u00e1rolt e-folyad\u00e9k teljes kihaszn\u00e1l\u00e1s\u00e1t \u00e9s a korai selejtez\u00e9s elker\u00fcl\u00e9s\u00e9t.<\/li>\n<li>Val\u00f3di v\u00e9delem: Az \u00fct\u00e9steszten \u00e1tesett v\u00e9d\u0151h\u00e9j-kialak\u00edt\u00e1s nyugalmat biztos\u00edt a mindennapi haszn\u00e1lat sor\u00e1n.<\/li>\n<\/ul>\n<h2 data-v-md-heading=\"why-choose-agoravape\" data-v-md-line=\"46\">Mi\u00e9rt v\u00e1lassza az AgoraVape-et?<\/h2>\n<p data-v-md-line=\"48\">Arra \u00f6sszpontos\u00edtunk, hogy k\u00f6zvetlen \u00e9s hat\u00e9kony megold\u00e1sokat, valamint eredeti k\u00e9szletet biztos\u00edtsunk. Az AgoraVape-en t\u00f6rt\u00e9n\u0151 v\u00e1s\u00e1rl\u00e1ssal 100%-os eredetis\u00e9ggaranci\u00e1t, seg\u00edt\u0151k\u00e9sz \u00fcgyf\u00e9lszolg\u00e1latot \u00e9s megb\u00edzhat\u00f3 logisztikai kisz\u00e1ll\u00edt\u00e1st kapsz. Ha Saimeo Humo iPhone 15 Pro tokot (30k kapacit\u00e1s, 30000 f\u00faj\u00e1s t\u00e1rol\u00e1s\u00e1ra alkalmas) szeretn\u00e9l eladni, k\u00e9rj\u00fck, vedd fel vel\u00fcnk a kapcsolatot, \u00e9s seg\u00edt\u00fcnk olyan rendel\u00e9st \u00f6ssze\u00e1ll\u00edtani, amely garant\u00e1lja a visszat\u00e9r\u0151 v\u00e1s\u00e1rl\u00f3kat.<\/p>","protected":false},"excerpt":{"rendered":"<p>Mi a k\u00fcl\u00f6nleges a Saimeo Humo iPhone 15 Pro 30k 30000 port telefon tokban? Ha m\u00e1r unod, hogy a<\/p>","protected":false},"featured_media":22089,"comment_status":"open","ping_status":"closed","template":"","meta":[],"product_brand":[1663],"product_cat":[124,185,189,1637,174,191,1666,179,173,186,180,190],"product_tag":[],"class_list":{"0":"post-23827","1":"product","2":"type-product","3":"status-publish","4":"has-post-thumbnail","6":"product_brand-saimeo","7":"product_cat-vape-by-brand","8":"product_cat-10000-puffs-high-capacity","9":"product_cat-20mg-standard-nicotine-vapes","10":"product_cat-30000-puffs","11":"product_cat-fruit-flavors","12":"product_cat-rechargeable-disposables","13":"product_cat-saimeo","14":"product_cat-unique-blends","15":"product_cat-vape-by-flavor-profile","16":"product_cat-vape-by-nicotine-strength","17":"product_cat-vape-by-puff-count","18":"product_cat-vape-by-feature-or-type","20":"first","21":"instock","22":"shipping-taxable","23":"purchasable","24":"product-type-variable","25":"has-default-attributes"},"tiered_pricing_type":"percentage","tiered_pricing_fixed_rules":[],"tiered_pricing_product_settings":{"layout":"default","base_unit_name":{"singular":null,"plural":null},"default_variation":null},"tiered_pricing_minimum_quantity":10,"tiered_pricing_roles_data":[],"tiered_pricing_percentage_rules":{"30":"29","50":"35","100":"40","200":"44","500":"47","1000":"49"},"tiered_pricing_maximum_quantity":null,"tiered_pricing_quantity_step":"10","_links":{"self":[{"href":"https:\/\/agoravape.com\/hu\/wp-json\/wp\/v2\/product\/23827","targetHints":{"allow":["GET"]}}],"collection":[{"href":"https:\/\/agoravape.com\/hu\/wp-json\/wp\/v2\/product"}],"about":[{"href":"https:\/\/agoravape.com\/hu\/wp-json\/wp\/v2\/types\/product"}],"replies":[{"embeddable":true,"href":"https:\/\/agoravape.com\/hu\/wp-json\/wp\/v2\/comments?post=23827"}],"version-history":[{"count":0,"href":"https:\/\/agoravape.com\/hu\/wp-json\/wp\/v2\/product\/23827\/revisions"}],"wp:featuredmedia":[{"embeddable":true,"href":"https:\/\/agoravape.com\/hu\/wp-json\/wp\/v2\/media\/22089"}],"wp:attachment":[{"href":"https:\/\/agoravape.com\/hu\/wp-json\/wp\/v2\/media?parent=23827"}],"wp:term":[{"taxonomy":"product_brand","embeddable":true,"href":"https:\/\/agoravape.com\/hu\/wp-json\/wp\/v2\/product_brand?post=23827"},{"taxonomy":"product_cat","embeddable":true,"href":"https:\/\/agoravape.com\/hu\/wp-json\/wp\/v2\/product_cat?post=23827"},{"taxonomy":"product_tag","embeddable":true,"href":"https:\/\/agoravape.com\/hu\/wp-json\/wp\/v2\/product_tag?post=23827"}],"curies":[{"name":"wp","href":"https:\/\/api.w.org\/{rel}","templated":true}]}}