{"id":23840,"date":"2026-01-25T14:47:58","date_gmt":"2026-01-25T06:47:58","guid":{"rendered":"https:\/\/agoravape.com\/?post_type=product&#038;p=23840"},"modified":"2026-03-26T13:22:25","modified_gmt":"2026-03-26T12:22:25","slug":"saimeo-humo-tok-iphone-14-30000-puffok","status":"publish","type":"product","link":"https:\/\/agoravape.com\/hu\/product\/saimeo-humo-case-iphone-14-30000-puffs\/","title":{"rendered":"Saimeo Humo tok iPhone 14 Pro 30k 30000 Puff | Telefonv\u00e9delem + \u00dajrat\u00f6lthet\u0151 Vape, Egyszer\u0171en Megtartva"},"content":{"rendered":"<h2 data-v-md-heading=\"what-s-special-about-the-saimeo-humo-iphone-14-pro-case-30k-30000-ports\" data-v-md-line=\"3\">Mi a k\u00fcl\u00f6nleges a Saimeo Humo iPhone 14 Pro tokban, 30k\/30000 porttal?<\/h2>\n<p data-v-md-line=\"5\">Ha eleged van abb\u00f3l, hogy a telefonod \u00e9s az e-cigarett\u00e1d k\u00e9t k\u00fcl\u00f6n zsebben van, akkor a Saimeo Humo telefontokot neked k\u00e9sz\u00edtett\u00e9k. Ez egy iPhone 14 Pro telefontok be\u00e9p\u00edtett eldobhat\u00f3 e-cigarett\u00e1val. A haszn\u00e1lat m\u00f3dja megegyezik egy hagyom\u00e1nyos telefontok\u00e9val, csak cs\u00edptesd a telefonra, \u00e9s szopogasd k\u00f6zvetlen\u00fcl, amikor csak akarod. Nincs sz\u00fcks\u00e9g gombokra, nincsenek unalmas m\u0171veletek.<\/p>\n<p data-v-md-line=\"7\">Azt gondolhatod, hogy ak\u00e1r 30000 portos kapacit\u00e1s\u00e1val a telefontok neh\u00e9z lehet, de ennek a telefontoknak a tervez\u00e9si koncepci\u00f3ja pontosan a k\u00e9nyelem. Kifejezetten azoknak a felhaszn\u00e1l\u00f3knak k\u00e9sz\u00fclt, akik az egyszer\u0171s\u00e9get, a k\u00f6nny\u0171 kezelhet\u0151s\u00e9get szeretn\u00e9k, \u00e9s nem akarnak n\u00e9h\u00e1ny naponta \u00faj k\u00e9sz\u00fcl\u00e9ket v\u00e1s\u00e1rolni.<\/p>\n<h2 data-v-md-heading=\"excellent-performance-and-easy-operation\" data-v-md-line=\"9\">Kiv\u00e1l\u00f3 teljes\u00edtm\u00e9ny \u00e9s egyszer\u0171 kezelhet\u0151s\u00e9g<\/h2>\n<p data-v-md-line=\"11\">A Saimeo diz\u00e1jnkoncepci\u00f3ja nagyon egyszer\u0171: l\u00e9legezd be az aktiv\u00e1l\u00e1shoz, azonnal nyisd ki. Amikor az akkumul\u00e1tor lemer\u00fcl, a Type-C csatlakoz\u00f3n kereszt\u00fcl t\u00f6lthet\u0151, \u00edgy tov\u00e1bbra is haszn\u00e1lhatod a megv\u00e1s\u00e1rolt e-liquidet, \u00e9s elker\u00fclheted a korai pazarl\u00e1st. R\u00e1ad\u00e1sul strapab\u00edr\u00f3 kialak\u00edt\u00e1s\u00fa, \u00f6sszehasonl\u00edthat\u00f3 a professzion\u00e1lis telefontokkal, 10 emeletes ejt\u00e9si tesztet is teljes\u00edtett, \u00e9s nem csak egy tr\u00fckk\u00f6s term\u00e9k, amit egy iPhone h\u00e1tulj\u00e1ra r\u00f6gz\u00edtenek.<\/p>\n<h2 data-v-md-heading=\"quick-specifications\" data-v-md-line=\"13\">Gyors specifik\u00e1ci\u00f3k<\/h2>\n<ul data-v-md-line=\"14\">\n<li>Portok sz\u00e1ma: ak\u00e1r 30000 port<\/li>\n<li>e-folyad\u00e9k kapacit\u00e1sa: 13 milliliter<\/li>\n<li>Akkumul\u00e1tor kapacit\u00e1sa: 680mAh<\/li>\n<li>Nikotintartalom: 5%<\/li>\n<li>Haszn\u00e1lat: L\u00e9legezze be az aktiv\u00e1l\u00e1shoz<\/li>\n<li>T\u00f6lt\u0151fel\u00fclet: C t\u00edpus\u00fa csatlakoz\u00f3<\/li>\n<li>Berendez\u00e9s m\u00e9rete: 75,8 \u00d7 21,92 \u00d7 166,66 millim\u00e9ter<\/li>\n<li>Es\u00e9s\u00e1ll\u00f3 teljes\u00edtm\u00e9ny: Tesztelve, hogy ellen\u00e1lljon egy 10 emelet magasb\u00f3l t\u00f6rt\u00e9n\u0151 leejt\u00e9snek<\/li>\n<li>A dobozb\u00f3l kiv\u00e9ve haszn\u00e1latra k\u00e9sz:<\/li>\n<\/ul>\n<h2 data-v-md-heading=\"complete-flavor-lineup\" data-v-md-line=\"24\">Teljes \u00edzv\u00e1laszt\u00e9k<\/h2>\n<ul data-v-md-line=\"25\">\n<li>G\u00f6r\u00f6gdinnye j\u00e9g<\/li>\n<li>\u00c1fony\u00e1s j\u00e9g<\/li>\n<li>Miami Mint<\/li>\n<li>Savany\u00fa almafagylalt<\/li>\n<li>Trio Berry<\/li>\n<\/ul>\n<h2 data-v-md-heading=\"suitable-for-you-and-your-business\" data-v-md-line=\"31\">Alkalmas \u00d6nnek \u00e9s v\u00e1llalkoz\u00e1s\u00e1nak<\/h2>\n<p data-v-md-line=\"33\">Ha egy sz\u00f3rakoztat\u00f3 \u00e9s praktikus telefontokot keresel, a Saimeo Humo iPhone 14 Pro 30k az ide\u00e1lis v\u00e1laszt\u00e1s. Kiskeresked\u0151knek ez a telefontok k\u00f6nnyen rakt\u00e1rozhat\u00f3 \u00e9s sz\u00e1ll\u00edthat\u00f3 is: 5 darabos kiszerel\u00e9sben csomagolva a teljes doboz 100 darabot k\u00e9pes befogadni (dobozm\u00e9ret: 47,8 \u00d7 32,4 \u00d7 41,5 cm, dobozs\u00faly: 15,59 kg).<\/p>\n<p data-v-md-line=\"35\">Ha Eur\u00f3p\u00e1ban v\u00e1s\u00e1rol, a megb\u00edzhat\u00f3 sz\u00e1ll\u00edt\u00e1s kulcsfontoss\u00e1g\u00fa. Ez\u00e9rt arra t\u00f6reksz\u00fcnk, hogy megb\u00edzhat\u00f3 sz\u00e1ll\u00edt\u00f3kkal m\u0171k\u00f6dj\u00fcnk egy\u00fctt, hogy egy\u00e9rtelm\u0171 sz\u00e1ll\u00edt\u00e1si lehet\u0151s\u00e9geket k\u00edn\u00e1ljunk, \u00e9s biztos\u00edtsuk, hogy ne \u00e9rjenek v\u00e1ratlan helyzetek.<\/p>\n<h2 data-v-md-heading=\"the-reason-why-you-will-like-it\" data-v-md-line=\"37\">Az ok, ami\u00e9rt tetszeni fog<\/h2>\n<ul data-v-md-line=\"38\">\n<li>Tart\u00f3s \u00e9s hossz\u00fa \u00e9lettartam\u00fa: Tart\u00f3s \u00e9s hossz\u00fa \u00e9lettartam\u00fa, gyakori csere n\u00e9lk\u00fcl.<\/li>\n<li>\u00dajrat\u00f6lthet\u0151: A C t\u00edpus\u00fa t\u00f6lt\u00e9si kialak\u00edt\u00e1s seg\u00edt az e-folyad\u00e9k egyszer\u0171 felhaszn\u00e1l\u00e1s\u00e1ban.<\/li>\n<li>Bel\u00e9gz\u00e9ses aktiv\u00e1l\u00e1s: Nincsenek gombok, nincs sz\u00fcks\u00e9g tanul\u00e1sra, egyszer\u0171 \u00e9s k\u00e9nyelmes.<\/li>\n<li>Val\u00f3di v\u00e9d\u0151tok: Kifejezetten a telefon v\u00e9delm\u00e9re tervezt\u00e9k, nem csak az e-cigarett\u00e1k t\u00e1rol\u00e1s\u00e1ra.<\/li>\n<li>Gazdag \u00edzv\u00e1laszt\u00e9k: Egyszer\u0171 \u00e9s ismer\u0151s \u00edzsorozat, k\u00f6nnyen eladhat\u00f3 \u00e9s megv\u00e1s\u00e1rolhat\u00f3.<\/li>\n<\/ul>\n<h2 data-v-md-heading=\"why-choose-to-collaborate-with-agoravape\" data-v-md-line=\"44\">Mi\u00e9rt \u00e9rdemes az AgoraVape-pel egy\u00fcttm\u0171k\u00f6dni?<\/h2>\n<p data-v-md-line=\"46\">Az AgoraVape-n\u00e9l mindig a legfontosabb alapelveket tartjuk be: 100%-ban eredeti term\u00e9kgarancia, \u0151szinte v\u00e1laszok a k\u00e9rd\u00e9sekre, \u00e9s megb\u00edzhat\u00f3 ell\u00e1t\u00e1si garanci\u00e1k biztos\u00edt\u00e1sa eur\u00f3pai v\u00e1s\u00e1rl\u00f3ink \u200b\u200bsz\u00e1m\u00e1ra. V\u00e1llalati v\u00e1s\u00e1rl\u00f3k sz\u00e1m\u00e1ra ez rendk\u00edv\u00fcl versenyk\u00e9pes nagykereskedelmi megold\u00e1sokat, reag\u00e1l\u00f3 \u00fcgyf\u00e9lszolg\u00e1lati t\u00e1mogat\u00e1st \u00e9s rugalmas sz\u00e1ll\u00edt\u00e1si lehet\u0151s\u00e9geket jelent, \u00edgy k\u00f6nnyed\u00e9n \u00e9s rugalmasan int\u00e9zheti megrendel\u00e9seit. Szeretne Saimeo Humo telefontokokat v\u00e1s\u00e1rolni iPhone 14 Pro 30k 30000 portos k\u00e9sz\u00fcl\u00e9khez? K\u00e9rj\u00fck, vegye fel vel\u00fcnk a kapcsolatot, \u00e9s mi elk\u00e9sz\u00edtj\u00fck \u00d6nnek a legjobb \u00fczletcsomagot.<\/p>","protected":false},"excerpt":{"rendered":"<p>Mi a k\u00fcl\u00f6nleges a Saimeo Humo iPhone 14 Pro tokban, 30k\/30000 port? Ha m\u00e1r unod, hogy a telefonod \u00e9s a<\/p>","protected":false},"featured_media":22105,"comment_status":"open","ping_status":"closed","template":"","meta":[],"product_brand":[1663],"product_cat":[124,185,189,1637,174,191,1666,179,173,186,180,190],"product_tag":[],"class_list":{"0":"post-23840","1":"product","2":"type-product","3":"status-publish","4":"has-post-thumbnail","6":"product_brand-saimeo","7":"product_cat-vape-by-brand","8":"product_cat-10000-puffs-high-capacity","9":"product_cat-20mg-standard-nicotine-vapes","10":"product_cat-30000-puffs","11":"product_cat-fruit-flavors","12":"product_cat-rechargeable-disposables","13":"product_cat-saimeo","14":"product_cat-unique-blends","15":"product_cat-vape-by-flavor-profile","16":"product_cat-vape-by-nicotine-strength","17":"product_cat-vape-by-puff-count","18":"product_cat-vape-by-feature-or-type","20":"first","21":"instock","22":"shipping-taxable","23":"purchasable","24":"product-type-variable","25":"has-default-attributes"},"tiered_pricing_type":"percentage","tiered_pricing_fixed_rules":[],"tiered_pricing_product_settings":{"layout":"default","base_unit_name":{"singular":null,"plural":null},"default_variation":null},"tiered_pricing_minimum_quantity":10,"tiered_pricing_roles_data":[],"tiered_pricing_percentage_rules":{"30":"29","50":"35","100":"40","200":"44","500":"47","1000":"49"},"tiered_pricing_maximum_quantity":null,"tiered_pricing_quantity_step":"10","_links":{"self":[{"href":"https:\/\/agoravape.com\/hu\/wp-json\/wp\/v2\/product\/23840","targetHints":{"allow":["GET"]}}],"collection":[{"href":"https:\/\/agoravape.com\/hu\/wp-json\/wp\/v2\/product"}],"about":[{"href":"https:\/\/agoravape.com\/hu\/wp-json\/wp\/v2\/types\/product"}],"replies":[{"embeddable":true,"href":"https:\/\/agoravape.com\/hu\/wp-json\/wp\/v2\/comments?post=23840"}],"version-history":[{"count":0,"href":"https:\/\/agoravape.com\/hu\/wp-json\/wp\/v2\/product\/23840\/revisions"}],"wp:featuredmedia":[{"embeddable":true,"href":"https:\/\/agoravape.com\/hu\/wp-json\/wp\/v2\/media\/22105"}],"wp:attachment":[{"href":"https:\/\/agoravape.com\/hu\/wp-json\/wp\/v2\/media?parent=23840"}],"wp:term":[{"taxonomy":"product_brand","embeddable":true,"href":"https:\/\/agoravape.com\/hu\/wp-json\/wp\/v2\/product_brand?post=23840"},{"taxonomy":"product_cat","embeddable":true,"href":"https:\/\/agoravape.com\/hu\/wp-json\/wp\/v2\/product_cat?post=23840"},{"taxonomy":"product_tag","embeddable":true,"href":"https:\/\/agoravape.com\/hu\/wp-json\/wp\/v2\/product_tag?post=23840"}],"curies":[{"name":"wp","href":"https:\/\/api.w.org\/{rel}","templated":true}]}}