{"id":24125,"date":"2026-01-26T15:50:06","date_gmt":"2026-01-26T07:50:06","guid":{"rendered":"https:\/\/agoravape.com\/?post_type=product&#038;p=24125"},"modified":"2026-02-22T15:14:21","modified_gmt":"2026-02-22T14:14:21","slug":"bang-leader-20k-20000-puff","status":"publish","type":"product","link":"https:\/\/agoravape.com\/hu\/product\/bang-leader-20k-20000-puffs\/","title":{"rendered":"Bang Leader 20000 Puffs Eldobhat\u00f3 Vape Dupla H\u00e1l\u00f3s"},"content":{"rendered":"<p data-v-md-line=\"4\"><img loading=\"lazy\" decoding=\"async\" class=\"aligncenter size-full wp-image-24144\" src=\"https:\/\/agoravape.com\/wp-content\/uploads\/2026\/01\/Bang-Leader-20000-Puffs-Disposable-Vape-Dual-Mesh_Agora_vape-6.webp\" alt=\"\" width=\"1920\" height=\"1279\" srcset=\"https:\/\/agoravape.com\/wp-content\/uploads\/2026\/01\/Bang-Leader-20000-Puffs-Disposable-Vape-Dual-Mesh_Agora_vape-6.webp 1920w, https:\/\/agoravape.com\/wp-content\/uploads\/2026\/01\/Bang-Leader-20000-Puffs-Disposable-Vape-Dual-Mesh_Agora_vape-6-1200x799.webp 1200w, https:\/\/agoravape.com\/wp-content\/uploads\/2026\/01\/Bang-Leader-20000-Puffs-Disposable-Vape-Dual-Mesh_Agora_vape-6-300x200.webp 300w, https:\/\/agoravape.com\/wp-content\/uploads\/2026\/01\/Bang-Leader-20000-Puffs-Disposable-Vape-Dual-Mesh_Agora_vape-6-1024x682.webp 1024w, https:\/\/agoravape.com\/wp-content\/uploads\/2026\/01\/Bang-Leader-20000-Puffs-Disposable-Vape-Dual-Mesh_Agora_vape-6-768x512.webp 768w, https:\/\/agoravape.com\/wp-content\/uploads\/2026\/01\/Bang-Leader-20000-Puffs-Disposable-Vape-Dual-Mesh_Agora_vape-6-1536x1023.webp 1536w, https:\/\/agoravape.com\/wp-content\/uploads\/2026\/01\/Bang-Leader-20000-Puffs-Disposable-Vape-Dual-Mesh_Agora_vape-6-18x12.webp 18w\" sizes=\"auto, (max-width: 1920px) 100vw, 1920px\" \/> <img loading=\"lazy\" decoding=\"async\" class=\"aligncenter size-full wp-image-24142\" src=\"https:\/\/agoravape.com\/wp-content\/uploads\/2026\/01\/Bang-Leader-20000-Puffs-Disposable-Vape-Dual-Mesh_Agora_vape-4.webp\" alt=\"\" width=\"1200\" height=\"674\" srcset=\"https:\/\/agoravape.com\/wp-content\/uploads\/2026\/01\/Bang-Leader-20000-Puffs-Disposable-Vape-Dual-Mesh_Agora_vape-4.webp 1200w, https:\/\/agoravape.com\/wp-content\/uploads\/2026\/01\/Bang-Leader-20000-Puffs-Disposable-Vape-Dual-Mesh_Agora_vape-4-300x169.webp 300w, https:\/\/agoravape.com\/wp-content\/uploads\/2026\/01\/Bang-Leader-20000-Puffs-Disposable-Vape-Dual-Mesh_Agora_vape-4-1024x575.webp 1024w, https:\/\/agoravape.com\/wp-content\/uploads\/2026\/01\/Bang-Leader-20000-Puffs-Disposable-Vape-Dual-Mesh_Agora_vape-4-768x431.webp 768w, https:\/\/agoravape.com\/wp-content\/uploads\/2026\/01\/Bang-Leader-20000-Puffs-Disposable-Vape-Dual-Mesh_Agora_vape-4-18x10.webp 18w\" sizes=\"auto, (max-width: 1200px) 100vw, 1200px\" \/> <img loading=\"lazy\" decoding=\"async\" class=\"aligncenter size-full wp-image-24141\" src=\"https:\/\/agoravape.com\/wp-content\/uploads\/2026\/01\/Bang-Leader-20000-Puffs-Disposable-Vape-Dual-Mesh_Agora_vape-3.webp\" alt=\"\" width=\"2275\" height=\"1279\" srcset=\"https:\/\/agoravape.com\/wp-content\/uploads\/2026\/01\/Bang-Leader-20000-Puffs-Disposable-Vape-Dual-Mesh_Agora_vape-3.webp 2275w, https:\/\/agoravape.com\/wp-content\/uploads\/2026\/01\/Bang-Leader-20000-Puffs-Disposable-Vape-Dual-Mesh_Agora_vape-3-1200x675.webp 1200w, https:\/\/agoravape.com\/wp-content\/uploads\/2026\/01\/Bang-Leader-20000-Puffs-Disposable-Vape-Dual-Mesh_Agora_vape-3-300x169.webp 300w, https:\/\/agoravape.com\/wp-content\/uploads\/2026\/01\/Bang-Leader-20000-Puffs-Disposable-Vape-Dual-Mesh_Agora_vape-3-1024x576.webp 1024w, https:\/\/agoravape.com\/wp-content\/uploads\/2026\/01\/Bang-Leader-20000-Puffs-Disposable-Vape-Dual-Mesh_Agora_vape-3-768x432.webp 768w, https:\/\/agoravape.com\/wp-content\/uploads\/2026\/01\/Bang-Leader-20000-Puffs-Disposable-Vape-Dual-Mesh_Agora_vape-3-1536x864.webp 1536w, https:\/\/agoravape.com\/wp-content\/uploads\/2026\/01\/Bang-Leader-20000-Puffs-Disposable-Vape-Dual-Mesh_Agora_vape-3-2048x1151.webp 2048w, https:\/\/agoravape.com\/wp-content\/uploads\/2026\/01\/Bang-Leader-20000-Puffs-Disposable-Vape-Dual-Mesh_Agora_vape-3-18x10.webp 18w\" sizes=\"auto, (max-width: 2275px) 100vw, 2275px\" \/> <img loading=\"lazy\" decoding=\"async\" class=\"aligncenter size-full wp-image-24140\" src=\"https:\/\/agoravape.com\/wp-content\/uploads\/2026\/01\/Bang-Leader-20000-Puffs-Disposable-Vape-Dual-Mesh_Agora_vape-2.webp\" alt=\"\" width=\"1920\" height=\"1080\" srcset=\"https:\/\/agoravape.com\/wp-content\/uploads\/2026\/01\/Bang-Leader-20000-Puffs-Disposable-Vape-Dual-Mesh_Agora_vape-2.webp 1920w, https:\/\/agoravape.com\/wp-content\/uploads\/2026\/01\/Bang-Leader-20000-Puffs-Disposable-Vape-Dual-Mesh_Agora_vape-2-1200x675.webp 1200w, https:\/\/agoravape.com\/wp-content\/uploads\/2026\/01\/Bang-Leader-20000-Puffs-Disposable-Vape-Dual-Mesh_Agora_vape-2-300x169.webp 300w, https:\/\/agoravape.com\/wp-content\/uploads\/2026\/01\/Bang-Leader-20000-Puffs-Disposable-Vape-Dual-Mesh_Agora_vape-2-1024x576.webp 1024w, https:\/\/agoravape.com\/wp-content\/uploads\/2026\/01\/Bang-Leader-20000-Puffs-Disposable-Vape-Dual-Mesh_Agora_vape-2-768x432.webp 768w, https:\/\/agoravape.com\/wp-content\/uploads\/2026\/01\/Bang-Leader-20000-Puffs-Disposable-Vape-Dual-Mesh_Agora_vape-2-1536x864.webp 1536w, https:\/\/agoravape.com\/wp-content\/uploads\/2026\/01\/Bang-Leader-20000-Puffs-Disposable-Vape-Dual-Mesh_Agora_vape-2-18x10.webp 18w\" sizes=\"auto, (max-width: 1920px) 100vw, 1920px\" \/> <img loading=\"lazy\" decoding=\"async\" class=\"aligncenter size-full wp-image-24139\" src=\"https:\/\/agoravape.com\/wp-content\/uploads\/2026\/01\/Bang-Leader-20000-Puffs-Disposable-Vape-Dual-Mesh_Agora_vape-1.webp\" alt=\"\" width=\"1920\" height=\"1080\" srcset=\"https:\/\/agoravape.com\/wp-content\/uploads\/2026\/01\/Bang-Leader-20000-Puffs-Disposable-Vape-Dual-Mesh_Agora_vape-1.webp 1920w, https:\/\/agoravape.com\/wp-content\/uploads\/2026\/01\/Bang-Leader-20000-Puffs-Disposable-Vape-Dual-Mesh_Agora_vape-1-1200x675.webp 1200w, https:\/\/agoravape.com\/wp-content\/uploads\/2026\/01\/Bang-Leader-20000-Puffs-Disposable-Vape-Dual-Mesh_Agora_vape-1-300x169.webp 300w, https:\/\/agoravape.com\/wp-content\/uploads\/2026\/01\/Bang-Leader-20000-Puffs-Disposable-Vape-Dual-Mesh_Agora_vape-1-1024x576.webp 1024w, https:\/\/agoravape.com\/wp-content\/uploads\/2026\/01\/Bang-Leader-20000-Puffs-Disposable-Vape-Dual-Mesh_Agora_vape-1-768x432.webp 768w, https:\/\/agoravape.com\/wp-content\/uploads\/2026\/01\/Bang-Leader-20000-Puffs-Disposable-Vape-Dual-Mesh_Agora_vape-1-1536x864.webp 1536w, https:\/\/agoravape.com\/wp-content\/uploads\/2026\/01\/Bang-Leader-20000-Puffs-Disposable-Vape-Dual-Mesh_Agora_vape-1-18x10.webp 18w\" sizes=\"auto, (max-width: 1920px) 100vw, 1920px\" \/><\/p>\n<p data-v-md-line=\"4\">A Bang Leader 20000 eldobhat\u00f3 vape, a neh\u00e9zs\u00faly\u00fa bajnok, kiz\u00e1r\u00f3lag az AgoraVape \u00e1ltal forgalmazott, seg\u00edtve a vapel\u00e9si \u00e9lm\u00e9ny fokoz\u00e1s\u00e1t. Kifejezetten azoknak a vapel\u0151 felhaszn\u00e1l\u00f3knak tervezt\u00e9k, akik a tart\u00f3ss\u00e1got az \u00edz fel\u00e1ldoz\u00e1sa n\u00e9lk\u00fcl keresik. Ez a k\u00e9sz\u00fcl\u00e9k egy 28 ml-es nagy kapacit\u00e1s\u00fa e-folyad\u00e9k rekesszel rendelkezik, amely ak\u00e1r 20000 slukkig is tiszta el\u00e9gedetts\u00e9get biztos\u00edt.<\/p>\n<p data-v-md-line=\"6\">A Bang Leader felt\u0171n\u0151 \u201etigrismint\u00e1s\u201d diz\u00e1jnt \u00e9s fejlett kett\u0151s h\u00e1l\u00f3s tekercstechnol\u00f3gi\u00e1t alkalmaz, hogy minden falat olyan friss \u00e9s gazdag legyen, mint az els\u0151. Ak\u00e1r kiskeresked\u0151 vagy, aki a k\u00f6vetkez\u0151 legkelend\u0151bb term\u00e9ket keresi, ak\u00e1r vape-rajong\u00f3, aki tart\u00f3s eszk\u00f6zt keres, a Bang Leader 20K az ide\u00e1lis v\u00e1laszt\u00e1s.<\/p>\n<h2 data-v-md-heading=\"why-choose-bang-leader-20k\" data-v-md-line=\"8\">Mi\u00e9rt v\u00e1lassza a Bang Leader 20K-t?<\/h2>\n<p data-v-md-line=\"10\">\ud83d\ude80 Ultra hossz\u00fa akkumul\u00e1tor-\u00fczemid\u0151<\/p>\n<p data-v-md-line=\"12\">B\u00facs\u00fat inthetsz a gyakori eszk\u00f6zcsere bossz\u00fas\u00e1g\u00e1nak. Ez az e-cigaretta szuperhossz\u00fa, 20000 slukk \u00e9rt\u00e9k\u0171 akkumul\u00e1tor-\u00fczemid\u0151vel \u00e9s 28 ml-es nagy kapacit\u00e1s\u00fa e-folyad\u00e9k rekesszel rendelkezik, \u00edgy az akkumul\u00e1tor \u00e9lettartama napok helyett t\u00f6bb h\u00e9t.<\/p>\n<p data-v-md-line=\"14\">\ud83d\udd25 Dupla h\u00e1l\u00f3s tekercstechnol\u00f3gia<\/p>\n<p data-v-md-line=\"16\">A Bang Leader prec\u00edzi\u00f3s tervez\u00e9s\u0171 1.0 \u03a9-os kett\u0151s h\u00e1l\u00f3s tekercsekkel van felszerelve, amelyek gazdag \u00e9s sima f\u00fcst\u00f6t k\u00e9pesek el\u0151\u00e1ll\u00edtani, \u00e9s teljes m\u00e9rt\u00e9kben felszabad\u00edtj\u00e1k az egyes gy\u00fcm\u00f6lcs\u00edzek gazdag \u00e9s autentikus arom\u00e1j\u00e1t.<\/p>\n<p data-v-md-line=\"18\">\u26a1 Hossz\u00fa akkumul\u00e1tor-\u00fczemid\u0151<\/p>\n<p data-v-md-line=\"20\">Be\u00e9p\u00edtett, nagy teljes\u00edtm\u00e9ny\u0171 13400\/650mAh akkumul\u00e1tor \u00e9s C t\u00edpus\u00fa t\u00f6lt\u0151interf\u00e9sz, gyors t\u00f6lt\u00e9s, \u00edgy az utols\u00f3 csepp e-folyad\u00e9kig \u00e9lvezheted az \u00e9lm\u00e9nyt.<\/p>\n<p data-v-md-line=\"22\">\ud83d\udce6 Gyors EU sz\u00e1ll\u00edt\u00e1s (3-4 munkanap)<\/p>\n<p data-v-md-line=\"24\">Nem kell hossz\u00fa sz\u00e1ll\u00edt\u00e1si id\u0151ket \u00e9s bonyolult v\u00e1mkezel\u00e9si elj\u00e1r\u00e1sokat k\u00f6vetned, ha K\u00edn\u00e1b\u00f3l szeretn\u00e9l sz\u00e1ll\u00edtani. Az AgoraVape k\u00f6zvetlen\u00fcl az eur\u00f3pai rakt\u00e1runkb\u00f3l sz\u00e1ll\u00edt.<\/p>\n<ul data-v-md-line=\"25\">\n<li>\n<p data-v-md-line=\"25\">Nincsenek v\u00e1mprobl\u00e9m\u00e1k: A v\u00e1mot teljes m\u00e9rt\u00e9kben kifizett\u00e9k, \u00e9s a term\u00e9keket b\u00e1rmikor fel lehet sz\u00e1ll\u00edtani.<\/p>\n<\/li>\n<li>\n<p data-v-md-line=\"27\">Sebess\u00e9g: Eur\u00f3p\u00e1n bel\u00fcl a rendel\u00e9s k\u00e9zhezv\u00e9tele mind\u00f6ssze 3-4 munkanapot vesz ig\u00e9nybe.<\/p>\n<\/li>\n<\/ul>\n<h2 data-v-md-heading=\"technical-specifications\" data-v-md-line=\"30\">M\u0171szaki adatok<\/h2>\n<ul data-v-md-line=\"31\">\n<li>Sz\u00e1jak sz\u00e1ma: K\u00f6r\u00fclbel\u00fcl 20000<\/li>\n<li>E-folyad\u00e9k kapacit\u00e1sa: 28ml<\/li>\n<li>Akkumul\u00e1tor kapacit\u00e1sa: 650mAh (\u00fajrat\u00f6lthet\u0151)<\/li>\n<li>T\u00f6lt\u0151fel\u00fclet: C t\u00edpus\u00fa csatlakoz\u00f3<\/li>\n<li>Porlaszt\u00f3 mag: 1,0 \u03a9 dupla h\u00e1l\u00f3s porlaszt\u00f3 mag<\/li>\n<li>S\u00faly: 90 g darabonk\u00e9nt<\/li>\n<li>Megjelen\u00e9s: St\u00edlusos \u00e9s kompakt tigrismint\u00e1s csomagol\u00f3doboz<\/li>\n<\/ul>\n<h2 data-v-md-heading=\"optional-flavors\" data-v-md-line=\"40\">Opcion\u00e1lis \u00edzek<\/h2>\n<p data-v-md-line=\"42\">12 gondosan kidolgozott, kiv\u00e1l\u00f3 min\u0151s\u00e9g\u0171 \u00edz, amely az \u00edzlel\u0151bimb\u00f3id stimul\u00e1l\u00e1s\u00e1ra szolg\u00e1l:<\/p>\n<p data-v-md-line=\"44\">egy \ud83c\udf53\ud83e\udd5d Epres-kivi \u2013 kiegyens\u00falyozott \u00e9des-savany\u00fa, t\u00f6k\u00e9letesen kevert \u00edzvil\u00e1g.<\/p>\n<p data-v-md-line=\"46\">kett\u0151 \ud83c\udf49\ud83e\uddca G\u00f6r\u00f6gdinnye j\u00e9g \u2013 Felfriss\u00edt\u0151 \u00e9s kellemes ny\u00e1ri hangulat.<\/p>\n<p data-v-md-line=\"48\">h\u00e1rom \ud83c\udf53\ud83e\uddca Epres j\u00e9gkr\u00e9m \u2013 Ropog\u00f3s \u00e9s klasszikus epres \u00e9dess\u00e9g.<\/p>\n<p data-v-md-line=\"50\">n\u00e9gy \ud83e\udd6d\ud83c\udf51 Mang\u00f3-\u0151szibarack \u2013 A tr\u00f3pusi gy\u00fcm\u00f6lcs\u00f6k gazdag \u00edze meglep\u0151.<\/p>\n<p data-v-md-line=\"52\">\u00f6t \ud83e\uded0\ud83c\udf47 \u00c1fonya \u00e9s m\u00e1lna \u2013 a bogy\u00f3s \u00e9s gy\u00fcm\u00f6lcs\u00f6s \u00edzek gazdag kever\u00e9ke.<\/p>\n<p data-v-md-line=\"54\">hat \ud83e\uded0\ud83c\udf43 \u00c1fony\u00e1s menta \u2013 \u00c9des bogy\u00f3s gy\u00fcm\u00f6lcs\u00f6k, friss\u00edt\u0151 menta ut\u00f3\u00edzzel.<\/p>\n<p data-v-md-line=\"56\">h\u00e9t \ud83e\udd57\ud83c\udf47 Vegyes gy\u00fcm\u00f6lcs \u2013 K\u00fcl\u00f6nb\u00f6z\u0151 gy\u00fcm\u00f6lcs\u00f6k t\u00f6k\u00e9letes kever\u00e9ke, amelyeket szeretsz.<\/p>\n<p data-v-md-line=\"58\">nyolc \ud83c\udf53\ud83c\udf49 Eper-g\u00f6r\u00f6gdinnye \u2013 egy klasszikus \u00edz, amit mindenki szeret.<\/p>\n<p data-v-md-line=\"60\">kilenc \ud83c\udf47\ud83e\uddca Sz\u0151l\u0151turmix \u2013 Gazdag sz\u0151l\u0151\u00edz friss\u00edt\u0151 \u00edzt k\u00f6lcs\u00f6n\u00f6z.<\/p>\n<p data-v-md-line=\"62\">ten \ud83c\udf6c\ud83c\udf49 G\u00f6r\u00f6gdinnye r\u00e1g\u00f3gumi \u2013 Nosztalgikus cukorka \u00e9des \u00edzzel.<\/p>\n<p data-v-md-line=\"64\">eleven \ud83e\uded0\ud83e\uddca \u00c1fony\u00e1s j\u00e9g \u2013 Gazdag \u00e1fonya\u00edz friss\u00edt\u0151 \u00edzt k\u00f6lcs\u00f6n\u00f6z.<\/p>\n<p data-v-md-line=\"66\">tizenkett\u0151 \ud83c\udf51\ud83e\uddca Peach Ice \u2013 egy l\u00e9d\u00fas \u0151szibarack, amely friss\u00edt\u0151 \u00e9rz\u00e9st ny\u00fajt.<\/p>\n<h2 data-v-md-heading=\"wholesale-and-bulk-orders\" data-v-md-line=\"70\">Nagykereskedelmi \u00e9s t\u00f6meges megrendel\u00e9sek<\/h2>\n<p data-v-md-line=\"72\">Az AgoraVape az \u00d6n megb\u00edzhat\u00f3 eldobhat\u00f3 vape partnere Eur\u00f3p\u00e1ban.<\/p>\n<ul data-v-md-line=\"73\">\n<li>\n<p data-v-md-line=\"73\">Csomagol\u00e1si adatok: 200 darab\/doboz<\/p>\n<\/li>\n<li>\n<p data-v-md-line=\"75\">S\u00faly: 18 kilogramm<\/p>\n<\/li>\n<\/ul>\n<p><script src=\"chrome-extension:\/\/fpelahbljekknahkcaegamhcndkfpfnc\/iFrame.js\" type=\"text\/javascript\"><\/script><\/p>\n<p><script src=\"chrome-extension:\/\/fpelahbljekknahkcaegamhcndkfpfnc\/iFrame.js\" type=\"text\/javascript\"><\/script><\/p>","protected":false},"excerpt":{"rendered":"<p>&nbsp;<\/p>\n<p><script src=\"chrome-extension:\/\/fpelahbljekknahkcaegamhcndkfpfnc\/iFrame.js\" type=\"text\/javascript\"><\/script><\/p>\n<p><script src=\"chrome-extension:\/\/fpelahbljekknahkcaegamhcndkfpfnc\/iFrame.js\" type=\"text\/javascript\"><\/script><\/p>\n<p><script src=\"chrome-extension:\/\/fpelahbljekknahkcaegamhcndkfpfnc\/iFrame.js\" type=\"text\/javascript\"><\/script><\/p>","protected":false},"featured_media":24143,"comment_status":"open","ping_status":"closed","template":"","meta":[],"product_brand":[197],"product_cat":[124,187,188,1636,189,123,1674,174,175,193,191,179,173,186,180,190],"product_tag":[],"class_list":{"0":"post-24125","1":"product","2":"type-product","3":"status-publish","4":"has-post-thumbnail","6":"product_brand-bang","7":"product_cat-vape-by-brand","8":"product_cat-0mg-nicotine-free-vapes","9":"product_cat-10mg-low-nicotine-vapes","10":"product_cat-20000-puffs","11":"product_cat-20mg-standard-nicotine-vapes","12":"product_cat-bang","13":"product_cat-eu-warehouse","14":"product_cat-fruit-flavors","15":"product_cat-icy-mint","16":"product_cat-mesh-coil","17":"product_cat-rechargeable-disposables","18":"product_cat-unique-blends","19":"product_cat-vape-by-flavor-profile","20":"product_cat-vape-by-nicotine-strength","21":"product_cat-vape-by-puff-count","22":"product_cat-vape-by-feature-or-type","24":"first","25":"instock","26":"shipping-taxable","27":"purchasable","28":"product-type-variable","29":"has-default-attributes"},"tiered_pricing_type":"percentage","tiered_pricing_fixed_rules":[],"tiered_pricing_product_settings":{"layout":"default","base_unit_name":{"singular":null,"plural":null},"default_variation":null},"tiered_pricing_minimum_quantity":10,"tiered_pricing_roles_data":[],"tiered_pricing_percentage_rules":{"30":"11","50":"18","100":"26","200":"30","500":"35","1000":"44"},"tiered_pricing_maximum_quantity":null,"tiered_pricing_quantity_step":"10","_links":{"self":[{"href":"https:\/\/agoravape.com\/hu\/wp-json\/wp\/v2\/product\/24125","targetHints":{"allow":["GET"]}}],"collection":[{"href":"https:\/\/agoravape.com\/hu\/wp-json\/wp\/v2\/product"}],"about":[{"href":"https:\/\/agoravape.com\/hu\/wp-json\/wp\/v2\/types\/product"}],"replies":[{"embeddable":true,"href":"https:\/\/agoravape.com\/hu\/wp-json\/wp\/v2\/comments?post=24125"}],"version-history":[{"count":0,"href":"https:\/\/agoravape.com\/hu\/wp-json\/wp\/v2\/product\/24125\/revisions"}],"wp:featuredmedia":[{"embeddable":true,"href":"https:\/\/agoravape.com\/hu\/wp-json\/wp\/v2\/media\/24143"}],"wp:attachment":[{"href":"https:\/\/agoravape.com\/hu\/wp-json\/wp\/v2\/media?parent=24125"}],"wp:term":[{"taxonomy":"product_brand","embeddable":true,"href":"https:\/\/agoravape.com\/hu\/wp-json\/wp\/v2\/product_brand?post=24125"},{"taxonomy":"product_cat","embeddable":true,"href":"https:\/\/agoravape.com\/hu\/wp-json\/wp\/v2\/product_cat?post=24125"},{"taxonomy":"product_tag","embeddable":true,"href":"https:\/\/agoravape.com\/hu\/wp-json\/wp\/v2\/product_tag?post=24125"}],"curies":[{"name":"wp","href":"https:\/\/api.w.org\/{rel}","templated":true}]}}