{"id":24148,"date":"2026-01-26T16:15:32","date_gmt":"2026-01-26T08:15:32","guid":{"rendered":"https:\/\/agoravape.com\/?post_type=product&#038;p=24148"},"modified":"2026-03-31T04:20:21","modified_gmt":"2026-03-31T02:20:21","slug":"bang-leader-30k-2in1-30000-puff-30000-puffs","status":"publish","type":"product","link":"https:\/\/agoravape.com\/hu\/product\/bang-leader-30k-2in1-30000-puffs\/","title":{"rendered":"Bang Leader 30k 30000 F\u00faj\u00e1s K\u00e9tf\u00e9le \u00cdz\u0171 Vape | K\u00e9t \u00cdz, Egy Eszk\u00f6z, Kevesebb Magabiztoss\u00e1g"},"content":{"rendered":"<h2 data-v-md-heading=\"what-s-special-about-bang-leader-30k-30000-dual-flavored-vapes\" data-v-md-line=\"3\"><img loading=\"lazy\" decoding=\"async\" class=\"aligncenter size-full wp-image-24170\" src=\"https:\/\/agoravape.com\/wp-content\/uploads\/2026\/01\/Bang-Leader-30k-30000-Puffs-Dual-Flavor-Vape-Two-Flavours-One-Device-Less-Hassle_Agora_vape-9-scaled.webp\" alt=\"\" width=\"2560\" height=\"1444\" srcset=\"https:\/\/agoravape.com\/wp-content\/uploads\/2026\/01\/Bang-Leader-30k-30000-Puffs-Dual-Flavor-Vape-Two-Flavours-One-Device-Less-Hassle_Agora_vape-9-scaled.webp 2560w, https:\/\/agoravape.com\/wp-content\/uploads\/2026\/01\/Bang-Leader-30k-30000-Puffs-Dual-Flavor-Vape-Two-Flavours-One-Device-Less-Hassle_Agora_vape-9-scaled-1200x677.webp 1200w, https:\/\/agoravape.com\/wp-content\/uploads\/2026\/01\/Bang-Leader-30k-30000-Puffs-Dual-Flavor-Vape-Two-Flavours-One-Device-Less-Hassle_Agora_vape-9-300x169.webp 300w, https:\/\/agoravape.com\/wp-content\/uploads\/2026\/01\/Bang-Leader-30k-30000-Puffs-Dual-Flavor-Vape-Two-Flavours-One-Device-Less-Hassle_Agora_vape-9-1024x577.webp 1024w, https:\/\/agoravape.com\/wp-content\/uploads\/2026\/01\/Bang-Leader-30k-30000-Puffs-Dual-Flavor-Vape-Two-Flavours-One-Device-Less-Hassle_Agora_vape-9-768x433.webp 768w, https:\/\/agoravape.com\/wp-content\/uploads\/2026\/01\/Bang-Leader-30k-30000-Puffs-Dual-Flavor-Vape-Two-Flavours-One-Device-Less-Hassle_Agora_vape-9-1536x866.webp 1536w, https:\/\/agoravape.com\/wp-content\/uploads\/2026\/01\/Bang-Leader-30k-30000-Puffs-Dual-Flavor-Vape-Two-Flavours-One-Device-Less-Hassle_Agora_vape-9-2048x1155.webp 2048w, https:\/\/agoravape.com\/wp-content\/uploads\/2026\/01\/Bang-Leader-30k-30000-Puffs-Dual-Flavor-Vape-Two-Flavours-One-Device-Less-Hassle_Agora_vape-9-18x10.webp 18w\" sizes=\"auto, (max-width: 2560px) 100vw, 2560px\" \/> <img loading=\"lazy\" decoding=\"async\" class=\"aligncenter size-full wp-image-24163\" src=\"https:\/\/agoravape.com\/wp-content\/uploads\/2026\/01\/Bang-Leader-30k-30000-Puffs-Dual-Flavor-Vape-Two-Flavours-One-Device-Less-Hassle_Agora_vape-2.webp\" alt=\"\" width=\"1920\" height=\"899\" srcset=\"https:\/\/agoravape.com\/wp-content\/uploads\/2026\/01\/Bang-Leader-30k-30000-Puffs-Dual-Flavor-Vape-Two-Flavours-One-Device-Less-Hassle_Agora_vape-2.webp 1920w, https:\/\/agoravape.com\/wp-content\/uploads\/2026\/01\/Bang-Leader-30k-30000-Puffs-Dual-Flavor-Vape-Two-Flavours-One-Device-Less-Hassle_Agora_vape-2-1200x562.webp 1200w, https:\/\/agoravape.com\/wp-content\/uploads\/2026\/01\/Bang-Leader-30k-30000-Puffs-Dual-Flavor-Vape-Two-Flavours-One-Device-Less-Hassle_Agora_vape-2-300x140.webp 300w, https:\/\/agoravape.com\/wp-content\/uploads\/2026\/01\/Bang-Leader-30k-30000-Puffs-Dual-Flavor-Vape-Two-Flavours-One-Device-Less-Hassle_Agora_vape-2-1024x479.webp 1024w, https:\/\/agoravape.com\/wp-content\/uploads\/2026\/01\/Bang-Leader-30k-30000-Puffs-Dual-Flavor-Vape-Two-Flavours-One-Device-Less-Hassle_Agora_vape-2-768x360.webp 768w, https:\/\/agoravape.com\/wp-content\/uploads\/2026\/01\/Bang-Leader-30k-30000-Puffs-Dual-Flavor-Vape-Two-Flavours-One-Device-Less-Hassle_Agora_vape-2-1536x719.webp 1536w, https:\/\/agoravape.com\/wp-content\/uploads\/2026\/01\/Bang-Leader-30k-30000-Puffs-Dual-Flavor-Vape-Two-Flavours-One-Device-Less-Hassle_Agora_vape-2-18x8.webp 18w\" sizes=\"auto, (max-width: 1920px) 100vw, 1920px\" \/><\/h2>\n<h2 data-v-md-heading=\"what-s-special-about-bang-leader-30k-30000-dual-flavored-vapes\" data-v-md-line=\"3\">Mi a k\u00fcl\u00f6nleges a Bang Leader 30K 30000 dupla \u00edzes\u00edt\u00e9s\u0171 vape-ekben?<\/h2>\n<p data-v-md-line=\"5\">Ha eleged van az eldobhat\u00f3 vape-ekb\u0151l, amik csak egy napig b\u00edrj\u00e1k, azt\u00e1n elvesz\u00edtik a frissess\u00e9g\u00fcket (vagy egyszer\u0171en nem b\u00edrj\u00e1k), akkor a Bang Leader 30K az ide\u00e1lis v\u00e1laszt\u00e1s. Ak\u00e1r 30000 portos akkumul\u00e1tor-\u00fczemid\u0151vel rendelkezik, \u00e9s k\u00e9t \u00edzt is k\u00e9pes biztos\u00edtani ugyanazon a k\u00e9sz\u00fcl\u00e9ken. Ha szereted v\u00e1ltogatni az \u00edzeket, de nem akarsz tartal\u00e9k k\u00e9sz\u00fcl\u00e9ket magaddal vinni, akkor ez mindenk\u00e9ppen a b\u00f6lcs v\u00e1laszt\u00e1sod.<\/p>\n<p data-v-md-line=\"7\">\u00dagy \u00e9rezheti, hogy egy ilyen nagy kapacit\u00e1s\u00fa vape a zseb\u00e9ben olyan neh\u00e9z lenne, mint egy t\u00e9gla. De egy nagy kapacit\u00e1s\u00fa eldobhat\u00f3 vape eset\u00e9ben a s\u00falya meglep\u0151en k\u00f6nny\u0171, \u00e9s a kett\u0151s \u00edzvil\u00e1g\u00fa kialak\u00edt\u00e1s frissen tarthatja az \u00edzlel\u0151bimb\u00f3kat az \u00e9lm\u00e9ny sor\u00e1n.<\/p>\n<h2 data-v-md-heading=\"excellent-performance-and-easy-operation\" data-v-md-line=\"9\">Kiv\u00e1l\u00f3 teljes\u00edtm\u00e9ny \u00e9s egyszer\u0171 kezelhet\u0151s\u00e9g<\/h2>\n<p data-v-md-line=\"11\">A Bang tervez\u00e9si koncepci\u00f3ja egyszer\u0171: az 1,0 \u03a9-os h\u00e1l\u00f3tekercs seg\u00edt fenntartani a stabil \u00edzt \u00e9s elker\u00fclni az id\u0151 el\u0151tti roml\u00e1st; Amikor az akkumul\u00e1tor lemer\u00fclt, a Type-C csatlakoz\u00f3n kereszt\u00fcl t\u00f6lthet\u0151. Ez az a k\u00e1bel, amit minden nap haszn\u00e1lhatsz. Minden k\u00e9zben van.<\/p>\n<h2 data-v-md-heading=\"quick-specifications\" data-v-md-line=\"13\">Gyors specifik\u00e1ci\u00f3k<\/h2>\n<ul data-v-md-line=\"14\">\n<li>Doh\u00e1nyz\u00e1si gyakoris\u00e1g: ak\u00e1r 30 000 slukk<\/li>\n<li>Nikotintartalom: Nincs egy\u00e9rtelm\u0171en felt\u00fcntetve a term\u00e9kadatokban (k\u00e9rj\u00fck, \u00e9rdekl\u0151dj\u00f6n t\u0151l\u00fcnk az EU-ban aktu\u00e1lisan el\u00e9rhet\u0151 lehet\u0151s\u00e9gekr\u0151l)<\/li>\n<li>Haszn\u00e1lat: Egyszer\u0171en l\u00e9legezze be az aktiv\u00e1l\u00e1shoz<\/li>\n<li>T\u00f6lt\u00e9si m\u00f3d: C t\u00edpus\u00fa USB interf\u00e9sz<\/li>\n<li>Akkumul\u00e1tor kapacit\u00e1sa: 650mAh<\/li>\n<li>Porlaszt\u00f3 mag: 1,0 \u03a9 h\u00e1l\u00f3s porlaszt\u00f3 mag<\/li>\n<li>Term\u00e9k s\u00falya: 118 gramm<\/li>\n<li>Term\u00e9k \u00e1llapota: Kicsomagol\u00e1s ut\u00e1n haszn\u00e1latra k\u00e9sz<\/li>\n<\/ul>\n<h2 data-v-md-heading=\"complete-flavor-lineup\" data-v-md-line=\"23\">Teljes \u00edzv\u00e1laszt\u00e9k<\/h2>\n<ul data-v-md-line=\"1\">\n<li>G\u00f6r\u00f6gdinnye j\u00e9g, \u00e1fony\u00e1s menta<\/li>\n<li>G\u00f6r\u00f6gdinnye j\u00e9g, eper \u00e9s mang\u00f3<\/li>\n<li>Eper \u00e9s g\u00f6r\u00f6gdinnye, kivi, maracuja, guava<\/li>\n<li>Eper \u00e9s g\u00f6r\u00f6gdinnye, sz\u0151l\u0151fagylalt<\/li>\n<li>\u00c1fonya, m\u00e1lna, \u0151szibarack, mang\u00f3, g\u00f6r\u00f6gdinnye<\/li>\n<li>\u00c1fonya M\u00e1lna, Vegyes Pen\u00e9szes Gy\u00fcm\u00f6lcs<\/li>\n<li>\u00c1fony\u00e1s j\u00e9g, Fekete S\u00e1rk\u00e1ny j\u00e9g<\/li>\n<li>\u00c1fony\u00e1s j\u00e9g, eper \u00e9s ban\u00e1n<\/li>\n<li>Red Bull, \u00e1fony\u00e1s g\u00f6r\u00f6gdinnye<\/li>\n<li>Red Bull, g\u00f6r\u00f6gdinnye bubor\u00e9kcukorka<\/li>\n<li>Eper-kivi, \u0151szibarack-j\u00e9g<\/li>\n<li>Eper-kivi, savany\u00fa alma-m\u00e1lna<\/li>\n<\/ul>\n<h2 data-v-md-heading=\"tailored-for-you-and-your-business\" data-v-md-line=\"37\">\u00d6nre \u00e9s v\u00e1llalkoz\u00e1s\u00e1ra szabva<\/h2>\n<p data-v-md-line=\"39\">A Bang Leader 30K-t egy\u00e9ni haszn\u00e1latra is megv\u00e1s\u00e1rolhatja. Ha \u00fczletet \u00fczemeltet, vagy csapat sz\u00e1m\u00e1ra v\u00e1s\u00e1rol, nagykereskedelmi csomagol\u00e1st is k\u00edn\u00e1lunk 200 egys\u00e9g\/doboz eset\u00e9n (csomagol\u00e1si m\u00e9ret: 65 \u00d7 31 \u00d7 26 cm, kb. 23 kg).<\/p>\n<p data-v-md-line=\"41\">Logisztika ter\u00e9n a z\u00f6kken\u0151mentes EU-s sz\u00e1ll\u00edt\u00e1sra \u00f6sszpontos\u00edtunk, \u00e9s megb\u00edzhat\u00f3 logisztikai partnerekkel, p\u00e9ld\u00e1ul a UPS-szel, a DPD-vel \u00e9s a DHL-lel m\u0171k\u00f6d\u00fcnk egy\u00fctt, hogy ne \u00e9rhesse \u00d6nt v\u00e1ratlan helyzet a v\u00e1mkezel\u00e9s sor\u00e1n. Ha ad\u00f3fizet\u00e9ses\/DDP t\u00edpus\u00fa sz\u00e1ll\u00edt\u00e1si m\u00f3dra van sz\u00fcks\u00e9ge, k\u00e9rj\u00fck, vegye fel vel\u00fcnk a kapcsolatot, \u00e9s mi aj\u00e1nljuk az \u00d6n orsz\u00e1g\u00e1nak\/r\u00e9gi\u00f3j\u00e1nak megfelel\u0151 \u00fatvonalat.<\/p>\n<h2 data-v-md-heading=\"the-reason-why-you-will-like-it\" data-v-md-line=\"43\">Az ok, ami\u00e9rt tetszeni fog<\/h2>\n<ul data-v-md-line=\"44\">\n<li>Tart\u00f3s \u00e9s hossz\u00fa \u00e9lettartam\u00fa: Hosszabb \u00e9lettartam\u00e1nak k\u00f6sz\u00f6nhet\u0151en nincs sz\u00fcks\u00e9g gyakori cser\u00e9re.<\/li>\n<li>Kett\u0151s \u00edz be\u00e1ll\u00edt\u00e1s: Az \u00edzek k\u00f6z\u00f6tt \u00faj k\u00e9sz\u00fcl\u00e9k kinyit\u00e1sa n\u00e9lk\u00fcl v\u00e1lthat.<\/li>\n<li>\u00dajrat\u00f6lthet\u0151: Seg\u00edt a k\u00e9sz\u00fcl\u00e9k teljes kihaszn\u00e1l\u00e1s\u00e1ban \u00e9s a korai selejtez\u00e9s elker\u00fcl\u00e9s\u00e9ben.<\/li>\n<li>H\u00e1l\u00f3s tekercs: Biztos\u00edtja az \u00e1lland\u00f3 \u00edzt az elej\u00e9t\u0151l a v\u00e9g\u00e9ig.<\/li>\n<\/ul>\n<h2 data-v-md-heading=\"why-choose-agoravape\" data-v-md-line=\"49\">Mi\u00e9rt v\u00e1lassza az AgoraVape-et?<\/h2>\n<p data-v-md-line=\"51\">Soha nem \u00e1rulunk ismeretlen eredet\u0171 \u00e1rukat. Az AgoraVape eredeti term\u00e9keket k\u00edn\u00e1l, megb\u00edzhat\u00f3 szolg\u00e1ltat\u00e1st, korrekt \u00e1rakat \u00e9s gyors, kiz\u00e1r\u00f3lag az EU-ban t\u00f6rt\u00e9n\u0151 kisz\u00e1ll\u00edt\u00e1st biztos\u00edtva h\u00e9tk\u00f6znapi fogyaszt\u00f3k \u00e9s nagykeresked\u0151k sz\u00e1m\u00e1ra. Szeretne Bang Leader 30k 30000 kett\u0151s \u00edzes\u00edt\u00e9s\u0171 vape-eket v\u00e1s\u00e1rolni? K\u00e9rj\u00fck, hagyjon nek\u00fcnk \u00fczenetet, \u00e9s mi kiv\u00e1lasztjuk az \u00d6n piac\u00e1nak legmegfelel\u0151bb megold\u00e1st.<\/p>","protected":false},"excerpt":{"rendered":"<p>&nbsp;<\/p>","protected":false},"featured_media":24175,"comment_status":"open","ping_status":"closed","template":"","meta":[],"product_brand":[197],"product_cat":[124,187,188,189,1637,123,195,174,175,193,191,179,173,186,180,190,192],"product_tag":[],"class_list":{"0":"post-24148","1":"product","2":"type-product","3":"status-publish","4":"has-post-thumbnail","6":"product_brand-bang","7":"product_cat-vape-by-brand","8":"product_cat-0mg-nicotine-free-vapes","9":"product_cat-10mg-low-nicotine-vapes","10":"product_cat-20mg-standard-nicotine-vapes","11":"product_cat-30000-puffs","12":"product_cat-bang","13":"product_cat-dual-flavor-switch","14":"product_cat-fruit-flavors","15":"product_cat-icy-mint","16":"product_cat-mesh-coil","17":"product_cat-rechargeable-disposables","18":"product_cat-unique-blends","19":"product_cat-vape-by-flavor-profile","20":"product_cat-vape-by-nicotine-strength","21":"product_cat-vape-by-puff-count","22":"product_cat-vape-by-feature-or-type","23":"product_cat-vapes-with-screens","25":"first","26":"onbackorder","27":"shipping-taxable","28":"purchasable","29":"product-type-variable","30":"has-default-attributes"},"tiered_pricing_type":"percentage","tiered_pricing_fixed_rules":[],"tiered_pricing_product_settings":{"layout":"default","base_unit_name":{"singular":null,"plural":null},"default_variation":null},"tiered_pricing_minimum_quantity":10,"tiered_pricing_roles_data":[],"tiered_pricing_percentage_rules":{"30":"10","50":"15","100":"19","200":"26","500":"33","1000":"40"},"tiered_pricing_maximum_quantity":null,"tiered_pricing_quantity_step":"10","_links":{"self":[{"href":"https:\/\/agoravape.com\/hu\/wp-json\/wp\/v2\/product\/24148","targetHints":{"allow":["GET"]}}],"collection":[{"href":"https:\/\/agoravape.com\/hu\/wp-json\/wp\/v2\/product"}],"about":[{"href":"https:\/\/agoravape.com\/hu\/wp-json\/wp\/v2\/types\/product"}],"replies":[{"embeddable":true,"href":"https:\/\/agoravape.com\/hu\/wp-json\/wp\/v2\/comments?post=24148"}],"version-history":[{"count":1,"href":"https:\/\/agoravape.com\/hu\/wp-json\/wp\/v2\/product\/24148\/revisions"}],"predecessor-version":[{"id":29803,"href":"https:\/\/agoravape.com\/hu\/wp-json\/wp\/v2\/product\/24148\/revisions\/29803"}],"wp:featuredmedia":[{"embeddable":true,"href":"https:\/\/agoravape.com\/hu\/wp-json\/wp\/v2\/media\/24175"}],"wp:attachment":[{"href":"https:\/\/agoravape.com\/hu\/wp-json\/wp\/v2\/media?parent=24148"}],"wp:term":[{"taxonomy":"product_brand","embeddable":true,"href":"https:\/\/agoravape.com\/hu\/wp-json\/wp\/v2\/product_brand?post=24148"},{"taxonomy":"product_cat","embeddable":true,"href":"https:\/\/agoravape.com\/hu\/wp-json\/wp\/v2\/product_cat?post=24148"},{"taxonomy":"product_tag","embeddable":true,"href":"https:\/\/agoravape.com\/hu\/wp-json\/wp\/v2\/product_tag?post=24148"}],"curies":[{"name":"wp","href":"https:\/\/api.w.org\/{rel}","templated":true}]}}