{"id":24178,"date":"2026-01-26T16:31:01","date_gmt":"2026-01-26T08:31:01","guid":{"rendered":"https:\/\/agoravape.com\/?post_type=product&#038;p=24178"},"modified":"2026-02-22T15:13:45","modified_gmt":"2026-02-22T14:13:45","slug":"bang-leader-32k-32000-puffs","status":"publish","type":"product","link":"https:\/\/agoravape.com\/hu\/product\/bang-leader-32k-32000-puffs\/","title":{"rendered":"Bang Leader 32k 32000 F\u00faj\u00e1s Dupla H\u00e1l\u00f3s Vape | Nagy F\u00faj\u00e1sok Sz\u00e1ma, Egyszer\u0171 Mindennapi Haszn\u00e1lat"},"content":{"rendered":"<h2 data-v-md-heading=\"what-is-the-special-feature-of-bang-leader-32k-32000-dual-network-atomizer\" data-v-md-line=\"3\"><img loading=\"lazy\" decoding=\"async\" class=\"aligncenter size-full wp-image-24201\" src=\"https:\/\/agoravape.com\/wp-content\/uploads\/2026\/01\/Bang-Leader-32k-32000-Puffs-Dual-Mesh-Vape-Big-Puff-Count-Simple-Everyday-Use_Agora_vape-10.webp\" alt=\"\" width=\"2275\" height=\"1279\" srcset=\"https:\/\/agoravape.com\/wp-content\/uploads\/2026\/01\/Bang-Leader-32k-32000-Puffs-Dual-Mesh-Vape-Big-Puff-Count-Simple-Everyday-Use_Agora_vape-10.webp 2275w, https:\/\/agoravape.com\/wp-content\/uploads\/2026\/01\/Bang-Leader-32k-32000-Puffs-Dual-Mesh-Vape-Big-Puff-Count-Simple-Everyday-Use_Agora_vape-10-1200x675.webp 1200w, https:\/\/agoravape.com\/wp-content\/uploads\/2026\/01\/Bang-Leader-32k-32000-Puffs-Dual-Mesh-Vape-Big-Puff-Count-Simple-Everyday-Use_Agora_vape-10-300x169.webp 300w, https:\/\/agoravape.com\/wp-content\/uploads\/2026\/01\/Bang-Leader-32k-32000-Puffs-Dual-Mesh-Vape-Big-Puff-Count-Simple-Everyday-Use_Agora_vape-10-1024x576.webp 1024w, https:\/\/agoravape.com\/wp-content\/uploads\/2026\/01\/Bang-Leader-32k-32000-Puffs-Dual-Mesh-Vape-Big-Puff-Count-Simple-Everyday-Use_Agora_vape-10-768x432.webp 768w, https:\/\/agoravape.com\/wp-content\/uploads\/2026\/01\/Bang-Leader-32k-32000-Puffs-Dual-Mesh-Vape-Big-Puff-Count-Simple-Everyday-Use_Agora_vape-10-1536x864.webp 1536w, https:\/\/agoravape.com\/wp-content\/uploads\/2026\/01\/Bang-Leader-32k-32000-Puffs-Dual-Mesh-Vape-Big-Puff-Count-Simple-Everyday-Use_Agora_vape-10-2048x1151.webp 2048w, https:\/\/agoravape.com\/wp-content\/uploads\/2026\/01\/Bang-Leader-32k-32000-Puffs-Dual-Mesh-Vape-Big-Puff-Count-Simple-Everyday-Use_Agora_vape-10-18x10.webp 18w\" sizes=\"auto, (max-width: 2275px) 100vw, 2275px\" \/> <img loading=\"lazy\" decoding=\"async\" class=\"aligncenter size-full wp-image-24192\" src=\"https:\/\/agoravape.com\/wp-content\/uploads\/2026\/01\/Bang-Leader-32k-32000-Puffs-Dual-Mesh-Vape-Big-Puff-Count-Simple-Everyday-Use_Agora_vape-1.webp\" alt=\"\" width=\"1280\" height=\"1706\" srcset=\"https:\/\/agoravape.com\/wp-content\/uploads\/2026\/01\/Bang-Leader-32k-32000-Puffs-Dual-Mesh-Vape-Big-Puff-Count-Simple-Everyday-Use_Agora_vape-1.webp 1280w, https:\/\/agoravape.com\/wp-content\/uploads\/2026\/01\/Bang-Leader-32k-32000-Puffs-Dual-Mesh-Vape-Big-Puff-Count-Simple-Everyday-Use_Agora_vape-1-1200x1599.webp 1200w, https:\/\/agoravape.com\/wp-content\/uploads\/2026\/01\/Bang-Leader-32k-32000-Puffs-Dual-Mesh-Vape-Big-Puff-Count-Simple-Everyday-Use_Agora_vape-1-225x300.webp 225w, https:\/\/agoravape.com\/wp-content\/uploads\/2026\/01\/Bang-Leader-32k-32000-Puffs-Dual-Mesh-Vape-Big-Puff-Count-Simple-Everyday-Use_Agora_vape-1-768x1024.webp 768w, https:\/\/agoravape.com\/wp-content\/uploads\/2026\/01\/Bang-Leader-32k-32000-Puffs-Dual-Mesh-Vape-Big-Puff-Count-Simple-Everyday-Use_Agora_vape-1-1152x1536.webp 1152w, https:\/\/agoravape.com\/wp-content\/uploads\/2026\/01\/Bang-Leader-32k-32000-Puffs-Dual-Mesh-Vape-Big-Puff-Count-Simple-Everyday-Use_Agora_vape-1-9x12.webp 9w\" sizes=\"auto, (max-width: 1280px) 100vw, 1280px\" \/><\/h2>\n<h2 data-v-md-heading=\"what-is-the-special-feature-of-bang-leader-32k-32000-dual-network-atomizer\" data-v-md-line=\"3\">Mi a Bang Leader 32k 32000 kett\u0151s h\u00e1l\u00f3zat\u00fa porlaszt\u00f3 k\u00fcl\u00f6nleges tulajdons\u00e1ga?<\/h2>\n<p data-v-md-line=\"5\">Ha eleged van azokb\u00f3l a vape-ekb\u0151l, amik m\u00e1r az els\u0151 finom \u00e9telek \u00edzes\u00edt\u00e9se ut\u00e1n lemer\u00fclnek, akkor a Bang Leader 32k az ide\u00e1lis v\u00e1laszt\u00e1s. Hossz\u00fa t\u00e1v\u00fa haszn\u00e1latra tervezt\u00e9k (ak\u00e1r 32000 t\u00f6lt\u00e9si ciklusig), \u00e9s rendk\u00edv\u00fcl k\u00f6nnyen kezelhet\u0151. V\u00e1lassz egy kett\u0151s \u00edzkombin\u00e1ci\u00f3t, igy\u00e1l egy kortyot, \u00e9s m\u00e1ris \u00e9lvezheted.<\/p>\n<p data-v-md-line=\"7\">Azt gondolhatod, hogy egy ilyen hossz\u00fa akkumul\u00e1tor-\u00fczemid\u0151vel rendelkez\u0151 vape neh\u00e9z, mint egy t\u00e9gla, de val\u00f3j\u00e1ban nagyon k\u00f6nny\u0171 k\u00e9zben tartani. A s\u00falya k\u00f6r\u00fclbel\u00fcl 94 gramm, massz\u00edv \u00e9rzetet kelt, de nem fogod \u00fagy \u00e9rezni, hogy a zseb t\u00fal neh\u00e9z.<\/p>\n<h2 data-v-md-heading=\"excellent-performance-and-easy-operation\" data-v-md-line=\"9\">Kiv\u00e1l\u00f3 teljes\u00edtm\u00e9ny \u00e9s egyszer\u0171 kezelhet\u0151s\u00e9g<\/h2>\n<p data-v-md-line=\"11\">A Bang Leader 1,0 \u03a9-os h\u00e1l\u00f3s porlaszt\u00f3magot haszn\u00e1l az \u00e1lland\u00f3 \u00edz biztos\u00edt\u00e1sa \u00e9rdek\u00e9ben, ellent\u00e9tben n\u00e9h\u00e1ny m\u00e1s term\u00e9kkel. <a class=\"wpil_keyword_link\" href=\"https:\/\/agoravape.com\/hu\/vape-puff-szam-szerint\/10000-puff-nagy-kapacitasu\/\" target=\"_blank\" rel=\"noopener\" title=\"10 000+ f\u00faj\u00e1s (nagy kapacit\u00e1s)\" data-wpil-keyword-link=\"linked\" data-wpil-monitor-id=\"7149\">nagy kapacit\u00e1s\u00fa eldobhat\u00f3<\/a> olyan vape-ek, ahol az \u00edz n\u00e9h\u00e1ny nap ut\u00e1n meredeken cs\u00f6kken. Amikor az akkumul\u00e1tor lemer\u00fclt, a Type-C csatlakoz\u00f3n kereszt\u00fcl t\u00f6lthet\u0151, ami azt jelenti, hogy ugyanazt az adatk\u00e1belt haszn\u00e1lhatod, amellyel esetleg m\u00e1r felt\u00f6lt\u00f6tted a telefonodat. Minden k\u00e9zben van.<\/p>\n<h2 data-v-md-heading=\"quick-specifications\" data-v-md-line=\"13\">Gyors specifik\u00e1ci\u00f3k<\/h2>\n<ul data-v-md-line=\"14\">\n<li>Doh\u00e1nyz\u00e1si gyakoris\u00e1g: ak\u00e1r 32000 slukk<\/li>\n<li>Akkumul\u00e1tor kapacit\u00e1sa: 650mAh (\u00fajrat\u00f6lthet\u0151)<\/li>\n<li>Porlaszt\u00f3 mag: 1,0 \u03a9 h\u00e1l\u00f3s porlaszt\u00f3 mag<\/li>\n<li>Haszn\u00e1lat: L\u00e9legezze be az aktiv\u00e1l\u00e1shoz<\/li>\n<li>T\u00f6lt\u0151fel\u00fclet: C t\u00edpus\u00fa csatlakoz\u00f3<\/li>\n<li>\u00cdzv\u00e1laszt\u00e1s: Minden eszk\u00f6z kett\u0151s \u00edzes\u00edt\u00e9s\u0171<\/li>\n<li>\u00c1llapot: Kicsomagol\u00e1s ut\u00e1n azonnal haszn\u00e1lhat\u00f3<\/li>\n<\/ul>\n<h2 data-v-md-heading=\"complete-taste-list\" data-v-md-line=\"22\">Teljes \u00edzlista<\/h2>\n<ul data-v-md-line=\"23\">\n<li>G\u00f6r\u00f6gdinnye j\u00e9g, \u00e1fonya menta<\/li>\n<li>G\u00f6r\u00f6gdinnye j\u00e9g, eper \u00e9s mang\u00f3<\/li>\n<li>Eper \u00e9s g\u00f6r\u00f6gdinnye, kivi, maracuja, guava<\/li>\n<li>Eper \u00e9s g\u00f6r\u00f6gdinnye, sz\u0151l\u0151fagylalt<\/li>\n<li>\u00c1fonya, M\u00e1lna, \u0150szibarack, Mang\u00f3, G\u00f6r\u00f6gdinnye<\/li>\n<li>\u00c1fony\u00e1s g\u00f6r\u00f6gdinnye, eper-mang\u00f3<\/li>\n<li>\u00c1fony\u00e1s j\u00e9g, fekete s\u00e1rk\u00e1ny j\u00e9g<\/li>\n<li>\u00c1fony\u00e1s j\u00e9g, eper \u00e9s ban\u00e1n<\/li>\n<li>Red Bull, \u00e1fony\u00e1s-g\u00f6r\u00f6gdinnye<\/li>\n<li>Red Bull, g\u00f6r\u00f6gdinnye bubor\u00e9kcukor<\/li>\n<li>Eper-kivi, \u0151szibarackfagylalt<\/li>\n<li>Eper-kivi, savany\u00fa alma-m\u00e1lna<\/li>\n<li>Ban\u00e1nfagylalt, \u00e1fony\u00e1s cseresznye<\/li>\n<li>Avok\u00e1d\u00f3 j\u00e9g, citrom-lime<\/li>\n<li>Cola Ice, Cseresznye-\u00c1fonya<\/li>\n<li>Anan\u00e1szfagylalt, tripla mang\u00f3<\/li>\n<li>Licsi j\u00e9g, mang\u00f3, \u0151szibarack, anan\u00e1sz<\/li>\n<li>M\u00e9zdinnye, G\u00f6r\u00f6gdinnye M\u00e1lna<\/li>\n<\/ul>\n<h2 data-v-md-heading=\"suitable-for-you-and-your-business\" data-v-md-line=\"42\">Alkalmas \u00d6nnek \u00e9s v\u00e1llalkoz\u00e1s\u00e1nak<\/h2>\n<p data-v-md-line=\"44\">A Bang Leader 32k-t egyszer\u0171, k\u00f6nnyen haszn\u00e1lhat\u00f3 \u00e9s tart\u00f3s eldobhat\u00f3 vape-k\u00e9nt haszn\u00e1lhatod szem\u00e9lyes haszn\u00e1latra. Ha boltot \u00fczemeltetsz, vagy online v\u00e1s\u00e1rolsz, ez egy tiszta nagykereskedelmi v\u00e1laszt\u00e1s is, mivel a v\u00e1s\u00e1rl\u00f3k a nagym\u00e9ret\u0171 f\u00fcsteszk\u00f6z\u00f6ket r\u00e9szes\u00edtik el\u0151nyben, amelyekhez nem kell magyar\u00e1zatot adni.<\/p>\n<p data-v-md-line=\"46\">200 egys\u00e9g\/doboz nagykereskedelmi csomagol\u00e1sban sz\u00e1ll\u00edtunk (a logisztikai tervez\u00e9shez s\u00faly- \u00e9s dobozm\u00e9ret adatokat is megadunk). Ha az EU r\u00e9gi\u00f3j\u00e1b\u00f3l v\u00e1s\u00e1rol, k\u00e9rj\u00fck, tekintse meg a legk\u00e9nyelmesebb sz\u00e1ll\u00edt\u00e1si \u00fatvonalainkat \u00e9s fuvaroz\u00e1si lehet\u0151s\u00e9geinket, hogy biztos\u00edtsa \u00e1ruja megb\u00edzhat\u00f3 k\u00e9zbes\u00edt\u00e9s\u00e9t \u00e9s elker\u00fclje a v\u00e1ratlan helyzeteket.<\/p>\n<h2 data-v-md-heading=\"reasons-why-you-will-like-it\" data-v-md-line=\"48\">Reasons why you will like it<\/h2>\n<ul data-v-md-line=\"49\">\n<li>Ultra hossz\u00fa akkumul\u00e1tor-\u00fczemid\u0151: Tart\u00f3sabb \u00e9s hosszabb \u00e9lettartam\u00fa, gyakori \u00fajrat\u00f6lt\u00e9s n\u00e9lk\u00fcl.<\/li>\n<li>Kett\u0151s \u00edzek: Nem kell k\u00e9t vape-t magaddal vinned az \u00edzek v\u00e1lt\u00e1s\u00e1hoz.<\/li>\n<li>\u00dajrat\u00f6lthet\u0151: Seg\u00edt a k\u00e9sz\u00fcl\u00e9k teljes kihaszn\u00e1l\u00e1s\u00e1ban \u00e9s a korai selejtez\u00e9s elker\u00fcl\u00e9s\u00e9ben.<\/li>\n<li>H\u00e1l\u00f3s tekercs: stabil \u00edzt biztos\u00edt \u00e9s k\u00e9nyelmes sz\u00edv\u00e1si \u00e9lm\u00e9nyt ny\u00fajt.<\/li>\n<\/ul>\n<h2 data-v-md-heading=\"why-choose-agoravape\" data-v-md-line=\"54\">Mi\u00e9rt v\u00e1lassza az AgoraVape-et?<\/h2>\n<p data-v-md-line=\"56\">Az AgoraVape elk\u00f6telezett a k\u00e9nyelmes \u00e9s hat\u00e9kony szolg\u00e1ltat\u00e1sok ny\u00fajt\u00e1sa ir\u00e1nt, 100%-os eredetis\u00e9ggaranci\u00e1val. Ha \u00d6n v\u00e1llalati v\u00e1s\u00e1rl\u00f3, megb\u00edzhat\u00f3 \u00e1ruforr\u00e1sokat, rendk\u00edv\u00fcl versenyk\u00e9pes nagykereskedelmi megold\u00e1sokat \u00e9s folyamatos \u00e9rt\u00e9kes\u00edt\u00e9s ut\u00e1ni t\u00e1mogat\u00e1st biztos\u00edtunk a fizet\u00e9s ut\u00e1n. Szeretne Bang Leader 32k 32000 kett\u0151s h\u00e1l\u00f3zat\u00fa porlaszt\u00f3t v\u00e1s\u00e1rolni? K\u00e9rj\u00fck, vegye fel vel\u00fcnk a kapcsolatot, \u00e9s seg\u00edt\u00fcnk a megfelel\u0151 \u00edz \u00e9s mennyis\u00e9g kiv\u00e1laszt\u00e1s\u00e1ban.<\/p>","protected":false},"excerpt":{"rendered":"<p>&nbsp;<\/p>","protected":false},"featured_media":24203,"comment_status":"open","ping_status":"closed","template":"","meta":[],"product_brand":[197],"product_cat":[124,187,185,188,189,123,195,1674,174,175,193,191,179,173,186,180,190],"product_tag":[],"class_list":{"0":"post-24178","1":"product","2":"type-product","3":"status-publish","4":"has-post-thumbnail","6":"product_brand-bang","7":"product_cat-vape-by-brand","8":"product_cat-0mg-nicotine-free-vapes","9":"product_cat-10000-puffs-high-capacity","10":"product_cat-10mg-low-nicotine-vapes","11":"product_cat-20mg-standard-nicotine-vapes","12":"product_cat-bang","13":"product_cat-dual-flavor-switch","14":"product_cat-eu-warehouse","15":"product_cat-fruit-flavors","16":"product_cat-icy-mint","17":"product_cat-mesh-coil","18":"product_cat-rechargeable-disposables","19":"product_cat-unique-blends","20":"product_cat-vape-by-flavor-profile","21":"product_cat-vape-by-nicotine-strength","22":"product_cat-vape-by-puff-count","23":"product_cat-vape-by-feature-or-type","25":"first","26":"instock","27":"shipping-taxable","28":"purchasable","29":"product-type-variable","30":"has-default-attributes"},"tiered_pricing_type":"percentage","tiered_pricing_fixed_rules":[],"tiered_pricing_product_settings":{"layout":"default","base_unit_name":{"singular":null,"plural":null},"default_variation":null},"tiered_pricing_minimum_quantity":10,"tiered_pricing_roles_data":[],"tiered_pricing_percentage_rules":{"30":"10","50":"18","100":"25","200":"30","500":"35","1000":"40"},"tiered_pricing_maximum_quantity":null,"tiered_pricing_quantity_step":"10","_links":{"self":[{"href":"https:\/\/agoravape.com\/hu\/wp-json\/wp\/v2\/product\/24178","targetHints":{"allow":["GET"]}}],"collection":[{"href":"https:\/\/agoravape.com\/hu\/wp-json\/wp\/v2\/product"}],"about":[{"href":"https:\/\/agoravape.com\/hu\/wp-json\/wp\/v2\/types\/product"}],"replies":[{"embeddable":true,"href":"https:\/\/agoravape.com\/hu\/wp-json\/wp\/v2\/comments?post=24178"}],"version-history":[{"count":1,"href":"https:\/\/agoravape.com\/hu\/wp-json\/wp\/v2\/product\/24178\/revisions"}],"predecessor-version":[{"id":29802,"href":"https:\/\/agoravape.com\/hu\/wp-json\/wp\/v2\/product\/24178\/revisions\/29802"}],"wp:featuredmedia":[{"embeddable":true,"href":"https:\/\/agoravape.com\/hu\/wp-json\/wp\/v2\/media\/24203"}],"wp:attachment":[{"href":"https:\/\/agoravape.com\/hu\/wp-json\/wp\/v2\/media?parent=24178"}],"wp:term":[{"taxonomy":"product_brand","embeddable":true,"href":"https:\/\/agoravape.com\/hu\/wp-json\/wp\/v2\/product_brand?post=24178"},{"taxonomy":"product_cat","embeddable":true,"href":"https:\/\/agoravape.com\/hu\/wp-json\/wp\/v2\/product_cat?post=24178"},{"taxonomy":"product_tag","embeddable":true,"href":"https:\/\/agoravape.com\/hu\/wp-json\/wp\/v2\/product_tag?post=24178"}],"curies":[{"name":"wp","href":"https:\/\/api.w.org\/{rel}","templated":true}]}}