{"id":24211,"date":"2026-01-26T16:47:12","date_gmt":"2026-01-26T08:47:12","guid":{"rendered":"https:\/\/agoravape.com\/?post_type=product&#038;p=24211"},"modified":"2026-02-22T15:14:23","modified_gmt":"2026-02-22T14:14:23","slug":"bang-leader-45k-45000-puff","status":"publish","type":"product","link":"https:\/\/agoravape.com\/hu\/product\/bang-leader-45k-45000-puffs\/","title":{"rendered":"Bang Leader 45k 45000 Puffs Switch Flavor Vape | K\u00e9t \u00edz, egy egyszer\u0171 v\u00e1lt\u00e1s"},"content":{"rendered":"<h2 data-v-md-heading=\"what-is-special-about-bang-leader-45k-45000-switchable-flavor-vapes\" data-v-md-line=\"3\"><img loading=\"lazy\" decoding=\"async\" class=\"aligncenter size-full wp-image-24238\" src=\"https:\/\/agoravape.com\/wp-content\/uploads\/2026\/01\/Bang-Leader-45k-45000-Puffs-Switch-Flavor-Vape-Two-Flavours-One-Simple-Switch_Agora_vape-8.webp\" alt=\"\" width=\"1920\" height=\"1072\" srcset=\"https:\/\/agoravape.com\/wp-content\/uploads\/2026\/01\/Bang-Leader-45k-45000-Puffs-Switch-Flavor-Vape-Two-Flavours-One-Simple-Switch_Agora_vape-8.webp 1920w, https:\/\/agoravape.com\/wp-content\/uploads\/2026\/01\/Bang-Leader-45k-45000-Puffs-Switch-Flavor-Vape-Two-Flavours-One-Simple-Switch_Agora_vape-8-1200x670.webp 1200w, https:\/\/agoravape.com\/wp-content\/uploads\/2026\/01\/Bang-Leader-45k-45000-Puffs-Switch-Flavor-Vape-Two-Flavours-One-Simple-Switch_Agora_vape-8-300x168.webp 300w, https:\/\/agoravape.com\/wp-content\/uploads\/2026\/01\/Bang-Leader-45k-45000-Puffs-Switch-Flavor-Vape-Two-Flavours-One-Simple-Switch_Agora_vape-8-1024x572.webp 1024w, https:\/\/agoravape.com\/wp-content\/uploads\/2026\/01\/Bang-Leader-45k-45000-Puffs-Switch-Flavor-Vape-Two-Flavours-One-Simple-Switch_Agora_vape-8-768x429.webp 768w, https:\/\/agoravape.com\/wp-content\/uploads\/2026\/01\/Bang-Leader-45k-45000-Puffs-Switch-Flavor-Vape-Two-Flavours-One-Simple-Switch_Agora_vape-8-1536x858.webp 1536w, https:\/\/agoravape.com\/wp-content\/uploads\/2026\/01\/Bang-Leader-45k-45000-Puffs-Switch-Flavor-Vape-Two-Flavours-One-Simple-Switch_Agora_vape-8-18x10.webp 18w\" sizes=\"auto, (max-width: 1920px) 100vw, 1920px\" \/> <img loading=\"lazy\" decoding=\"async\" class=\"aligncenter size-full wp-image-24237\" src=\"https:\/\/agoravape.com\/wp-content\/uploads\/2026\/01\/Bang-Leader-45k-45000-Puffs-Switch-Flavor-Vape-Two-Flavours-One-Simple-Switch_Agora_vape-7.webp\" alt=\"\" width=\"1920\" height=\"1018\" srcset=\"https:\/\/agoravape.com\/wp-content\/uploads\/2026\/01\/Bang-Leader-45k-45000-Puffs-Switch-Flavor-Vape-Two-Flavours-One-Simple-Switch_Agora_vape-7.webp 1920w, https:\/\/agoravape.com\/wp-content\/uploads\/2026\/01\/Bang-Leader-45k-45000-Puffs-Switch-Flavor-Vape-Two-Flavours-One-Simple-Switch_Agora_vape-7-1200x636.webp 1200w, https:\/\/agoravape.com\/wp-content\/uploads\/2026\/01\/Bang-Leader-45k-45000-Puffs-Switch-Flavor-Vape-Two-Flavours-One-Simple-Switch_Agora_vape-7-300x159.webp 300w, https:\/\/agoravape.com\/wp-content\/uploads\/2026\/01\/Bang-Leader-45k-45000-Puffs-Switch-Flavor-Vape-Two-Flavours-One-Simple-Switch_Agora_vape-7-1024x543.webp 1024w, https:\/\/agoravape.com\/wp-content\/uploads\/2026\/01\/Bang-Leader-45k-45000-Puffs-Switch-Flavor-Vape-Two-Flavours-One-Simple-Switch_Agora_vape-7-768x407.webp 768w, https:\/\/agoravape.com\/wp-content\/uploads\/2026\/01\/Bang-Leader-45k-45000-Puffs-Switch-Flavor-Vape-Two-Flavours-One-Simple-Switch_Agora_vape-7-1536x814.webp 1536w, https:\/\/agoravape.com\/wp-content\/uploads\/2026\/01\/Bang-Leader-45k-45000-Puffs-Switch-Flavor-Vape-Two-Flavours-One-Simple-Switch_Agora_vape-7-18x10.webp 18w\" sizes=\"auto, (max-width: 1920px) 100vw, 1920px\" \/><\/h2>\n<h2 data-v-md-heading=\"what-is-special-about-bang-leader-45k-45000-switchable-flavor-vapes\" data-v-md-line=\"3\">Mi a k\u00fcl\u00f6nleges a Bang Leader 45k 45000 kapcsolhat\u00f3 \u00edz\u0171 vape-ekben?<\/h2>\n<p data-v-md-line=\"5\">Ha eleged van abb\u00f3l, hogy csak egy \u00edzt kell v\u00e1lasztanod, \u00e9s f\u00e9l\u00faton unatkozol, ez a vape megk\u00f6nny\u00edti a v\u00e1lt\u00e1st. A Bang Leader 45K egykattint\u00e1sos v\u00e1lt\u00e1si kialak\u00edt\u00e1st alkalmaz, amely lehet\u0151v\u00e9 teszi, hogy k\u00e9t \u00edzt haszn\u00e1lj egy eszk\u00f6z\u00f6n, \u00edgy b\u00e1rmikor, b\u00e1rhol v\u00e1lthatsz.<\/p>\n<p data-v-md-line=\"7\">Lehet, hogy \u00fagy gondolod, hogy egy 45000 slukkra elegend\u0151 vape-t neh\u00e9z a kezedben tartani, de val\u00f3j\u00e1ban k\u00e9nyelmes a fog\u00e1s. 99 grammos s\u00faly\u00e1val massz\u00edv \u00e9s tart\u00f3s, \u00e9s nem terheli a p\u00e9nzt\u00e1rc\u00e1dat.<\/p>\n<h2 data-v-md-heading=\"excellent-performance-and-easy-operation\" data-v-md-line=\"9\">Kiv\u00e1l\u00f3 teljes\u00edtm\u00e9ny \u00e9s egyszer\u0171 kezelhet\u0151s\u00e9g<\/h2>\n<p data-v-md-line=\"11\">A Bang diz\u00e1jnja t\u00f6m\u00f6r \u00e9s letisztult. Az 1,0 \u03a9-os h\u00e1l\u00f3tekercs seg\u00edt meg\u0151rizni az \u00edz konzisztenci\u00e1j\u00e1t, elker\u00fclve a kezdeti gazdags\u00e1got, amely n\u00e9h\u00e1ny nap ut\u00e1n unalmass\u00e1 v\u00e1lik. Amikor az akkumul\u00e1tor lemer\u00fcl\u0151ben van, egy Type-C adatk\u00e1bellel t\u00f6ltheted a 650 mAh-s akkumul\u00e1tort, amely hasonl\u00f3 a telefon t\u00f6lt\u00e9s\u00e9re haszn\u00e1lt csatlakoz\u00f3hoz. Csatlakoztasd a t\u00e1pegys\u00e9get, t\u00f6ltsd fel teljesen, \u00e9s folytasd a haszn\u00e1latot.<\/p>\n<h2 data-v-md-heading=\"quick-specifications\" data-v-md-line=\"13\">Gyors specifik\u00e1ci\u00f3k<\/h2>\n<ul data-v-md-line=\"14\">\n<li>Doh\u00e1nyz\u00e1si gyakoris\u00e1g: ak\u00e1r 45000<\/li>\n<li>Nikotintartalom: nem meghat\u00e1rozott (k\u00e9rj\u00fck, tekintse meg az \u00d6n orsz\u00e1g\u00e1ban \u00e9rv\u00e9nyes k\u00e9szlet\u00fcnket)<\/li>\n<li>M\u0171k\u00f6d\u00e9si elv: Bel\u00e9gz\u00e9ses aktiv\u00e1l\u00e1s<\/li>\n<li>Porlaszt\u00f3 mag: 1,0 \u03a9 h\u00e1l\u00f3s porlaszt\u00f3 mag<\/li>\n<li>Akkumul\u00e1tor: 650mAh (\u00fajrat\u00f6lthet\u0151)<\/li>\n<li>T\u00f6lt\u0151csatlakoz\u00f3: C t\u00edpus\u00fa<\/li>\n<li>S\u00faly: 99 gramm darabonk\u00e9nt<\/li>\n<li>\u00c1llapot: Kicsomagol\u00e1s ut\u00e1n haszn\u00e1latra k\u00e9sz<\/li>\n<\/ul>\n<h2 data-v-md-heading=\"complete-flavor-lineup\" data-v-md-line=\"23\">Teljes \u00edzv\u00e1laszt\u00e9k<\/h2>\n<p data-v-md-line=\"25\">Minden eszk\u00f6z k\u00e9t \u00edzkombin\u00e1ci\u00f3val rendelkezik:<\/p>\n<ul data-v-md-line=\"26\">\n<li>G\u00f6r\u00f6gdinnye j\u00e9g, eper \u00e9s mang\u00f3<\/li>\n<li>Eper \u00e9s g\u00f6r\u00f6gdinnye, kivi, maracuja, guava<\/li>\n<li>Eper \u00e9s g\u00f6r\u00f6gdinnye, sz\u0151l\u0151fagylalt<\/li>\n<li>\u00c1fonya, m\u00e1lna, \u0151szibarack, mang\u00f3, g\u00f6r\u00f6gdinnye<\/li>\n<li>\u00c1fony\u00e1s g\u00f6r\u00f6gdinnye, eper-mang\u00f3<\/li>\n<li>\u00c1fony\u00e1s j\u00e9g, Fekete S\u00e1rk\u00e1ny j\u00e9g<\/li>\n<li>\u00c1fony\u00e1s j\u00e9g, eper \u00e9s ban\u00e1n<\/li>\n<li>Red Bull, \u00e1fony\u00e1s-g\u00f6r\u00f6gdinnye<\/li>\n<li>Red Bull, g\u00f6r\u00f6gdinnye bubor\u00e9kcukorka<\/li>\n<li>Eper kivi, \u0151szibarack j\u00e9g<\/li>\n<li>Cola Ice, cseresznye-\u00e1fonya<\/li>\n<li>Anan\u00e1sz j\u00e9g, tripla mang\u00f3<\/li>\n<li>Eperfagylalt, r\u00f3zsasz\u00edn citromfagylalt<\/li>\n<li>Cseresznye k\u00f3la, g\u00f6r\u00f6gdinnye<\/li>\n<li>Cseresznyefagyi, eper-\u00e1fonya-cseresznyefagyi<\/li>\n<li>Citrom \u00e9s lime, k\u00e9k Razzle<\/li>\n<li>M\u00e1lna Mojito \u0150szibarack J\u00e9g, Alma K\u00f6rte<\/li>\n<li>Licsi j\u00e9g, dinnyedzsem<\/li>\n<\/ul>\n<h2 data-v-md-heading=\"for-you-and-your-business\" data-v-md-line=\"45\">\u00d6nnek \u00e9s v\u00e1llalkoz\u00e1s\u00e1nak<\/h2>\n<p data-v-md-line=\"47\">Szem\u00e9lyes haszn\u00e1latra k\u00f6nnyed\u00e9n beszerezheti a Bang Leader 45K-t. Ha fizikai vagy online \u00e1ruh\u00e1zba v\u00e1s\u00e1rol, ez a term\u00e9k j\u00f3 v\u00e1laszt\u00e1s \u201ead\u00e1sv\u00e9telre\u201d, mivel a v\u00e1s\u00e1rl\u00f3k a v\u00e1lthat\u00f3 \u00edzeket \u00e9s a hossz\u00fa f\u00fcst\u00f6l\u00e9si id\u0151t r\u00e9szes\u00edtik el\u0151nyben.<\/p>\n<p data-v-md-line=\"49\">Meg kell jegyezni, hogy a term\u00e9kadatok nem jelzik egy\u00e9rtelm\u0171en a dobozonk\u00e9nti mennyis\u00e9get. Ez\u00e9rt, ha nagykereskedelmi \u00e1ron v\u00e1s\u00e1rol, k\u00e9rj\u00fck, vegye fel vel\u00fcnk a kapcsolatot, \u00e9s mi meger\u0151s\u00edtj\u00fck a dobozonk\u00e9nti mennyis\u00e9get, a legjobb \u00e1rcsomagot \u00e9s az \u00d6n orsz\u00e1g\u00e1nak\/r\u00e9gi\u00f3j\u00e1nak legmegfelel\u0151bb sz\u00e1ll\u00edt\u00e1si m\u00f3dot.<\/p>\n<h2 data-v-md-heading=\"the-reason-why-you-will-like-it\" data-v-md-line=\"51\">Az ok, ami\u00e9rt tetszeni fog<\/h2>\n<ul data-v-md-line=\"52\">\n<li>Gyakoribb doh\u00e1nyz\u00e1s: Tart\u00f3sabb \u00e9s hosszabb \u00e9lettartam\u00fa, gyakori eszk\u00f6zcsere n\u00e9lk\u00fcl.<\/li>\n<li>V\u00e1lthat\u00f3 \u00edzek: Egy vape k\u00e9t \u00edzt tartalmaz, \u00edgy frissess\u00e9get \u00e9lvezhetsz.<\/li>\n<li>\u00dajrat\u00f6lthet\u0151: Az er\u0151forr\u00e1sok val\u00f3di maximaliz\u00e1l\u00e1sa a korai \u00e1rtalmatlan\u00edt\u00e1s sz\u00fcks\u00e9gess\u00e9ge n\u00e9lk\u00fcl.<\/li>\n<li>H\u00e1l\u00f3s porlaszt\u00f3mag: stabil \u00e9s tiszta \u00edzt biztos\u00edt a berendez\u00e9s teljes \u00e9lettartama alatt.<\/li>\n<\/ul>\n<h2 data-v-md-heading=\"why-choose-to-collaborate-with-agoravape\" data-v-md-line=\"57\">Mi\u00e9rt \u00e9rdemes az AgoraVape-pel egy\u00fcttm\u0171k\u00f6dni?<\/h2>\n<p data-v-md-line=\"59\">Nem fogjuk \u00f6nk\u00e9nyesen elosztani a k\u00e9szletet. Az AgoraVape arra \u00f6sszpontos\u00edt, hogy hiteles term\u00e9keket, k\u00f6zvetlen v\u00e1laszokat \u00e9s megb\u00edzhat\u00f3 ell\u00e1t\u00e1si garanci\u00e1kat biztos\u00edtson eur\u00f3pai v\u00e1s\u00e1rl\u00f3k \u00e9s kiskeresked\u0151k sz\u00e1m\u00e1ra. Ha Bang Leader 45k 45000 kapcsolhat\u00f3 \u00edz\u0171 vape-eket szeretne v\u00e1s\u00e1rolni, k\u00e9rj\u00fck, vegye fel vel\u00fcnk a kapcsolatot, \u00e9s mi gondoskodunk a megfelel\u0151 \u00edzekr\u0151l, a megfelel\u0151 mennyis\u00e9gr\u0151l \u00e9s az \u00e1tfog\u00f3 ell\u00e1t\u00e1si tervr\u0151l, \u00edgy a folyamat egyszer\u0171 \u00e9s gondtalan.<\/p>\n<p><script src=\"chrome-extension:\/\/fpelahbljekknahkcaegamhcndkfpfnc\/iFrame.js\" type=\"text\/javascript\"><\/script><\/p>\n<p><script src=\"chrome-extension:\/\/fpelahbljekknahkcaegamhcndkfpfnc\/iFrame.js\" type=\"text\/javascript\"><\/script><\/p>","protected":false},"excerpt":{"rendered":"<p>&nbsp;<\/p>\n<p><script src=\"chrome-extension:\/\/fpelahbljekknahkcaegamhcndkfpfnc\/iFrame.js\" type=\"text\/javascript\"><\/script><\/p>\n<p><script src=\"chrome-extension:\/\/fpelahbljekknahkcaegamhcndkfpfnc\/iFrame.js\" type=\"text\/javascript\"><\/script><\/p>\n<p><script src=\"chrome-extension:\/\/fpelahbljekknahkcaegamhcndkfpfnc\/iFrame.js\" type=\"text\/javascript\"><\/script><\/p>\n<p><script src=\"chrome-extension:\/\/fpelahbljekknahkcaegamhcndkfpfnc\/iFrame.js\" type=\"text\/javascript\"><\/script><\/p>\n<p><script src=\"chrome-extension:\/\/fpelahbljekknahkcaegamhcndkfpfnc\/iFrame.js\" type=\"text\/javascript\"><\/script><\/p>","protected":false},"featured_media":24251,"comment_status":"open","ping_status":"closed","template":"","meta":[],"product_brand":[197],"product_cat":[124,187,188,189,1640,123,195,1674,174,175,193,191,179,173,186,180,190,192],"product_tag":[],"class_list":{"0":"post-24211","1":"product","2":"type-product","3":"status-publish","4":"has-post-thumbnail","6":"product_brand-bang","7":"product_cat-vape-by-brand","8":"product_cat-0mg-nicotine-free-vapes","9":"product_cat-10mg-low-nicotine-vapes","10":"product_cat-20mg-standard-nicotine-vapes","11":"product_cat-45000-puffs","12":"product_cat-bang","13":"product_cat-dual-flavor-switch","14":"product_cat-eu-warehouse","15":"product_cat-fruit-flavors","16":"product_cat-icy-mint","17":"product_cat-mesh-coil","18":"product_cat-rechargeable-disposables","19":"product_cat-unique-blends","20":"product_cat-vape-by-flavor-profile","21":"product_cat-vape-by-nicotine-strength","22":"product_cat-vape-by-puff-count","23":"product_cat-vape-by-feature-or-type","24":"product_cat-vapes-with-screens","26":"first","27":"instock","28":"shipping-taxable","29":"purchasable","30":"product-type-variable","31":"has-default-attributes"},"tiered_pricing_type":"percentage","tiered_pricing_fixed_rules":[],"tiered_pricing_product_settings":{"layout":"default","base_unit_name":{"singular":null,"plural":null},"default_variation":null},"tiered_pricing_minimum_quantity":10,"tiered_pricing_roles_data":[],"tiered_pricing_percentage_rules":{"30":"10","50":"15","100":"18","200":"25","500":"28","1000":"35"},"tiered_pricing_maximum_quantity":null,"tiered_pricing_quantity_step":"10","_links":{"self":[{"href":"https:\/\/agoravape.com\/hu\/wp-json\/wp\/v2\/product\/24211","targetHints":{"allow":["GET"]}}],"collection":[{"href":"https:\/\/agoravape.com\/hu\/wp-json\/wp\/v2\/product"}],"about":[{"href":"https:\/\/agoravape.com\/hu\/wp-json\/wp\/v2\/types\/product"}],"replies":[{"embeddable":true,"href":"https:\/\/agoravape.com\/hu\/wp-json\/wp\/v2\/comments?post=24211"}],"version-history":[{"count":0,"href":"https:\/\/agoravape.com\/hu\/wp-json\/wp\/v2\/product\/24211\/revisions"}],"wp:featuredmedia":[{"embeddable":true,"href":"https:\/\/agoravape.com\/hu\/wp-json\/wp\/v2\/media\/24251"}],"wp:attachment":[{"href":"https:\/\/agoravape.com\/hu\/wp-json\/wp\/v2\/media?parent=24211"}],"wp:term":[{"taxonomy":"product_brand","embeddable":true,"href":"https:\/\/agoravape.com\/hu\/wp-json\/wp\/v2\/product_brand?post=24211"},{"taxonomy":"product_cat","embeddable":true,"href":"https:\/\/agoravape.com\/hu\/wp-json\/wp\/v2\/product_cat?post=24211"},{"taxonomy":"product_tag","embeddable":true,"href":"https:\/\/agoravape.com\/hu\/wp-json\/wp\/v2\/product_tag?post=24211"}],"curies":[{"name":"wp","href":"https:\/\/api.w.org\/{rel}","templated":true}]}}