{"id":24265,"date":"2026-01-26T19:56:40","date_gmt":"2026-01-26T11:56:40","guid":{"rendered":"https:\/\/agoravape.com\/?post_type=product&#038;p=24265"},"modified":"2026-02-22T15:13:12","modified_gmt":"2026-02-22T14:13:12","slug":"bang-leader-50k-50000-puff","status":"publish","type":"product","link":"https:\/\/agoravape.com\/hu\/product\/bang-leader-50k-50000-puffs\/","title":{"rendered":"Bang Leader 50k 50000 F\u00faj\u00e1sos Dupla Tart\u00e1lyos Vape | K\u00e9t \u00cdz, Egy Eszk\u00f6z, Kevesebb Magabiztoss\u00e1g"},"content":{"rendered":"<h2 data-v-md-heading=\"what-is-special-about-bang-leader-s-50k-50000-pack-dual-compartment-vape\" data-v-md-line=\"3\"><img loading=\"lazy\" decoding=\"async\" class=\"aligncenter size-full wp-image-24294\" src=\"https:\/\/agoravape.com\/wp-content\/uploads\/2026\/01\/Bang-Leader-50k-50000-Puffs-Dual-Tank-Vape-Two-Flavours-One-Device-Less-Hassle_Agora_vape-7-scaled.webp\" alt=\"\" width=\"2560\" height=\"1434\" srcset=\"https:\/\/agoravape.com\/wp-content\/uploads\/2026\/01\/Bang-Leader-50k-50000-Puffs-Dual-Tank-Vape-Two-Flavours-One-Device-Less-Hassle_Agora_vape-7-scaled.webp 2560w, https:\/\/agoravape.com\/wp-content\/uploads\/2026\/01\/Bang-Leader-50k-50000-Puffs-Dual-Tank-Vape-Two-Flavours-One-Device-Less-Hassle_Agora_vape-7-scaled-1200x672.webp 1200w, https:\/\/agoravape.com\/wp-content\/uploads\/2026\/01\/Bang-Leader-50k-50000-Puffs-Dual-Tank-Vape-Two-Flavours-One-Device-Less-Hassle_Agora_vape-7-300x168.webp 300w, https:\/\/agoravape.com\/wp-content\/uploads\/2026\/01\/Bang-Leader-50k-50000-Puffs-Dual-Tank-Vape-Two-Flavours-One-Device-Less-Hassle_Agora_vape-7-1024x573.webp 1024w, https:\/\/agoravape.com\/wp-content\/uploads\/2026\/01\/Bang-Leader-50k-50000-Puffs-Dual-Tank-Vape-Two-Flavours-One-Device-Less-Hassle_Agora_vape-7-768x430.webp 768w, https:\/\/agoravape.com\/wp-content\/uploads\/2026\/01\/Bang-Leader-50k-50000-Puffs-Dual-Tank-Vape-Two-Flavours-One-Device-Less-Hassle_Agora_vape-7-1536x860.webp 1536w, https:\/\/agoravape.com\/wp-content\/uploads\/2026\/01\/Bang-Leader-50k-50000-Puffs-Dual-Tank-Vape-Two-Flavours-One-Device-Less-Hassle_Agora_vape-7-2048x1147.webp 2048w, https:\/\/agoravape.com\/wp-content\/uploads\/2026\/01\/Bang-Leader-50k-50000-Puffs-Dual-Tank-Vape-Two-Flavours-One-Device-Less-Hassle_Agora_vape-7-18x10.webp 18w\" sizes=\"auto, (max-width: 2560px) 100vw, 2560px\" \/> <img loading=\"lazy\" decoding=\"async\" class=\"aligncenter size-full wp-image-24296\" src=\"https:\/\/agoravape.com\/wp-content\/uploads\/2026\/01\/Bang-Leader-50k-50000-Puffs-Dual-Tank-Vape-Two-Flavours-One-Device-Less-Hassle_Agora_vape-9-scaled.webp\" alt=\"\" width=\"2560\" height=\"1167\" srcset=\"https:\/\/agoravape.com\/wp-content\/uploads\/2026\/01\/Bang-Leader-50k-50000-Puffs-Dual-Tank-Vape-Two-Flavours-One-Device-Less-Hassle_Agora_vape-9-scaled.webp 2560w, https:\/\/agoravape.com\/wp-content\/uploads\/2026\/01\/Bang-Leader-50k-50000-Puffs-Dual-Tank-Vape-Two-Flavours-One-Device-Less-Hassle_Agora_vape-9-scaled-1200x547.webp 1200w, https:\/\/agoravape.com\/wp-content\/uploads\/2026\/01\/Bang-Leader-50k-50000-Puffs-Dual-Tank-Vape-Two-Flavours-One-Device-Less-Hassle_Agora_vape-9-300x137.webp 300w, https:\/\/agoravape.com\/wp-content\/uploads\/2026\/01\/Bang-Leader-50k-50000-Puffs-Dual-Tank-Vape-Two-Flavours-One-Device-Less-Hassle_Agora_vape-9-1024x467.webp 1024w, https:\/\/agoravape.com\/wp-content\/uploads\/2026\/01\/Bang-Leader-50k-50000-Puffs-Dual-Tank-Vape-Two-Flavours-One-Device-Less-Hassle_Agora_vape-9-768x350.webp 768w, https:\/\/agoravape.com\/wp-content\/uploads\/2026\/01\/Bang-Leader-50k-50000-Puffs-Dual-Tank-Vape-Two-Flavours-One-Device-Less-Hassle_Agora_vape-9-1536x700.webp 1536w, https:\/\/agoravape.com\/wp-content\/uploads\/2026\/01\/Bang-Leader-50k-50000-Puffs-Dual-Tank-Vape-Two-Flavours-One-Device-Less-Hassle_Agora_vape-9-2048x934.webp 2048w, https:\/\/agoravape.com\/wp-content\/uploads\/2026\/01\/Bang-Leader-50k-50000-Puffs-Dual-Tank-Vape-Two-Flavours-One-Device-Less-Hassle_Agora_vape-9-18x8.webp 18w\" sizes=\"auto, (max-width: 2560px) 100vw, 2560px\" \/><\/h2>\n<h2 data-v-md-heading=\"what-is-special-about-bang-leader-s-50k-50000-pack-dual-compartment-vape\" data-v-md-line=\"3\"><img loading=\"lazy\" decoding=\"async\" class=\"size-full wp-image-24302 alignright\" src=\"https:\/\/agoravape.com\/wp-content\/uploads\/2026\/01\/Bang-Leader-50k-50000-Puffs-Dual-Tank-Vape-Two-Flavours-One-Device-Less-Hassle_Agora_vape-15-scaled.webp\" alt=\"\" width=\"1440\" height=\"2560\" srcset=\"https:\/\/agoravape.com\/wp-content\/uploads\/2026\/01\/Bang-Leader-50k-50000-Puffs-Dual-Tank-Vape-Two-Flavours-One-Device-Less-Hassle_Agora_vape-15-scaled.webp 1440w, https:\/\/agoravape.com\/wp-content\/uploads\/2026\/01\/Bang-Leader-50k-50000-Puffs-Dual-Tank-Vape-Two-Flavours-One-Device-Less-Hassle_Agora_vape-15-scaled-1200x2133.webp 1200w, https:\/\/agoravape.com\/wp-content\/uploads\/2026\/01\/Bang-Leader-50k-50000-Puffs-Dual-Tank-Vape-Two-Flavours-One-Device-Less-Hassle_Agora_vape-15-169x300.webp 169w, https:\/\/agoravape.com\/wp-content\/uploads\/2026\/01\/Bang-Leader-50k-50000-Puffs-Dual-Tank-Vape-Two-Flavours-One-Device-Less-Hassle_Agora_vape-15-576x1024.webp 576w, https:\/\/agoravape.com\/wp-content\/uploads\/2026\/01\/Bang-Leader-50k-50000-Puffs-Dual-Tank-Vape-Two-Flavours-One-Device-Less-Hassle_Agora_vape-15-768x1365.webp 768w, https:\/\/agoravape.com\/wp-content\/uploads\/2026\/01\/Bang-Leader-50k-50000-Puffs-Dual-Tank-Vape-Two-Flavours-One-Device-Less-Hassle_Agora_vape-15-864x1536.webp 864w, https:\/\/agoravape.com\/wp-content\/uploads\/2026\/01\/Bang-Leader-50k-50000-Puffs-Dual-Tank-Vape-Two-Flavours-One-Device-Less-Hassle_Agora_vape-15-1152x2048.webp 1152w, https:\/\/agoravape.com\/wp-content\/uploads\/2026\/01\/Bang-Leader-50k-50000-Puffs-Dual-Tank-Vape-Two-Flavours-One-Device-Less-Hassle_Agora_vape-15-7x12.webp 7w\" sizes=\"auto, (max-width: 1440px) 100vw, 1440px\" \/><\/h2>\n<h2 data-v-md-heading=\"what-is-special-about-bang-leader-s-50k-50000-pack-dual-compartment-vape\" data-v-md-line=\"3\">Mi a k\u00fcl\u00f6nleges a Bang Leader 50k 50000-es kiszerel\u00e9s\u0171, dupla rekeszes vape-j\u00e9ben?<\/h2>\n<p data-v-md-line=\"5\">Ha eleged van az eldobhat\u00f3, csak egy napig tart\u00f3, \u00e9s ut\u00e1na gyorsan illat\u00e1t vesz\u00edt\u0151 vape-ekb\u0151l, akkor ez a term\u00e9k meg\u00e9ri a figyelmedet. A Bang Leader 50k-t hossz\u00fa t\u00e1v\u00fa haszn\u00e1latra tervezt\u00e9k. \u00dajrat\u00f6lthet\u0151 kialak\u00edt\u00e1s\u00fa, \u00edgy egyetlen t\u00f6lt\u00e9ssel ak\u00e1r 50 000 slukknyi doh\u00e1nyz\u00e1si \u00e9lm\u00e9nyt is lehet\u0151v\u00e9 tesz, an\u00e9lk\u00fcl, hogy gyakran kellene cser\u00e9lni a k\u00e9sz\u00fcl\u00e9ket.<\/p>\n<p data-v-md-line=\"7\">A k\u00f6vetkez\u0151 l\u00e9p\u00e9s az, ami igaz\u00e1n vonzza az embereket. Kett\u0151s rekeszes rendszert alkalmaz (<a class=\"wpil_keyword_link\" href=\"https:\/\/agoravape.com\/hu\/vape-funkcio-vagy-tipus-szerint\/kettos-izkapcsolo\/\" target=\"_blank\" rel=\"noopener\" title=\"Kett\u0151s \u00edzv\u00e1lt\u00f3\" data-wpil-keyword-link=\"linked\" data-wpil-monitor-id=\"7186\">kett\u0151s \u00edz<\/a>) rendszer, amely lehet\u0151v\u00e9 teszi, hogy egyszerre k\u00e9t \u00edzt \u00e9lvezhessen. Azt gondolhatja, hogy egy 50 000 cigaretta elsz\u00edv\u00e1s\u00e1ra elegend\u0151 eszk\u00f6z olyan neh\u00e9z, mint egy kis t\u00e9gla, de a val\u00f3s\u00e1gban a s\u00falya \u00e9s a t\u00e9rfogata meglep\u0151en k\u00f6nny\u0171 \u00e9s k\u00f6nnyen hordozhat\u00f3.<\/p>\n<h2 data-v-md-heading=\"excellent-performance-and-easy-operation\" data-v-md-line=\"9\">Kiv\u00e1l\u00f3 teljes\u00edtm\u00e9ny \u00e9s egyszer\u0171 kezelhet\u0151s\u00e9g<\/h2>\n<p data-v-md-line=\"11\">A Bang a kulcsfontoss\u00e1g\u00fa ter\u00fcleteken az egyszer\u0171s\u00e9gre t\u00f6rekszik. Az 1,0 \u03a9-os h\u00e1l\u00f3tekercs seg\u00edt meg\u0151rizni az \u00edz\u00e9lm\u00e9nyt, \u00edgy nem fogsz f\u00fclledtnek \u00e9rezni magad, vagy megb\u00e1nni, amikor a v\u00e9g\u00e9re \u00e9rsz. Ha az akkumul\u00e1tor lemer\u00fcl, a Type-C csatlakoz\u00f3n kereszt\u00fcl is t\u00f6ltheted, ami azt jelenti, hogy a szok\u00e1sos telefont\u00f6lt\u0151 k\u00e1beled is k\u00e9pes kezelni a probl\u00e9m\u00e1t.<\/p>\n<h2 data-v-md-heading=\"quick-specifications\" data-v-md-line=\"13\">Gyors specifik\u00e1ci\u00f3k<\/h2>\n<ul data-v-md-line=\"14\">\n<li>Doh\u00e1nyz\u00e1si gyakoris\u00e1g: ak\u00e1r 50 000 slukk<\/li>\n<li>Akkumul\u00e1tor kapacit\u00e1sa: 650mAh (\u00fajrat\u00f6lthet\u0151)<\/li>\n<li>Tekercs\/Ellen\u00e1ll\u00e1s: 1,0 \u03a9 Mesh tekercs<\/li>\n<li>Haszn\u00e1lat: L\u00e9legezze be az aktiv\u00e1l\u00e1shoz<\/li>\n<li>T\u00f6lt\u0151csatlakoz\u00f3: C t\u00edpus\u00fa<\/li>\n<li>S\u00faly: 100 g darabonk\u00e9nt<\/li>\n<li>\u00c1llapot: Kicsomagol\u00e1s ut\u00e1n azonnal haszn\u00e1lhat\u00f3<\/li>\n<\/ul>\n<h2 data-v-md-heading=\"complete-flavor-lineup\" data-v-md-line=\"22\">Teljes \u00edzv\u00e1laszt\u00e9k<\/h2>\n<p data-v-md-line=\"24\">Minden k\u00e9sz\u00fcl\u00e9k kett\u0151s \u00edzkombin\u00e1ci\u00f3val van felszerelve:<\/p>\n<ul data-v-md-line=\"25\">\n<li>Eper M\u00e1lna Meggy J\u00e9g \/ Meggy<\/li>\n<li>G\u00f6r\u00f6gdinnye Eper \/ G\u00f6r\u00f6gdinnye<\/li>\n<li>Fekete sz\u0151l\u0151 \/ Z\u00f6ld sz\u0151l\u0151<\/li>\n<li>Alma, k\u00f6rte \/ kivi, maracuja, guava<\/li>\n<li>Savany\u00fa anan\u00e1szos limon\u00e1d\u00e9 \/ citromos lime<\/li>\n<li>Ban\u00e1nfagylalt \/ Mang\u00f3<\/li>\n<li>\u00c1fony\u00e1s-savany\u00fa m\u00e1lna \/ \u00e1fonya<\/li>\n<li>Csereszny\u00e9s k\u00f3la \/ R\u00f3zsasz\u00edn limon\u00e1d\u00e9<\/li>\n<li>\u00c1fony\u00e1s-m\u00e1ln\u00e1s limon\u00e1d\u00e9 \/ Epres-m\u00e1ln\u00e1s-csereszny\u00e9s j\u00e9gkr\u00e9m<\/li>\n<li>Epres kivi \/ Epres j\u00e9g<\/li>\n<li>Anan\u00e1sz maracuja \/ Anan\u00e1szfagylalt<\/li>\n<li>M\u00e1lna Mojito \/ Cseresznye M\u00e1lna Lime<\/li>\n<\/ul>\n<h2 data-v-md-heading=\"suitable-for-you-and-your-business\" data-v-md-line=\"38\">Alkalmas \u00d6nnek \u00e9s v\u00e1llalkoz\u00e1s\u00e1nak<\/h2>\n<p data-v-md-line=\"40\">A Bang Leader 50k megv\u00e1s\u00e1rolhat\u00f3 szem\u00e9lyes haszn\u00e1latra, de bolti prom\u00f3ci\u00f3hoz is nagyon praktikus. Az emberek szeretik a \u201e2 az 1-ben\u201d kialak\u00edt\u00e1st, mert kik\u00fcsz\u00f6b\u00f6li a k\u00e9t vape v\u00e1s\u00e1rl\u00e1s\u00e1nak kellemetlens\u00e9g\u00e9t az \u00edzl\u00e9sv\u00e1ltoztat\u00e1s \u00e9rdek\u00e9ben.<\/p>\n<p data-v-md-line=\"42\">Nagykereskedelmi szempontb\u00f3l a term\u00e9keket 200 darabos dobozos kiszerel\u00e9sben sz\u00e1ll\u00edtjuk. A kartondoboz m\u00e9rete 65 31 26 centim\u00e9ter, s\u00falya pedig 21,3 kilogramm, ami megk\u00f6nny\u00edti a t\u00e1rol\u00e1s \u00e9s az eloszt\u00e1s megtervez\u00e9s\u00e9t.<\/p>\n<h2 data-v-md-heading=\"reasons-why-you-will-like-it\" data-v-md-line=\"44\">Reasons why you will like it<\/h2>\n<ul data-v-md-line=\"45\">\n<li>Hossz\u00fa akkumul\u00e1tor-\u00fczemid\u0151: Tart\u00f3s \u00e9s hossz\u00fa \u00e9lettartam\u00fa, nem kell gyakran \u00faj patronokat v\u00e1s\u00e1rolni.<\/li>\n<li>Kett\u0151s \u00edzbe\u00e1ll\u00edt\u00e1s: Kett\u0151s felhaszn\u00e1l\u00e1s egyetlen g\u00e9pen, kiel\u00e9g\u00edtve a k\u00fcl\u00f6nb\u00f6z\u0151 \u00edzig\u00e9nyeket.<\/li>\n<li>\u00dajrat\u00f6lthet\u0151: Hat\u00e9konyan haszn\u00e1lja a f\u00fcstpatronokat a hullad\u00e9k cs\u00f6kkent\u00e9se \u00e9rdek\u00e9ben.<\/li>\n<li>H\u00e1l\u00f3s porlaszt\u00f3 mag: Tart\u00f3s \u00e9s stabil, kiel\u00e9g\u00edt\u0151 \u00edzt biztos\u00edt.<\/li>\n<\/ul>\n<h2 data-v-md-heading=\"why-choose-to-collaborate-with-agoravape\" data-v-md-line=\"50\">Mi\u00e9rt \u00e9rdemes az AgoraVape-pel egy\u00fcttm\u0171k\u00f6dni?<\/h2>\n<p data-v-md-line=\"52\">Az AgoraVape arra \u00f6sszpontos\u00edt, ami igaz\u00e1n fontos \u00d6nnek: eredeti term\u00e9kgarancia, \u00e1tl\u00e1that\u00f3 nagykereskedelmi logisztika \u00e9s folyamatos \u00e9rt\u00e9kes\u00edt\u00e9s ut\u00e1ni t\u00e1mogat\u00e1s. Ha \u00d6n is szeretn\u00e9 forgalmazni a Bang Leader 50k 50000 dupla porlaszt\u00f3t, k\u00e9rj\u00fck, vegye fel vel\u00fcnk a kapcsolatot, \u00e9s mi seg\u00edt\u00fcnk kiv\u00e1lasztani a megfelel\u0151 \u00edzkombin\u00e1ci\u00f3t, \u00e9s gyorsan feldolgozzuk rendel\u00e9s\u00e9t.<\/p>","protected":false},"excerpt":{"rendered":"<p>&nbsp;<\/p>","protected":false},"featured_media":24303,"comment_status":"open","ping_status":"closed","template":"","meta":[],"product_brand":[197],"product_cat":[124,187,188,189,1641,194,123,195,1674,174,175,193,191,179,173,186,180,190,192],"product_tag":[],"class_list":{"0":"post-24265","1":"product","2":"type-product","3":"status-publish","4":"has-post-thumbnail","6":"product_brand-bang","7":"product_cat-vape-by-brand","8":"product_cat-0mg-nicotine-free-vapes","9":"product_cat-10mg-low-nicotine-vapes","10":"product_cat-20mg-standard-nicotine-vapes","11":"product_cat-50000-puffs","12":"product_cat-adjustable-airflow","13":"product_cat-bang","14":"product_cat-dual-flavor-switch","15":"product_cat-eu-warehouse","16":"product_cat-fruit-flavors","17":"product_cat-icy-mint","18":"product_cat-mesh-coil","19":"product_cat-rechargeable-disposables","20":"product_cat-unique-blends","21":"product_cat-vape-by-flavor-profile","22":"product_cat-vape-by-nicotine-strength","23":"product_cat-vape-by-puff-count","24":"product_cat-vape-by-feature-or-type","25":"product_cat-vapes-with-screens","27":"first","28":"instock","29":"shipping-taxable","30":"purchasable","31":"product-type-variable","32":"has-default-attributes"},"tiered_pricing_type":"percentage","tiered_pricing_fixed_rules":[],"tiered_pricing_product_settings":{"layout":"default","base_unit_name":{"singular":null,"plural":null},"default_variation":null},"tiered_pricing_minimum_quantity":10,"tiered_pricing_roles_data":[],"tiered_pricing_percentage_rules":{"30":"9","50":"18","100":"26","200":"30","500":"32","1000":"38"},"tiered_pricing_maximum_quantity":null,"tiered_pricing_quantity_step":"10","_links":{"self":[{"href":"https:\/\/agoravape.com\/hu\/wp-json\/wp\/v2\/product\/24265","targetHints":{"allow":["GET"]}}],"collection":[{"href":"https:\/\/agoravape.com\/hu\/wp-json\/wp\/v2\/product"}],"about":[{"href":"https:\/\/agoravape.com\/hu\/wp-json\/wp\/v2\/types\/product"}],"replies":[{"embeddable":true,"href":"https:\/\/agoravape.com\/hu\/wp-json\/wp\/v2\/comments?post=24265"}],"version-history":[{"count":2,"href":"https:\/\/agoravape.com\/hu\/wp-json\/wp\/v2\/product\/24265\/revisions"}],"predecessor-version":[{"id":29879,"href":"https:\/\/agoravape.com\/hu\/wp-json\/wp\/v2\/product\/24265\/revisions\/29879"}],"wp:featuredmedia":[{"embeddable":true,"href":"https:\/\/agoravape.com\/hu\/wp-json\/wp\/v2\/media\/24303"}],"wp:attachment":[{"href":"https:\/\/agoravape.com\/hu\/wp-json\/wp\/v2\/media?parent=24265"}],"wp:term":[{"taxonomy":"product_brand","embeddable":true,"href":"https:\/\/agoravape.com\/hu\/wp-json\/wp\/v2\/product_brand?post=24265"},{"taxonomy":"product_cat","embeddable":true,"href":"https:\/\/agoravape.com\/hu\/wp-json\/wp\/v2\/product_cat?post=24265"},{"taxonomy":"product_tag","embeddable":true,"href":"https:\/\/agoravape.com\/hu\/wp-json\/wp\/v2\/product_tag?post=24265"}],"curies":[{"name":"wp","href":"https:\/\/api.w.org\/{rel}","templated":true}]}}