{"id":24308,"date":"2026-01-26T22:58:54","date_gmt":"2026-01-26T14:58:54","guid":{"rendered":"https:\/\/agoravape.com\/?post_type=product&#038;p=24308"},"modified":"2026-02-22T15:14:09","modified_gmt":"2026-02-22T14:14:09","slug":"bang-leader-80k-80000-puff","status":"publish","type":"product","link":"https:\/\/agoravape.com\/hu\/product\/bang-leader-80k-80000-puffs\/","title":{"rendered":"Bang Leader 80k 80000 Puffs 3in1 \u00cdzes\u00edt\u0151 Vape | H\u00e1rom \u00edz, egy egyszer\u0171 v\u00e1lt\u00e1s"},"content":{"rendered":"<h2 data-v-md-heading=\"what-is-the-special-feature-of-bang-leader-80k-80000-three-in-one-flavor-vape\" data-v-md-line=\"3\"><img loading=\"lazy\" decoding=\"async\" class=\"aligncenter size-full wp-image-24323\" src=\"https:\/\/agoravape.com\/wp-content\/uploads\/2026\/01\/Bang-Leader-80k-80000-Puffs-3in1-Flavor-Vape-Three-Flavours-One-Simple-Switch_Agora_vape-1.webp\" alt=\"\" width=\"2056\" height=\"1089\" srcset=\"https:\/\/agoravape.com\/wp-content\/uploads\/2026\/01\/Bang-Leader-80k-80000-Puffs-3in1-Flavor-Vape-Three-Flavours-One-Simple-Switch_Agora_vape-1.webp 2056w, https:\/\/agoravape.com\/wp-content\/uploads\/2026\/01\/Bang-Leader-80k-80000-Puffs-3in1-Flavor-Vape-Three-Flavours-One-Simple-Switch_Agora_vape-1-1200x636.webp 1200w, https:\/\/agoravape.com\/wp-content\/uploads\/2026\/01\/Bang-Leader-80k-80000-Puffs-3in1-Flavor-Vape-Three-Flavours-One-Simple-Switch_Agora_vape-1-300x159.webp 300w, https:\/\/agoravape.com\/wp-content\/uploads\/2026\/01\/Bang-Leader-80k-80000-Puffs-3in1-Flavor-Vape-Three-Flavours-One-Simple-Switch_Agora_vape-1-1024x542.webp 1024w, https:\/\/agoravape.com\/wp-content\/uploads\/2026\/01\/Bang-Leader-80k-80000-Puffs-3in1-Flavor-Vape-Three-Flavours-One-Simple-Switch_Agora_vape-1-768x407.webp 768w, https:\/\/agoravape.com\/wp-content\/uploads\/2026\/01\/Bang-Leader-80k-80000-Puffs-3in1-Flavor-Vape-Three-Flavours-One-Simple-Switch_Agora_vape-1-1536x814.webp 1536w, https:\/\/agoravape.com\/wp-content\/uploads\/2026\/01\/Bang-Leader-80k-80000-Puffs-3in1-Flavor-Vape-Three-Flavours-One-Simple-Switch_Agora_vape-1-2048x1085.webp 2048w, https:\/\/agoravape.com\/wp-content\/uploads\/2026\/01\/Bang-Leader-80k-80000-Puffs-3in1-Flavor-Vape-Three-Flavours-One-Simple-Switch_Agora_vape-1-18x10.webp 18w\" sizes=\"auto, (max-width: 2056px) 100vw, 2056px\" \/> <img loading=\"lazy\" decoding=\"async\" class=\"aligncenter size-full wp-image-24331\" src=\"https:\/\/agoravape.com\/wp-content\/uploads\/2026\/01\/Bang-Leader-80k-80000-Puffs-3in1-Flavor-Vape-Three-Flavours-One-Simple-Switch_Agora_vape-9-scaled.webp\" alt=\"\" width=\"1437\" height=\"2560\" srcset=\"https:\/\/agoravape.com\/wp-content\/uploads\/2026\/01\/Bang-Leader-80k-80000-Puffs-3in1-Flavor-Vape-Three-Flavours-One-Simple-Switch_Agora_vape-9-scaled.webp 1437w, https:\/\/agoravape.com\/wp-content\/uploads\/2026\/01\/Bang-Leader-80k-80000-Puffs-3in1-Flavor-Vape-Three-Flavours-One-Simple-Switch_Agora_vape-9-scaled-1200x2138.webp 1200w, https:\/\/agoravape.com\/wp-content\/uploads\/2026\/01\/Bang-Leader-80k-80000-Puffs-3in1-Flavor-Vape-Three-Flavours-One-Simple-Switch_Agora_vape-9-168x300.webp 168w, https:\/\/agoravape.com\/wp-content\/uploads\/2026\/01\/Bang-Leader-80k-80000-Puffs-3in1-Flavor-Vape-Three-Flavours-One-Simple-Switch_Agora_vape-9-575x1024.webp 575w, https:\/\/agoravape.com\/wp-content\/uploads\/2026\/01\/Bang-Leader-80k-80000-Puffs-3in1-Flavor-Vape-Three-Flavours-One-Simple-Switch_Agora_vape-9-768x1368.webp 768w, https:\/\/agoravape.com\/wp-content\/uploads\/2026\/01\/Bang-Leader-80k-80000-Puffs-3in1-Flavor-Vape-Three-Flavours-One-Simple-Switch_Agora_vape-9-862x1536.webp 862w, https:\/\/agoravape.com\/wp-content\/uploads\/2026\/01\/Bang-Leader-80k-80000-Puffs-3in1-Flavor-Vape-Three-Flavours-One-Simple-Switch_Agora_vape-9-1150x2048.webp 1150w, https:\/\/agoravape.com\/wp-content\/uploads\/2026\/01\/Bang-Leader-80k-80000-Puffs-3in1-Flavor-Vape-Three-Flavours-One-Simple-Switch_Agora_vape-9-7x12.webp 7w\" sizes=\"auto, (max-width: 1437px) 100vw, 1437px\" \/><\/h2>\n<h2 data-v-md-heading=\"what-is-the-special-feature-of-bang-leader-80k-80000-three-in-one-flavor-vape\" data-v-md-line=\"3\">Mi a Bang Leader 80k 80000 h\u00e1rom az egyben \u00edz\u0171 vape k\u00fcl\u00f6nleges tulajdons\u00e1ga?<\/h2>\n<p data-v-md-line=\"5\">Ha eleged van azokb\u00f3l a vape-ekb\u0151l, amik csak egy napig finomak, azt\u00e1n unalmass\u00e1 v\u00e1lnak, akkor a Bang Leader 80K k\u00e9ts\u00e9gtelen\u00fcl jobb v\u00e1laszt\u00e1s. Hossz\u00fa t\u00e1v\u00fa haszn\u00e1latra tervezt\u00e9k, \u00e9s legnagyobb el\u0151nye, hogy egy k\u00e9sz\u00fcl\u00e9kben h\u00e1rom \u00edz is lehet, \u00edgy k\u00f6nnyen v\u00e1lthatsz, ha elf\u00e1radnak az \u00edzlel\u0151bimb\u00f3id.<\/p>\n<p data-v-md-line=\"7\">Lehet, hogy \u00fagy gondolod, hogy egy 80000 portos eszk\u00f6z olyan neh\u00e9z lenne a zsebedben, mint egy t\u00e9gla, de nagyon k\u00f6nny\u0171 a kezedben tartani. Azoknak a felhaszn\u00e1l\u00f3knak, akik szeretn\u00e9k cs\u00f6kkenteni a kellemetlens\u00e9geket (cs\u00f6kkenteni a cser\u00e9k sz\u00e1m\u00e1t, cs\u00f6kkenteni az \u00fczletek l\u00e1togat\u00e1sainak sz\u00e1m\u00e1t) \u00e9s t\u00f6bb \u00edzv\u00e1laszt\u00e9kot, de nem akarnak t\u00f6bb eszk\u00f6zt magukkal cipelni, ez a vape a t\u00f6k\u00e9letes v\u00e1laszt\u00e1s.<\/p>\n<h2 data-v-md-heading=\"excellent-performance-easy-and-convenient\" data-v-md-line=\"9\">Kiv\u00e1l\u00f3 teljes\u00edtm\u00e9ny, egyszer\u0171 \u00e9s k\u00e9nyelmes<\/h2>\n<p data-v-md-line=\"11\">A Bang vape-ek t\u00f6k\u00e9letesen illeszkednek egy 1.0 \u03a9-os h\u00e1l\u00f3s porlaszt\u00f3maghoz \u00e9s \u00fajrat\u00f6lthet\u0151 akkumul\u00e1torhoz, hogy biztos\u00edts\u00e1k az \u00e1lland\u00f3 \u00edzt \u00e9s megakad\u00e1lyozz\u00e1k a v\u00e9letlen begyullad\u00e1st, mint m\u00e1s vape-ek. Ha az akkumul\u00e1tor lemer\u00fclt, egyszer\u0171en t\u00f6ltse fel a Type-C interf\u00e9szen kereszt\u00fcl \u2013 ugyanazon az adatk\u00e1belen kereszt\u00fcl, amelyet \u00e1ltal\u00e1ban a telefon t\u00f6lt\u00e9s\u00e9hez haszn\u00e1l. Egyszer\u0171 \u00e9s k\u00e9nyelmes, f\u00e1raszt\u00f3 m\u0171veletek n\u00e9lk\u00fcl.<\/p>\n<h2 data-v-md-heading=\"quick-specifications\" data-v-md-line=\"13\">Gyors specifik\u00e1ci\u00f3k<\/h2>\n<ul data-v-md-line=\"14\">\n<li>Doh\u00e1nyz\u00e1si gyakoris\u00e1g: ak\u00e1r 80 000 slukk<\/li>\n<li>Nikotintartalom: A modell nikotintartalma nincs felt\u00fcntetve a term\u00e9k adatai k\u00f6z\u00f6tt.<\/li>\n<li>M\u0171k\u00f6d\u00e9si elv: Bel\u00e9gz\u00e9ses aktiv\u00e1l\u00e1s<\/li>\n<li>Porlaszt\u00f3 mag: 1,0 \u03a9 h\u00e1l\u00f3s porlaszt\u00f3 mag<\/li>\n<li>Akkumul\u00e1tor: 850mAh (17350)<\/li>\n<li>T\u00f6lt\u0151csatlakoz\u00f3: C t\u00edpus\u00fa<\/li>\n<li>\u00c1llapot: Kicsomagol\u00e1s ut\u00e1n haszn\u00e1latra k\u00e9sz<\/li>\n<\/ul>\n<h2 data-v-md-heading=\"complete-flavor-lineup\" data-v-md-line=\"22\">Teljes \u00edzv\u00e1laszt\u00e9k<\/h2>\n<p data-v-md-line=\"24\">Minden eszk\u00f6z 3 \u00edzzel \u00e9rkezik (kombin\u00e1ci\u00f3s k\u00e9szlet). Az opcion\u00e1lis kombin\u00e1ci\u00f3k a k\u00f6vetkez\u0151k:<\/p>\n<ul data-v-md-line=\"25\">\n<li>G\u00f6r\u00f6gdinnye j\u00e9g\/Eper Mang\u00f3\/Ban\u00e1n<\/li>\n<li>M\u00e1lna Mojito \u0150szibarack J\u00e9g\/Eper G\u00f6r\u00f6gdinnye\/Kiwi Maracuja Guava<\/li>\n<li>Epres g\u00f6r\u00f6gdinnye\/Sz\u0151l\u0151fagyi\/Sziv\u00e1rv\u00e1nycukorka<\/li>\n<li>Coca Cola Ice\/\u00c1fonya M\u00e1lna\/\u0150szibarack Mang\u00f3 G\u00f6r\u00f6gdinnye<\/li>\n<li>\u00c1fonya, g\u00f6r\u00f6gdinnye, eper, mang\u00f3, fekete ribizli<\/li>\n<li>\u00c1fony\u00e1s j\u00e9g\/Fekete s\u00e1rk\u00e1ny j\u00e9g\/Mang\u00f3 \u0151szibarack<\/li>\n<li>\u00c1fony\u00e1s j\u00e9g\/Epres-ban\u00e1nos\/Vegyes bogy\u00f3s gy\u00fcm\u00f6lcs\u00f6s<\/li>\n<li>Red Bull\/\u00c1fony\u00e1s g\u00f6r\u00f6gdinnye\/Alma-k\u00f6rte<\/li>\n<li>Red Bull\/G\u00f6r\u00f6gdinnye r\u00e1g\u00f3gumi\/Eperfagylalt<\/li>\n<li>Epres-kivis\/\u0151szibarackos-fagylaltos\/csereszny\u00e9s k\u00f3l\u00e1s<\/li>\n<li>Kiwi Guava\/Licsi J\u00e9g\/Mang\u00f3 \u0150szibarack Anan\u00e1sz<\/li>\n<li>Avok\u00e1d\u00f3fagylalt\/Citrom-lime\/G\u00f6r\u00f6gdinnye-m\u00e1lna<\/li>\n<\/ul>\n<h2 data-v-md-heading=\"for-you-and-your-business\" data-v-md-line=\"38\">\u00d6nnek \u00e9s v\u00e1llalkoz\u00e1s\u00e1nak<\/h2>\n<p data-v-md-line=\"40\">V\u00e1s\u00e1rolhatsz Bang Leadert. Ha el\u0151sz\u00f6r csak n\u00e9h\u00e1ny \u00edzkombin\u00e1ci\u00f3t szeretn\u00e9l kipr\u00f3b\u00e1lni, a 80K-s \u00f6n\u00e1ll\u00f3 k\u00e9szlet megfelel az ig\u00e9nyeidnek. Ha boltot \u00fczemeltetsz, ide\u00e1lis v\u00e1laszt\u00e1s a \u201enagy sz\u00edv\u00f3er\u0151 \u00e9s a t\u00f6bb \u00edz\u201d miatt is, \u00edgy k\u00e9nyelmes azoknak a v\u00e1s\u00e1rl\u00f3knak, akik nem akarnak csak egy \u00edzt kipr\u00f3b\u00e1lni t\u00f6bb h\u00e9ten kereszt\u00fcl egym\u00e1s ut\u00e1n.<\/p>\n<p data-v-md-line=\"42\">Nagykereskedelemben t\u00f6meges sz\u00e1ll\u00edt\u00e1st k\u00edn\u00e1lunk, \u00e9s nagy t\u00e9telben is v\u00e1llalunk megrendel\u00e9seket \u2013 200 darab kartondobozba csomagolva (65 x 31 x 26 cm, 24 kg). Megb\u00edzhat\u00f3 EU-s logisztikai partnerekkel dolgozunk egy\u00fctt, \u00edgy nem kell agg\u00f3dnia a v\u00e1melj\u00e1r\u00e1sok vagy a v\u00e1ratlan d\u00edjak miatt.<\/p>\n<h2 data-v-md-heading=\"reasons-why-you-will-like-it\" data-v-md-line=\"44\">Reasons why you will like it<\/h2>\n<ul data-v-md-line=\"45\">\n<li>Ultra hossz\u00fa sz\u00edv\u00e1s\u00e1ll\u00f3s\u00e1g: cs\u00f6kkenti a cser\u00e9k sz\u00e1m\u00e1t, \u00edgy id\u0151t \u00e9s energi\u00e1t takar\u00edt meg.<\/li>\n<li>3 az 1-ben \u00edzkombin\u00e1ci\u00f3: Ha egy \u00edz unalmass\u00e1 v\u00e1lik, b\u00e1rmikor lecser\u00e9lhet\u0151.<\/li>\n<li>\u00dajrat\u00f6lthet\u0151 (C t\u00edpus\u00fa): lehet\u0151v\u00e9 teszi a k\u00e9sz\u00fcl\u00e9k teljes kihaszn\u00e1l\u00e1s\u00e1t \u00e9s elker\u00fcli a korai selejtez\u00e9st. H\u00e1l\u00f3s tekercs: biztos\u00edtja az \u00edz tisztas\u00e1g\u00e1t hosszabb \u00e9lettartamon kereszt\u00fcl.<\/li>\n<\/ul>\n<h2 data-v-md-heading=\"why-choose-to-collaborate-with-agoravape\" data-v-md-line=\"49\">Mi\u00e9rt \u00e9rdemes az AgoraVape-pel egy\u00fcttm\u0171k\u00f6dni?<\/h2>\n<p data-v-md-line=\"51\">Az AgoraVape a 100%-os hiteless\u00e9gre \u00f6sszpontos\u00edt \u2013 soha nem \u00e1rul sil\u00e1ny ut\u00e1nzatokat, \u00e9s soha nem hagyja, hogy a semmib\u0151l tal\u00e1lgasson. Ha \u00d6n v\u00e1llalati v\u00e1s\u00e1rl\u00f3, megb\u00edzhat\u00f3 \u00e1ruforr\u00e1sokat, k\u00e9nyelmes \u00e9rt\u00e9kes\u00edt\u00e9s ut\u00e1ni t\u00e1mogat\u00e1st \u00e9s szem\u00e9lyre szabott sz\u00e1ll\u00edt\u00e1si szolg\u00e1ltat\u00e1sokat biztos\u00edtunk az EU-s \u00fcgyfelek t\u00e9nyleges beszerz\u00e9si ig\u00e9nyeinek megfelel\u0151en. Szeretne Bang Leader 80k 3 az 1-ben porlaszt\u00f3t nagy t\u00e9telben v\u00e1s\u00e1rolni, \u00e9s kedvezm\u00e9nyes \u00e1ron? K\u00e9rj\u00fck, vegye fel vel\u00fcnk a kapcsolatot, \u00f6r\u00f6mmel \u00e1llunk rendelkez\u00e9s\u00e9re.<\/p>\n<p><script src=\"chrome-extension:\/\/fpelahbljekknahkcaegamhcndkfpfnc\/iFrame.js\" type=\"text\/javascript\"><\/script><\/p>","protected":false},"excerpt":{"rendered":"<p>&nbsp;<\/p>\n<p><script src=\"chrome-extension:\/\/fpelahbljekknahkcaegamhcndkfpfnc\/iFrame.js\" type=\"text\/javascript\"><\/script><\/p>\n<p><script src=\"chrome-extension:\/\/fpelahbljekknahkcaegamhcndkfpfnc\/iFrame.js\" type=\"text\/javascript\"><\/script><\/p>\n<p><script src=\"chrome-extension:\/\/fpelahbljekknahkcaegamhcndkfpfnc\/iFrame.js\" type=\"text\/javascript\"><\/script><\/p>","protected":false},"featured_media":24336,"comment_status":"open","ping_status":"closed","template":"","meta":[],"product_brand":[197],"product_cat":[124,187,185,188,189,123,1674,174,175,193,191,179,173,186,180,190],"product_tag":[],"class_list":{"0":"post-24308","1":"product","2":"type-product","3":"status-publish","4":"has-post-thumbnail","6":"product_brand-bang","7":"product_cat-vape-by-brand","8":"product_cat-0mg-nicotine-free-vapes","9":"product_cat-10000-puffs-high-capacity","10":"product_cat-10mg-low-nicotine-vapes","11":"product_cat-20mg-standard-nicotine-vapes","12":"product_cat-bang","13":"product_cat-eu-warehouse","14":"product_cat-fruit-flavors","15":"product_cat-icy-mint","16":"product_cat-mesh-coil","17":"product_cat-rechargeable-disposables","18":"product_cat-unique-blends","19":"product_cat-vape-by-flavor-profile","20":"product_cat-vape-by-nicotine-strength","21":"product_cat-vape-by-puff-count","22":"product_cat-vape-by-feature-or-type","24":"first","25":"instock","26":"shipping-taxable","27":"purchasable","28":"product-type-variable","29":"has-default-attributes"},"tiered_pricing_type":"percentage","tiered_pricing_fixed_rules":[],"tiered_pricing_product_settings":{"layout":"default","base_unit_name":{"singular":null,"plural":null},"default_variation":null},"tiered_pricing_minimum_quantity":10,"tiered_pricing_roles_data":[],"tiered_pricing_percentage_rules":{"30":"10","50":"18","100":"24","200":"28","500":"35","1000":"44"},"tiered_pricing_maximum_quantity":null,"tiered_pricing_quantity_step":"10","_links":{"self":[{"href":"https:\/\/agoravape.com\/hu\/wp-json\/wp\/v2\/product\/24308","targetHints":{"allow":["GET"]}}],"collection":[{"href":"https:\/\/agoravape.com\/hu\/wp-json\/wp\/v2\/product"}],"about":[{"href":"https:\/\/agoravape.com\/hu\/wp-json\/wp\/v2\/types\/product"}],"replies":[{"embeddable":true,"href":"https:\/\/agoravape.com\/hu\/wp-json\/wp\/v2\/comments?post=24308"}],"version-history":[{"count":0,"href":"https:\/\/agoravape.com\/hu\/wp-json\/wp\/v2\/product\/24308\/revisions"}],"wp:featuredmedia":[{"embeddable":true,"href":"https:\/\/agoravape.com\/hu\/wp-json\/wp\/v2\/media\/24336"}],"wp:attachment":[{"href":"https:\/\/agoravape.com\/hu\/wp-json\/wp\/v2\/media?parent=24308"}],"wp:term":[{"taxonomy":"product_brand","embeddable":true,"href":"https:\/\/agoravape.com\/hu\/wp-json\/wp\/v2\/product_brand?post=24308"},{"taxonomy":"product_cat","embeddable":true,"href":"https:\/\/agoravape.com\/hu\/wp-json\/wp\/v2\/product_cat?post=24308"},{"taxonomy":"product_tag","embeddable":true,"href":"https:\/\/agoravape.com\/hu\/wp-json\/wp\/v2\/product_tag?post=24308"}],"curies":[{"name":"wp","href":"https:\/\/api.w.org\/{rel}","templated":true}]}}