{"id":24338,"date":"2026-01-26T23:10:46","date_gmt":"2026-01-26T15:10:46","guid":{"rendered":"https:\/\/agoravape.com\/?post_type=product&#038;p=24338"},"modified":"2026-02-22T15:14:05","modified_gmt":"2026-02-22T14:14:05","slug":"bang-leader-85k-3in1-85000-puff-85000-puffs","status":"publish","type":"product","link":"https:\/\/agoravape.com\/hu\/product\/bang-leader-85k-3in1-85000-puffs\/","title":{"rendered":"Bang Leader 85k 85000 Puffs H\u00e1romszoros \u00cdz\u0171 Vape | H\u00e1rom \u00cdz, Egy Eszk\u00f6z, Kevesebb Magabiztoss\u00e1g"},"content":{"rendered":"<h2 data-v-md-heading=\"what-is-the-special-feature-of-bang-leader-85k-85000-three-flavored-vapes\" data-v-md-line=\"3\"><img loading=\"lazy\" decoding=\"async\" class=\"aligncenter size-full wp-image-24356\" src=\"https:\/\/agoravape.com\/wp-content\/uploads\/2026\/01\/Bang-Leader-85k-85000-Puffs-Triple-Flavor-Vape-Three-Flavours-One-Device-Less-Hassle_Agora_vape-5.webp\" alt=\"\" width=\"2277\" height=\"1280\" srcset=\"https:\/\/agoravape.com\/wp-content\/uploads\/2026\/01\/Bang-Leader-85k-85000-Puffs-Triple-Flavor-Vape-Three-Flavours-One-Device-Less-Hassle_Agora_vape-5.webp 2277w, https:\/\/agoravape.com\/wp-content\/uploads\/2026\/01\/Bang-Leader-85k-85000-Puffs-Triple-Flavor-Vape-Three-Flavours-One-Device-Less-Hassle_Agora_vape-5-1200x675.webp 1200w, https:\/\/agoravape.com\/wp-content\/uploads\/2026\/01\/Bang-Leader-85k-85000-Puffs-Triple-Flavor-Vape-Three-Flavours-One-Device-Less-Hassle_Agora_vape-5-300x169.webp 300w, https:\/\/agoravape.com\/wp-content\/uploads\/2026\/01\/Bang-Leader-85k-85000-Puffs-Triple-Flavor-Vape-Three-Flavours-One-Device-Less-Hassle_Agora_vape-5-1024x576.webp 1024w, https:\/\/agoravape.com\/wp-content\/uploads\/2026\/01\/Bang-Leader-85k-85000-Puffs-Triple-Flavor-Vape-Three-Flavours-One-Device-Less-Hassle_Agora_vape-5-768x432.webp 768w, https:\/\/agoravape.com\/wp-content\/uploads\/2026\/01\/Bang-Leader-85k-85000-Puffs-Triple-Flavor-Vape-Three-Flavours-One-Device-Less-Hassle_Agora_vape-5-1536x863.webp 1536w, https:\/\/agoravape.com\/wp-content\/uploads\/2026\/01\/Bang-Leader-85k-85000-Puffs-Triple-Flavor-Vape-Three-Flavours-One-Device-Less-Hassle_Agora_vape-5-2048x1151.webp 2048w, https:\/\/agoravape.com\/wp-content\/uploads\/2026\/01\/Bang-Leader-85k-85000-Puffs-Triple-Flavor-Vape-Three-Flavours-One-Device-Less-Hassle_Agora_vape-5-18x10.webp 18w\" sizes=\"auto, (max-width: 2277px) 100vw, 2277px\" \/><\/h2>\n<h2 data-v-md-heading=\"what-is-the-special-feature-of-bang-leader-85k-85000-three-flavored-vapes\" data-v-md-line=\"3\"><img loading=\"lazy\" decoding=\"async\" class=\"size-full wp-image-24367 aligncenter\" src=\"https:\/\/agoravape.com\/wp-content\/uploads\/2026\/01\/Bang-Leader-85k-85000-Puffs-Triple-Flavor-Vape-Three-Flavours-One-Device-Less-Hassle_Agora_vape-16.webp\" alt=\"\" width=\"1280\" height=\"2491\" srcset=\"https:\/\/agoravape.com\/wp-content\/uploads\/2026\/01\/Bang-Leader-85k-85000-Puffs-Triple-Flavor-Vape-Three-Flavours-One-Device-Less-Hassle_Agora_vape-16.webp 1280w, https:\/\/agoravape.com\/wp-content\/uploads\/2026\/01\/Bang-Leader-85k-85000-Puffs-Triple-Flavor-Vape-Three-Flavours-One-Device-Less-Hassle_Agora_vape-16-1200x2335.webp 1200w, https:\/\/agoravape.com\/wp-content\/uploads\/2026\/01\/Bang-Leader-85k-85000-Puffs-Triple-Flavor-Vape-Three-Flavours-One-Device-Less-Hassle_Agora_vape-16-154x300.webp 154w, https:\/\/agoravape.com\/wp-content\/uploads\/2026\/01\/Bang-Leader-85k-85000-Puffs-Triple-Flavor-Vape-Three-Flavours-One-Device-Less-Hassle_Agora_vape-16-526x1024.webp 526w, https:\/\/agoravape.com\/wp-content\/uploads\/2026\/01\/Bang-Leader-85k-85000-Puffs-Triple-Flavor-Vape-Three-Flavours-One-Device-Less-Hassle_Agora_vape-16-768x1495.webp 768w, https:\/\/agoravape.com\/wp-content\/uploads\/2026\/01\/Bang-Leader-85k-85000-Puffs-Triple-Flavor-Vape-Three-Flavours-One-Device-Less-Hassle_Agora_vape-16-789x1536.webp 789w, https:\/\/agoravape.com\/wp-content\/uploads\/2026\/01\/Bang-Leader-85k-85000-Puffs-Triple-Flavor-Vape-Three-Flavours-One-Device-Less-Hassle_Agora_vape-16-1052x2048.webp 1052w, https:\/\/agoravape.com\/wp-content\/uploads\/2026\/01\/Bang-Leader-85k-85000-Puffs-Triple-Flavor-Vape-Three-Flavours-One-Device-Less-Hassle_Agora_vape-16-6x12.webp 6w\" sizes=\"auto, (max-width: 1280px) 100vw, 1280px\" \/><\/h2>\n<h2 data-v-md-heading=\"what-is-the-special-feature-of-bang-leader-85k-85000-three-flavored-vapes\" data-v-md-line=\"3\">Mi a Bang Leader 85k 85000 h\u00e1rom \u00edzes\u00edtett vape-ek k\u00fcl\u00f6nleges tulajdons\u00e1ga?<\/h2>\n<p data-v-md-line=\"5\">Ha eleged van abb\u00f3l, hogy p\u00e1r naponta \u00faj eldobhat\u00f3 vape-t kell venned, akkor a Bang Leader 85k a t\u00fcrelmedre szabott. Ez egy nagy sz\u00e1jsz\u00e1m\u00fa eldobhat\u00f3 vape, amelyet tart\u00f3sra \u00e9s hossz\u00fa \u00e9lettartamra terveztek, mik\u00f6zben egy k\u00e9sz\u00fcl\u00e9k h\u00e1rom \u00edzt tartalmaz, \u00edgy m\u00e9g t\u00f6bb \u00e9lm\u00e9nyt ny\u00fajt.<\/p>\n<p data-v-md-line=\"7\">Ez az, ami igaz\u00e1n \u00e9rdekli az embereket. Nem kell egyetlen \u00edzhez ragaszkodnod, am\u00edg el nem v\u00e9gezt\u00e9l. Most gy\u00fcm\u00f6lcs\u00f6s \u00edzre v\u00e1gysz, \u00e9s k\u00e9s\u0151bb bubor\u00e9kos \u00edzre? B\u00e1rmikor v\u00e1lthatsz an\u00e9lk\u00fcl, hogy h\u00e1rom vape-et cipeln\u00e9l magaddal. Lehet, hogy \u00fagy \u00e9rzed, hogy egy 85k-s k\u00e9sz\u00fcl\u00e9k olyan neh\u00e9z lenne, mint egy t\u00e9gla a zsebedben, de a kapacit\u00e1s\u00e1t tekintve a s\u00falyszab\u00e1lyoz\u00e1sa meglehet\u0151sen \u00e9sszer\u0171.<\/p>\n<h2 data-v-md-heading=\"excellent-performance-and-easy-operation\" data-v-md-line=\"9\">Kiv\u00e1l\u00f3 teljes\u00edtm\u00e9ny \u00e9s egyszer\u0171 kezelhet\u0151s\u00e9g<\/h2>\n<p data-v-md-line=\"11\">A Bang tervez\u00e9si filoz\u00f3fi\u00e1ja az egyszer\u0171s\u00e9g: bel\u00e9legz\u00e9ssel aktiv\u00e1lhat\u00f3, gombok vagy neh\u00e9zkes men\u00fcm\u0171veletek n\u00e9lk\u00fcl. Be\u00e9p\u00edtett 1,0 \u03a9-os h\u00e1l\u00f3s porlaszt\u00f3mag, ami azt jelenti, hogy az \u00edze stabilabb, \u00e9s nem cs\u00f6kken meredeken egy-k\u00e9t nap ut\u00e1n, mint m\u00e1s term\u00e9kekn\u00e9l.<\/p>\n<p data-v-md-line=\"13\">Mivel a nagym\u00e9ret\u0171 eszk\u00f6z\u00f6k t\u00f6lteni ig\u00e9nyelnek, Type-C t\u00f6lt\u0151interf\u00e9sszel van felszerelve. Ha az akkumul\u00e1tor lemer\u00fclt, egyszer\u0171en haszn\u00e1ld ugyanazt az adatk\u00e1belt, amellyel \u00e1ltal\u00e1ban a telefonodat t\u00f6lt\u00f6d. K\u00f6nnyen kezelhet\u0151.<\/p>\n<h2 data-v-md-heading=\"quick-specifications\" data-v-md-line=\"15\">Gyors specifik\u00e1ci\u00f3k<\/h2>\n<ul data-v-md-line=\"16\">\n<li>Doh\u00e1nyz\u00e1si gyakoris\u00e1g: ak\u00e1r 85000 slukk<\/li>\n<li>Akkumul\u00e1tor kapacit\u00e1sa: 850mAh (17350 akkumul\u00e1tor)<\/li>\n<li>Porlaszt\u00f3 mag: 1,0 \u03a9 h\u00e1l\u00f3s porlaszt\u00f3 mag<\/li>\n<li>Haszn\u00e1lat: L\u00e9legezze be az aktiv\u00e1l\u00e1shoz<\/li>\n<li>T\u00f6lt\u0151csatlakoz\u00f3: C t\u00edpus\u00fa<\/li>\n<li>\u00c1llapot: Kicsomagol\u00e1s ut\u00e1n azonnal haszn\u00e1lhat\u00f3<\/li>\n<li>Egy\u00e9b: T\u00e1mogatja az OEM\/ODM testreszab\u00e1st (nagy nagykeresked\u0151kre vonatkozik)<\/li>\n<\/ul>\n<h2 data-v-md-heading=\"complete-flavor-lineup\" data-v-md-line=\"24\">Teljes \u00edzv\u00e1laszt\u00e9k<\/h2>\n<p data-v-md-line=\"26\">A k\u00f6vetkez\u0151 \u00edzek mindegyike h\u00e1rom az egyben \u00edzkombin\u00e1ci\u00f3 (egy eszk\u00f6z h\u00e1rom \u00edzt tartalmaz):<\/p>\n<ul data-v-md-line=\"27\">\n<li>Sz\u0151l\u0151fagylalt \/ Eper-kivi \/ Maracuja-guava<\/li>\n<li>Epres j\u00e9g \/ Citromos narancs \/ G\u00f6r\u00f6gdinnye r\u00e1g\u00f3gumi<\/li>\n<li>G\u00f6r\u00f6gdinnye j\u00e9g \/ Mang\u00f3 \u0151szibarack \/ Narancs sz\u00f3da<\/li>\n<li>Anan\u00e1szfagylalt \/ Epres Red Bull \/ Vegyes bogy\u00f3s gy\u00fcm\u00f6lcs\u00f6k<\/li>\n<li>Red Bull \/ \u00c1fony\u00e1s-g\u00f6r\u00f6gdinnye-eperfagylalt<\/li>\n<li>Coca-Cola Ice \/ Alma-\u0150szibarack \/ R\u00f3zsasz\u00edn limon\u00e1d\u00e9<\/li>\n<li>Ban\u00e1nfagylalt \/ Epres-g\u00f6r\u00f6gdinnye \/ Mack\u00f3s gumicukor<\/li>\n<li>\u00c1fony\u00e1s j\u00e9g \/ K\u00e9k Raz \/ Illatos k\u00f6rte<\/li>\n<li>Vegyes gy\u00fcm\u00f6lcs \/ Mojito \u0151szibarack \/ \u00c1fonya \u00e9s m\u00e1lna<\/li>\n<li>Fekete S\u00e1rk\u00e1ny J\u00e9g \/ Pillecukor \/ Ny\u00e1ri \u00c1lom<\/li>\n<li>Eper-M\u00e1lna \/ Fekete ribizli \/ Eper-Ban\u00e1n<\/li>\n<li>Epres-g\u00f6r\u00f6gdinnye \/ Csereszny\u00e9s k\u00f3la \/ Epres kr\u00e9m<\/li>\n<li>Piros almafagylalt \/ M\u00e1lna g\u00f6r\u00f6gdinnye \/ Aloe sz\u0151l\u0151<\/li>\n<li>Cseresznye \u00c1fonya \/ \u0150szibarack Mang\u00f3 \/ Anan\u00e1sz<\/li>\n<li>Love 666 \/ \u00c1fony\u00e1s-m\u00e1ln\u00e1s \/ Vimto<\/li>\n<\/ul>\n<h2 data-v-md-heading=\"for-you-and-your-business\" data-v-md-line=\"43\">\u00d6nnek \u00e9s v\u00e1llalkoz\u00e1s\u00e1nak<\/h2>\n<p data-v-md-line=\"45\">A Bang Leader 85k megv\u00e1s\u00e1rolhat\u00f3 szem\u00e9lyes haszn\u00e1latra, de \u00fczletek sz\u00e1m\u00e1ra is nagyon praktikus, nagy forg\u00e1si sebess\u00e9g\u0171 term\u00e9k. A v\u00e1s\u00e1rl\u00f3k a v\u00e1laszt\u00e9k sz\u00e9les sk\u00e1l\u00e1j\u00e1t r\u00e9szes\u00edtik el\u0151nyben, \u00e9s a \u201eTriple Flavor\u201d nagyon n\u00e9pszer\u0171 a pultokn\u00e1l, mert egy gyakorlati probl\u00e9m\u00e1t old meg: haszn\u00e1lat k\u00f6zben k\u00f6nny\u0171 unatkozni.<\/p>\n<p data-v-md-line=\"47\">Nagykereskedelmi szempontb\u00f3l ezek a term\u00e9kek 200 egys\u00e9g\/doboz kiszerel\u00e9sben vannak csomagolva (dobozm\u00e9ret: 51,5 * 51,5 * 30,5 cm, \u00f6sszt\u00f6meg: 29 kg). Ha nagy t\u00e9telben kell \u00e9rt\u00e9kes\u00edtenie, ezek a csomagol\u00e1si inform\u00e1ci\u00f3k seg\u00edthetnek a rakt\u00e1roz\u00e1s \u00e9s a sz\u00e1ll\u00edt\u00e1s egyszer\u0171 megtervez\u00e9s\u00e9ben.<\/p>\n<h2 data-v-md-heading=\"the-reason-why-you-will-like-it\" data-v-md-line=\"49\">Az ok, ami\u00e9rt tetszeni fog<\/h2>\n<ul data-v-md-line=\"50\">\n<li>Ultra hossz\u00fa akkumul\u00e1tor-\u00fczemid\u0151: Hosszabb \u00fczemid\u0151, nincs sz\u00fcks\u00e9g gyakori cser\u00e9re<\/li>\n<li>H\u00e1rmas \u00edzkombin\u00e1ci\u00f3: A frissess\u00e9g meg\u0151rz\u00e9s\u00e9hez nem kell tov\u00e1bbi v\u00e1s\u00e1rl\u00e1st v\u00e9gezni<\/li>\n<li>\u00dajrat\u00f6lthet\u0151 (C t\u00edpus\u00fa): Hozza ki a legt\u00f6bbet er\u0151forr\u00e1saib\u00f3l<\/li>\n<li>H\u00e1l\u00f3s porlaszt\u00f3mag: stabil \u00edzt biztos\u00edt, \u00e9s nem k\u00f6nnyen csillapodik<\/li>\n<\/ul>\n<h2 data-v-md-heading=\"why-choose-to-collaborate-with-agoravape\" data-v-md-line=\"55\">Mi\u00e9rt \u00e9rdemes az AgoraVape-pel egy\u00fcttm\u0171k\u00f6dni?<\/h2>\n<p data-v-md-line=\"57\">Az AgoraVape-n\u00e9l azt az elvet k\u00f6vetj\u00fck, hogy csak eredeti term\u00e9keket \u00e9rt\u00e9kes\u00edt\u00fcnk, \u00e9s soha nem folyamodunk csal\u00e1shoz. Ha az \u00fczlet\u00fcnkbe v\u00e1s\u00e1rolsz, k\u00f6zvetlen v\u00e1laszokat, rendk\u00edv\u00fcl versenyk\u00e9pes nagykereskedelmi \u00e1rakat \u00e9s megb\u00edzhat\u00f3 ell\u00e1t\u00e1si szolg\u00e1ltat\u00e1sokat ny\u00fajtunk, bele\u00e9rtve a Bang Leader 85k 85000 tripla \u00edzes\u00edt\u00e9s\u0171 vape-eket is.<\/p>\n<p><script src=\"chrome-extension:\/\/fpelahbljekknahkcaegamhcndkfpfnc\/iFrame.js\" type=\"text\/javascript\"><\/script><\/p>","protected":false},"excerpt":{"rendered":"<p>&nbsp;<\/p>\n<p><script src=\"chrome-extension:\/\/fpelahbljekknahkcaegamhcndkfpfnc\/iFrame.js\" type=\"text\/javascript\"><\/script><\/p>\n<p><script src=\"chrome-extension:\/\/fpelahbljekknahkcaegamhcndkfpfnc\/iFrame.js\" type=\"text\/javascript\"><\/script><\/p>\n<p><script src=\"chrome-extension:\/\/fpelahbljekknahkcaegamhcndkfpfnc\/iFrame.js\" type=\"text\/javascript\"><\/script><\/p>\n<p><script src=\"chrome-extension:\/\/fpelahbljekknahkcaegamhcndkfpfnc\/iFrame.js\" type=\"text\/javascript\"><\/script><\/p>","protected":false},"featured_media":24368,"comment_status":"open","ping_status":"closed","template":"","meta":[],"product_brand":[197],"product_cat":[124,187,185,188,189,123,174,175,193,191,179,173,186,180,190,192],"product_tag":[],"class_list":{"0":"post-24338","1":"product","2":"type-product","3":"status-publish","4":"has-post-thumbnail","6":"product_brand-bang","7":"product_cat-vape-by-brand","8":"product_cat-0mg-nicotine-free-vapes","9":"product_cat-10000-puffs-high-capacity","10":"product_cat-10mg-low-nicotine-vapes","11":"product_cat-20mg-standard-nicotine-vapes","12":"product_cat-bang","13":"product_cat-fruit-flavors","14":"product_cat-icy-mint","15":"product_cat-mesh-coil","16":"product_cat-rechargeable-disposables","17":"product_cat-unique-blends","18":"product_cat-vape-by-flavor-profile","19":"product_cat-vape-by-nicotine-strength","20":"product_cat-vape-by-puff-count","21":"product_cat-vape-by-feature-or-type","22":"product_cat-vapes-with-screens","24":"first","25":"instock","26":"shipping-taxable","27":"purchasable","28":"product-type-variable","29":"has-default-attributes"},"tiered_pricing_type":"percentage","tiered_pricing_fixed_rules":[],"tiered_pricing_product_settings":{"layout":"default","base_unit_name":{"singular":null,"plural":null},"default_variation":null},"tiered_pricing_minimum_quantity":10,"tiered_pricing_roles_data":[],"tiered_pricing_percentage_rules":{"30":"9","50":"17","100":"23","200":"26","500":"29","1000":"38"},"tiered_pricing_maximum_quantity":null,"tiered_pricing_quantity_step":"10","_links":{"self":[{"href":"https:\/\/agoravape.com\/hu\/wp-json\/wp\/v2\/product\/24338","targetHints":{"allow":["GET"]}}],"collection":[{"href":"https:\/\/agoravape.com\/hu\/wp-json\/wp\/v2\/product"}],"about":[{"href":"https:\/\/agoravape.com\/hu\/wp-json\/wp\/v2\/types\/product"}],"replies":[{"embeddable":true,"href":"https:\/\/agoravape.com\/hu\/wp-json\/wp\/v2\/comments?post=24338"}],"version-history":[{"count":0,"href":"https:\/\/agoravape.com\/hu\/wp-json\/wp\/v2\/product\/24338\/revisions"}],"wp:featuredmedia":[{"embeddable":true,"href":"https:\/\/agoravape.com\/hu\/wp-json\/wp\/v2\/media\/24368"}],"wp:attachment":[{"href":"https:\/\/agoravape.com\/hu\/wp-json\/wp\/v2\/media?parent=24338"}],"wp:term":[{"taxonomy":"product_brand","embeddable":true,"href":"https:\/\/agoravape.com\/hu\/wp-json\/wp\/v2\/product_brand?post=24338"},{"taxonomy":"product_cat","embeddable":true,"href":"https:\/\/agoravape.com\/hu\/wp-json\/wp\/v2\/product_cat?post=24338"},{"taxonomy":"product_tag","embeddable":true,"href":"https:\/\/agoravape.com\/hu\/wp-json\/wp\/v2\/product_tag?post=24338"}],"curies":[{"name":"wp","href":"https:\/\/api.w.org\/{rel}","templated":true}]}}