{"id":24433,"date":"2026-01-26T23:44:29","date_gmt":"2026-01-26T15:44:29","guid":{"rendered":"https:\/\/agoravape.com\/?post_type=product&#038;p=24433"},"modified":"2026-03-09T03:29:44","modified_gmt":"2026-03-09T02:29:44","slug":"bang-leader-120k-2in1-120000-puff-120000-puffs","status":"publish","type":"product","link":"https:\/\/agoravape.com\/hu\/product\/bang-leader-120k-2in1-120000-puffs\/","title":{"rendered":"Bang Leader 120k 120000 F\u00faj\u00e1s 2 az 1-ben \u00edzes\u00edt\u0151 vape | K\u00e9t \u00edz egyben, kevesebb gond a mindennapokban"},"content":{"rendered":"<h2 data-v-md-heading=\"what-is-the-special-feature-of-bang-leader-120k-120000-2-in-1-flavor-vape\" data-v-md-line=\"3\"><img loading=\"lazy\" decoding=\"async\" class=\"aligncenter size-full wp-image-24459\" src=\"https:\/\/agoravape.com\/wp-content\/uploads\/2026\/01\/Bang-Leader-120k-120000-Puffs-2in1-Flavor-Vape-Two-Flavours-in-One-Less-Hassle-Day-to-Day_Agora_vape-15-scaled.webp\" alt=\"\" width=\"2560\" height=\"1440\" srcset=\"https:\/\/agoravape.com\/wp-content\/uploads\/2026\/01\/Bang-Leader-120k-120000-Puffs-2in1-Flavor-Vape-Two-Flavours-in-One-Less-Hassle-Day-to-Day_Agora_vape-15-scaled.webp 2560w, https:\/\/agoravape.com\/wp-content\/uploads\/2026\/01\/Bang-Leader-120k-120000-Puffs-2in1-Flavor-Vape-Two-Flavours-in-One-Less-Hassle-Day-to-Day_Agora_vape-15-scaled-1200x675.webp 1200w, https:\/\/agoravape.com\/wp-content\/uploads\/2026\/01\/Bang-Leader-120k-120000-Puffs-2in1-Flavor-Vape-Two-Flavours-in-One-Less-Hassle-Day-to-Day_Agora_vape-15-300x169.webp 300w, https:\/\/agoravape.com\/wp-content\/uploads\/2026\/01\/Bang-Leader-120k-120000-Puffs-2in1-Flavor-Vape-Two-Flavours-in-One-Less-Hassle-Day-to-Day_Agora_vape-15-1024x576.webp 1024w, https:\/\/agoravape.com\/wp-content\/uploads\/2026\/01\/Bang-Leader-120k-120000-Puffs-2in1-Flavor-Vape-Two-Flavours-in-One-Less-Hassle-Day-to-Day_Agora_vape-15-768x432.webp 768w, https:\/\/agoravape.com\/wp-content\/uploads\/2026\/01\/Bang-Leader-120k-120000-Puffs-2in1-Flavor-Vape-Two-Flavours-in-One-Less-Hassle-Day-to-Day_Agora_vape-15-1536x864.webp 1536w, https:\/\/agoravape.com\/wp-content\/uploads\/2026\/01\/Bang-Leader-120k-120000-Puffs-2in1-Flavor-Vape-Two-Flavours-in-One-Less-Hassle-Day-to-Day_Agora_vape-15-2048x1152.webp 2048w, https:\/\/agoravape.com\/wp-content\/uploads\/2026\/01\/Bang-Leader-120k-120000-Puffs-2in1-Flavor-Vape-Two-Flavours-in-One-Less-Hassle-Day-to-Day_Agora_vape-15-18x10.webp 18w\" sizes=\"auto, (max-width: 2560px) 100vw, 2560px\" \/><\/h2>\n<h2 data-v-md-heading=\"what-is-the-special-feature-of-bang-leader-120k-120000-2-in-1-flavor-vape\" data-v-md-line=\"3\"><img loading=\"lazy\" decoding=\"async\" class=\"aligncenter size-full wp-image-27745\" src=\"https:\/\/agoravape.com\/wp-content\/uploads\/2026\/01\/ab2846df4361fdef09fcd33e8cf96839.jpg\" alt=\"\" width=\"1706\" height=\"1279\" srcset=\"https:\/\/agoravape.com\/wp-content\/uploads\/2026\/01\/ab2846df4361fdef09fcd33e8cf96839.jpg 1706w, https:\/\/agoravape.com\/wp-content\/uploads\/2026\/01\/ab2846df4361fdef09fcd33e8cf96839-300x225.jpg 300w, https:\/\/agoravape.com\/wp-content\/uploads\/2026\/01\/ab2846df4361fdef09fcd33e8cf96839-1024x768.jpg 1024w, https:\/\/agoravape.com\/wp-content\/uploads\/2026\/01\/ab2846df4361fdef09fcd33e8cf96839-768x576.jpg 768w, https:\/\/agoravape.com\/wp-content\/uploads\/2026\/01\/ab2846df4361fdef09fcd33e8cf96839-1536x1152.jpg 1536w, https:\/\/agoravape.com\/wp-content\/uploads\/2026\/01\/ab2846df4361fdef09fcd33e8cf96839-16x12.jpg 16w, https:\/\/agoravape.com\/wp-content\/uploads\/2026\/01\/ab2846df4361fdef09fcd33e8cf96839-1200x900.jpg 1200w\" sizes=\"auto, (max-width: 1706px) 100vw, 1706px\" \/><\/h2>\n<h2 data-v-md-heading=\"what-is-the-special-feature-of-bang-leader-120k-120000-2-in-1-flavor-vape\" data-v-md-line=\"3\"><img loading=\"lazy\" decoding=\"async\" class=\"aligncenter size-full wp-image-27747\" src=\"https:\/\/agoravape.com\/wp-content\/uploads\/2026\/01\/2f022db8983595eff96ae895b83c9f3e.jpg\" alt=\"\" width=\"1706\" height=\"1279\" srcset=\"https:\/\/agoravape.com\/wp-content\/uploads\/2026\/01\/2f022db8983595eff96ae895b83c9f3e.jpg 1706w, https:\/\/agoravape.com\/wp-content\/uploads\/2026\/01\/2f022db8983595eff96ae895b83c9f3e-300x225.jpg 300w, https:\/\/agoravape.com\/wp-content\/uploads\/2026\/01\/2f022db8983595eff96ae895b83c9f3e-1024x768.jpg 1024w, https:\/\/agoravape.com\/wp-content\/uploads\/2026\/01\/2f022db8983595eff96ae895b83c9f3e-768x576.jpg 768w, https:\/\/agoravape.com\/wp-content\/uploads\/2026\/01\/2f022db8983595eff96ae895b83c9f3e-1536x1152.jpg 1536w, https:\/\/agoravape.com\/wp-content\/uploads\/2026\/01\/2f022db8983595eff96ae895b83c9f3e-16x12.jpg 16w, https:\/\/agoravape.com\/wp-content\/uploads\/2026\/01\/2f022db8983595eff96ae895b83c9f3e-1200x900.jpg 1200w\" sizes=\"auto, (max-width: 1706px) 100vw, 1706px\" \/><\/h2>\n<h2 data-v-md-heading=\"what-is-the-special-feature-of-bang-leader-120k-120000-2-in-1-flavor-vape\" data-v-md-line=\"3\">Mi a Bang Leader 120K 120000 2 az 1-ben \u00edzes\u00edt\u0151 vape k\u00fcl\u00f6nleges tulajdons\u00e1ga?<\/h2>\n<p data-v-md-line=\"5\">Ha eleged van az eldobhat\u00f3 vape-ekb\u0151l, amik csak egy-k\u00e9t napig b\u00edrj\u00e1k, majd hirtelen \u00edzroml\u00e1st tapasztalsz, akkor a Bang Leader 120K az ide\u00e1lis v\u00e1laszt\u00e1s, amir\u0151l \u00e1lmodozol. Hossz\u00fa t\u00e1v\u00fa haszn\u00e1latra tervezt\u00e9k (ak\u00e1r 120 000 slukk), \u00e9s 2 az 1-ben \u00edzrendszerrel van felszerelve, \u00edgy k\u00f6nnyed\u00e9n v\u00e1lthatsz \u00edzeket an\u00e9lk\u00fcl, hogy m\u00e1sodik vape-et kellene cipelned.<\/p>\n<p data-v-md-line=\"7\">Azt gondolhatod, hogy egy olyan vape, amir\u0151l azt \u00e1ll\u00edtj\u00e1k, hogy ilyen sok doh\u00e1nyos van rajta, olyan neh\u00e9z, mint egy t\u00e9gla a zsebedben. De val\u00f3j\u00e1ban k\u00e9nyelmes a fog\u00e1sa, mind\u00f6ssze 110,2 grammot nyom, ami egyszerre s\u00falyt \u00e9s nagym\u00e9ret\u0171 megjelen\u00e9st biztos\u00edt.<\/p>\n<h2 data-v-md-heading=\"excellent-performance-and-easy-operation\" data-v-md-line=\"9\">Kiv\u00e1l\u00f3 teljes\u00edtm\u00e9ny \u00e9s egyszer\u0171 kezelhet\u0151s\u00e9g<\/h2>\n<p data-v-md-line=\"11\">Bang\u2019s design is simple and clear: 1.0 \u03a9 mesh coil is r<\/p>\n<p data-v-md-line=\"11\">esponsible for the taste, ensuring consistent suction resistance and avoiding the situation of thinning or sticking to the core halfway through suction. When the battery is low, it can be charged through the Type-C interface, which means you can use the same data cable that you usually charge your phone with. Everything is under control.<\/p>\n<h2 data-v-md-heading=\"quick-specifications\" data-v-md-line=\"13\">Gyors specifik\u00e1ci\u00f3k<\/h2>\n<ul data-v-md-line=\"14\">\n<li>Doh\u00e1nyz\u00e1si gyakoris\u00e1g: ak\u00e1r 120 000 slukk<\/li>\n<li>Akkumul\u00e1tor kapacit\u00e1sa: 650mAh (\u00fajrat\u00f6lthet\u0151)<\/li>\n<li>Porlaszt\u00f3 mag: 1,0 \u03a9 h\u00e1l\u00f3s porlaszt\u00f3 mag<\/li>\n<li>Haszn\u00e1lat: L\u00e9legezze be az aktiv\u00e1l\u00e1shoz<\/li>\n<li>T\u00f6lt\u0151fel\u00fclet: C t\u00edpus\u00fa csatlakoz\u00f3<\/li>\n<li>S\u00faly: 110,2 gramm egys\u00e9genk\u00e9nt<\/li>\n<li>\u00c1llapot: Kicsomagol\u00e1s ut\u00e1n azonnal haszn\u00e1lhat\u00f3<\/li>\n<\/ul>\n<h2 data-v-md-heading=\"complete-flavor-lineup\" data-v-md-line=\"22\">Teljes \u00edzv\u00e1laszt\u00e9k<\/h2>\n<p data-v-md-line=\"24\">Minden eszk\u00f6z k\u00e9t \u00edzkombin\u00e1ci\u00f3val rendelkezik:<\/p>\n<ul data-v-md-line=\"25\">\n<li>K\u00e9k Razz \/ Szerelem 66<\/li>\n<li>Eper, cseresznye \/ kivi, maracuja, guava<\/li>\n<li>G\u00f6r\u00f6gdinnye r\u00e1g\u00f3gumi \/ Vegyes gy\u00fcm\u00f6lcs<\/li>\n<li>Eper-ban\u00e1n \/ Cseresznye Fiesta<\/li>\n<li>G\u00f6r\u00f6gdinnye j\u00e9g \/ \u0150szibarack-mang\u00f3<\/li>\n<li>\u00c1fony\u00e1s j\u00e9g \/ M\u00e1ln\u00e1s citrom<\/li>\n<li>Red Energy \/ Sz\u0151l\u0151fagylalt<\/li>\n<li>Epres-g\u00f6r\u00f6gdinnye\/narancsos sz\u00f3da<\/li>\n<li>K\u00f3l\u00e1s j\u00e9g \/ Cseresznye-\u00e1fonya<\/li>\n<li>\u00c1fony\u00e1s j\u00e9g \/ Fekete ribizli<\/li>\n<li>M\u00e1lna Mojito \u0150szibarack Ice \/ Lady Killer<\/li>\n<li>G\u00f6r\u00f6gdinnye j\u00e9g \/ Eper Mamba<\/li>\n<\/ul>\n<h2 data-v-md-heading=\"suitable-for-you-and-your-business\" data-v-md-line=\"38\">Alkalmas \u00d6nnek \u00e9s v\u00e1llalkoz\u00e1s\u00e1nak<\/h2>\n<p data-v-md-line=\"40\">A Bang Leader 120K-t szem\u00e9lyes haszn\u00e1latra is megv\u00e1s\u00e1rolhatod, de bolti \u00e9rt\u00e9kes\u00edt\u00e9sre is alkalmas. Ez egy k\u00e9nyelmes, gyors \u00e9s \u00edzletes vape term\u00e9k, amelyet a v\u00e1s\u00e1rl\u00f3k nagyon szeretnek.<\/p>\n<p data-v-md-line=\"42\">Nagykereskedelmi \u00e9s logisztikai tervez\u00e9s szempontj\u00e1b\u00f3l csomagol\u00e1si specifik\u00e1ci\u00f3ink a k\u00f6vetkez\u0151k: 200 darab dobozonk\u00e9nt (dobozm\u00e9ret: 65 \u00d7 31 \u00d7 26 cm, 23,7 kg). Nagy t\u00e9telben t\u00f6rt\u00e9n\u0151 rendel\u00e9s eset\u00e9n seg\u00edt\u00fcnk kiv\u00e1lasztani a legmegfelel\u0151bb sz\u00e1ll\u00edt\u00e1si megold\u00e1st a z\u00f6kken\u0151mentes \u00e9s akad\u00e1lytalan logisztika biztos\u00edt\u00e1sa \u00e9rdek\u00e9ben.<\/p>\n<h2 data-v-md-heading=\"reasons-why-you-will-like-it\" data-v-md-line=\"44\">Reasons why you will like it<\/h2>\n<ul data-v-md-line=\"45\">\n<li>Hossz\u00fa akkumul\u00e1tor-\u00fczemid\u0151: Tart\u00f3s \u00e9s hossz\u00fa \u00e9lettartam\u00fa, nem kell gyakran cser\u00e9lni.<\/li>\n<li>2 az 1-ben \u00edz: Az \u00edzek k\u00f6z\u00f6tt \u00faj k\u00e9sz\u00fcl\u00e9k kinyit\u00e1sa n\u00e9lk\u00fcl v\u00e1lthat.<\/li>\n<li>C t\u00edpus\u00fa t\u00f6lt\u00e9s: Seg\u00edt a k\u00e9sz\u00fcl\u00e9k teljes kihaszn\u00e1l\u00e1s\u00e1ban \u00e9s a korai selejtez\u00e9s elker\u00fcl\u00e9s\u00e9ben.<\/li>\n<li>H\u00e1l\u00f3s porlaszt\u00f3 mag: Az els\u0151 falatt\u00f3l kezdve stabil \u00edzt tud fenntartani.<\/li>\n<\/ul>\n<h2 data-v-md-heading=\"why-choose-to-collaborate-with-agoravape\" data-v-md-line=\"50\">Mi\u00e9rt \u00e9rdemes az AgoraVape-pel egy\u00fcttm\u0171k\u00f6dni?<\/h2>\n<p data-v-md-line=\"52\">Az AgoraVape a val\u00f3ban fontos szempontokra \u00f6sszpontos\u00edt: eredeti term\u00e9kgaranci\u00e1ra, megb\u00edzhat\u00f3 logisztikai sz\u00e1ll\u00edt\u00e1sra \u00e9s a visszat\u00e9r\u0151 v\u00e1s\u00e1rl\u00f3k sz\u00e1m\u00e1ra kedvez\u0151 \u00e1rakra. Ha szeretn\u00e9 forgalmazni a Bang Leader 120k 120000 k\u00e9t az egyben \u00edz\u0171 vape-eket, k\u00e9rj\u00fck, vegye fel vel\u00fcnk a kapcsolatot, \u00e9s mi nagykereskedelmi \u00e1raj\u00e1nlatot \u00e9s sz\u00e1ll\u00edt\u00e1si tervet adunk \u00d6nnek az \u00d6n orsz\u00e1ga\/r\u00e9gi\u00f3ja \u00e9s a rendel\u00e9si mennyis\u00e9g alapj\u00e1n.<\/p>\n<p><script src=\"chrome-extension:\/\/fpelahbljekknahkcaegamhcndkfpfnc\/iFrame.js\" type=\"text\/javascript\"><\/script><\/p>\n<div style=\"width: 720px;\" class=\"wp-video\"><video class=\"wp-video-shortcode\" id=\"video-24433-1\" width=\"720\" height=\"1280\" preload=\"metadata\" controls=\"controls\"><source type=\"video\/mp4\" src=\"https:\/\/agoravape.com\/wp-content\/uploads\/2026\/01\/85c5d9235dfb8b0aa86d7048f4dc2209.mp4?_=1\" \/><a href=\"https:\/\/agoravape.com\/wp-content\/uploads\/2026\/01\/85c5d9235dfb8b0aa86d7048f4dc2209.mp4\">https:\/\/agoravape.com\/wp-content\/uploads\/2026\/01\/85c5d9235dfb8b0aa86d7048f4dc2209.mp4<\/a><\/video><\/div>\n<p><script src=\"chrome-extension:\/\/fpelahbljekknahkcaegamhcndkfpfnc\/iFrame.js\" type=\"text\/javascript\"><\/script><\/p>\n<p><script src=\"chrome-extension:\/\/fpelahbljekknahkcaegamhcndkfpfnc\/iFrame.js\" type=\"text\/javascript\"><\/script><\/p>","protected":false},"excerpt":{"rendered":"<p>&nbsp;<\/p>\n<p><script src=\"chrome-extension:\/\/fpelahbljekknahkcaegamhcndkfpfnc\/iFrame.js\" type=\"text\/javascript\"><\/script><\/p>\n<p><script src=\"chrome-extension:\/\/fpelahbljekknahkcaegamhcndkfpfnc\/iFrame.js\" type=\"text\/javascript\"><\/script><\/p>\n<p><script src=\"chrome-extension:\/\/fpelahbljekknahkcaegamhcndkfpfnc\/iFrame.js\" type=\"text\/javascript\"><\/script><\/p>\n<p><script src=\"chrome-extension:\/\/fpelahbljekknahkcaegamhcndkfpfnc\/iFrame.js\" type=\"text\/javascript\"><\/script><\/p>\n<p><script src=\"chrome-extension:\/\/fpelahbljekknahkcaegamhcndkfpfnc\/iFrame.js\" type=\"text\/javascript\"><\/script><\/p>\n<p><script src=\"chrome-extension:\/\/fpelahbljekknahkcaegamhcndkfpfnc\/iFrame.js\" type=\"text\/javascript\"><\/script><\/p>\n<p><script src=\"chrome-extension:\/\/fpelahbljekknahkcaegamhcndkfpfnc\/iFrame.js\" type=\"text\/javascript\"><\/script><\/p>\n<p><script src=\"chrome-extension:\/\/fpelahbljekknahkcaegamhcndkfpfnc\/iFrame.js\" type=\"text\/javascript\"><\/script><\/p>\n<p><script src=\"chrome-extension:\/\/fpelahbljekknahkcaegamhcndkfpfnc\/iFrame.js\" type=\"text\/javascript\"><\/script><\/p>","protected":false},"featured_media":24455,"comment_status":"open","ping_status":"closed","template":"","meta":[],"product_brand":[197],"product_cat":[124,187,185,188,189,123,195,174,175,193,191,179,173,186,180,190,192],"product_tag":[],"class_list":{"0":"post-24433","1":"product","2":"type-product","3":"status-publish","4":"has-post-thumbnail","6":"product_brand-bang","7":"product_cat-vape-by-brand","8":"product_cat-0mg-nicotine-free-vapes","9":"product_cat-10000-puffs-high-capacity","10":"product_cat-10mg-low-nicotine-vapes","11":"product_cat-20mg-standard-nicotine-vapes","12":"product_cat-bang","13":"product_cat-dual-flavor-switch","14":"product_cat-fruit-flavors","15":"product_cat-icy-mint","16":"product_cat-mesh-coil","17":"product_cat-rechargeable-disposables","18":"product_cat-unique-blends","19":"product_cat-vape-by-flavor-profile","20":"product_cat-vape-by-nicotine-strength","21":"product_cat-vape-by-puff-count","22":"product_cat-vape-by-feature-or-type","23":"product_cat-vapes-with-screens","25":"first","26":"instock","27":"shipping-taxable","28":"purchasable","29":"product-type-variable","30":"has-default-attributes"},"tiered_pricing_type":"percentage","tiered_pricing_fixed_rules":[],"tiered_pricing_product_settings":{"layout":"default","base_unit_name":{"singular":null,"plural":null},"default_variation":null},"tiered_pricing_minimum_quantity":10,"tiered_pricing_roles_data":[],"tiered_pricing_percentage_rules":{"30":"9","50":"17","100":"23","200":"25","500":"28","1000":"30"},"tiered_pricing_maximum_quantity":null,"tiered_pricing_quantity_step":"10","_links":{"self":[{"href":"https:\/\/agoravape.com\/hu\/wp-json\/wp\/v2\/product\/24433","targetHints":{"allow":["GET"]}}],"collection":[{"href":"https:\/\/agoravape.com\/hu\/wp-json\/wp\/v2\/product"}],"about":[{"href":"https:\/\/agoravape.com\/hu\/wp-json\/wp\/v2\/types\/product"}],"replies":[{"embeddable":true,"href":"https:\/\/agoravape.com\/hu\/wp-json\/wp\/v2\/comments?post=24433"}],"version-history":[{"count":0,"href":"https:\/\/agoravape.com\/hu\/wp-json\/wp\/v2\/product\/24433\/revisions"}],"wp:featuredmedia":[{"embeddable":true,"href":"https:\/\/agoravape.com\/hu\/wp-json\/wp\/v2\/media\/24455"}],"wp:attachment":[{"href":"https:\/\/agoravape.com\/hu\/wp-json\/wp\/v2\/media?parent=24433"}],"wp:term":[{"taxonomy":"product_brand","embeddable":true,"href":"https:\/\/agoravape.com\/hu\/wp-json\/wp\/v2\/product_brand?post=24433"},{"taxonomy":"product_cat","embeddable":true,"href":"https:\/\/agoravape.com\/hu\/wp-json\/wp\/v2\/product_cat?post=24433"},{"taxonomy":"product_tag","embeddable":true,"href":"https:\/\/agoravape.com\/hu\/wp-json\/wp\/v2\/product_tag?post=24433"}],"curies":[{"name":"wp","href":"https:\/\/api.w.org\/{rel}","templated":true}]}}