{"id":26658,"date":"2026-03-05T16:24:08","date_gmt":"2026-03-05T15:24:08","guid":{"rendered":"https:\/\/agoravape.com\/?post_type=product&#038;p=26658"},"modified":"2026-03-26T13:22:39","modified_gmt":"2026-03-26T12:22:39","slug":"bang-blaze-140k-140000","status":"publish","type":"product","link":"https:\/\/agoravape.com\/hu\/product\/bang-blaze-140k-140000\/","title":{"rendered":"BANG Blaze 140K | P\u00e1ratlan puffan\u00e1sok, p\u00e1ratlan \u00edz"},"content":{"rendered":"<h2 data-v-md-heading=\"what-are-the-special-features-of-bang-blaze-140k-140000-disposable-vapes-with-mesh-coils\" data-v-md-line=\"3\">Milyen k\u00fcl\u00f6nleges tulajdons\u00e1gai vannak a BANG Blaze 140K 140000 eldobhat\u00f3, h\u00e1l\u00f3s tekercses vape-eknek?<\/h2>\n<p data-v-md-line=\"5\">M\u00e9g mindig zavar a r\u00f6vid \u00e9lettartam\u00fa vape-ek gyakori cser\u00e9je? Itt az ideje, hogy megtapasztald az igaz\u00e1n tart\u00f3s \u00e9s hossz\u00fa \u00e9lettartam\u00fa vape-et \u2013 a BANG Blaze 140K eldobhat\u00f3 vape-et. Ez a nagy teljes\u00edtm\u00e9ny\u0171 vape a nagy teljes\u00edtm\u00e9ny\u0171 felhaszn\u00e1l\u00f3k sz\u00e1m\u00e1ra k\u00e9sz\u00fclt, akik a t\u00f6k\u00e9letes teljes\u00edtm\u00e9nyre \u00e9s a p\u00e1ratlan \u00edzre v\u00e1gynak. M\u00e1s sz\u00f3val, ha egy olyan vape-et keresel, ami olyan tart\u00f3s \u00e9s hossz\u00fa \u00e9lettartam\u00fa, mint egy maratoni fut\u00f3, akkor j\u00f3 helyen j\u00e1rsz.<\/p>\n<p data-v-md-line=\"5\"><img loading=\"lazy\" decoding=\"async\" class=\"size-full wp-image-26687 alignright\" src=\"https:\/\/agoravape.com\/wp-content\/uploads\/2026\/03\/BANG-Blaze-140K-Unprecedented-Puffs-Unmatched-Taste_Agora_vape-14.webp\" alt=\"\" width=\"247\" height=\"247\" srcset=\"https:\/\/agoravape.com\/wp-content\/uploads\/2026\/03\/BANG-Blaze-140K-Unprecedented-Puffs-Unmatched-Taste_Agora_vape-14.webp 247w, https:\/\/agoravape.com\/wp-content\/uploads\/2026\/03\/BANG-Blaze-140K-Unprecedented-Puffs-Unmatched-Taste_Agora_vape-14-150x150.webp 150w, https:\/\/agoravape.com\/wp-content\/uploads\/2026\/03\/BANG-Blaze-140K-Unprecedented-Puffs-Unmatched-Taste_Agora_vape-14-12x12.webp 12w\" sizes=\"auto, (max-width: 247px) 100vw, 247px\" \/><\/p>\n<h2 data-v-md-heading=\"excellent-performance-simple-and-easy-to-use\" data-v-md-line=\"7\">Excellent performance, simple and easy to use<\/h2>\n<p data-v-md-line=\"9\">A BANG Blaze 140K egy 1,0 \u03a9-os h\u00e1l\u00f3tekercset haszn\u00e1l, hogy minden falatn\u00e1l konzisztens \u00e9s gazdag \u00edzt biztos\u00edtson, \u00edgy p\u00e1ratlan \u00edz\u00e9lm\u00e9nyt ny\u00fajt. Amikor az akkumul\u00e1tor lemer\u00fclni kezd, nincs ok az aggodalomra. Egyszer\u0171en haszn\u00e1ld a Type-C csatlakoz\u00f3t a t\u00f6lt\u00e9shez, ami val\u00f3sz\u00edn\u0171leg ugyanaz az csatlakoz\u00f3, amelyet a telefonod t\u00f6lt\u00e9s\u00e9re is haszn\u00e1lsz. Minden sim\u00e1n ment, \u00e9s a gazdag \u00edz megmaradt.<\/p>\n<h2 data-v-md-heading=\"quick-specifications\" data-v-md-line=\"11\">Gyors specifik\u00e1ci\u00f3k<\/h2>\n<ul data-v-md-line=\"12\">\n<li>Doh\u00e1nyz\u00e1si gyakoris\u00e1g: ak\u00e1r 140 000 slukk<\/li>\n<li>Nikotintartalom: Izgalmas t\u00f6bb lehet\u0151s\u00e9g, melyeket m\u00e9g nem hoztak nyilv\u00e1noss\u00e1gra.<\/li>\n<li>Haszn\u00e1lat: Egyszer\u0171en l\u00e9legezze be az aktiv\u00e1l\u00e1shoz<\/li>\n<li>T\u00f6lt\u00e9si m\u00f3d: K\u00e9nyelmes Type-C USB csatlakoz\u00f3<\/li>\n<li>\u00c1llapot: Kicsomagol\u00e1s ut\u00e1n azonnal haszn\u00e1lhat\u00f3<\/li>\n<\/ul>\n<h2 data-v-md-heading=\"complete-flavor-lineup\" data-v-md-line=\"18\">Teljes \u00edzv\u00e1laszt\u00e9k<\/h2>\n<ol data-v-md-line=\"19\">\n<li>G\u00f6r\u00f6gdinnyefagylalt \/ Epres licsi \/ Gumimacik<\/li>\n<li>\u0150szibarackfagylalt \/ \u00c1fony\u00e1s-g\u00f6r\u00f6gdinnye \/ Epres-citromosfagylalt<\/li>\n<li>Sz\u0151l\u0151fagylalt \/ Eper-mang\u00f3 \/ Vegyes bogy\u00f3s gy\u00fcm\u00f6lcs\u00f6k<\/li>\n<li>\u00c1fony\u00e1s j\u00e9g \/ \u0150szibarackos mang\u00f3s g\u00f6r\u00f6gdinnye \/ Love66<\/li>\n<li>\u00c1fonya, m\u00e1lna \/ kivi, maracuja, guava \/ anan\u00e1sz, k\u00f3kusz<\/li>\n<li>Epres-g\u00f6r\u00f6gdinnye \/ \u00c1fony\u00e1s-barackos \/ Fekete ribizlis-anan\u00e1szos j\u00e9gkr\u00e9m<\/li>\n<li>Eper-kivi \/ G\u00f6r\u00f6gdinnye-r\u00e1g\u00f3gumi \/ \u00c1fony\u00e1s-cseresznye<\/li>\n<li>Fekete S\u00e1rk\u00e1ny J\u00e9g \/ Eper Mamba \/ M\u00e1lna Sz\u0151l\u0151<\/li>\n<li>Mang\u00f3, \u0151szibarack \/ \u00c1fonya, Red Bull \/ Alma, sz\u0151l\u0151<\/li>\n<li>Tripla mang\u00f3 \/ m\u00e1lna-citrom \/ \u00e1fonya-sz\u0151l\u0151<\/li>\n<li>Citrom-lime \/ Aloe Mang\u00f3 Dinnye \/ G\u00f6r\u00f6gdinnye S\u00e1rk\u00e1nygy\u00fcm\u00f6lcs<\/li>\n<li>Ban\u00e1nfagylalt \/ Eperfagylalt \/ G\u00f6r\u00f6gdinnyebogy\u00f3<\/li>\n<\/ol>\n<h2 data-v-md-heading=\"tailored-for-you-and-your-business\" data-v-md-line=\"32\">\u00d6nre \u00e9s v\u00e1llalkoz\u00e1s\u00e1ra szabva<\/h2>\n<p data-v-md-line=\"34\">Ak\u00e1r szem\u00e9lyes haszn\u00e1latra, ak\u00e1r vape boltodba val\u00f3 felt\u00f6lt\u00e9sre sz\u00e1nod, a BANG Blaze 140K minden ig\u00e9nyedet kiel\u00e9g\u00edti. Ez az eszk\u00f6z k\u00fcl\u00f6n vagy nagykereskedelmi \u00e1ron is megv\u00e1s\u00e1rolhat\u00f3, \u00e9s a megfelel\u0151 mennyis\u00e9g elegend\u0151 ahhoz, hogy kiel\u00e9g\u00edtse v\u00e1llalkoz\u00e1sod vir\u00e1gz\u00f3 fejl\u0151d\u00e9s\u00e9t. Ezenk\u00edv\u00fcl megb\u00edzhat\u00f3 DDP (Delivered Duty Paid) sz\u00e1ll\u00edt\u00e1si szolg\u00e1ltat\u00e1sokat ny\u00fajtunk, \u00e9s megb\u00edzhat\u00f3 fut\u00e1rc\u00e9gekkel, p\u00e9ld\u00e1ul UPS-szel, DPD-vel \u00e9s DHL-lel m\u0171k\u00f6d\u00fcnk egy\u00fctt. Nem kell agg\u00f3dnod a v\u00e1mprobl\u00e9m\u00e1k miatt, minden z\u00f6kken\u0151mentes \u00e9s akad\u00e1lytalan.<\/p>\n<h2 data-v-md-heading=\"the-reason-why-you-will-like-it\" data-v-md-line=\"36\">Az ok, ami\u00e9rt tetszeni fog<\/h2>\n<ul data-v-md-line=\"37\">\n<li>Tart\u00f3s: Tart\u00f3s \u00e9s hossz\u00fa \u00e9lettartam\u00fa, nem kell gyakran ell\u00e1togatni az vape boltokba.<\/li>\n<li>Nikotinv\u00e1logat\u00e1s: Gondosan v\u00e1logatott nikotinkoncentr\u00e1ci\u00f3, amely a kezd\u0151 \u00e9s a tapasztalt vape-felhaszn\u00e1l\u00f3k ig\u00e9nyeit egyar\u00e1nt kiel\u00e9g\u00edti.<\/li>\n<li>\u00dajrat\u00f6lthet\u0151: Biztosan meg\u00e9ri az \u00e1r\u00e1t, minden falat meg\u00e9ri. Nemde ez egy nagyszer\u0171 \u00e1r-\u00e9rt\u00e9k ar\u00e1ny\u00fa v\u00e1laszt\u00e1s?<\/li>\n<li>H\u00e1l\u00f3s porlaszt\u00f3mag: Minden falat k\u00f6vetkezetes, gazdag \u00e9s cs\u00e1b\u00edt\u00f3 \u00edzt biztos\u00edt. Csak az els\u0151 k\u00e9zb\u0151l tapasztalva hihet\u00fcnk a finoms\u00e1g\u00e1ban.<\/li>\n<\/ul>\n<h2 data-v-md-heading=\"why-choose-to-collaborate-with-agoravape\" data-v-md-line=\"42\">Mi\u00e9rt \u00e9rdemes az AgoraVape-pel egy\u00fcttm\u0171k\u00f6dni?<\/h2>\n<p data-v-md-line=\"44\">Az AgoraVape az eredeti term\u00e9kekre vonatkoz\u00f3 garanci\u00e1j\u00e1r\u00f3l ismert. Ha vel\u00fcnk egy\u00fcttm\u0171k\u00f6dik, biztos lehet benne, hogy minden, amit k\u00edn\u00e1lunk, 100%-ban eredeti. Rendk\u00edv\u00fcl versenyk\u00e9pes nagykereskedelmi \u00e1rakat, professzion\u00e1lis \u00fcgyf\u00e9lszolg\u00e1latot, valamint gyors \u00e9s megb\u00edzhat\u00f3 logisztikai kisz\u00e1ll\u00edt\u00e1st k\u00edn\u00e1lunk, mindig fel\u00fclm\u00falva az elv\u00e1r\u00e1sait. A BANG Blaze 140K 140000 sz\u00e1jh\u00e1l\u00f3s, porlaszt\u00f3 mag\u00fa eldobhat\u00f3 vape kiv\u00e1laszt\u00e1s\u00e1val nemcsak egy term\u00e9ket ad el, hanem egy megb\u00edzhat\u00f3 \u00e9s megb\u00edzhat\u00f3 v\u00e1laszt\u00e1st is. V\u00e1s\u00e1rl\u00f3inak biztosan tetszeni fog. L\u00e9pjen kapcsolatba vel\u00fcnk azonnal, \u00e9s induljon el a siker \u00fatj\u00e1n!<\/p>\n<p><script src=\"chrome-extension:\/\/fpelahbljekknahkcaegamhcndkfpfnc\/iFrame.js\" type=\"text\/javascript\"><\/script><\/p>\n<p><script src=\"chrome-extension:\/\/fpelahbljekknahkcaegamhcndkfpfnc\/iFrame.js\" type=\"text\/javascript\"><\/script><\/p>\n<p><script src=\"chrome-extension:\/\/fpelahbljekknahkcaegamhcndkfpfnc\/iFrame.js\" type=\"text\/javascript\"><\/script><\/p>\n<p><script src=\"chrome-extension:\/\/fpelahbljekknahkcaegamhcndkfpfnc\/iFrame.js\" type=\"text\/javascript\"><\/script><\/p>\n<p><script src=\"chrome-extension:\/\/fpelahbljekknahkcaegamhcndkfpfnc\/iFrame.js\" type=\"text\/javascript\"><\/script><\/p>\n<p><script src=\"chrome-extension:\/\/fpelahbljekknahkcaegamhcndkfpfnc\/iFrame.js\" type=\"text\/javascript\"><\/script><\/p>\n<p><script src=\"chrome-extension:\/\/fpelahbljekknahkcaegamhcndkfpfnc\/iFrame.js\" type=\"text\/javascript\"><\/script><\/p>","protected":false},"excerpt":{"rendered":"<p>&nbsp;<\/p>\n<p><script src=\"chrome-extension:\/\/fpelahbljekknahkcaegamhcndkfpfnc\/iFrame.js\" type=\"text\/javascript\"><\/script><\/p>\n<p><script src=\"chrome-extension:\/\/fpelahbljekknahkcaegamhcndkfpfnc\/iFrame.js\" type=\"text\/javascript\"><\/script><\/p>\n<p><script src=\"chrome-extension:\/\/fpelahbljekknahkcaegamhcndkfpfnc\/iFrame.js\" type=\"text\/javascript\"><\/script><\/p>\n<p><script src=\"chrome-extension:\/\/fpelahbljekknahkcaegamhcndkfpfnc\/iFrame.js\" type=\"text\/javascript\"><\/script><\/p>\n<p><script src=\"chrome-extension:\/\/fpelahbljekknahkcaegamhcndkfpfnc\/iFrame.js\" type=\"text\/javascript\"><\/script><\/p>\n<p><script src=\"chrome-extension:\/\/fpelahbljekknahkcaegamhcndkfpfnc\/iFrame.js\" type=\"text\/javascript\"><\/script><\/p>\n<p><script src=\"chrome-extension:\/\/fpelahbljekknahkcaegamhcndkfpfnc\/iFrame.js\" type=\"text\/javascript\"><\/script><\/p>\n<p><script src=\"chrome-extension:\/\/fpelahbljekknahkcaegamhcndkfpfnc\/iFrame.js\" type=\"text\/javascript\"><\/script><\/p>\n<p><script src=\"chrome-extension:\/\/fpelahbljekknahkcaegamhcndkfpfnc\/iFrame.js\" type=\"text\/javascript\"><\/script><\/p>\n<p><script src=\"chrome-extension:\/\/fpelahbljekknahkcaegamhcndkfpfnc\/iFrame.js\" type=\"text\/javascript\"><\/script><\/p>\n<p><script src=\"chrome-extension:\/\/fpelahbljekknahkcaegamhcndkfpfnc\/iFrame.js\" type=\"text\/javascript\"><\/script><\/p>\n<p><script src=\"chrome-extension:\/\/fpelahbljekknahkcaegamhcndkfpfnc\/iFrame.js\" type=\"text\/javascript\"><\/script><\/p>\n<p><script src=\"chrome-extension:\/\/fpelahbljekknahkcaegamhcndkfpfnc\/iFrame.js\" type=\"text\/javascript\"><\/script><\/p>\n<p><script src=\"chrome-extension:\/\/fpelahbljekknahkcaegamhcndkfpfnc\/iFrame.js\" type=\"text\/javascript\"><\/script><\/p>\n<p><script src=\"chrome-extension:\/\/fpelahbljekknahkcaegamhcndkfpfnc\/iFrame.js\" type=\"text\/javascript\"><\/script><\/p>\n<p><script src=\"chrome-extension:\/\/fpelahbljekknahkcaegamhcndkfpfnc\/iFrame.js\" type=\"text\/javascript\"><\/script><\/p>\n<p><script src=\"chrome-extension:\/\/fpelahbljekknahkcaegamhcndkfpfnc\/iFrame.js\" type=\"text\/javascript\"><\/script><\/p>\n<p><script src=\"chrome-extension:\/\/fpelahbljekknahkcaegamhcndkfpfnc\/iFrame.js\" type=\"text\/javascript\"><\/script><\/p>\n<p><script src=\"chrome-extension:\/\/fpelahbljekknahkcaegamhcndkfpfnc\/iFrame.js\" type=\"text\/javascript\"><\/script><\/p>\n<p><script src=\"chrome-extension:\/\/fpelahbljekknahkcaegamhcndkfpfnc\/iFrame.js\" type=\"text\/javascript\"><\/script><\/p>\n<p><script src=\"chrome-extension:\/\/fpelahbljekknahkcaegamhcndkfpfnc\/iFrame.js\" type=\"text\/javascript\"><\/script><\/p>\n<p><script src=\"chrome-extension:\/\/fpelahbljekknahkcaegamhcndkfpfnc\/iFrame.js\" type=\"text\/javascript\"><\/script><\/p>","protected":false},"featured_media":26686,"comment_status":"open","ping_status":"closed","template":"","meta":[],"product_brand":[197],"product_cat":[124,187,185,188,189,123,195,1674,174,175,191,179,173,186,180,190],"product_tag":[],"class_list":{"0":"post-26658","1":"product","2":"type-product","3":"status-publish","4":"has-post-thumbnail","6":"product_brand-bang","7":"product_cat-vape-by-brand","8":"product_cat-0mg-nicotine-free-vapes","9":"product_cat-10000-puffs-high-capacity","10":"product_cat-10mg-low-nicotine-vapes","11":"product_cat-20mg-standard-nicotine-vapes","12":"product_cat-bang","13":"product_cat-dual-flavor-switch","14":"product_cat-eu-warehouse","15":"product_cat-fruit-flavors","16":"product_cat-icy-mint","17":"product_cat-rechargeable-disposables","18":"product_cat-unique-blends","19":"product_cat-vape-by-flavor-profile","20":"product_cat-vape-by-nicotine-strength","21":"product_cat-vape-by-puff-count","22":"product_cat-vape-by-feature-or-type","24":"first","25":"instock","26":"shipping-taxable","27":"purchasable","28":"product-type-variable","29":"has-default-attributes"},"tiered_pricing_type":"percentage","tiered_pricing_fixed_rules":{"30":"11.55","60":"9.84","100":"8.13","200":"7.27","1000":"6.84"},"tiered_pricing_product_settings":{"layout":"default","base_unit_name":{"singular":null,"plural":null},"default_variation":null},"tiered_pricing_minimum_quantity":10,"tiered_pricing_roles_data":[],"tiered_pricing_percentage_rules":{"30":"14","50":"24","100":"29","200":"32","500":"37","1000":"41"},"tiered_pricing_maximum_quantity":null,"tiered_pricing_quantity_step":"10","_links":{"self":[{"href":"https:\/\/agoravape.com\/hu\/wp-json\/wp\/v2\/product\/26658","targetHints":{"allow":["GET"]}}],"collection":[{"href":"https:\/\/agoravape.com\/hu\/wp-json\/wp\/v2\/product"}],"about":[{"href":"https:\/\/agoravape.com\/hu\/wp-json\/wp\/v2\/types\/product"}],"replies":[{"embeddable":true,"href":"https:\/\/agoravape.com\/hu\/wp-json\/wp\/v2\/comments?post=26658"}],"version-history":[{"count":0,"href":"https:\/\/agoravape.com\/hu\/wp-json\/wp\/v2\/product\/26658\/revisions"}],"wp:featuredmedia":[{"embeddable":true,"href":"https:\/\/agoravape.com\/hu\/wp-json\/wp\/v2\/media\/26686"}],"wp:attachment":[{"href":"https:\/\/agoravape.com\/hu\/wp-json\/wp\/v2\/media?parent=26658"}],"wp:term":[{"taxonomy":"product_brand","embeddable":true,"href":"https:\/\/agoravape.com\/hu\/wp-json\/wp\/v2\/product_brand?post=26658"},{"taxonomy":"product_cat","embeddable":true,"href":"https:\/\/agoravape.com\/hu\/wp-json\/wp\/v2\/product_cat?post=26658"},{"taxonomy":"product_tag","embeddable":true,"href":"https:\/\/agoravape.com\/hu\/wp-json\/wp\/v2\/product_tag?post=26658"}],"curies":[{"name":"wp","href":"https:\/\/api.w.org\/{rel}","templated":true}]}}