{"id":26714,"date":"2026-03-06T01:25:23","date_gmt":"2026-03-06T00:25:23","guid":{"rendered":"https:\/\/agoravape.com\/?post_type=product&#038;p=26714"},"modified":"2026-03-06T02:29:25","modified_gmt":"2026-03-06T01:29:25","slug":"bang-legend-60k-60000","status":"publish","type":"product","link":"https:\/\/agoravape.com\/hu\/product\/bang-legend-60k-60000\/","title":{"rendered":"BANG Legend 60K | A t\u00f6k\u00e9letes eldobhat\u00f3 vape, ami sok\u00e1ig b\u00edrja"},"content":{"rendered":"<h2 data-v-md-heading=\"what-is-the-special-feature-of-the-bang-legend-60k-60000-dual-mesh-atomizer-disposable-vape\" data-v-md-line=\"3\"><img loading=\"lazy\" decoding=\"async\" class=\"size-full wp-image-26729 alignright\" src=\"https:\/\/agoravape.com\/wp-content\/uploads\/2026\/03\/BANG-Legend-60K-The-Ultimate-Disposable-Vape-That-Keeps-Going-and-Going_Agora_vape-1.webp\" alt=\"\" width=\"1000\" height=\"500\" srcset=\"https:\/\/agoravape.com\/wp-content\/uploads\/2026\/03\/BANG-Legend-60K-The-Ultimate-Disposable-Vape-That-Keeps-Going-and-Going_Agora_vape-1.webp 1000w, https:\/\/agoravape.com\/wp-content\/uploads\/2026\/03\/BANG-Legend-60K-The-Ultimate-Disposable-Vape-That-Keeps-Going-and-Going_Agora_vape-1-300x150.webp 300w, https:\/\/agoravape.com\/wp-content\/uploads\/2026\/03\/BANG-Legend-60K-The-Ultimate-Disposable-Vape-That-Keeps-Going-and-Going_Agora_vape-1-768x384.webp 768w, https:\/\/agoravape.com\/wp-content\/uploads\/2026\/03\/BANG-Legend-60K-The-Ultimate-Disposable-Vape-That-Keeps-Going-and-Going_Agora_vape-1-18x9.webp 18w\" sizes=\"auto, (max-width: 1000px) 100vw, 1000px\" \/><\/h2>\n<h2 data-v-md-heading=\"what-is-the-special-feature-of-the-bang-legend-60k-60000-dual-mesh-atomizer-disposable-vape\" data-v-md-line=\"3\">Mi a BANG Legend 60K 60000 dupla h\u00e1l\u00f3s porlaszt\u00f3s eldobhat\u00f3 vape k\u00fcl\u00f6nleges tulajdons\u00e1ga?<\/h2>\n<p data-v-md-line=\"5\">M\u00e9g mindig zavar a gyakori vape csere? Olvass tov\u00e1bb, a BANG Legend 60K hamarosan az \u00faj kedvencedd\u00e9 v\u00e1lik. Ez a k\u00e9sz\u00fcl\u00e9k elk\u00e9peszt\u0151, 60 000 ekvivalens akkumul\u00e1tor-\u00fczemid\u0151vel rendelkezik, \u00edgy ide\u00e1lis v\u00e1laszt\u00e1s a tapasztalt vape felhaszn\u00e1l\u00f3k \u00e9s azok sz\u00e1m\u00e1ra, akik \u00e9lvezik, hogy kifogynak az e-liquidb\u0151l. Kett\u0151s h\u00e1l\u00f3zati porlaszt\u00e1si magtechnol\u00f3gi\u00e1j\u00e1val \u00e9s 12 \u00ednycsikland\u00f3 \u00edzv\u00e1laszt\u00e9k\u00e1val ez a k\u00e9sz\u00fcl\u00e9k egyszer\u0171, k\u00e9nyelmes \u00e9s kiel\u00e9g\u00edt\u0151 vape \u00e9lm\u00e9nyt ny\u00fajt.<\/p>\n<h2 data-v-md-heading=\"excellent-performance-easy-and-convenient\" data-v-md-line=\"7\">Kiv\u00e1l\u00f3 teljes\u00edtm\u00e9ny, egyszer\u0171 \u00e9s k\u00e9nyelmes<\/h2>\n<p data-v-md-line=\"9\">Az integr\u00e1lt kett\u0151s h\u00e1l\u00f3s tekercsnek k\u00f6sz\u00f6nhet\u0151en a BANG Legend 60K minden falatja olyan friss \u00e9s l\u00e1gy, mint az els\u0151, \u00edgy t\u00f6bb\u00e9 nem kell agg\u00f3dnod a hirtelen \u00e9gett \u00edz miatt a falat fel\u00e9n\u00e9l. R\u00e1ad\u00e1sul t\u00f6bb\u00e9 nem kell agg\u00f3dnod a k\u00fcl\u00f6nb\u00f6z\u0151 t\u00f6lt\u0151k miatt sem. Amikor a 850 mAh-s akkumul\u00e1tor lemer\u00fcl, egyszer\u0171en csatlakoztasd a telefonod Type-C portj\u00e1hoz. Ugye milyen egyszer\u0171?<\/p>\n<h2 data-v-md-heading=\"quick-specifications\" data-v-md-line=\"11\">Gyors specifik\u00e1ci\u00f3k<\/h2>\n<ul data-v-md-line=\"12\">\n<li>Doh\u00e1nyz\u00e1si gyakoris\u00e1g: ak\u00e1r 60 000 slukk<\/li>\n<li>Akkumul\u00e1tor kapacit\u00e1sa: 850mAh<\/li>\n<li>Haszn\u00e1lat: L\u00e9legezze be az aktiv\u00e1l\u00e1shoz<\/li>\n<li>T\u00f6lt\u00e9si m\u00f3d: Standard Type-C USB csatlakoz\u00f3<\/li>\n<li>\u00c1llapot: Kicsomagol\u00e1s ut\u00e1n azonnal haszn\u00e1lhat\u00f3<\/li>\n<\/ul>\n<h2 data-v-md-heading=\"complete-flavor-lineup\" data-v-md-line=\"18\">Teljes \u00edzv\u00e1laszt\u00e9k<\/h2>\n<ul data-v-md-line=\"19\">\n<li>Eper g\u00f6r\u00f6gdinnye<\/li>\n<li>\u00c1fony\u00e1s j\u00e9g<\/li>\n<li>\u00c1fonya \u00e9s m\u00e1lna<\/li>\n<li>Eper-kivi<\/li>\n<li>Eper-ban\u00e1n<\/li>\n<li>Sz\u0151l\u0151fagylalt<\/li>\n<li>Eper-mang\u00f3<\/li>\n<li>Kiwi maracuja guava<\/li>\n<li>M\u00e1mba k\u00edgy\u00f3<\/li>\n<li>Szerelem66<\/li>\n<li>Vegyes bogy\u00f3s gy\u00fcm\u00f6lcs\u00f6k<\/li>\n<li>\u0150szibarack j\u00e9g<\/li>\n<\/ul>\n<h2 data-v-md-heading=\"suitable-for-individuals-and-businesses\" data-v-md-line=\"32\">Mag\u00e1nszem\u00e9lyek \u00e9s v\u00e1llalkoz\u00e1sok sz\u00e1m\u00e1ra alkalmas<\/h2>\n<p data-v-md-line=\"34\">A BANG Legend 60K szem\u00e9lyes v\u00e1s\u00e1rl\u00e1s eset\u00e9n is el\u00e9rhet\u0151, hogy kiel\u00e9g\u00edtse a napi sz\u00fcks\u00e9gleteit. - Ha v\u00e1llalkoz\u00e1st vezet? Remek! Ezek az eszk\u00f6z\u00f6k nagy t\u00e9telben is kaphat\u00f3k, 100 vagy 200 eszk\u00f6zt tartalmaz\u00f3 nagykereskedelmi csomagol\u00e1si dobozokkal. Ezenk\u00edv\u00fcl egy\u00fcttm\u0171k\u00f6d\u00fcnk a UPS-szel, a DPD-vel \u00e9s a DHL-lel, hogy megb\u00edzhat\u00f3 DDP sz\u00e1ll\u00edt\u00e1si szolg\u00e1ltat\u00e1sokat ny\u00fajtsunk ad\u00f3k levon\u00e1sa ut\u00e1n, \u00edgy nem kell agg\u00f3dnia a v\u00e1mkezel\u00e9si d\u00edjak miatt.<\/p>\n<h2 data-v-md-heading=\"reasons-why-you-will-like-it\" data-v-md-line=\"36\">Reasons why you will like it<\/h2>\n<ul data-v-md-line=\"37\">\n<li>Ultra hossz\u00fa akkumul\u00e1tor-\u00fczemid\u0151: A n\u00e9vben eml\u00edtett 60 ezer mp nem t\u00falz\u00e1s, \u00edgy elker\u00fclhet\u0151 az \u00faj eszk\u00f6z\u00f6k gyakori v\u00e1s\u00e1rl\u00e1sa.<\/li>\n<li>\u00dajrat\u00f6lthet\u0151: A szabv\u00e1nyos Type-C csatlakoz\u00f3 lehet\u0151v\u00e9 teszi a t\u00f6lt\u00e9st b\u00e1rmikor, minden csepp e-folyad\u00e9k teljes kihaszn\u00e1l\u00e1s\u00e1val.<\/li>\n<li>H\u00e1l\u00f3s porlaszt\u00f3mag: biztos\u00edtja a stabil \u00e9s kiel\u00e9g\u00edt\u0151 torok\u00e9rzetet minden alkalommal.<\/li>\n<\/ul>\n<h2 data-v-md-heading=\"why-choose-agoravape\" data-v-md-line=\"41\">Mi\u00e9rt v\u00e1lassza az AgoraVape-et?<\/h2>\n<p data-v-md-line=\"43\">Mondj b\u00facs\u00fat a hamis\u00edtott \u00e1ruk probl\u00e9m\u00e1inak \u2013 az AgoraVape csak 100%-ban eredeti term\u00e9keket \u00e1rul, \u00e9s kedvezm\u00e9nyes nagykereskedelmi \u00e1rakat, megb\u00edzhat\u00f3 \u00e9rt\u00e9kes\u00edt\u00e9s ut\u00e1ni t\u00e1mogat\u00e1st, valamint gyors \u00e9s stabil sz\u00e1ll\u00edt\u00e1si szolg\u00e1ltat\u00e1st k\u00edn\u00e1l. Azonnal vedd fel vel\u00fcnk a kapcsolatot, hogy megrendeld a BANG Legend 60K 60000 portos eldobhat\u00f3 vape-et dupla h\u00e1l\u00f3s tekercsekkel \u2013 \u00fcgyfeleid biztosan im\u00e1dni fogj\u00e1k ezt a term\u00e9ket.<\/p>","protected":false},"excerpt":{"rendered":"<p>&nbsp;<\/p>\n<p><script src=\"chrome-extension:\/\/fpelahbljekknahkcaegamhcndkfpfnc\/iFrame.js\" type=\"text\/javascript\"><\/script><\/p>\n<p><script src=\"chrome-extension:\/\/fpelahbljekknahkcaegamhcndkfpfnc\/iFrame.js\" type=\"text\/javascript\"><\/script><\/p>\n<p><script src=\"chrome-extension:\/\/fpelahbljekknahkcaegamhcndkfpfnc\/iFrame.js\" type=\"text\/javascript\"><\/script><\/p>\n<p><script src=\"chrome-extension:\/\/fpelahbljekknahkcaegamhcndkfpfnc\/iFrame.js\" type=\"text\/javascript\"><\/script><\/p>\n<p><script src=\"chrome-extension:\/\/fpelahbljekknahkcaegamhcndkfpfnc\/iFrame.js\" type=\"text\/javascript\"><\/script><\/p>\n<p><script src=\"chrome-extension:\/\/fpelahbljekknahkcaegamhcndkfpfnc\/iFrame.js\" type=\"text\/javascript\"><\/script><\/p>\n<p><script src=\"chrome-extension:\/\/fpelahbljekknahkcaegamhcndkfpfnc\/iFrame.js\" type=\"text\/javascript\"><\/script><\/p>\n<p><script src=\"chrome-extension:\/\/fpelahbljekknahkcaegamhcndkfpfnc\/iFrame.js\" type=\"text\/javascript\"><\/script><\/p>\n<p><script src=\"chrome-extension:\/\/fpelahbljekknahkcaegamhcndkfpfnc\/iFrame.js\" type=\"text\/javascript\"><\/script><\/p>\n<p><script src=\"chrome-extension:\/\/fpelahbljekknahkcaegamhcndkfpfnc\/iFrame.js\" type=\"text\/javascript\"><\/script><\/p>","protected":false},"featured_media":26737,"comment_status":"open","ping_status":"closed","template":"","meta":[],"product_brand":[197],"product_cat":[124,187,188,189,1642,123,174,175,193,191,179,173,186,180,190],"product_tag":[],"class_list":{"0":"post-26714","1":"product","2":"type-product","3":"status-publish","4":"has-post-thumbnail","6":"product_brand-bang","7":"product_cat-vape-by-brand","8":"product_cat-0mg-nicotine-free-vapes","9":"product_cat-10mg-low-nicotine-vapes","10":"product_cat-20mg-standard-nicotine-vapes","11":"product_cat-60000-puffs","12":"product_cat-bang","13":"product_cat-fruit-flavors","14":"product_cat-icy-mint","15":"product_cat-mesh-coil","16":"product_cat-rechargeable-disposables","17":"product_cat-unique-blends","18":"product_cat-vape-by-flavor-profile","19":"product_cat-vape-by-nicotine-strength","20":"product_cat-vape-by-puff-count","21":"product_cat-vape-by-feature-or-type","23":"first","24":"instock","25":"shipping-taxable","26":"purchasable","27":"product-type-variable","28":"has-default-attributes"},"tiered_pricing_type":"percentage","tiered_pricing_fixed_rules":[],"tiered_pricing_product_settings":{"layout":"default","base_unit_name":{"singular":null,"plural":null},"default_variation":null},"tiered_pricing_minimum_quantity":10,"tiered_pricing_roles_data":[],"tiered_pricing_percentage_rules":{"30":"9","50":"17","100":"23","200":"25","500":"28","1000":"30"},"tiered_pricing_maximum_quantity":null,"tiered_pricing_quantity_step":"10","_links":{"self":[{"href":"https:\/\/agoravape.com\/hu\/wp-json\/wp\/v2\/product\/26714","targetHints":{"allow":["GET"]}}],"collection":[{"href":"https:\/\/agoravape.com\/hu\/wp-json\/wp\/v2\/product"}],"about":[{"href":"https:\/\/agoravape.com\/hu\/wp-json\/wp\/v2\/types\/product"}],"replies":[{"embeddable":true,"href":"https:\/\/agoravape.com\/hu\/wp-json\/wp\/v2\/comments?post=26714"}],"version-history":[{"count":0,"href":"https:\/\/agoravape.com\/hu\/wp-json\/wp\/v2\/product\/26714\/revisions"}],"wp:featuredmedia":[{"embeddable":true,"href":"https:\/\/agoravape.com\/hu\/wp-json\/wp\/v2\/media\/26737"}],"wp:attachment":[{"href":"https:\/\/agoravape.com\/hu\/wp-json\/wp\/v2\/media?parent=26714"}],"wp:term":[{"taxonomy":"product_brand","embeddable":true,"href":"https:\/\/agoravape.com\/hu\/wp-json\/wp\/v2\/product_brand?post=26714"},{"taxonomy":"product_cat","embeddable":true,"href":"https:\/\/agoravape.com\/hu\/wp-json\/wp\/v2\/product_cat?post=26714"},{"taxonomy":"product_tag","embeddable":true,"href":"https:\/\/agoravape.com\/hu\/wp-json\/wp\/v2\/product_tag?post=26714"}],"curies":[{"name":"wp","href":"https:\/\/api.w.org\/{rel}","templated":true}]}}