{"id":26772,"date":"2026-03-06T03:05:12","date_gmt":"2026-03-06T02:05:12","guid":{"rendered":"https:\/\/agoravape.com\/?post_type=product&#038;p=26772"},"modified":"2026-03-26T13:22:38","modified_gmt":"2026-03-26T12:22:38","slug":"bang-king-8in1-200k-200000","status":"publish","type":"product","link":"https:\/\/agoravape.com\/hu\/product\/bang-king-8in1-200k-200000\/","title":{"rendered":"BANG King 8IN1 200K | \u00cdzek szimf\u00f3ni\u00e1ja egyetlen k\u00e9sz\u00fcl\u00e9kben"},"content":{"rendered":"<h2 data-v-md-heading=\"introduction-to-bang-king-8in1-200k-200000-mesh-coil-disposable-vape\" data-v-md-line=\"3\"><img loading=\"lazy\" decoding=\"async\" class=\"aligncenter size-full wp-image-26787\" src=\"https:\/\/agoravape.com\/wp-content\/uploads\/2026\/03\/BANG-King-8IN1-200K-A-Symphony-of-Flavours-in-a-Single-Device_Agora_vape-2-scaled.webp\" alt=\"\" width=\"2560\" height=\"1439\" srcset=\"https:\/\/agoravape.com\/wp-content\/uploads\/2026\/03\/BANG-King-8IN1-200K-A-Symphony-of-Flavours-in-a-Single-Device_Agora_vape-2-scaled.webp 2560w, https:\/\/agoravape.com\/wp-content\/uploads\/2026\/03\/BANG-King-8IN1-200K-A-Symphony-of-Flavours-in-a-Single-Device_Agora_vape-2-300x169.webp 300w, https:\/\/agoravape.com\/wp-content\/uploads\/2026\/03\/BANG-King-8IN1-200K-A-Symphony-of-Flavours-in-a-Single-Device_Agora_vape-2-1024x576.webp 1024w, https:\/\/agoravape.com\/wp-content\/uploads\/2026\/03\/BANG-King-8IN1-200K-A-Symphony-of-Flavours-in-a-Single-Device_Agora_vape-2-768x432.webp 768w, https:\/\/agoravape.com\/wp-content\/uploads\/2026\/03\/BANG-King-8IN1-200K-A-Symphony-of-Flavours-in-a-Single-Device_Agora_vape-2-1536x864.webp 1536w, https:\/\/agoravape.com\/wp-content\/uploads\/2026\/03\/BANG-King-8IN1-200K-A-Symphony-of-Flavours-in-a-Single-Device_Agora_vape-2-2048x1152.webp 2048w, https:\/\/agoravape.com\/wp-content\/uploads\/2026\/03\/BANG-King-8IN1-200K-A-Symphony-of-Flavours-in-a-Single-Device_Agora_vape-2-18x10.webp 18w, https:\/\/agoravape.com\/wp-content\/uploads\/2026\/03\/BANG-King-8IN1-200K-A-Symphony-of-Flavours-in-a-Single-Device_Agora_vape-2-1200x675.webp 1200w\" sizes=\"auto, (max-width: 2560px) 100vw, 2560px\" \/><\/h2>\n<h2 data-v-md-heading=\"introduction-to-bang-king-8in1-200k-200000-mesh-coil-disposable-vape\" data-v-md-line=\"3\"><img loading=\"lazy\" decoding=\"async\" class=\"aligncenter size-full wp-image-26786\" src=\"https:\/\/agoravape.com\/wp-content\/uploads\/2026\/03\/BANG-King-8IN1-200K-A-Symphony-of-Flavours-in-a-Single-Device_Agora_vape-1.webp\" alt=\"\" width=\"1920\" height=\"1152\" srcset=\"https:\/\/agoravape.com\/wp-content\/uploads\/2026\/03\/BANG-King-8IN1-200K-A-Symphony-of-Flavours-in-a-Single-Device_Agora_vape-1.webp 1920w, https:\/\/agoravape.com\/wp-content\/uploads\/2026\/03\/BANG-King-8IN1-200K-A-Symphony-of-Flavours-in-a-Single-Device_Agora_vape-1-300x180.webp 300w, https:\/\/agoravape.com\/wp-content\/uploads\/2026\/03\/BANG-King-8IN1-200K-A-Symphony-of-Flavours-in-a-Single-Device_Agora_vape-1-1024x614.webp 1024w, https:\/\/agoravape.com\/wp-content\/uploads\/2026\/03\/BANG-King-8IN1-200K-A-Symphony-of-Flavours-in-a-Single-Device_Agora_vape-1-768x461.webp 768w, https:\/\/agoravape.com\/wp-content\/uploads\/2026\/03\/BANG-King-8IN1-200K-A-Symphony-of-Flavours-in-a-Single-Device_Agora_vape-1-1536x922.webp 1536w, https:\/\/agoravape.com\/wp-content\/uploads\/2026\/03\/BANG-King-8IN1-200K-A-Symphony-of-Flavours-in-a-Single-Device_Agora_vape-1-18x12.webp 18w, https:\/\/agoravape.com\/wp-content\/uploads\/2026\/03\/BANG-King-8IN1-200K-A-Symphony-of-Flavours-in-a-Single-Device_Agora_vape-1-1200x720.webp 1200w\" sizes=\"auto, (max-width: 1920px) 100vw, 1920px\" \/><\/h2>\n<h2 data-v-md-heading=\"introduction-to-bang-king-8in1-200k-200000-mesh-coil-disposable-vape\" data-v-md-line=\"3\"><img loading=\"lazy\" decoding=\"async\" class=\"aligncenter size-full wp-image-26800\" src=\"https:\/\/agoravape.com\/wp-content\/uploads\/2026\/03\/BANG-King-8IN1-200K-A-Symphony-of-Flavours-in-a-Single-Device_Agora_vape-15-scaled.webp\" alt=\"\" width=\"1595\" height=\"2560\" srcset=\"https:\/\/agoravape.com\/wp-content\/uploads\/2026\/03\/BANG-King-8IN1-200K-A-Symphony-of-Flavours-in-a-Single-Device_Agora_vape-15-scaled.webp 1595w, https:\/\/agoravape.com\/wp-content\/uploads\/2026\/03\/BANG-King-8IN1-200K-A-Symphony-of-Flavours-in-a-Single-Device_Agora_vape-15-187x300.webp 187w, https:\/\/agoravape.com\/wp-content\/uploads\/2026\/03\/BANG-King-8IN1-200K-A-Symphony-of-Flavours-in-a-Single-Device_Agora_vape-15-638x1024.webp 638w, https:\/\/agoravape.com\/wp-content\/uploads\/2026\/03\/BANG-King-8IN1-200K-A-Symphony-of-Flavours-in-a-Single-Device_Agora_vape-15-768x1233.webp 768w, https:\/\/agoravape.com\/wp-content\/uploads\/2026\/03\/BANG-King-8IN1-200K-A-Symphony-of-Flavours-in-a-Single-Device_Agora_vape-15-957x1536.webp 957w, https:\/\/agoravape.com\/wp-content\/uploads\/2026\/03\/BANG-King-8IN1-200K-A-Symphony-of-Flavours-in-a-Single-Device_Agora_vape-15-1276x2048.webp 1276w, https:\/\/agoravape.com\/wp-content\/uploads\/2026\/03\/BANG-King-8IN1-200K-A-Symphony-of-Flavours-in-a-Single-Device_Agora_vape-15-7x12.webp 7w, https:\/\/agoravape.com\/wp-content\/uploads\/2026\/03\/BANG-King-8IN1-200K-A-Symphony-of-Flavours-in-a-Single-Device_Agora_vape-15-1200x1926.webp 1200w\" sizes=\"auto, (max-width: 1595px) 100vw, 1595px\" \/><\/h2>\n<h2 data-v-md-heading=\"introduction-to-bang-king-8in1-200k-200000-mesh-coil-disposable-vape\" data-v-md-line=\"3\">Bevezet\u00e9s a BANG King 8IN1 200K 200000 Mesh tekercses eldobhat\u00f3 vape-hez<\/h2>\n<p data-v-md-line=\"5\">K\u00e9pzeld el, hogy az eper-mang\u00f3 \u00e9s az \u0151szibarack-dinnye \u00edzek k\u00f6z\u00f6tt ragadsz, \u00e9s \u00e1t\u00e9led a BANG King 8IN1 200K \u00e1ltal ny\u00fajtott leny\u0171g\u00f6z\u0151 200 000 harap\u00e1sos \u00e9lm\u00e9nyt. \u00cdgy van, ez a vape tart\u00f3s, nemcsak hossz\u00fa akkumul\u00e1tor-\u00fczemid\u0151vel rendelkezik, hanem ak\u00e1r 12 k\u00e9szlettel is rendelkezik, 4 \u00edzkombin\u00e1ci\u00f3b\u00f3l \u00e1ll\u00f3 k\u00e9szlettel, k\u00f6nnyen v\u00e1lthat\u00f3 \u00e9s leny\u0171g\u00f6z\u0151. Kifejezetten a v\u00e1ltozatos \u00e9lm\u00e9nyekre v\u00e1gy\u00f3 vape rajong\u00f3k \u00e9s a tart\u00f3s benyom\u00e1st kelt\u0151 m\u00e1rk\u00e1k sz\u00e1m\u00e1ra tervezt\u00e9k, ez a vape k\u00f6telez\u0151 darab, amit magaddal vihetsz vagy a polcokra helyezhetsz.<\/p>\n<h2 data-v-md-heading=\"excellent-performance-easy-to-use\" data-v-md-line=\"7\">Kiv\u00e1l\u00f3 teljes\u00edtm\u00e9ny, k\u00f6nnyen haszn\u00e1lhat\u00f3<\/h2>\n<p data-v-md-line=\"9\">A BANG King 8IN1 200K 650 mAh-s akkumul\u00e1torral van felszerelve, \u00e9s hat\u00e9konyan t\u00f6lthet\u0151 egy Type-C csatlakoz\u00f3n kereszt\u00fcl. Az 1,0 \u03a9-os h\u00e1l\u00f3s porlaszt\u00f3mag tiszta, sima \u00e9s k\u00f6vetkezetes bel\u00e9gz\u00e9st biztos\u00edt minden alkalommal. K\u00f6nnyen \u00e9s k\u00e9nyelmesen haszn\u00e1lhat\u00f3, a t\u00f6lt\u00e9s pedig szint\u00e9n rendk\u00edv\u00fcl k\u00e9nyelmes. A dobozb\u00f3l kiv\u00e9ve azonnal haszn\u00e1lhat\u00f3.<\/p>\n<h2 data-v-md-heading=\"product-highlights\" data-v-md-line=\"11\">Term\u00e9k kiemelt jellemz\u0151i<\/h2>\n<ul data-v-md-line=\"12\">\n<li>Ak\u00e1r 200 000 adag: Ez nem csup\u00e1n egy sz\u00e1m, hanem egy utaz\u00e1s is, amely sor\u00e1n \u00edzletes \u00e9teleket tapasztalhat meg.<\/li>\n<li>Nikotinkoncentr\u00e1ci\u00f3 kiv\u00e1laszt\u00e1sa: Az \u00d6n tapasztalata, az \u00d6n preferenci\u00e1ja. Ez a k\u00e9sz\u00fcl\u00e9k az \u00d6n ig\u00e9nyei szerint k\u00e9pes be\u00e1ll\u00edtani a nikotinkoncentr\u00e1ci\u00f3t.<\/li>\n<li>K\u00f6nnyen haszn\u00e1lhat\u00f3: Egyszer\u0171en aktiv\u00e1lhat\u00f3 bel\u00e9gz\u00e9ssel, ilyen egyszer\u0171.<\/li>\n<li>T\u00f6lt\u00e9s: Haszn\u00e1lja a telefon gyors \u00e9s k\u00e9nyelmes t\u00f6lt\u00e9s\u00e9hez a Type-C USB-portot, amelyen \u00e9ppen t\u00f6lti.<\/li>\n<li>\u00c1llapot: Haszn\u00e1latra k\u00e9sz, azonnal haszn\u00e1lhat\u00f3 a dobozb\u00f3l kiv\u00e9ve.<\/li>\n<\/ul>\n<h2 data-v-md-heading=\"taste-journey\" data-v-md-line=\"18\">\u00cdz utaz\u00e1s<\/h2>\n<p data-v-md-line=\"20\">\u00c9ld \u00e1t az izgalmas utaz\u00e1st, melyet a k\u00f6vetkez\u0151 cs\u00e1b\u00edt\u00f3 \u00edzkombin\u00e1ci\u00f3k k\u00edn\u00e1lnak:<\/p>\n<ul data-v-md-line=\"21\">\n<li>K\u00e9k Razz j\u00e9g \/ \u0150szibarack j\u00e9g \/ Sz\u0151l\u0151 j\u00e9g \/ Mang\u00f3 j\u00e9g<\/li>\n<li>\u0150szibarack Mang\u00f3 G\u00f6r\u00f6gdinnye \/ Red Bull \/ Eper Red Bull \/ Eper Kiwi<\/li>\n<li>Eper-mang\u00f3 \/ Eperfagylalt \/ Ban\u00e1nfagylalt \/ Eperlicsi<\/li>\n<li>Dupla Alma \/ Mang\u00f3 \u0150szibarack \/ Eper G\u00f6r\u00f6gdinnye \/ Eper Van\u00edlia Coca-Cola<\/li>\n<li>Fekete S\u00e1rk\u00e1ny J\u00e9g \/ Szerelem 66 \/ Mr. Blue \/ Epres Limon\u00e1d\u00e9<\/li>\n<li>Kivi maracuja guava \/ Gumimaci \/ Sziv\u00e1rv\u00e1nycukor \/ Vattacukor<\/li>\n<li>G\u00f6r\u00f6gdinnyefagylalt \/ Citrom \u00e9s menta \/ Eperfagylalt \/ K\u00e9k cseresznye<\/li>\n<li>H\u00e1rom bogy\u00f3s gy\u00fcm\u00f6lcs \/ Tr\u00f3pusi gy\u00fcm\u00f6lcs \/ Eper-ban\u00e1n \/ R\u00f3zsasz\u00edn limon\u00e1d\u00e9<\/li>\n<li>Tripla dinnye \/ \u00c1fony\u00e1s j\u00e9g \/ Cseresznyebomba \/ Anan\u00e1szos k\u00f3kusz<\/li>\n<li>G\u00f6r\u00f6gdinnye R\u00e1g\u00f3gumi \/ \u00c1fonya M\u00e1lna \/ M\u00e1lna G\u00f6r\u00f6gdinnye \/ G\u00f6r\u00f6gdinnye \u00c1fonya<\/li>\n<li>H\u0171s\u00edt\u0151 menta \/ \u0150szibarack \/ Cseresznye \/ \u0150szibarack \/ Citrom \/ Kivi \/ G\u00f6r\u00f6gdinnye \/ J\u00e9g<\/li>\n<li>Sz\u00e9nsavas citrom \u00e9s lime \/ Alm\u00e1s mojito \/ Anan\u00e1szos j\u00e9g \/ K\u00f3l\u00e1s j\u00e9g<\/li>\n<\/ul>\n<h2 data-v-md-heading=\"personal-and-commercial-use\" data-v-md-line=\"34\">Szem\u00e9lyes \u00e9s kereskedelmi haszn\u00e1latra<\/h2>\n<p data-v-md-line=\"36\">A BANG King 8 az 1-ben 200000 sz\u00e1jbet\u00e9tes, eldobhat\u00f3 vape kiv\u00e1l\u00f3 v\u00e1laszt\u00e1s egy\u00e9ni felhaszn\u00e1l\u00f3k sz\u00e1m\u00e1ra, de tudtad, hogy kereskedelmi haszn\u00e1latra is alkalmas? Minden doboz 120 egys\u00e9get tartalmaz, k\u00e9nyelmes csomagol\u00e1sban, \u00e9s k\u00f6zvetlen\u00fcl sz\u00e1ll\u00edthat\u00f3, \u00edgy megfelel a nagy t\u00e9telben t\u00f6rt\u00e9n\u0151 megrendel\u00e9sek ig\u00e9nyeinek. Ezenk\u00edv\u00fcl olyan ismert partnerekkel m\u0171k\u00f6d\u00fcnk egy\u00fctt, mint a UPS, a DPD \u00e9s a DHL, hogy megb\u00edzhat\u00f3 DDP sz\u00e1ll\u00edt\u00e1si szolg\u00e1ltat\u00e1sokat ny\u00fajtsunk ad\u00f3z\u00e1s ut\u00e1n, \u00edgy nem kell agg\u00f3dnod a v\u00e1ratlan v\u00e1mprobl\u00e9m\u00e1k miatt.<\/p>\n<h2 data-v-md-heading=\"advantages-that-you-will-enjoy\" data-v-md-line=\"38\">El\u0151ny\u00f6k, amelyeket \u00e9lvezni fog<\/h2>\n<ul data-v-md-line=\"39\">\n<li>Tart\u00f3s \u00e9s hossz\u00fa \u00e9lettartam\u00fa: A 200 000 egys\u00e9gnyi akkumul\u00e1tor-\u00e9lettartammal nem kell gyakran \u00fajrat\u00f6lteni az e-folyad\u00e9kot.<\/li>\n<li>T\u00f6bbf\u00e9le nikotinkoncentr\u00e1ci\u00f3 k\u00f6z\u00fcl v\u00e1laszthat: V\u00e1lassza ki a szem\u00e9lyes preferenci\u00e1inak megfelel\u0151 nikotinkoncentr\u00e1ci\u00f3t.<\/li>\n<li>\u00dajrat\u00f6lthet\u0151: Az \u00fajrat\u00f6lthet\u0151 kialak\u00edt\u00e1s lehet\u0151v\u00e9 teszi, hogy az \u00f6sszes megv\u00e1s\u00e1rolt e-folyad\u00e9kot felhaszn\u00e1lja.<\/li>\n<li>Gazdag \u00edz: A h\u00e1l\u00f3s porlaszt\u00f3 magnak k\u00f6sz\u00f6nhet\u0151en minden alkalommal egyenletes, gazdag \u00edzt tapasztalhat.<\/li>\n<\/ul>\n<h2 data-v-md-heading=\"collaborate-with-agoravape\" data-v-md-line=\"44\">Egy\u00fcttm\u0171k\u00f6d\u00e9s az AgoraVape-pel<\/h2>\n<p data-v-md-line=\"46\">Eur\u00f3pa egyik vezet\u0151 vape forgalmaz\u00f3ja vagyunk, kiz\u00e1r\u00f3lag 100%-ban eredeti term\u00e9keket k\u00edn\u00e1lunk. V\u00e1laszd a BANG King 8IN1 200K 200000 portos, eldobhat\u00f3 h\u00e1l\u00f3s vape-et, hogy \u00e9lvezhesd a kiv\u00e1l\u00f3 nagykereskedelmi \u00e1rakat, az exkluz\u00edv \u00fcgyf\u00e9lszolg\u00e1latot, valamint a gyors \u00e9s megb\u00edzhat\u00f3 kisz\u00e1ll\u00edt\u00e1st. Szeresd meg a v\u00e1s\u00e1rl\u00f3idat, \u00e9s alkoss egy olyan term\u00e9ket, ami meg\u0151rj\u00edti \u0151ket. Higgy nek\u00fcnk, biztosan \u00e9rt\u00e9kelni fogj\u00e1k a v\u00e1laszt\u00e1sodat. L\u00e9pj vel\u00fcnk kapcsolatba most!<\/p>\n<p><script src=\"chrome-extension:\/\/fpelahbljekknahkcaegamhcndkfpfnc\/iFrame.js\" type=\"text\/javascript\"><\/script><\/p>","protected":false},"excerpt":{"rendered":"<p>&nbsp;<\/p>\n<p><script src=\"chrome-extension:\/\/fpelahbljekknahkcaegamhcndkfpfnc\/iFrame.js\" type=\"text\/javascript\"><\/script><\/p>\n<p><script src=\"chrome-extension:\/\/fpelahbljekknahkcaegamhcndkfpfnc\/iFrame.js\" type=\"text\/javascript\"><\/script><\/p>\n<p><script src=\"chrome-extension:\/\/fpelahbljekknahkcaegamhcndkfpfnc\/iFrame.js\" type=\"text\/javascript\"><\/script><\/p>\n<p><script src=\"chrome-extension:\/\/fpelahbljekknahkcaegamhcndkfpfnc\/iFrame.js\" type=\"text\/javascript\"><\/script><\/p>\n<p><script src=\"chrome-extension:\/\/fpelahbljekknahkcaegamhcndkfpfnc\/iFrame.js\" type=\"text\/javascript\"><\/script><\/p>\n<p><script src=\"chrome-extension:\/\/fpelahbljekknahkcaegamhcndkfpfnc\/iFrame.js\" type=\"text\/javascript\"><\/script><\/p>\n<p><script src=\"chrome-extension:\/\/fpelahbljekknahkcaegamhcndkfpfnc\/iFrame.js\" type=\"text\/javascript\"><\/script><\/p>\n<p><script src=\"chrome-extension:\/\/fpelahbljekknahkcaegamhcndkfpfnc\/iFrame.js\" type=\"text\/javascript\"><\/script><\/p>\n<p><script src=\"chrome-extension:\/\/fpelahbljekknahkcaegamhcndkfpfnc\/iFrame.js\" type=\"text\/javascript\"><\/script><\/p>\n<p><script src=\"chrome-extension:\/\/fpelahbljekknahkcaegamhcndkfpfnc\/iFrame.js\" type=\"text\/javascript\"><\/script><\/p>\n<p><script src=\"chrome-extension:\/\/fpelahbljekknahkcaegamhcndkfpfnc\/iFrame.js\" type=\"text\/javascript\"><\/script><\/p>\n<p><script src=\"chrome-extension:\/\/fpelahbljekknahkcaegamhcndkfpfnc\/iFrame.js\" type=\"text\/javascript\"><\/script><\/p>","protected":false},"featured_media":26798,"comment_status":"open","ping_status":"closed","template":"","meta":[],"product_brand":[231,197],"product_cat":[124,187,185,188,189,123,158,195,174,175,193,191,179,173,186,180,190,192],"product_tag":[],"class_list":{"0":"post-26772","1":"product","2":"type-product","3":"status-publish","4":"has-post-thumbnail","6":"product_brand-bang-box","7":"product_brand-bang","8":"product_cat-vape-by-brand","9":"product_cat-0mg-nicotine-free-vapes","10":"product_cat-10000-puffs-high-capacity","11":"product_cat-10mg-low-nicotine-vapes","12":"product_cat-20mg-standard-nicotine-vapes","13":"product_cat-bang","14":"product_cat-bang-box","15":"product_cat-dual-flavor-switch","16":"product_cat-fruit-flavors","17":"product_cat-icy-mint","18":"product_cat-mesh-coil","19":"product_cat-rechargeable-disposables","20":"product_cat-unique-blends","21":"product_cat-vape-by-flavor-profile","22":"product_cat-vape-by-nicotine-strength","23":"product_cat-vape-by-puff-count","24":"product_cat-vape-by-feature-or-type","25":"product_cat-vapes-with-screens","27":"first","28":"instock","29":"shipping-taxable","30":"purchasable","31":"product-type-variable","32":"has-default-attributes"},"tiered_pricing_type":"percentage","tiered_pricing_fixed_rules":[],"tiered_pricing_product_settings":{"layout":"default","base_unit_name":{"singular":null,"plural":null},"default_variation":null},"tiered_pricing_minimum_quantity":10,"tiered_pricing_roles_data":[],"tiered_pricing_percentage_rules":{"30":"29","50":"34","100":"40","200":"44","500":"47","1000":"49"},"tiered_pricing_maximum_quantity":null,"tiered_pricing_quantity_step":"10","_links":{"self":[{"href":"https:\/\/agoravape.com\/hu\/wp-json\/wp\/v2\/product\/26772","targetHints":{"allow":["GET"]}}],"collection":[{"href":"https:\/\/agoravape.com\/hu\/wp-json\/wp\/v2\/product"}],"about":[{"href":"https:\/\/agoravape.com\/hu\/wp-json\/wp\/v2\/types\/product"}],"replies":[{"embeddable":true,"href":"https:\/\/agoravape.com\/hu\/wp-json\/wp\/v2\/comments?post=26772"}],"version-history":[{"count":0,"href":"https:\/\/agoravape.com\/hu\/wp-json\/wp\/v2\/product\/26772\/revisions"}],"wp:featuredmedia":[{"embeddable":true,"href":"https:\/\/agoravape.com\/hu\/wp-json\/wp\/v2\/media\/26798"}],"wp:attachment":[{"href":"https:\/\/agoravape.com\/hu\/wp-json\/wp\/v2\/media?parent=26772"}],"wp:term":[{"taxonomy":"product_brand","embeddable":true,"href":"https:\/\/agoravape.com\/hu\/wp-json\/wp\/v2\/product_brand?post=26772"},{"taxonomy":"product_cat","embeddable":true,"href":"https:\/\/agoravape.com\/hu\/wp-json\/wp\/v2\/product_cat?post=26772"},{"taxonomy":"product_tag","embeddable":true,"href":"https:\/\/agoravape.com\/hu\/wp-json\/wp\/v2\/product_tag?post=26772"}],"curies":[{"name":"wp","href":"https:\/\/api.w.org\/{rel}","templated":true}]}}