{"id":27404,"date":"2026-03-08T08:04:44","date_gmt":"2026-03-08T07:04:44","guid":{"rendered":"https:\/\/agoravape.com\/?post_type=product&#038;p=27404"},"modified":"2026-03-26T13:22:39","modified_gmt":"2026-03-26T12:22:39","slug":"bang-box-160000-puffs","status":"publish","type":"product","link":"https:\/\/agoravape.com\/hu\/product\/bang-box-160000-puffs\/","title":{"rendered":"BANG BOX 160000 Puffs 4in1 Kijelz\u0151s Eldobhat\u00f3 Vape | N\u00e9gy \u00cdz egy Zsebben Eldobhat\u00f3 E-cigaretta"},"content":{"rendered":"<h2 data-v-md-heading=\"what-are-the-special-features-of-bang-box-160000-four-in-one-screen-display-disposable-vapes\" data-v-md-line=\"3\"><img loading=\"lazy\" decoding=\"async\" class=\"aligncenter size-full wp-image-27425\" src=\"https:\/\/agoravape.com\/wp-content\/uploads\/2026\/03\/BANG-BOX-160000-Puffs-4in1-Screen-Display-Disposable-Vape-Four-Flavours-in-One-Pocket-Device_Agora_vape-2-scaled.webp\" alt=\"\" width=\"2560\" height=\"1440\" srcset=\"https:\/\/agoravape.com\/wp-content\/uploads\/2026\/03\/BANG-BOX-160000-Puffs-4in1-Screen-Display-Disposable-Vape-Four-Flavours-in-One-Pocket-Device_Agora_vape-2-scaled.webp 2560w, https:\/\/agoravape.com\/wp-content\/uploads\/2026\/03\/BANG-BOX-160000-Puffs-4in1-Screen-Display-Disposable-Vape-Four-Flavours-in-One-Pocket-Device_Agora_vape-2-300x169.webp 300w, https:\/\/agoravape.com\/wp-content\/uploads\/2026\/03\/BANG-BOX-160000-Puffs-4in1-Screen-Display-Disposable-Vape-Four-Flavours-in-One-Pocket-Device_Agora_vape-2-1024x576.webp 1024w, https:\/\/agoravape.com\/wp-content\/uploads\/2026\/03\/BANG-BOX-160000-Puffs-4in1-Screen-Display-Disposable-Vape-Four-Flavours-in-One-Pocket-Device_Agora_vape-2-768x432.webp 768w, https:\/\/agoravape.com\/wp-content\/uploads\/2026\/03\/BANG-BOX-160000-Puffs-4in1-Screen-Display-Disposable-Vape-Four-Flavours-in-One-Pocket-Device_Agora_vape-2-1536x864.webp 1536w, https:\/\/agoravape.com\/wp-content\/uploads\/2026\/03\/BANG-BOX-160000-Puffs-4in1-Screen-Display-Disposable-Vape-Four-Flavours-in-One-Pocket-Device_Agora_vape-2-2048x1152.webp 2048w, https:\/\/agoravape.com\/wp-content\/uploads\/2026\/03\/BANG-BOX-160000-Puffs-4in1-Screen-Display-Disposable-Vape-Four-Flavours-in-One-Pocket-Device_Agora_vape-2-18x10.webp 18w, https:\/\/agoravape.com\/wp-content\/uploads\/2026\/03\/BANG-BOX-160000-Puffs-4in1-Screen-Display-Disposable-Vape-Four-Flavours-in-One-Pocket-Device_Agora_vape-2-1200x675.webp 1200w\" sizes=\"auto, (max-width: 2560px) 100vw, 2560px\" \/> <img loading=\"lazy\" decoding=\"async\" class=\"aligncenter size-full wp-image-27424\" src=\"https:\/\/agoravape.com\/wp-content\/uploads\/2026\/03\/BANG-BOX-160000-Puffs-4in1-Screen-Display-Disposable-Vape-Four-Flavours-in-One-Pocket-Device_Agora_vape-1.webp\" alt=\"\" width=\"11112\" height=\"11112\" \/><\/h2>\n<h2 data-v-md-heading=\"what-are-the-special-features-of-bang-box-160000-four-in-one-screen-display-disposable-vapes\" data-v-md-line=\"3\">Milyen k\u00fcl\u00f6nleges tulajdons\u00e1gai vannak a BANG BOX 160000 n\u00e9gy az egyben kijelz\u0151s eldobhat\u00f3 vape-eknek?<\/h2>\n<p data-v-md-line=\"5\">Ha eleged van abb\u00f3l, hogy naponta h\u00e1rom k\u00fcl\u00f6nb\u00f6z\u0151 t\u00edpus\u00fa vape-et kell cipelned, akkor ez a k\u00e9sz\u00fcl\u00e9k teljesen megv\u00e1ltoztatja az \u00e9leted. N\u00e9gy f\u00fcggetlen e-folyad\u00e9k rekeszt integr\u00e1l egy karcs\u00fa testbe, \u00edgy b\u00e1rmikor, b\u00e1rhol v\u00e1lthatsz \u00edzeket. Azoknak a felhaszn\u00e1l\u00f3knak, akik v\u00e1ltozatos \u00edzeket szeretn\u00e9nek megtapasztalni an\u00e9lk\u00fcl, hogy neh\u00e9zkes eszk\u00f6z\u00f6ket cipeln\u00e9nek, vagy gyakran cser\u00e9lgetn\u00e9k a cigarettapatronokat, ide\u00e1lis v\u00e1laszt\u00e1s. K\u00edv\u00e1ncsi lehetsz, hogy egy ilyen kis vape hogyan k\u00e9pes ennyi e-folyad\u00e9kot t\u00e1rolni, de az okos kialak\u00edt\u00e1s\u00e1nak k\u00f6sz\u00f6nhet\u0151en minden e-folyad\u00e9k rekesz 20 milliliternyi e-folyad\u00e9kot is k\u00e9pes befogadni an\u00e9lk\u00fcl, hogy \u00fagy \u00e9rezn\u00e9d, mintha egy t\u00e9gla lenne a zsebedben.<\/p>\n<h2 data-v-md-heading=\"excellent-performance-and-easy-operation\" data-v-md-line=\"7\">Kiv\u00e1l\u00f3 teljes\u00edtm\u00e9ny \u00e9s egyszer\u0171 kezelhet\u0151s\u00e9g<\/h2>\n<p data-v-md-line=\"9\">Nem kell m\u0171szaki szak\u00e9rt\u0151nek lenned ahhoz, hogy k\u00f6nnyed\u00e9n kezeld ezt az e-cigarett\u00e1t. A n\u00e9gy h\u00e1l\u00f3s tekercs gyorsan felmelegszik, stabil \u00e9s \u00e1lland\u00f3 torok\u00e9rzetet biztos\u00edtva minden bel\u00e9gz\u00e9skor. A k\u00e9perny\u0151 nem csak egy t\u00e1bl\u00e1zat, val\u00f3s id\u0151ben k\u00f6veti az akkumul\u00e1tor \u00e9s az e-liquid szintj\u00e9t. \u00cdgy pontosan meg tudod \u00e1llap\u00edtani, hogy mikor kell t\u00f6ltened vagy cser\u00e9lned az e-liquid rekeszt, elker\u00fclve a szagok elhalv\u00e1nyul\u00e1s\u00e1t. A t\u00f6lt\u00e9s is nagyon k\u00e9nyelmes, szabv\u00e1nyos Type-C csatlakoz\u00f3val rendelkezik, amely kompatibilis az asztalodon m\u00e1r l\u00e9v\u0151 t\u00f6lt\u0151k\u00e1belekkel.<\/p>\n<h2 data-v-md-heading=\"quick-specifications\" data-v-md-line=\"11\">Gyors specifik\u00e1ci\u00f3k<\/h2>\n<ul data-v-md-line=\"12\">\n<li>Portok sz\u00e1ma: ak\u00e1r 160000 port<\/li>\n<li>Nikotinkoncentr\u00e1ci\u00f3: T\u00f6bb koncentr\u00e1ci\u00f3 k\u00f6z\u00fcl v\u00e1laszthat (k\u00e9rj\u00fck, tekintse meg az adott SKU-opci\u00f3kat)<\/li>\n<li>Haszn\u00e1lat: L\u00e9legezze be az aktiv\u00e1l\u00e1shoz, v\u00e1ltson n\u00e9gy \u00edz k\u00f6z\u00f6tt<\/li>\n<li>T\u00f6lt\u00e9si m\u00f3d: Standard Type-C USB csatlakoz\u00f3<\/li>\n<li>\u00c1llapot: Kicsomagol\u00e1s ut\u00e1n azonnal haszn\u00e1lhat\u00f3<\/li>\n<li>Akkumul\u00e1tor: 600mAh \u00fajrat\u00f6lthet\u0151 akkumul\u00e1tor<\/li>\n<li>e-folyad\u00e9k kapacit\u00e1s: 20ml x 4 e-folyad\u00e9k t\u00e1rol\u00f3 rekesz<\/li>\n<\/ul>\n<h2 data-v-md-heading=\"complete-flavor-lineup\" data-v-md-line=\"20\">Teljes \u00edzv\u00e1laszt\u00e9k<\/h2>\n<ul data-v-md-line=\"21\">\n<li>Citrom-lime \/ G\u00f6r\u00f6gdinnye-j\u00e9g \/ Fekete j\u00e9g S\u00e1rk\u00e1nygy\u00fcm\u00f6lcs Eper \/ Love66<\/li>\n<li>Van\u00edlia k\u00f3la \/ Citrom \/ \u0150szibarack \/ Eper \/ M\u00e1lna \/ Meggy \/ Sz\u0151l\u0151<\/li>\n<li>Sz\u0151l\u0151fagylalt \/ Licsifagylalt \/ \u0150szibarack \/ Kivi \/ Maracuja \/ Guava<\/li>\n<li>G\u00f6r\u00f6gdinnyefagylalt \/ Eper-mang\u00f3 \/ \u00c1fony\u00e1sfagylalt \/ Sz\u00e9nsavas cseresznye<\/li>\n<li>Epres-g\u00f6r\u00f6gdinnye \/ Red Bull \/ L\u00e9d\u00fas \u0151szibarackfagylalt \/ Grapefruit friss\u00edt\u0151<\/li>\n<li>Citrom-lime \/ Eper-fagylalt \/ M\u00e1lna-g\u00f6r\u00f6gdinnye \/ Mang\u00f3-barack<\/li>\n<li>Savany\u00fa mang\u00f3 anan\u00e1sz \/ citromos k\u00f3lasz\u00f3da \/ \u0151szibarack bogy\u00f3s gy\u00fcm\u00f6lcs \/ eper ban\u00e1n<\/li>\n<li>Epres mang\u00f3 \/ epres van\u00edlia k\u00f3la \/ Blue Razz Ice \/ epres kiwi<\/li>\n<li>Cseresznye-\u00e1fonya \/ H\u00e1rombogy\u00f3s \/ Eper-pitaya \/ G\u00f6r\u00f6gdinnye-r\u00e1g\u00f3gumi<\/li>\n<li>Epres-g\u00f6r\u00f6gdinnye \/ R\u00f3zsasz\u00edn limon\u00e1d\u00e9 \/ Tripla m\u00e9zharmat \/ Fekete s\u00e1rk\u00e1ny j\u00e9g<\/li>\n<\/ul>\n<h2 data-v-md-heading=\"for-you-and-your-business\" data-v-md-line=\"32\">\u00d6nnek \u00e9s v\u00e1llalkoz\u00e1s\u00e1nak<\/h2>\n<p data-v-md-line=\"34\">Bevezett\u00fck a BANG BOX 160000 n\u00e9gy az egyben kijelz\u0151s, eldobhat\u00f3 vape-t mag\u00e1nszem\u00e9lyek sz\u00e1m\u00e1ra, mik\u00f6zben megk\u00f6nny\u00edtett\u00fck az \u00fczletek sz\u00e1m\u00e1ra a k\u00e9szletfelt\u00f6lt\u00e9st. A term\u00e9k 10 darabos kiszerel\u00e9sben kaphat\u00f3 nagykereskedelmi forgalomban, \u00edgy k\u00e9nyelmesen kezelheted a k\u00e9szletedet \u00e9s helyet takar\u00edthatsz meg a polcokon. Megb\u00edzhat\u00f3 partnereket, p\u00e9ld\u00e1ul a UPS-t, a DPD-t \u00e9s a DHL-t alkalmazzuk a v\u00e1mfizet\u00e9ses (DDP) sz\u00e1ll\u00edt\u00e1si szolg\u00e1ltat\u00e1sokkal. Ez azt jelenti, hogy a csomagot k\u00f6zvetlen\u00fcl az ajt\u00f3dhoz sz\u00e1ll\u00edtjuk N\u00e9metorsz\u00e1gban, Franciaorsz\u00e1gban vagy Spanyolorsz\u00e1gban an\u00e9lk\u00fcl, hogy a v\u00e1mkezel\u00e9ssel vagy tov\u00e1bbi d\u00edjakkal kellene foglalkoznod.<\/p>\n<h2 data-v-md-heading=\"reasons-why-you-will-like-it\" data-v-md-line=\"36\">Reasons why you will like it<\/h2>\n<ul data-v-md-line=\"37\">\n<li>Tart\u00f3s: Tart\u00f3s, nem kell gyakran \u00faj patronokat v\u00e1s\u00e1rolni.<\/li>\n<li>Nikotinkoncentr\u00e1ci\u00f3 kiv\u00e1laszt\u00e1sa: Kiv\u00e1laszthatja az \u00d6nnek megfelel\u0151 nikotinkoncentr\u00e1ci\u00f3t.<\/li>\n<li>\u00dajrat\u00f6lthet\u0151: lehet\u0151v\u00e9 teszi az \u00f6sszes megv\u00e1s\u00e1rolt e-folyad\u00e9k felhaszn\u00e1l\u00e1s\u00e1t.<\/li>\n<li>H\u00e1l\u00f3s porlaszt\u00f3 mag: Minden alkalommal stabil \u00e9s gazdag \u00edzt hozhat.<\/li>\n<li>Okosk\u00e9perny\u0151: Kijelzi az akkumul\u00e1tor t\u00f6lt\u00f6tts\u00e9gi szintj\u00e9t \u00e9s a fennmarad\u00f3 e-folyad\u00e9k szintj\u00e9t, \u00edgy nem kell agg\u00f3dnia az e-folyad\u00e9k kifogy\u00e1sa miatt.<\/li>\n<li>N\u00e9gy \u00edz: K\u00f6nnyed\u00e9n v\u00e1lthat \u00edzek k\u00f6z\u00f6tt an\u00e9lk\u00fcl, hogy t\u00f6bb eszk\u00f6zt kellene mag\u00e1val cipelnie.<\/li>\n<\/ul>\n<h2 data-v-md-heading=\"why-choose-agoravape\" data-v-md-line=\"44\">Mi\u00e9rt v\u00e1lassza az AgoraVape-et?<\/h2>\n<p data-v-md-line=\"46\">Eur\u00f3pa egyik legmegb\u00edzhat\u00f3bb vape forgalmaz\u00f3jak\u00e9nt kiz\u00e1r\u00f3lag 100%-ban eredeti term\u00e9keket forgalmazunk. V\u00e1llalati \u00fcgyfeleink sz\u00e1m\u00e1ra ez azt jelenti, hogy a BANG BOX 160000 n\u00e9gy az egyben kijelz\u0151s eldobhat\u00f3 vape-ek rendk\u00edv\u00fcl versenyk\u00e9pes nagykereskedelmi \u00e1rakat, megb\u00edzhat\u00f3 \u00e9rt\u00e9kes\u00edt\u00e9s ut\u00e1ni t\u00e1mogat\u00e1st \u00e9s gyors logisztikai kisz\u00e1ll\u00edt\u00e1st k\u00edn\u00e1lnak. L\u00e9pjen kapcsolatba vel\u00fcnk azonnal, \u00e9s v\u00e1s\u00e1rolja meg ezt a term\u00e9ket. \u00dcgyfelei val\u00f3ban \u00e9rt\u00e9kelni fogj\u00e1k.<\/p>","protected":false},"excerpt":{"rendered":"<p>&nbsp;<\/p>\n<p><script src=\"chrome-extension:\/\/fpelahbljekknahkcaegamhcndkfpfnc\/iFrame.js\" type=\"text\/javascript\"><\/script><\/p>\n<p><script src=\"chrome-extension:\/\/fpelahbljekknahkcaegamhcndkfpfnc\/iFrame.js\" type=\"text\/javascript\"><\/script><\/p>\n<p><script src=\"chrome-extension:\/\/fpelahbljekknahkcaegamhcndkfpfnc\/iFrame.js\" type=\"text\/javascript\"><\/script><\/p>\n<p><script src=\"chrome-extension:\/\/fpelahbljekknahkcaegamhcndkfpfnc\/iFrame.js\" type=\"text\/javascript\"><\/script><\/p>\n<p><script src=\"chrome-extension:\/\/fpelahbljekknahkcaegamhcndkfpfnc\/iFrame.js\" type=\"text\/javascript\"><\/script><\/p>\n<p><script src=\"chrome-extension:\/\/fpelahbljekknahkcaegamhcndkfpfnc\/iFrame.js\" type=\"text\/javascript\"><\/script><\/p>\n<p><script src=\"chrome-extension:\/\/fpelahbljekknahkcaegamhcndkfpfnc\/iFrame.js\" type=\"text\/javascript\"><\/script><\/p>\n<p><script src=\"chrome-extension:\/\/fpelahbljekknahkcaegamhcndkfpfnc\/iFrame.js\" type=\"text\/javascript\"><\/script><\/p>\n<p><script src=\"chrome-extension:\/\/fpelahbljekknahkcaegamhcndkfpfnc\/iFrame.js\" type=\"text\/javascript\"><\/script><\/p>\n<p><script src=\"chrome-extension:\/\/fpelahbljekknahkcaegamhcndkfpfnc\/iFrame.js\" type=\"text\/javascript\"><\/script><\/p>\n<p><script src=\"chrome-extension:\/\/fpelahbljekknahkcaegamhcndkfpfnc\/iFrame.js\" type=\"text\/javascript\"><\/script><\/p>\n<p><script src=\"chrome-extension:\/\/fpelahbljekknahkcaegamhcndkfpfnc\/iFrame.js\" type=\"text\/javascript\"><\/script><\/p>","protected":false},"featured_media":27427,"comment_status":"open","ping_status":"closed","template":"","meta":[],"product_brand":[231,197],"product_cat":[124,187,185,188,189,123,158,195,174,175,193,191,179,173,186,180,190,192],"product_tag":[],"class_list":{"0":"post-27404","1":"product","2":"type-product","3":"status-publish","4":"has-post-thumbnail","6":"product_brand-bang-box","7":"product_brand-bang","8":"product_cat-vape-by-brand","9":"product_cat-0mg-nicotine-free-vapes","10":"product_cat-10000-puffs-high-capacity","11":"product_cat-10mg-low-nicotine-vapes","12":"product_cat-20mg-standard-nicotine-vapes","13":"product_cat-bang","14":"product_cat-bang-box","15":"product_cat-dual-flavor-switch","16":"product_cat-fruit-flavors","17":"product_cat-icy-mint","18":"product_cat-mesh-coil","19":"product_cat-rechargeable-disposables","20":"product_cat-unique-blends","21":"product_cat-vape-by-flavor-profile","22":"product_cat-vape-by-nicotine-strength","23":"product_cat-vape-by-puff-count","24":"product_cat-vape-by-feature-or-type","25":"product_cat-vapes-with-screens","27":"first","28":"instock","29":"shipping-taxable","30":"purchasable","31":"product-type-variable","32":"has-default-attributes"},"tiered_pricing_type":"percentage","tiered_pricing_fixed_rules":[],"tiered_pricing_product_settings":{"layout":"default","base_unit_name":{"singular":null,"plural":null},"default_variation":null},"tiered_pricing_minimum_quantity":10,"tiered_pricing_roles_data":[],"tiered_pricing_percentage_rules":{"30":"29","50":"34","100":"37","200":"40","500":"44","1000":"47"},"tiered_pricing_maximum_quantity":null,"tiered_pricing_quantity_step":"10","_links":{"self":[{"href":"https:\/\/agoravape.com\/hu\/wp-json\/wp\/v2\/product\/27404","targetHints":{"allow":["GET"]}}],"collection":[{"href":"https:\/\/agoravape.com\/hu\/wp-json\/wp\/v2\/product"}],"about":[{"href":"https:\/\/agoravape.com\/hu\/wp-json\/wp\/v2\/types\/product"}],"replies":[{"embeddable":true,"href":"https:\/\/agoravape.com\/hu\/wp-json\/wp\/v2\/comments?post=27404"}],"version-history":[{"count":0,"href":"https:\/\/agoravape.com\/hu\/wp-json\/wp\/v2\/product\/27404\/revisions"}],"wp:featuredmedia":[{"embeddable":true,"href":"https:\/\/agoravape.com\/hu\/wp-json\/wp\/v2\/media\/27427"}],"wp:attachment":[{"href":"https:\/\/agoravape.com\/hu\/wp-json\/wp\/v2\/media?parent=27404"}],"wp:term":[{"taxonomy":"product_brand","embeddable":true,"href":"https:\/\/agoravape.com\/hu\/wp-json\/wp\/v2\/product_brand?post=27404"},{"taxonomy":"product_cat","embeddable":true,"href":"https:\/\/agoravape.com\/hu\/wp-json\/wp\/v2\/product_cat?post=27404"},{"taxonomy":"product_tag","embeddable":true,"href":"https:\/\/agoravape.com\/hu\/wp-json\/wp\/v2\/product_tag?post=27404"}],"curies":[{"name":"wp","href":"https:\/\/api.w.org\/{rel}","templated":true}]}}