{"id":27489,"date":"2026-03-08T08:38:28","date_gmt":"2026-03-08T07:38:28","guid":{"rendered":"https:\/\/agoravape.com\/?post_type=product&#038;p=27489"},"modified":"2026-03-08T08:51:22","modified_gmt":"2026-03-08T07:51:22","slug":"waspe-8in1-crystal-180000","status":"publish","type":"product","link":"https:\/\/agoravape.com\/hu\/product\/waspe-8in1-crystal-180000\/","title":{"rendered":"WASPE 8in1 Crystal 180000 F\u00faj\u00e1s LED Kijelz\u0151vel Eldobhat\u00f3 Vape | \u00cdzv\u00e1lt\u00e1s, Maradj Felt\u00f6lt\u00f6tt, Vapelj Hosszabb ideig"},"content":{"rendered":"<h2 data-v-md-heading=\"what-are-the-special-features-of-waspe-8-in-1-crystal-edition-180000-port-led-screen-disposable-vapes\" data-v-md-line=\"3\"><img loading=\"lazy\" decoding=\"async\" class=\"aligncenter size-full wp-image-27511\" src=\"https:\/\/agoravape.com\/wp-content\/uploads\/2026\/03\/WASPE-8in1-Crystal-180000-Puffs-LED-Screen-Disposable-Vape-Switch-Flavours-Stay-Charged-Vape-Longer_Agora_vape-13.webp\" alt=\"\" width=\"1920\" height=\"1220\" srcset=\"https:\/\/agoravape.com\/wp-content\/uploads\/2026\/03\/WASPE-8in1-Crystal-180000-Puffs-LED-Screen-Disposable-Vape-Switch-Flavours-Stay-Charged-Vape-Longer_Agora_vape-13.webp 1920w, https:\/\/agoravape.com\/wp-content\/uploads\/2026\/03\/WASPE-8in1-Crystal-180000-Puffs-LED-Screen-Disposable-Vape-Switch-Flavours-Stay-Charged-Vape-Longer_Agora_vape-13-300x191.webp 300w, https:\/\/agoravape.com\/wp-content\/uploads\/2026\/03\/WASPE-8in1-Crystal-180000-Puffs-LED-Screen-Disposable-Vape-Switch-Flavours-Stay-Charged-Vape-Longer_Agora_vape-13-1024x651.webp 1024w, https:\/\/agoravape.com\/wp-content\/uploads\/2026\/03\/WASPE-8in1-Crystal-180000-Puffs-LED-Screen-Disposable-Vape-Switch-Flavours-Stay-Charged-Vape-Longer_Agora_vape-13-768x488.webp 768w, https:\/\/agoravape.com\/wp-content\/uploads\/2026\/03\/WASPE-8in1-Crystal-180000-Puffs-LED-Screen-Disposable-Vape-Switch-Flavours-Stay-Charged-Vape-Longer_Agora_vape-13-1536x976.webp 1536w, https:\/\/agoravape.com\/wp-content\/uploads\/2026\/03\/WASPE-8in1-Crystal-180000-Puffs-LED-Screen-Disposable-Vape-Switch-Flavours-Stay-Charged-Vape-Longer_Agora_vape-13-18x12.webp 18w, https:\/\/agoravape.com\/wp-content\/uploads\/2026\/03\/WASPE-8in1-Crystal-180000-Puffs-LED-Screen-Disposable-Vape-Switch-Flavours-Stay-Charged-Vape-Longer_Agora_vape-13-1200x763.webp 1200w\" sizes=\"auto, (max-width: 1920px) 100vw, 1920px\" \/><\/h2>\n<h2 data-v-md-heading=\"what-are-the-special-features-of-waspe-8-in-1-crystal-edition-180000-port-led-screen-disposable-vapes\" data-v-md-line=\"3\">Milyen k\u00fcl\u00f6nleges tulajdons\u00e1gai vannak a WASPE 8 az 1-ben Crystal Edition 180000 portos LED k\u00e9perny\u0151s eldobhat\u00f3 vape-eknek?<\/h2>\n<p data-v-md-line=\"5\">Ha eleged van azokb\u00f3l az e-cigarett\u00e1kb\u00f3l, amik kevesebb mint egy h\u00e9t alatt lemer\u00fclnek, ez a term\u00e9k biztosan leny\u0171g\u00f6z majd. A WASPE 8 az 1-ben Crystal Edition nem egy \u00e1tlagos e-cigaretta. Kifejezetten azoknak tervezt\u00e9k, akik k\u00f6nnyed\u00e9n szeretn\u00e9k \u00e9lvezni a k\u00fcl\u00f6nf\u00e9le \u00edzeket. Egyetlen eszk\u00f6z\u00f6n n\u00e9gy k\u00fcl\u00f6nb\u00f6z\u0151 \u00edz is lehet, b\u00e1rmikor, b\u00e1rhol v\u00e1lthatsz, \u00e9s azt csin\u00e1lhatsz, amit csak akarsz. Nem kell t\u00f6bb e-cigarett\u00e1t cipelned, vagy agg\u00f3dnod, melyiket v\u00e1laszd ki. Csak v\u00e1laszd ki a kedvenc \u00edzedet, \u00e9s \u00e9lvezd k\u00f6nnyed\u00e9n.<\/p>\n<p data-v-md-line=\"7\">Azok sz\u00e1m\u00e1ra, akik \u00e9rt\u00e9kelik a k\u00e9nyelmet, de nem hajland\u00f3k kompromisszumot k\u00f6tni az \u00edzek sokf\u00e9les\u00e9g\u00e9ben, ez a term\u00e9k a t\u00f6k\u00e9letes v\u00e1laszt\u00e1s. Ak\u00e1r munk\u00e1ba j\u00e1r, ak\u00e1r \u00f6sszej\u00f6vetelekre indul, ak\u00e1r otthon pihen, ez a k\u00e9sz\u00fcl\u00e9k elk\u00eds\u00e9rheti \u00d6nt, \u00e9s lehet\u0151v\u00e9 teszi, hogy egy csod\u00e1latos napot \u00e9lvezhessen.<\/p>\n<h2 data-v-md-heading=\"excellent-performance-easy-to-operate\" data-v-md-line=\"9\">Excellent performance, easy to operate<\/h2>\n<p data-v-md-line=\"11\">A k\u00f6vetkez\u0151 l\u00e9p\u00e9s a f\u00f3kusz. Azt gondolhatod, hogy egy vape, ami azt \u00e1ll\u00edtja, hogy 180 000 slukk elsz\u00edv\u00e1s\u00e1ra k\u00e9pes, biztosan t\u00e9gla m\u00e9ret\u0171, de a val\u00f3s\u00e1g nem \u00edgy van. A WASPE 8-in-1 Crystal k\u00f6nny\u0171 \u00e9s hordozhat\u00f3, \u00edgy k\u00f6nnyen elf\u00e9r egy zsebben. A benne l\u00e9v\u0151 n\u00e9gy h\u00e1l\u00f3s tekercs egy\u00fcttm\u0171k\u00f6dve biztos\u00edtja az \u00e1lland\u00f3 \u00e9s gazdag \u00edzt az els\u0151 falatt\u00f3l az utols\u00f3 falatig. Ez azt jelenti, hogy nem lesz \u00e9gett \u00edz a k\u00f6zep\u00e9n, \u00e9s nem lesz hirtelen teljes\u00edtm\u00e9nyvesztes\u00e9g, amikor nagy teljes\u00edtm\u00e9nyre sz\u00e1m\u00edtan\u00e1l.<\/p>\n<p data-v-md-line=\"13\">A LED kijelz\u0151 j\u00f3l mutatja az akkumul\u00e1tor t\u00f6lt\u00f6tts\u00e9gi szintj\u00e9t \u00e9s az e-folyad\u00e9k fennmarad\u00f3 mennyis\u00e9g\u00e9t, \u00edgy nem kell tal\u00e1lgatnod. Ha az akkumul\u00e1tor t\u00f6lt\u00f6tts\u00e9gi szintje alacsony, egyszer\u0171en haszn\u00e1lj egy szabv\u00e1nyos Type-C adatk\u00e1belt a t\u00f6lt\u00e9shez. Lehet, hogy m\u00e1r t\u00f6bb tucat ilyen adatk\u00e1beled van otthon. Ilyen egyszer\u0171.<\/p>\n<h2 data-v-md-heading=\"quick-specifications\" data-v-md-line=\"15\">Gyors specifik\u00e1ci\u00f3k<\/h2>\n<ul data-v-md-line=\"16\">\n<li>Portok sz\u00e1ma: ak\u00e1r 180000 port<\/li>\n<li>Nikotinkoncentr\u00e1ci\u00f3: H\u00e1rom koncentr\u00e1ci\u00f3ban kaphat\u00f3: 0%, 2% \u00e9s 5%<\/li>\n<li>Haszn\u00e1lat: Egyszer\u0171en l\u00e9legezze be az aktiv\u00e1l\u00e1shoz<\/li>\n<li>T\u00f6lt\u00e9si m\u00f3d: C t\u00edpus\u00fa USB interf\u00e9sz<\/li>\n<li>e-folyad\u00e9k kapacit\u00e1sa: 68ml<\/li>\n<li>Battery: 650mAh rechargeable battery<\/li>\n<li>\u00c1llapot: Kicsomagol\u00e1s ut\u00e1n azonnal haszn\u00e1lhat\u00f3<\/li>\n<\/ul>\n<h2 data-v-md-heading=\"complete-flavor-lineup\" data-v-md-line=\"24\">Teljes \u00edzv\u00e1laszt\u00e9k<\/h2>\n<p data-v-md-line=\"26\">Tizenk\u00e9t k\u00fcl\u00f6nb\u00f6z\u0151 \u00edzkombin\u00e1ci\u00f3 k\u00f6z\u00fcl v\u00e1laszthatsz, mindegyik n\u00e9gy egyedi \u00edzt tartalmaz:<\/p>\n<ul data-v-md-line=\"27\">\n<li>G\u00f6r\u00f6gdinnye j\u00e9g \/ Citrom-lime \/ Savany\u00fa mang\u00f3 j\u00e9g \/ Kiwi dinnye j\u00e9g<\/li>\n<li>\u00c1fony\u00e1s j\u00e9g \/ Meggyes k\u00f3la \/ Eper van\u00edlia \/ Citrom \u00e9s meggy<\/li>\n<li>Red Bull Ice \/ Epres Ice \/ Sour Fucking Fab \/ K\u00f3l\u00e1s Ice<\/li>\n<li>Sz\u0151l\u0151fagylalt \/ Eper-kivi \/ G\u00f6r\u00f6gdinnyefagylalt \/ K\u00e9k Rancher<\/li>\n<li>Dinny\u00e9s maracuja \/ Savany\u00fa mang\u00f3 \/ Anan\u00e1sz \/ Ban\u00e1nos karamell\u00e1s cukorka \/ Eperbogy\u00f3<\/li>\n<li>Epres-g\u00f6r\u00f6gdinnye \/ H\u0171s menta \/ K\u00e9k Razz j\u00e9g \/ Fekete ribizli j\u00e9g<\/li>\n<li>Szederfagylalt \/ Dupla alma \/ Fekete s\u00e1rk\u00e1nyfagylalt \/ Eper-kivi<\/li>\n<li>Epres Red Bull \/ Meggyes k\u00f3la \/ Meggyes-citrom \/ Tr\u00f3pusi gy\u00fcm\u00f6lcs<\/li>\n<li>Vegyes bogy\u00f3s gy\u00fcm\u00f6lcs\u00f6k \/ Citrom-lime \/ \u00c1fonya-m\u00e1lna \/ Z\u00f6ldalma<\/li>\n<li>Eper M\u00e1lna Cseresznye \/ Eper G\u00f6r\u00f6gdinnye \/ Kivi G\u00f6r\u00f6gdinnye \/ Citrom-lime<\/li>\n<li>Eper-ban\u00e1n \/ Mang\u00f3-barack \/ H\u00e1romf\u00e9le bogy\u00f3s gy\u00fcm\u00f6lcs \/ Eper-anan\u00e1sz<\/li>\n<li>Blue Razz Limon\u00e1d\u00e9 \/ Cseresznye-citrom \/ \u00c1fony\u00e1s j\u00e9g \/ G\u00f6r\u00f6gdinnye-barack<\/li>\n<\/ul>\n<h2 data-v-md-heading=\"for-you-and-your-business\" data-v-md-line=\"40\">\u00d6nnek \u00e9s v\u00e1llalkoz\u00e1s\u00e1nak<\/h2>\n<p data-v-md-line=\"42\">Bevezett\u00fcnk egy eldobhat\u00f3 vape-t WASPE 8 az 1-ben krist\u00e1llyal \u00e9s 180 000 LED kijelz\u0151vel szem\u00e9lyes v\u00e1s\u00e1rl\u00e1sra. Ha boltot vagy vape szak\u00fczletet \u00fczemeltetsz, mindenk\u00e9ppen \u00e9rdemes megismerkedned nagykereskedelmi lehet\u0151s\u00e9geinkkel. Minden doboz 10 darabot tartalmaz, \u00edgy \u00f6sszesen 160 darab dobozonk\u00e9nt. Ez elegend\u0151 k\u00e9szlet a legitim v\u00e1llalkoz\u00e1sok sz\u00e1m\u00e1ra.<\/p>\n<p data-v-md-line=\"44\">Eur\u00f3p\u00e1n bel\u00fcli sz\u00e1ll\u00edt\u00e1si szolg\u00e1ltat\u00e1sokat olyan megb\u00edzhat\u00f3 partnereken kereszt\u00fcl biztos\u00edtunk, mint a UPS, a DPD \u00e9s a DHL. Minden v\u00e1mdokumentumot \u00e9s v\u00e1mtarif\u00e1t el\u0151re kezel\u00fcnk. A csomag meg\u00e9rkez\u00e9sekor nem kell semmilyen tov\u00e1bbi d\u00edjat fizetnie. A hat\u00e1rellen\u0151rz\u00e9sek sor\u00e1n sem lesznek k\u00e9sedelmek. A rendel\u00e9se id\u0151ben meg\u00e9rkezik.<\/p>\n<h2 data-v-md-heading=\"reasons-why-you-will-like-it\" data-v-md-line=\"46\">Reasons why you will like it<\/h2>\n<ul data-v-md-line=\"47\">\n<li>Ultra hossz\u00fa akkumul\u00e1tor-\u00fczemid\u0151: 180 000 port, nem kell gyakran cser\u00e9lni az eszk\u00f6z\u00f6ket<\/li>\n<li>N\u00e9gy \u00edz egyben: \u00cdzv\u00e1lt\u00e1s eszk\u00f6zcsere n\u00e9lk\u00fcl<\/li>\n<li>Nikotinkoncentr\u00e1ci\u00f3 kiv\u00e1laszt\u00e1sa: 0%, 2% vagy 5% nikotinkoncentr\u00e1ci\u00f3 az \u00d6n szem\u00e9lyre szabott ig\u00e9nyeinek megfelel\u0151en<\/li>\n<li>\u00dajrat\u00f6lthet\u0151 akkumul\u00e1tor: Haszn\u00e1lja ki az \u00f6sszes megv\u00e1s\u00e1rolt e-folyad\u00e9k minden cseppj\u00e9t<\/li>\n<li>LED kijelz\u0151: Az akkumul\u00e1tor \u00e9s az e-folyad\u00e9k szintje egy pillant\u00e1ssal leolvashat\u00f3<\/li>\n<li>H\u00e1l\u00f3s tekercses technol\u00f3gia: Minden alkalommal stabil \u00e9s gazdag \u00edzt biztos\u00edt<\/li>\n<li>Kompakt kialak\u00edt\u00e1s: M\u00e9g a rendk\u00edv\u00fcl hossz\u00fa akkumul\u00e1tor-\u00fczemid\u0151nek k\u00f6sz\u00f6nhet\u0151en is k\u00f6nnyen elf\u00e9r a zsebben<\/li>\n<\/ul>\n<h2 data-v-md-heading=\"why-choose-to-collaborate-with-agoravape\" data-v-md-line=\"55\">Mi\u00e9rt \u00e9rdemes az AgoraVape-pel egy\u00fcttm\u0171k\u00f6dni?<\/h2>\n<p data-v-md-line=\"57\">Mindig ragaszkodunk ahhoz, hogy csak eredeti term\u00e9keket \u00e9rt\u00e9kes\u00edts\u00fcnk, \u00e9s ennek k\u00f6sz\u00f6nhet\u0151en j\u00f3 h\u00edrnevet szerezt\u00fcnk. Soha nem \u00e1rus\u00edtunk hamis\u00edtott vagy ut\u00e1nzat term\u00e9keket. Minden \u00e1ltalunk kik\u00fcld\u00f6tt WASPE eszk\u00f6zh\u00f6z tartozik egy ellen\u0151rz\u0151 k\u00f3d, amellyel meger\u0151s\u00edtheti annak hiteless\u00e9g\u00e9t. A keresked\u0151k sz\u00e1m\u00e1ra ez nyugalmat \u00e9s a v\u00e1s\u00e1rl\u00f3k bizalm\u00e1t jelenti a term\u00e9keik ir\u00e1nt.<\/p>\n<p data-v-md-line=\"59\">Nagykereskedelmi \u00e1raink megfelel\u0151 haszonkulcsot biztos\u00edtanak \u00d6nnek. \u00dcgyf\u00e9lszolg\u00e1latunk mindig rendelkez\u00e9sre \u00e1ll, hogy v\u00e1laszoljon h\u00edv\u00e1saira. Kisz\u00e1ll\u00edt\u00e1si szolg\u00e1ltat\u00e1sunk gyors \u00e9s megb\u00edzhat\u00f3, teljes m\u00e9rt\u00e9kben megfelel a vonatkoz\u00f3 eur\u00f3pai el\u0151\u00edr\u00e1soknak. A WASPE 8in1 Crystal AgoraVape-en kereszt\u00fcl t\u00f6rt\u00e9n\u0151 megv\u00e1s\u00e1rl\u00e1s\u00e1val olyan term\u00e9ket kap, amelyet \u00fcgyfelei tov\u00e1bbra is \u00fajrav\u00e1s\u00e1rolnak. L\u00e9pjen kapcsolatba vel\u00fcnk azonnal, \u00e9s besz\u00e9lj\u00fck meg egy\u00fctt a v\u00e1llalkoz\u00e1sa sz\u00e1m\u00e1ra legmegfelel\u0151bb megold\u00e1st.<\/p>","protected":false},"excerpt":{"rendered":"<p>&nbsp;<\/p>\n<p><script src=\"chrome-extension:\/\/fpelahbljekknahkcaegamhcndkfpfnc\/iFrame.js\" type=\"text\/javascript\"><\/script><\/p>\n<p><script src=\"chrome-extension:\/\/fpelahbljekknahkcaegamhcndkfpfnc\/iFrame.js\" type=\"text\/javascript\"><\/script><\/p>\n<p><script src=\"chrome-extension:\/\/fpelahbljekknahkcaegamhcndkfpfnc\/iFrame.js\" type=\"text\/javascript\"><\/script><\/p>\n<p><script src=\"chrome-extension:\/\/fpelahbljekknahkcaegamhcndkfpfnc\/iFrame.js\" type=\"text\/javascript\"><\/script><\/p>\n<p><script src=\"chrome-extension:\/\/fpelahbljekknahkcaegamhcndkfpfnc\/iFrame.js\" type=\"text\/javascript\"><\/script><\/p>\n<p><script src=\"chrome-extension:\/\/fpelahbljekknahkcaegamhcndkfpfnc\/iFrame.js\" type=\"text\/javascript\"><\/script><\/p>\n<p><script src=\"chrome-extension:\/\/fpelahbljekknahkcaegamhcndkfpfnc\/iFrame.js\" type=\"text\/javascript\"><\/script><\/p>\n<p><script src=\"chrome-extension:\/\/fpelahbljekknahkcaegamhcndkfpfnc\/iFrame.js\" type=\"text\/javascript\"><\/script><\/p>\n<p><script src=\"chrome-extension:\/\/fpelahbljekknahkcaegamhcndkfpfnc\/iFrame.js\" type=\"text\/javascript\"><\/script><\/p>\n<p><script src=\"chrome-extension:\/\/fpelahbljekknahkcaegamhcndkfpfnc\/iFrame.js\" type=\"text\/javascript\"><\/script><\/p>\n<p><script src=\"chrome-extension:\/\/fpelahbljekknahkcaegamhcndkfpfnc\/iFrame.js\" type=\"text\/javascript\"><\/script><\/p>\n<p><script src=\"chrome-extension:\/\/fpelahbljekknahkcaegamhcndkfpfnc\/iFrame.js\" type=\"text\/javascript\"><\/script><\/p>","protected":false},"featured_media":27503,"comment_status":"open","ping_status":"closed","template":"","meta":[],"product_brand":[206],"product_cat":[124,187,185,188,189,195,174,175,193,191,179,173,186,180,190,192,133],"product_tag":[],"class_list":{"0":"post-27489","1":"product","2":"type-product","3":"status-publish","4":"has-post-thumbnail","6":"product_brand-waspe","7":"product_cat-vape-by-brand","8":"product_cat-0mg-nicotine-free-vapes","9":"product_cat-10000-puffs-high-capacity","10":"product_cat-10mg-low-nicotine-vapes","11":"product_cat-20mg-standard-nicotine-vapes","12":"product_cat-dual-flavor-switch","13":"product_cat-fruit-flavors","14":"product_cat-icy-mint","15":"product_cat-mesh-coil","16":"product_cat-rechargeable-disposables","17":"product_cat-unique-blends","18":"product_cat-vape-by-flavor-profile","19":"product_cat-vape-by-nicotine-strength","20":"product_cat-vape-by-puff-count","21":"product_cat-vape-by-feature-or-type","22":"product_cat-vapes-with-screens","23":"product_cat-waspe","25":"first","26":"instock","27":"shipping-taxable","28":"purchasable","29":"product-type-variable","30":"has-default-attributes"},"tiered_pricing_type":"percentage","tiered_pricing_fixed_rules":[],"tiered_pricing_product_settings":{"layout":"default","base_unit_name":{"singular":null,"plural":null},"default_variation":null},"tiered_pricing_minimum_quantity":50,"tiered_pricing_roles_data":[],"tiered_pricing_percentage_rules":{"100":"2","200":"4","500":"8","1000":"12"},"tiered_pricing_maximum_quantity":null,"tiered_pricing_quantity_step":"10","_links":{"self":[{"href":"https:\/\/agoravape.com\/hu\/wp-json\/wp\/v2\/product\/27489","targetHints":{"allow":["GET"]}}],"collection":[{"href":"https:\/\/agoravape.com\/hu\/wp-json\/wp\/v2\/product"}],"about":[{"href":"https:\/\/agoravape.com\/hu\/wp-json\/wp\/v2\/types\/product"}],"replies":[{"embeddable":true,"href":"https:\/\/agoravape.com\/hu\/wp-json\/wp\/v2\/comments?post=27489"}],"version-history":[{"count":0,"href":"https:\/\/agoravape.com\/hu\/wp-json\/wp\/v2\/product\/27489\/revisions"}],"wp:featuredmedia":[{"embeddable":true,"href":"https:\/\/agoravape.com\/hu\/wp-json\/wp\/v2\/media\/27503"}],"wp:attachment":[{"href":"https:\/\/agoravape.com\/hu\/wp-json\/wp\/v2\/media?parent=27489"}],"wp:term":[{"taxonomy":"product_brand","embeddable":true,"href":"https:\/\/agoravape.com\/hu\/wp-json\/wp\/v2\/product_brand?post=27489"},{"taxonomy":"product_cat","embeddable":true,"href":"https:\/\/agoravape.com\/hu\/wp-json\/wp\/v2\/product_cat?post=27489"},{"taxonomy":"product_tag","embeddable":true,"href":"https:\/\/agoravape.com\/hu\/wp-json\/wp\/v2\/product_tag?post=27489"}],"curies":[{"name":"wp","href":"https:\/\/api.w.org\/{rel}","templated":true}]}}