{"id":10852,"date":"2025-10-01T09:29:35","date_gmt":"2025-10-01T01:29:35","guid":{"rendered":"https:\/\/green-grasshopper-921422.hostingersite.com\/?post_type=product&#038;p=10852"},"modified":"2026-01-19T22:09:32","modified_gmt":"2026-01-19T14:09:32","slug":"vape-ricaricabile-iqte-50000-puff","status":"publish","type":"product","link":"https:\/\/agoravape.com\/it\/product\/iqte-50000-puffs-rechargeable-vape\/","title":{"rendered":"IQTE 50000 Puffs Vape monouso ricaricabile | Grande capacit\u00e0, ricarica semplice"},"content":{"rendered":"<h2 data-v-md-heading=\"so-what-about-iqte-50000-rechargeable-disposable-vapes\" data-v-md-line=\"3\"><img loading=\"lazy\" decoding=\"async\" class=\"aligncenter size-full wp-image-18613\" src=\"https:\/\/agoravape.com\/wp-content\/uploads\/2025\/10\/IQTE-50000-Puffs-Rechargeable-Disposable_Agora_vape-6.webp\" alt=\"\" width=\"2560\" height=\"1785\" srcset=\"https:\/\/agoravape.com\/wp-content\/uploads\/2025\/10\/IQTE-50000-Puffs-Rechargeable-Disposable_Agora_vape-6.webp 2560w, https:\/\/agoravape.com\/wp-content\/uploads\/2025\/10\/IQTE-50000-Puffs-Rechargeable-Disposable_Agora_vape-6-1200x837.webp 1200w, https:\/\/agoravape.com\/wp-content\/uploads\/2025\/10\/IQTE-50000-Puffs-Rechargeable-Disposable_Agora_vape-6-300x209.webp 300w, https:\/\/agoravape.com\/wp-content\/uploads\/2025\/10\/IQTE-50000-Puffs-Rechargeable-Disposable_Agora_vape-6-1024x714.webp 1024w, https:\/\/agoravape.com\/wp-content\/uploads\/2025\/10\/IQTE-50000-Puffs-Rechargeable-Disposable_Agora_vape-6-768x536.webp 768w, https:\/\/agoravape.com\/wp-content\/uploads\/2025\/10\/IQTE-50000-Puffs-Rechargeable-Disposable_Agora_vape-6-1536x1071.webp 1536w, https:\/\/agoravape.com\/wp-content\/uploads\/2025\/10\/IQTE-50000-Puffs-Rechargeable-Disposable_Agora_vape-6-2048x1428.webp 2048w\" sizes=\"auto, (max-width: 2560px) 100vw, 2560px\" \/><\/h2>\n<h2 data-v-md-heading=\"so-what-about-iqte-50000-rechargeable-disposable-vapes\" data-v-md-line=\"3\">E i vapers ricaricabili monouso IQTE 50000?<\/h2>\n<p data-v-md-line=\"4\">Se siete stanchi di sostituire i vape usa e getta ogni pochi giorni, questo prodotto vi semplificher\u00e0 la vita. IQTE 50000 \u00e8 dotato di una batteria ricaricabile che pu\u00f2 contenere fino a 50000 confezioni, permettendovi di godere facilmente del vero valore dell'e-liquid.<\/p>\n<p data-v-md-line=\"6\">Se desiderate una svapata affidabile e di lunga durata che possa essere ricaricata con un cavo di ricarica del telefono cellulare, questo prodotto \u00e8 la scelta ideale. Facile da usare, comodo da trasportare e in grado di mantenere un gusto costante ad ogni utilizzo.<\/p>\n<h2 data-v-md-heading=\"excellent-performance-without-any-complexity\" data-v-md-line=\"8\">Excellent performance without any complexity<\/h2>\n<p data-v-md-line=\"9\">Il nucleo atomizzatore interno \u00e8 stato accuratamente regolato per mantenere un gusto pulito e stabile dall'inizio alla fine. Al terzo giorno, non c'era alcun odore di bruciato e anche a met\u00e0 del percorso non c'\u00e8 stata alcuna interruzione di corrente. Quando la batteria \u00e8 scarica, pu\u00f2 essere ricaricata tramite l'interfaccia Type-C. Si potrebbe pensare che i vape ricaricabili siano fastidiosi, ma questa sigaretta elettronica raggiunge davvero la funzionalit\u00e0 plug and play.<\/p>\n<h2 data-v-md-heading=\"specification-overview\" data-v-md-line=\"11\">Panoramica delle specifiche<\/h2>\n<ul data-v-md-line=\"12\">\n<li>Suction frequency: up to 50000 times<\/li>\n<li>Nicotine content: 2% and 5% optional<\/li>\n<li>Principio di funzionamento: Attivato tramite inalazione<\/li>\n<li>Charging: Standard Type-C USB interface<\/li>\n<li>Stato: pronto all'uso appena estratto dalla confezione<\/li>\n<li>Capacit\u00e0 e-liquid: 50 millilitri<\/li>\n<li>Capacit\u00e0 della batteria: batteria ricaricabile da 800 mAh<\/li>\n<\/ul>\n<h2 data-v-md-heading=\"full-range-of-flavors\" data-v-md-line=\"20\">Full range of flavors<\/h2>\n<ul data-v-md-line=\"21\">\n<li>Ghiaccio all'anguria<\/li>\n<li>Ghiaccio alla fragola<\/li>\n<li>Pista di ghiaccio blu<\/li>\n<li>Menthol ice<\/li>\n<li>Lemon and lime<\/li>\n<li>Pi\u00f9 gusti tra cui scegliere<\/li>\n<\/ul>\n<h2 data-v-md-heading=\"for-you-for-your-business\" data-v-md-line=\"28\">Per te, per il tuo business<\/h2>\n<p data-v-md-line=\"29\">Puoi scegliere <a class=\"wpil_keyword_link\" title=\"IQTE\" href=\"https:\/\/agoravape.com\/it\/svapare-per-marca\/iqte\/\" data-wpil-keyword-link=\"linked\" data-wpil-monitor-id=\"110\">IQTE<\/a> 50000 svapate ricaricabili usa e getta per uso personale o per il tuo negozio. Scatole di cartone all'ingrosso con 200 pezzi per scatola. Il peso lordo della scatola di cartone \u00e8 di 19 chilogrammi, con dimensioni di 510 \u00d7 293 \u00d7 260 millimetri, il che la rende molto comoda per pianificare lo spazio sugli scaffali e il trasporto.<\/p>\n<p data-v-md-line=\"31\">Offriamo opzioni DDP a pagamento attraverso partner fidati come UPS, DPD e DHL per la spedizione in tutta Europa. Il vostro ordine sar\u00e0 sdoganato e tracciato per evitare qualsiasi imprevisto alla dogana.<\/p>\n<h2 data-v-md-heading=\"why-do-you-like-it\" data-v-md-line=\"33\">Perch\u00e9 ti piace?<\/h2>\n<ul data-v-md-line=\"34\">\n<li>Grande capacit\u00e0 di fumare: la batteria dura pi\u00f9 a lungo e non \u00e8 necessario sostituire frequentemente i vaporizzatori.<\/li>\n<li>Selezione del contenuto di nicotina: scegli il 2% o il 5% in base alle tue preferenze.<\/li>\n<li>Ricaricabile: puoi utilizzare tutti gli e-liquidi acquistati.<\/li>\n<li>Prestazioni stabili della bobina: Pu\u00f2 fornire un gusto stabile e ricco ogni volta.<\/li>\n<li>Comoda interfaccia Type-C: Carica utilizzando il cavo dati esistente.<\/li>\n<\/ul>\n<h2 data-v-md-heading=\"why-choose-to-collaborate-with-agoravape\" data-v-md-line=\"40\">Perch\u00e9 scegliere di collaborare con AgoraVape?<\/h2>\n<p data-v-md-line=\"41\">Vendiamo solo prodotti originali 100% e non abbiamo dubbi in merito. Se acquistate <a class=\"wpil_keyword_link\" href=\"https:\/\/agoravape.com\/it\/marchio\/iqte\/\" target=\"_blank\" rel=\"noopener\" title=\"IQTE\" data-wpil-keyword-link=\"linked\" data-wpil-monitor-id=\"7177\">IQTE<\/a> 50000 vapes ricaricabili monouso all'ingrosso, godrete di prezzi scontati, di un supporto di risposta rapido e di servizi di consegna veloci e affidabili. Contattateci per acquistare i prodotti che i vostri clienti amano veramente.<\/p>\n<p>&nbsp;<\/p>","protected":false},"excerpt":{"rendered":"<p>IQTE 50000 offre fino a 50.000 boccate per una longevit\u00e0 estrema. Questa ricaricabile usa e getta vi garantisce di gustare ogni goccia di e-liquid con un sapore costante e pulito. \u00c8 dotato di una semplice ricarica Type-C ed \u00e8 disponibile con nicotina 2% o 5%. La vostra svapata affidabile e senza problemi \u00e8 qui.<\/p>","protected":false},"featured_media":18608,"comment_status":"open","ping_status":"closed","template":"","meta":[],"product_brand":[198],"product_cat":[124,185,189,1641,174,175,125,191,180,190],"product_tag":[],"class_list":{"0":"post-10852","1":"product","2":"type-product","3":"status-publish","4":"has-post-thumbnail","6":"product_brand-iqte","7":"product_cat-vape-by-brand","8":"product_cat-10000-puffs-high-capacity","9":"product_cat-20mg-standard-nicotine-vapes","10":"product_cat-50000-puffs","11":"product_cat-fruit-flavors","12":"product_cat-icy-mint","13":"product_cat-iqte","14":"product_cat-rechargeable-disposables","15":"product_cat-vape-by-puff-count","16":"product_cat-vape-by-feature-or-type","18":"first","19":"onbackorder","20":"shipping-taxable","21":"purchasable","22":"product-type-variable","23":"has-default-attributes"},"tiered_pricing_type":"percentage","tiered_pricing_fixed_rules":[],"tiered_pricing_product_settings":{"layout":"default","base_unit_name":{"singular":null,"plural":null},"default_variation":null},"tiered_pricing_minimum_quantity":10,"tiered_pricing_roles_data":[],"tiered_pricing_percentage_rules":{"30":"29","50":"35","100":"40","200":"44","500":"47","1000":"49"},"tiered_pricing_maximum_quantity":null,"tiered_pricing_quantity_step":"10","_links":{"self":[{"href":"https:\/\/agoravape.com\/it\/wp-json\/wp\/v2\/product\/10852","targetHints":{"allow":["GET"]}}],"collection":[{"href":"https:\/\/agoravape.com\/it\/wp-json\/wp\/v2\/product"}],"about":[{"href":"https:\/\/agoravape.com\/it\/wp-json\/wp\/v2\/types\/product"}],"replies":[{"embeddable":true,"href":"https:\/\/agoravape.com\/it\/wp-json\/wp\/v2\/comments?post=10852"}],"version-history":[{"count":5,"href":"https:\/\/agoravape.com\/it\/wp-json\/wp\/v2\/product\/10852\/revisions"}],"predecessor-version":[{"id":29829,"href":"https:\/\/agoravape.com\/it\/wp-json\/wp\/v2\/product\/10852\/revisions\/29829"}],"wp:featuredmedia":[{"embeddable":true,"href":"https:\/\/agoravape.com\/it\/wp-json\/wp\/v2\/media\/18608"}],"wp:attachment":[{"href":"https:\/\/agoravape.com\/it\/wp-json\/wp\/v2\/media?parent=10852"}],"wp:term":[{"taxonomy":"product_brand","embeddable":true,"href":"https:\/\/agoravape.com\/it\/wp-json\/wp\/v2\/product_brand?post=10852"},{"taxonomy":"product_cat","embeddable":true,"href":"https:\/\/agoravape.com\/it\/wp-json\/wp\/v2\/product_cat?post=10852"},{"taxonomy":"product_tag","embeddable":true,"href":"https:\/\/agoravape.com\/it\/wp-json\/wp\/v2\/product_tag?post=10852"}],"curies":[{"name":"wp","href":"https:\/\/api.w.org\/{rel}","templated":true}]}}