{"id":10982,"date":"2025-10-04T10:26:12","date_gmt":"2025-10-04T02:26:12","guid":{"rendered":"https:\/\/green-grasshopper-921422.hostingersite.com\/?post_type=product&#038;p=10982"},"modified":"2026-01-13T01:06:44","modified_gmt":"2026-01-12T17:06:44","slug":"iqte-45000-soffi-monouso-vape","status":"publish","type":"product","link":"https:\/\/agoravape.com\/it\/product\/iqte-45000-puffs-disposable-vape\/","title":{"rendered":"IQTE 45000 sigarette elettroniche usa e getta a lunga durata | Calibro grande, facili da caricare"},"content":{"rendered":"<h2 data-v-md-heading=\"what-are-the-advantages-of-iqte-45000-long-lasting-disposable-electronic-cigarettes\" data-v-md-line=\"3\">quali sono i vantaggi dei vapers monouso a lunga durata IQTE 45000?<\/h2>\n<p data-v-md-line=\"4\">Se siete stanchi di cambiare la vostra svapata ogni pochi giorni, questo prodotto vi semplificher\u00e0 la vita. I 45000 vapes monouso di IQTE sono progettati per coloro che cercano una batteria di lunga durata e un gusto diretto, senza la necessit\u00e0 di complicate impostazioni.<\/p>\n<p data-v-md-line=\"6\">Dotato di una batteria ricaricabile, \u00e8 possibile consumare facilmente l'e-liquid acquistato con una svapata di grande calibro. Se cercate prestazioni affidabili giorno dopo giorno, questo prodotto \u00e8 la scelta migliore. Si potrebbe pensare che i vape monouso di grosso calibro siano complicati, ma questo prodotto rende tutto semplice e facile da usare.<\/p>\n<h2 data-v-md-heading=\"excellent-performance-easy-and-convenient\" data-v-md-line=\"8\">Prestazioni eccellenti, facile e conveniente<\/h2>\n<p data-v-md-line=\"9\">IQTE ha progettato con cura questo dispositivo per offrirvi un gusto costante dal primo all'ultimo morso. La sua bobina garantisce un'aspirazione stabile e non si deteriora nemmeno dopo alcuni giorni. Quando la batteria \u00e8 scarica, \u00e8 possibile ricaricarla attraverso l'interfaccia Type-C. Si tratta dello stesso cavo utilizzato per il telefono, la ricarica \u00e8 comoda e veloce.<\/p>\n<h2 data-v-md-heading=\"specification-overview\" data-v-md-line=\"11\">Panoramica delle specifiche<\/h2>\n<ul data-v-md-line=\"12\">\n<li>Frequenza di aspirazione: fino a 45000 volte<\/li>\n<li>Contenuto di nicotina: 2% o 5% (nelle aree consentite)<\/li>\n<li>Principio di funzionamento: Attivato tramite inalazione<\/li>\n<li>Charging: Standard Type-C USB interface<\/li>\n<li>Stato: pronto all'uso dopo l'unboxing<\/li>\n<\/ul>\n<p data-v-md-line=\"18\">Avviso agli acquirenti dell'UE e del Regno Unito: Questo dispositivo ha una capacit\u00e0 di 28 millilitri e una frequenza di aspirazione molto elevata. Questa capacit\u00e0 supera il limite TPD e pertanto non \u00e8 conforme alle normative del mercato regolamentare TPD. Prima dell'acquisto o dello stoccaggio, consultare le leggi e le normative locali.<\/p>\n<h2 data-v-md-heading=\"full-range-of-flavors\" data-v-md-line=\"20\">Full range of flavors<\/h2>\n<ul data-v-md-line=\"21\">\n<li>Gusto fragola e mango<\/li>\n<li>Peach smoothie<\/li>\n<li>Amore 66 sapori<\/li>\n<li>Doppio sapore di mela<\/li>\n<li>Gusto mirtillo e ciliegia<\/li>\n<li>Blackberry, red raspberry flavor<\/li>\n<li>Watermelon smoothie<\/li>\n<li>Gusto Coca-Cola alla ciliegia<\/li>\n<li>Gusto Zucchero Arcobaleno<\/li>\n<li>Gusto lampone e anguria<\/li>\n<\/ul>\n<h2 data-v-md-heading=\"for-you-and-for-your-business-as-well\" data-v-md-line=\"32\">Per te e anche per la tua attivit\u00e0<\/h2>\n<p data-v-md-line=\"33\">\u00c8 possibile acquistarne uno per uso personale o per fare scorta per il proprio negozio. La confezione all'ingrosso contiene 200 unit\u00e0, per cui \u00e8 possibile rifornirsi rapidamente. Forniamo servizi di consegna DDP affidabili tramite UPS, DPD e DHL, il che significa che pu\u00f2 essere consegnato dopo il pagamento delle tasse senza alcun imprevisto alla dogana.<\/p>\n<p data-v-md-line=\"35\">Vendere in Europa significa che le regole sono fondamentali. Il nostro team \u00e8 in grado di fornire consulenza sulla conformit\u00e0 e sui canali di approvvigionamento legali per mercati specifici, al fine di garantire il rispetto delle normative locali.<\/p>\n<h2 data-v-md-heading=\"why-do-you-like-it\" data-v-md-line=\"37\">Perch\u00e9 ti piace?<\/h2>\n<ul data-v-md-line=\"38\">\n<li>Grande capacit\u00e0 di aspirazione: maggiore durata dell'aspirazione, per cui non \u00e8 necessario acquistarne di nuovi di frequente.<\/li>\n<li>Selezione della nicotina: Scegliete un contenuto di nicotina di 2% o 5% in base alle vostre preferenze e alla domanda del mercato.<\/li>\n<li>Ricaricabile: La ricarica di tipo C consente di consumare ogni goccia di e-liquid.<\/li>\n<li>Uso continuo: mantiene un gusto stabile dall'inizio alla fine.<\/li>\n<\/ul>\n<h2 data-v-md-heading=\"why-choose-agoravape\" data-v-md-line=\"43\">Perch\u00e9 scegliere AgoraVape?<\/h2>\n<p data-v-md-line=\"44\">Acquistiamo solo prodotti originali 100%. <a class=\"wpil_keyword_link\" title=\"IQTE\" href=\"https:\/\/agoravape.com\/it\/svapare-per-marca\/iqte\/\" data-wpil-keyword-link=\"linked\" data-wpil-monitor-id=\"131\">IQTE<\/a> attrezzature e garantire una tracciabilit\u00e0 completa. Con le sigarette elettroniche usa e getta a lunga durata IQTE 45000, potrete usufruire di prezzi all'ingrosso scontati, assistenza tecnica rapida e servizi di consegna DDP veloci in Europa. Utilizziamo metodi di pagamento sicuri e forniamo una procedura chiara per la restituzione dei prodotti difettosi. Effettuiamo inoltre una rigorosa verifica dell'et\u00e0 per garantire vendite responsabili. Contattaci per conoscere le informazioni sull'inventario IQTE 45000 e offrire ai tuoi clienti l'esperienza duratura e conveniente che si aspettano.<\/p>","protected":false},"excerpt":{"rendered":"<p>Godetevi fino a 45.000 boccate di sapore costante e duraturo con IQTE 45000. Questo semplice monouso, attivato dall'inalazione, \u00e8 ricaricabile tramite la tecnologia Type-C, per garantire l'utilizzo di ogni goccia. Scegliete tra 2% o 5% di nicotina per un'esperienza di svapo affidabile e continua.<\/p>","protected":false},"featured_media":10984,"comment_status":"open","ping_status":"closed","template":"","meta":[],"product_brand":[198],"product_cat":[124,187,185,188,189,1640,177,174,175,125,191,173,186,180,190],"product_tag":[],"class_list":{"0":"post-10982","1":"product","2":"type-product","3":"status-publish","4":"has-post-thumbnail","6":"product_brand-iqte","7":"product_cat-vape-by-brand","8":"product_cat-0mg-nicotine-free-vapes","9":"product_cat-10000-puffs-high-capacity","10":"product_cat-10mg-low-nicotine-vapes","11":"product_cat-20mg-standard-nicotine-vapes","12":"product_cat-45000-puffs","13":"product_cat-dessert-sweets","14":"product_cat-fruit-flavors","15":"product_cat-icy-mint","16":"product_cat-iqte","17":"product_cat-rechargeable-disposables","18":"product_cat-vape-by-flavor-profile","19":"product_cat-vape-by-nicotine-strength","20":"product_cat-vape-by-puff-count","21":"product_cat-vape-by-feature-or-type","23":"first","24":"instock","25":"shipping-taxable","26":"purchasable","27":"product-type-variable","28":"has-default-attributes"},"tiered_pricing_type":"percentage","tiered_pricing_fixed_rules":[],"tiered_pricing_product_settings":{"layout":"default","base_unit_name":{"singular":null,"plural":null},"default_variation":null},"tiered_pricing_minimum_quantity":10,"tiered_pricing_roles_data":[],"tiered_pricing_percentage_rules":{"30":"29","50":"35","100":"40","200":"44","500":"47","1000":"49"},"tiered_pricing_maximum_quantity":null,"tiered_pricing_quantity_step":"10","_links":{"self":[{"href":"https:\/\/agoravape.com\/it\/wp-json\/wp\/v2\/product\/10982","targetHints":{"allow":["GET"]}}],"collection":[{"href":"https:\/\/agoravape.com\/it\/wp-json\/wp\/v2\/product"}],"about":[{"href":"https:\/\/agoravape.com\/it\/wp-json\/wp\/v2\/types\/product"}],"replies":[{"embeddable":true,"href":"https:\/\/agoravape.com\/it\/wp-json\/wp\/v2\/comments?post=10982"}],"version-history":[{"count":1,"href":"https:\/\/agoravape.com\/it\/wp-json\/wp\/v2\/product\/10982\/revisions"}],"predecessor-version":[{"id":29764,"href":"https:\/\/agoravape.com\/it\/wp-json\/wp\/v2\/product\/10982\/revisions\/29764"}],"wp:featuredmedia":[{"embeddable":true,"href":"https:\/\/agoravape.com\/it\/wp-json\/wp\/v2\/media\/10984"}],"wp:attachment":[{"href":"https:\/\/agoravape.com\/it\/wp-json\/wp\/v2\/media?parent=10982"}],"wp:term":[{"taxonomy":"product_brand","embeddable":true,"href":"https:\/\/agoravape.com\/it\/wp-json\/wp\/v2\/product_brand?post=10982"},{"taxonomy":"product_cat","embeddable":true,"href":"https:\/\/agoravape.com\/it\/wp-json\/wp\/v2\/product_cat?post=10982"},{"taxonomy":"product_tag","embeddable":true,"href":"https:\/\/agoravape.com\/it\/wp-json\/wp\/v2\/product_tag?post=10982"}],"curies":[{"name":"wp","href":"https:\/\/api.w.org\/{rel}","templated":true}]}}