{"id":11078,"date":"2025-10-04T18:26:57","date_gmt":"2025-10-04T10:26:57","guid":{"rendered":"https:\/\/green-grasshopper-921422.hostingersite.com\/?post_type=product&#038;p=11078"},"modified":"2026-01-19T22:09:25","modified_gmt":"2026-01-19T14:09:25","slug":"crystal-mary-3in1-65000-soffi-vape","status":"publish","type":"product","link":"https:\/\/agoravape.com\/it\/product\/crystal-mary-3in1-65000-puffs-vape\/","title":{"rendered":"Crystal Mary 3 in 1 65000 tiri | Triplo aroma, lunga durata e praticit\u00e0"},"content":{"rendered":"<h2 data-v-md-heading=\"what-s-so-special-about-crystal-mary-s-three-in-one-65000-pack-electronic-cigarette\" data-v-md-line=\"3\">Cosa c'\u00e8 di cos\u00ec speciale nella confezione da 65000 di Crystal Mary?<\/h2>\n<p data-v-md-line=\"4\">Se non vi piace usare un solo aroma durante la settimana, questo prodotto pu\u00f2 cambiare le vostre abitudini. Crystal Mary tre in uno vi permette di passare da un aroma all'altro sullo stesso dispositivo, mantenendovi freschi senza dover portare con voi tre vapes.<\/p>\n<p data-v-md-line=\"6\">\u00c8 stato progettato per gli utenti che desiderano un'esperienza d'uso duratura e facile da usare. Non sono necessarie operazioni noiose, n\u00e9 menu complicati. Basta scegliere il proprio aroma preferito e goderselo facilmente. Si potrebbe pensare che le svapate multi aroma e ad alto volume possano essere macchinose, ma il cambio di aroma di questa svapata \u00e8 veloce e intuitivo.<\/p>\n<h2 data-v-md-heading=\"excellent-performance-easy-and-convenient\" data-v-md-line=\"8\">Prestazioni eccellenti, facile e conveniente<\/h2>\n<p data-v-md-line=\"9\">Il cuore della svapata tre in uno di Crystal Mary \u00e8 la bobina a rete, che aiuta a mantenere un gusto costante ad ogni boccata. Il gusto \u00e8 sempre chiaro e non diventa insipido a met\u00e0. Quando la batteria \u00e8 scarica, \u00e8 possibile caricarla tramite l'interfaccia Type-C. Basta utilizzare i cavi comunemente usati sul telefono. Semplice e conveniente.<\/p>\n<h2 data-v-md-heading=\"specification-introduction\" data-v-md-line=\"11\">Introduzione alle specifiche<\/h2>\n<ul data-v-md-line=\"12\">\n<li>Frequenza di aspirazione: fino a 65000 volte<\/li>\n<li>Contenuto di nicotina: 2% o 5% opzionale<\/li>\n<li>Principio di funzionamento: facile da usare, non necessita di pulsanti, il dispositivo \u00e8 dotato di un interruttore di gusto incorporato.<\/li>\n<li>Charging: Standard Type-C USB interface<\/li>\n<li>Stato: pronto all'uso appena estratto dalla confezione<\/li>\n<\/ul>\n<h2 data-v-md-heading=\"full-flavor-series\" data-v-md-line=\"18\">Serie dal sapore pieno<\/h2>\n<p data-v-md-line=\"19\">Ogni dispositivo viene fornito con 3 set di aromi selezionati:<\/p>\n<ul data-v-md-line=\"20\">\n<li>Fragola Vaniglia Cola\/Mirtillo Lampone\/Limone Lime<\/li>\n<li>Acqua di ribes nero\/limone rosa\/frutto della passione mango<\/li>\n<li>Ghiaccio all'anguria\/caramella agrodolce\/ kiwi alla fragola<\/li>\n<li>Gelato all'anguria\/gelato alla fragola\/triplo melone<\/li>\n<li>Fragola, lampone, ciliegia, uva, ghiaccio<\/li>\n<li>Ghiaccio alla mela acida\/ anguria alla fragola\/ pesca al limone<\/li>\n<li>Frullato di limone, lime, anguria e mirtilli.<\/li>\n<li>Frullato di mirtillo\/anguria lampone\/limone lime<\/li>\n<li>Frullato di lampone e mirtillo\/mango acido\/Lemon Cola<\/li>\n<li>Anguria al lampone\/Ananas al mango aspro\/Bevanda rinfrescante al kiwi al lampone<\/li>\n<\/ul>\n<h2 data-v-md-heading=\"for-you-and-for-your-business-as-well\" data-v-md-line=\"31\">Per te e anche per la tua attivit\u00e0<\/h2>\n<p data-v-md-line=\"32\">Se desiderate una svapata di lunga durata, dal sapore mutevole e facile da ricaricare, perch\u00e9 non acquistarne una. Se state facendo scorte per il vostro negozio o per creare una collezione online, siamo sempre pronti per la vendita all'ingrosso. 10 pezzi per scatola, 200 pezzi per scatola, per facilitare la pianificazione dell'inventario.<\/p>\n<p data-v-md-line=\"34\">Collaboriamo con partner di fiducia come UPS, DPD e DHL per utilizzare il trasporto DDP (Delivered Duty Paid), in modo che i dazi doganali possano essere elaborati in anticipo e non ci siano incidenti quando il pacco arriva alla dogana.<\/p>\n<p data-v-md-line=\"36\">Dichiarazione di conformit\u00e0: I vapes di grosso calibro e quelli con concentrazione di nicotina 5% non soddisfano gli standard della TPD (Direttiva Europea sui Prodotti del Tabacco) in molti mercati dell'UE. Forniamo alle regioni autorizzate. Se avete bisogno di alternative per la vendita al dettaglio nell'UE che soddisfino gli standard TPD, consultate il nostro team.<\/p>\n<h2 data-v-md-heading=\"why-do-you-like-it\" data-v-md-line=\"38\">Perch\u00e9 ti piace?<\/h2>\n<ul data-v-md-line=\"39\">\n<li>Aspirazione massiccia: meno ricariche e acquisti ripetuti.<\/li>\n<li>Tripla commutazione del gusto: cambiate gusto in qualsiasi momento per soddisfare le vostre esigenze.<\/li>\n<li>Ricaricabile: La ricarica di tipo C consente di utilizzare l'e-liquid in modo efficiente.<\/li>\n<li>Bobina a rete: Coerente dall'inizio alla fine, con un gusto ricco e morbido.<\/li>\n<\/ul>\n<h2 data-v-md-heading=\"why-collaborate-with-agoravape\" data-v-md-line=\"44\">Perch\u00e9 collaborare con AgoraVape?<\/h2>\n<p data-v-md-line=\"45\">Forniamo solo prodotti originali 100% e siamo responsabili dei prodotti che vendiamo. Per i clienti commerciali, questo significa che Crystal Mary's three in one 65000 vaping flavor switch offre prezzi all'ingrosso scontati, assistenza clienti veloce e consegna rapida DDP. Benvenuti a discutere con noi di come portare ai vostri clienti scelte flessibili e sostenibili per i clienti abituali.<\/p>\n<p data-v-md-line=\"45\"><img loading=\"lazy\" decoding=\"async\" class=\"aligncenter size-full wp-image-11080\" src=\"https:\/\/agoravape.com\/wp-content\/uploads\/2025\/10\/Crystal-Mary-3-in-1-65000-Puffs-Flavor-Switch-Vape-2.webp\" alt=\"\" width=\"1523\" height=\"2444\" srcset=\"https:\/\/agoravape.com\/wp-content\/uploads\/2025\/10\/Crystal-Mary-3-in-1-65000-Puffs-Flavor-Switch-Vape-2.webp 1523w, https:\/\/agoravape.com\/wp-content\/uploads\/2025\/10\/Crystal-Mary-3-in-1-65000-Puffs-Flavor-Switch-Vape-2-1200x1926.webp 1200w, https:\/\/agoravape.com\/wp-content\/uploads\/2025\/10\/Crystal-Mary-3-in-1-65000-Puffs-Flavor-Switch-Vape-2-187x300.webp 187w, https:\/\/agoravape.com\/wp-content\/uploads\/2025\/10\/Crystal-Mary-3-in-1-65000-Puffs-Flavor-Switch-Vape-2-638x1024.webp 638w, https:\/\/agoravape.com\/wp-content\/uploads\/2025\/10\/Crystal-Mary-3-in-1-65000-Puffs-Flavor-Switch-Vape-2-768x1232.webp 768w, https:\/\/agoravape.com\/wp-content\/uploads\/2025\/10\/Crystal-Mary-3-in-1-65000-Puffs-Flavor-Switch-Vape-2-957x1536.webp 957w, https:\/\/agoravape.com\/wp-content\/uploads\/2025\/10\/Crystal-Mary-3-in-1-65000-Puffs-Flavor-Switch-Vape-2-1276x2048.webp 1276w\" sizes=\"auto, (max-width: 1523px) 100vw, 1523px\" \/><\/p>\n<p><script src=\"chrome-extension:\/\/fpelahbljekknahkcaegamhcndkfpfnc\/iFrame.js\" type=\"text\/javascript\"><\/script><\/p>\n<p><script src=\"chrome-extension:\/\/fpelahbljekknahkcaegamhcndkfpfnc\/iFrame.js\" type=\"text\/javascript\"><\/script><\/p>\n<p><script src=\"chrome-extension:\/\/fpelahbljekknahkcaegamhcndkfpfnc\/iFrame.js\" type=\"text\/javascript\"><\/script><\/p>\n<p><script src=\"chrome-extension:\/\/fpelahbljekknahkcaegamhcndkfpfnc\/iFrame.js\" type=\"text\/javascript\"><\/script><\/p>\n<p><script src=\"chrome-extension:\/\/fpelahbljekknahkcaegamhcndkfpfnc\/iFrame.js\" type=\"text\/javascript\"><\/script><\/p>\n<p><script src=\"chrome-extension:\/\/fpelahbljekknahkcaegamhcndkfpfnc\/iFrame.js\" type=\"text\/javascript\"><\/script><\/p>\n<p><script src=\"chrome-extension:\/\/fpelahbljekknahkcaegamhcndkfpfnc\/iFrame.js\" type=\"text\/javascript\"><\/script><\/p>\n<p><script src=\"chrome-extension:\/\/fpelahbljekknahkcaegamhcndkfpfnc\/iFrame.js\" type=\"text\/javascript\"><\/script><\/p>\n<p><script src=\"chrome-extension:\/\/fpelahbljekknahkcaegamhcndkfpfnc\/iFrame.js\" type=\"text\/javascript\"><\/script><\/p>\n<p><script src=\"chrome-extension:\/\/fpelahbljekknahkcaegamhcndkfpfnc\/iFrame.js\" type=\"text\/javascript\"><\/script><\/p>\n<p><script src=\"chrome-extension:\/\/fpelahbljekknahkcaegamhcndkfpfnc\/iFrame.js\" type=\"text\/javascript\"><\/script><\/p>","protected":false},"excerpt":{"rendered":"<p>Stanchi di un solo sapore? Crystal Mary 3-in-1 vi permette di passare da un gusto all'altro in un unico dispositivo. Godetevi fino a 65.000 boccate con un sapore costante grazie alla bobina a rete. Semplice, senza pulsanti e ricaricabile tramite Type-C per una comodit\u00e0 di lunga durata. La vostra ultima avventura di gusto.<\/p>\n<p><script src=\"chrome-extension:\/\/fpelahbljekknahkcaegamhcndkfpfnc\/iFrame.js\" type=\"text\/javascript\"><\/script><\/p>\n<p><script src=\"chrome-extension:\/\/fpelahbljekknahkcaegamhcndkfpfnc\/iFrame.js\" type=\"text\/javascript\"><\/script><\/p>","protected":false},"featured_media":11079,"comment_status":"open","ping_status":"closed","template":"","meta":[],"product_brand":[199],"product_cat":[124,185,189,176,126,177,195,174,175,193,191,173,186,180,190],"product_tag":[],"class_list":{"0":"post-11078","1":"product","2":"type-product","3":"status-publish","4":"has-post-thumbnail","6":"product_brand-crystal-mary","7":"product_cat-vape-by-brand","8":"product_cat-10000-puffs-high-capacity","9":"product_cat-20mg-standard-nicotine-vapes","10":"product_cat-beverage","11":"product_cat-crystal-mary","12":"product_cat-dessert-sweets","13":"product_cat-dual-flavor-switch","14":"product_cat-fruit-flavors","15":"product_cat-icy-mint","16":"product_cat-mesh-coil","17":"product_cat-rechargeable-disposables","18":"product_cat-vape-by-flavor-profile","19":"product_cat-vape-by-nicotine-strength","20":"product_cat-vape-by-puff-count","21":"product_cat-vape-by-feature-or-type","23":"first","24":"onbackorder","25":"shipping-taxable","26":"purchasable","27":"product-type-variable","28":"has-default-attributes"},"tiered_pricing_type":"percentage","tiered_pricing_fixed_rules":[],"tiered_pricing_product_settings":{"layout":"default","base_unit_name":{"singular":null,"plural":null},"default_variation":null},"tiered_pricing_minimum_quantity":10,"tiered_pricing_roles_data":[],"tiered_pricing_percentage_rules":{"30":"29","50":"35","100":"40","200":"44","500":"47","1000":"49"},"tiered_pricing_maximum_quantity":null,"tiered_pricing_quantity_step":"10","_links":{"self":[{"href":"https:\/\/agoravape.com\/it\/wp-json\/wp\/v2\/product\/11078","targetHints":{"allow":["GET"]}}],"collection":[{"href":"https:\/\/agoravape.com\/it\/wp-json\/wp\/v2\/product"}],"about":[{"href":"https:\/\/agoravape.com\/it\/wp-json\/wp\/v2\/types\/product"}],"replies":[{"embeddable":true,"href":"https:\/\/agoravape.com\/it\/wp-json\/wp\/v2\/comments?post=11078"}],"version-history":[{"count":0,"href":"https:\/\/agoravape.com\/it\/wp-json\/wp\/v2\/product\/11078\/revisions"}],"wp:featuredmedia":[{"embeddable":true,"href":"https:\/\/agoravape.com\/it\/wp-json\/wp\/v2\/media\/11079"}],"wp:attachment":[{"href":"https:\/\/agoravape.com\/it\/wp-json\/wp\/v2\/media?parent=11078"}],"wp:term":[{"taxonomy":"product_brand","embeddable":true,"href":"https:\/\/agoravape.com\/it\/wp-json\/wp\/v2\/product_brand?post=11078"},{"taxonomy":"product_cat","embeddable":true,"href":"https:\/\/agoravape.com\/it\/wp-json\/wp\/v2\/product_cat?post=11078"},{"taxonomy":"product_tag","embeddable":true,"href":"https:\/\/agoravape.com\/it\/wp-json\/wp\/v2\/product_tag?post=11078"}],"curies":[{"name":"wp","href":"https:\/\/api.w.org\/{rel}","templated":true}]}}