{"id":11109,"date":"2025-10-04T21:27:48","date_gmt":"2025-10-04T13:27:48","guid":{"rendered":"https:\/\/green-grasshopper-921422.hostingersite.com\/?post_type=product&#038;p=11109"},"modified":"2026-01-19T22:09:19","modified_gmt":"2026-01-19T14:09:19","slug":"crystal-mary-groove-50k-touch-screen-vape","status":"publish","type":"product","link":"https:\/\/agoravape.com\/it\/product\/crystal-mary-groove-50k-touch-screen-vape\/","title":{"rendered":"Crystal Mary Groove 50K Smart Touch Screen Vape | Crea facilmente un gusto duraturo"},"content":{"rendered":"<h2 data-v-md-heading=\"what-are-the-advantages-of-crystal-mary-groove-50k-suction-smart-touchscreen-electronic-cigarette\" data-v-md-line=\"3\">Quali sono i vantaggi del vaporizzatore touchscreen intelligente con aspirazione Crystal Mary Groove 50K?<\/h2>\n<p data-v-md-line=\"4\">Se sei stanco di sostituire le tue sigarette elettroniche usa e getta ogni pochi giorni, questo prodotto ti semplificher\u00e0 la vita. Crystal Mary Groove ha una capacit\u00e0 di aspirazione fino a 50.000 ed \u00e8 dotato di un touch screen intelligente, che ti consente di personalizzare l'esperienza di svapo a tuo piacimento.<\/p>\n<p data-v-md-line=\"6\">\u00c8 adatto a chiunque desideri durata senza sforzi. Offre un gusto limpido, un fumo stabile e un controllo semplice del dispositivo. Potresti pensare che le sigarette elettroniche con cos\u00ec tanta capacit\u00e0 di aspirazione siano ingombranti, ma sono semplici e facili da usare, rinfrescanti.<\/p>\n<h2 data-v-md-heading=\"excellent-performance-easy-and-convenient\" data-v-md-line=\"8\">Prestazioni eccellenti, facile e conveniente<\/h2>\n<p data-v-md-line=\"9\">La doppia bobina a rete svolge il compito principale. Si riscalda in modo uniforme, quindi ogni boccone \u00e8 delizioso come il primo. Quando la batteria \u00e8 scarica, puoi ricaricarla tramite Type-C. Potrebbe avere lo stesso cavo che usi per il tuo telefono, quindi non devi preoccuparti di trovare qualcosa di speciale.<\/p>\n<h2 data-v-md-heading=\"specification-overview\" data-v-md-line=\"11\">Panoramica delle specifiche<\/h2>\n<ul data-v-md-line=\"12\">\n<li>Suction frequency: up to 50000 times<\/li>\n<li>Contenuto di nicotina: 50 milligrammi per millilitro<\/li>\n<li>Principio di funzionamento: il touch screen regola i livelli di nicotina e ghiaccio. Basta inalare per attivare lo svapo.<\/li>\n<li>Charging: Standard Type-C USB interface<\/li>\n<li>Stato: pronto all'uso dopo l'unboxing<\/li>\n<\/ul>\n<h2 data-v-md-heading=\"full-range-of-flavors\" data-v-md-line=\"18\">Full range of flavors<\/h2>\n<ul data-v-md-line=\"19\">\n<li>Blueberry smoothie<\/li>\n<li>Zecca di Miami<\/li>\n<li>Watermelon smoothie<\/li>\n<li>Popcorn alla fragola<\/li>\n<li>Frullato di mele acide<\/li>\n<li>Mango acido e ananas<\/li>\n<li>zucchero al limone<\/li>\n<li>Frullato di banana e caramello<\/li>\n<li>Zucchero acido ed esplosivo<\/li>\n<li>Rinfrescante alla fragola e kiwi<\/li>\n<\/ul>\n<h2 data-v-md-heading=\"for-you-and-your-business\" data-v-md-line=\"30\">For you and your business<\/h2>\n<p data-v-md-line=\"31\">Acquistare per s\u00e9 \u00e8 semplicissimo. Basta scegliere il gusto che pi\u00f9 si addice. Se stai facendo scorta per il negozio, possiamo soddisfare anche le tue esigenze. Le cartucce Crystal Mary Groove 50K sono disponibili in confezioni singole da 5 o in confezioni miste da 10 gusti.<\/p>\n<p data-v-md-line=\"33\">Offriamo servizi di consegna DDP affidabili tramite UPS, DPD e DHL, con spedizioni in tutta Europa. Le tariffe doganali possono essere elaborate in anticipo per evitare problemi doganali. La situazione della fornitura e la concentrazione di nicotina possono variare a seconda del Paese\/regione. Si prega di fare riferimento alle normative locali o di consultare il nostro team.<\/p>\n<h2 data-v-md-heading=\"why-do-you-like-it\" data-v-md-line=\"35\">Perch\u00e9 ti piace?<\/h2>\n<ul data-v-md-line=\"36\">\n<li>Aspirazione massiccia: fino a 50K di capacit\u00e0 significa meno ordini ripetuti e meno problemi<\/li>\n<li>Selezione della nicotina: il dispositivo ha una funzione di regolazione integrata che consente di regolare con precisione la concentrazione secondo necessit\u00e0<\/li>\n<li>Ricaricabile: la ricarica di tipo C ti aiuta a utilizzare ogni goccia di e-liquid<\/li>\n<li>Bobina a rete: la bobina a rete a doppio strato offre un gusto uniforme e un fumo morbido<\/li>\n<\/ul>\n<h2 data-v-md-heading=\"why-collaborate-with-agoravape\" data-v-md-line=\"41\">Perch\u00e9 collaborare con AgoraVape?<\/h2>\n<p data-v-md-line=\"42\">Vendiamo solo prodotti originali al 100% e siamo responsabili dei prodotti che vendiamo. Gli acquirenti aziendali che acquistano le sigarette elettroniche intelligenti con touchscreen Crystal Mary Groove 50K possono usufruire di prezzi all'ingrosso scontati, un team di supporto reattivo e servizi di consegna rapidi e affidabili. Desideri acquistare un dispositivo che abbia un alto tasso di reso? Contattaci e saremo lieti di aiutarti.<\/p>\n<p data-v-md-line=\"42\"><img loading=\"lazy\" decoding=\"async\" class=\"aligncenter size-full wp-image-11122\" src=\"https:\/\/agoravape.com\/wp-content\/uploads\/2025\/10\/CRYSTAL-MARY-CM-Groove-50000.webp\" alt=\"\" width=\"1400\" height=\"935\" srcset=\"https:\/\/agoravape.com\/wp-content\/uploads\/2025\/10\/CRYSTAL-MARY-CM-Groove-50000.webp 1400w, https:\/\/agoravape.com\/wp-content\/uploads\/2025\/10\/CRYSTAL-MARY-CM-Groove-50000-1200x801.webp 1200w, https:\/\/agoravape.com\/wp-content\/uploads\/2025\/10\/CRYSTAL-MARY-CM-Groove-50000-300x200.webp 300w, https:\/\/agoravape.com\/wp-content\/uploads\/2025\/10\/CRYSTAL-MARY-CM-Groove-50000-1024x684.webp 1024w, https:\/\/agoravape.com\/wp-content\/uploads\/2025\/10\/CRYSTAL-MARY-CM-Groove-50000-768x513.webp 768w\" sizes=\"auto, (max-width: 1400px) 100vw, 1400px\" \/><\/p>","protected":false},"excerpt":{"rendered":"<p>Ecco il Crystal Mary Groove 50K. Con questa svapata intelligente si possono fare fino a 50.000 boccate. Utilizzate l'intuitivo touch screen per personalizzare i livelli di nicotina e ghiaccio per ottenere il vostro hit perfetto. Le doppie bobine a rete offrono un sapore ricco e costante. Ricaricabile tramite Type-C per un'esperienza semplificata e di lunga durata.<\/p>","protected":false},"featured_media":11121,"comment_status":"open","ping_status":"closed","template":"","meta":[],"product_brand":[199],"product_cat":[124,185,1641,126,177,174,175,193,191,173,180,190,192],"product_tag":[],"class_list":{"0":"post-11109","1":"product","2":"type-product","3":"status-publish","4":"has-post-thumbnail","6":"product_brand-crystal-mary","7":"product_cat-vape-by-brand","8":"product_cat-10000-puffs-high-capacity","9":"product_cat-50000-puffs","10":"product_cat-crystal-mary","11":"product_cat-dessert-sweets","12":"product_cat-fruit-flavors","13":"product_cat-icy-mint","14":"product_cat-mesh-coil","15":"product_cat-rechargeable-disposables","16":"product_cat-vape-by-flavor-profile","17":"product_cat-vape-by-puff-count","18":"product_cat-vape-by-feature-or-type","19":"product_cat-vapes-with-screens","21":"first","22":"onbackorder","23":"shipping-taxable","24":"purchasable","25":"product-type-variable","26":"has-default-attributes"},"tiered_pricing_type":"percentage","tiered_pricing_fixed_rules":[],"tiered_pricing_product_settings":{"layout":"default","base_unit_name":{"singular":null,"plural":null},"default_variation":null},"tiered_pricing_minimum_quantity":10,"tiered_pricing_roles_data":[],"tiered_pricing_percentage_rules":{"30":"29","50":"35","100":"40","200":"44","500":"47","1000":"49"},"tiered_pricing_maximum_quantity":null,"tiered_pricing_quantity_step":"10","_links":{"self":[{"href":"https:\/\/agoravape.com\/it\/wp-json\/wp\/v2\/product\/11109","targetHints":{"allow":["GET"]}}],"collection":[{"href":"https:\/\/agoravape.com\/it\/wp-json\/wp\/v2\/product"}],"about":[{"href":"https:\/\/agoravape.com\/it\/wp-json\/wp\/v2\/types\/product"}],"replies":[{"embeddable":true,"href":"https:\/\/agoravape.com\/it\/wp-json\/wp\/v2\/comments?post=11109"}],"version-history":[{"count":0,"href":"https:\/\/agoravape.com\/it\/wp-json\/wp\/v2\/product\/11109\/revisions"}],"wp:featuredmedia":[{"embeddable":true,"href":"https:\/\/agoravape.com\/it\/wp-json\/wp\/v2\/media\/11121"}],"wp:attachment":[{"href":"https:\/\/agoravape.com\/it\/wp-json\/wp\/v2\/media?parent=11109"}],"wp:term":[{"taxonomy":"product_brand","embeddable":true,"href":"https:\/\/agoravape.com\/it\/wp-json\/wp\/v2\/product_brand?post=11109"},{"taxonomy":"product_cat","embeddable":true,"href":"https:\/\/agoravape.com\/it\/wp-json\/wp\/v2\/product_cat?post=11109"},{"taxonomy":"product_tag","embeddable":true,"href":"https:\/\/agoravape.com\/it\/wp-json\/wp\/v2\/product_tag?post=11109"}],"curies":[{"name":"wp","href":"https:\/\/api.w.org\/{rel}","templated":true}]}}