{"id":11146,"date":"2025-10-05T10:23:12","date_gmt":"2025-10-05T02:23:12","guid":{"rendered":"https:\/\/green-grasshopper-921422.hostingersite.com\/?post_type=product&#038;p=11146"},"modified":"2026-01-19T22:09:13","modified_gmt":"2026-01-19T14:09:13","slug":"crystal-mary-pulsex-20mg-20000-boccate-vape","status":"publish","type":"product","link":"https:\/\/agoravape.com\/it\/product\/crystal-mary-pulsex-20mg-20000-puffs-vape\/","title":{"rendered":"Crystal Mary PulsEX 20000 puff 20 mg nicotina vape | Grande capacit\u00e0, gusto costante"},"content":{"rendered":"<h2 data-v-md-heading=\"what-is-the-charm-of-crystal-mary-pulsex-20000-pack-20mg-nicotine-e-cigarette\" data-v-md-line=\"3\">Qual \u00e8 il fascino della confezione da 20000 di Crystal Mary Pulsex da 20 mg di nicotina per sigaretta elettronica?<\/h2>\n<p data-v-md-line=\"4\">Se sei stanco delle sigarette elettroniche usa e getta che finiscono subito, questo prodotto cambier\u00e0 tutto. Crystal Mary PulsEX ha una capacit\u00e0 fino a 20.000 tiri e un contenuto di nicotina di 20 milligrammi per un'esperienza fluida. \u00c8 facile da usare e non richiede alcuno sforzo.<\/p>\n<p data-v-md-line=\"6\">Se desideri uno svapo morbido e duraturo, senza doverti preoccupare di coil o impostazioni, questo prodotto \u00e8 la scelta ideale. Con cos\u00ec tanti tiri, il sapore si indebolisce inevitabilmente, ma la doppia coil a rete riesce a mantenere la stabilit\u00e0 dal primo all'ultimo tiro.<\/p>\n<h2 data-v-md-heading=\"excellent-performance-easy-and-convenient\" data-v-md-line=\"8\">Prestazioni eccellenti, facile e conveniente<\/h2>\n<p data-v-md-line=\"9\">Internamente, le bobine a doppia maglia garantiscono un riscaldamento rapido e uniforme, garantendo che ogni boccone sia puro come il primo assaggio. Quando la batteria \u00e8 scarica, non \u00e8 necessario gettarla via. Basta collegare l'alimentatore. La porta Type-C utilizza lo stesso cavo della maggior parte degli smartphone, rendendola pi\u00f9 comoda da usare.<\/p>\n<h2 data-v-md-heading=\"specification-introduction\" data-v-md-line=\"11\">Introduzione alle specifiche<\/h2>\n<ul data-v-md-line=\"12\">\n<li>Suction frequency: up to 20000 times<\/li>\n<li>Nicotina: 20 mg (sale di nicotina)<\/li>\n<li>Capacit\u00e0 del liquido elettronico: 18 millilitri<\/li>\n<li>Nucleo di atomizzazione: doppia maglia<\/li>\n<li>Batteria: batteria ricaricabile da 820 mAh<\/li>\n<li>Working principle: Activate with just one puff<\/li>\n<li>Charging: Standard Type-C USB interface<\/li>\n<li>Stato: pronto all'uso dopo l'unboxing<\/li>\n<\/ul>\n<h2 data-v-md-heading=\"full-range-of-flavors\" data-v-md-line=\"21\">Full range of flavors<\/h2>\n<ul data-v-md-line=\"22\">\n<li>Gusto mirtillo e lampone aspro<\/li>\n<li>Strano sapore di frutta alla fragola<\/li>\n<li>Gusto frullato all'ananas<\/li>\n<li>Mirtilli, lamponi, aroma di limone<\/li>\n<li>Gusto frullato all'anguria<\/li>\n<li>Kiwi, passion fruit, guava flavor<\/li>\n<li>Gusto frullato alla pesca<\/li>\n<li>Gusto frullato di mirtilli<\/li>\n<li>Gusto Zucchero Arcobaleno<\/li>\n<li>frullato di banana<\/li>\n<\/ul>\n<h2 data-v-md-heading=\"to-create-for-you-and-your-business\" data-v-md-line=\"33\">Per creare per te e per la tua attivit\u00e0<\/h2>\n<p data-v-md-line=\"34\">Puoi acquistarne uno per l'uso quotidiano o riempire i tuoi scaffali con i prodotti pi\u00f9 venduti. Offriamo confezioni all'ingrosso da 5 pezzi per ogni gusto, permettendoti di creare facilmente una collezione equilibrata senza spendere troppo.<\/p>\n<p data-v-md-line=\"36\">Collaboriamo con partner affidabili come UPS, DPD e DHL per fornire servizi di consegna DDP, risparmiandoti le complicazioni delle procedure doganali ed evitando incidenti all'arrivo. A causa delle normative locali, la situazione delle forniture pu\u00f2 variare a seconda del Paese\/regione, pertanto ti preghiamo di verificare le normative locali prima di effettuare un ordine.<\/p>\n<h2 data-v-md-heading=\"why-do-you-like-it\" data-v-md-line=\"38\">Perch\u00e9 ti piace?<\/h2>\n<ul data-v-md-line=\"39\">\n<li>Grande capacit\u00e0 di aspirazione: durevole e duraturo, non necessita di sostituzioni frequenti.<\/li>\n<li>20 mg di nicotina: la concentrazione dell'intera gamma di e-liquidi \u00e8 uniforme.<\/li>\n<li>Ricaricabile: per utilizzare tutti i liquidi elettronici \u00e8 necessario pagare una sola volta.<\/li>\n<li>Bobina a rete: pu\u00f2 offrire un gusto stabile e ricco ogni volta.<\/li>\n<li>Ricarica di tipo C: utilizza un cavo normale per una ricarica rapida.<\/li>\n<\/ul>\n<h2 data-v-md-heading=\"why-choose-to-collaborate-with-agoravape\" data-v-md-line=\"45\">Perch\u00e9 scegliere di collaborare con AgoraVape?<\/h2>\n<p data-v-md-line=\"46\">Vendiamo solo prodotti originali al 100% e non abbiamo dubbi. In qualit\u00e0 di uno dei distributori di sigarette elettroniche pi\u00f9 affidabili in Europa, puoi usufruire di prezzi all'ingrosso scontati, assistenza reattiva e servizi di consegna rapidi con consegna a domicilio per Crystal Mary PulsEX 20.000 boccate da 20 mg di nicotina. Contattaci per scoprire come rifornire i tuoi clienti di un dispositivo che vale la pena riutilizzare.<\/p>\n<p><img loading=\"lazy\" decoding=\"async\" class=\"aligncenter size-full wp-image-11170\" src=\"https:\/\/agoravape.com\/wp-content\/uploads\/2025\/10\/crystal-mary-vape.webp\" alt=\"\" width=\"1400\" height=\"650\" srcset=\"https:\/\/agoravape.com\/wp-content\/uploads\/2025\/10\/crystal-mary-vape.webp 1400w, https:\/\/agoravape.com\/wp-content\/uploads\/2025\/10\/crystal-mary-vape-1200x557.webp 1200w, https:\/\/agoravape.com\/wp-content\/uploads\/2025\/10\/crystal-mary-vape-300x139.webp 300w, https:\/\/agoravape.com\/wp-content\/uploads\/2025\/10\/crystal-mary-vape-1024x475.webp 1024w, https:\/\/agoravape.com\/wp-content\/uploads\/2025\/10\/crystal-mary-vape-768x357.webp 768w\" sizes=\"auto, (max-width: 1400px) 100vw, 1400px\" \/><\/p>","protected":false},"excerpt":{"rendered":"<p>Goditi fino a 20.000 boccate con Crystal Mary PulseX. Questo vaporizzatore ad alta capacit\u00e0 offre un apporto costante di 20 mg di nicotina e un sapore ricco dall'inizio alla fine, grazie alla doppia bobina a maglia. \u00c8 semplice, ricaricabile tramite Type-C e costruito per durare. Nessuna complicazione, solo un sapore che dura a lungo.<\/p>","protected":false},"featured_media":11171,"comment_status":"open","ping_status":"closed","template":"","meta":[],"product_brand":[199],"product_cat":[124,185,1636,189,126,174,175,193,191,173,180,190],"product_tag":[],"class_list":{"0":"post-11146","1":"product","2":"type-product","3":"status-publish","4":"has-post-thumbnail","6":"product_brand-crystal-mary","7":"product_cat-vape-by-brand","8":"product_cat-10000-puffs-high-capacity","9":"product_cat-20000-puffs","10":"product_cat-20mg-standard-nicotine-vapes","11":"product_cat-crystal-mary","12":"product_cat-fruit-flavors","13":"product_cat-icy-mint","14":"product_cat-mesh-coil","15":"product_cat-rechargeable-disposables","16":"product_cat-vape-by-flavor-profile","17":"product_cat-vape-by-puff-count","18":"product_cat-vape-by-feature-or-type","20":"first","21":"onbackorder","22":"shipping-taxable","23":"purchasable","24":"product-type-variable","25":"has-default-attributes"},"tiered_pricing_type":"percentage","tiered_pricing_fixed_rules":[],"tiered_pricing_product_settings":{"layout":"default","base_unit_name":{"singular":null,"plural":null},"default_variation":null},"tiered_pricing_minimum_quantity":10,"tiered_pricing_roles_data":[],"tiered_pricing_percentage_rules":{"30":"29","50":"35","100":"40","200":"44","500":"47","1000":"49"},"tiered_pricing_maximum_quantity":null,"tiered_pricing_quantity_step":"10","_links":{"self":[{"href":"https:\/\/agoravape.com\/it\/wp-json\/wp\/v2\/product\/11146","targetHints":{"allow":["GET"]}}],"collection":[{"href":"https:\/\/agoravape.com\/it\/wp-json\/wp\/v2\/product"}],"about":[{"href":"https:\/\/agoravape.com\/it\/wp-json\/wp\/v2\/types\/product"}],"replies":[{"embeddable":true,"href":"https:\/\/agoravape.com\/it\/wp-json\/wp\/v2\/comments?post=11146"}],"version-history":[{"count":0,"href":"https:\/\/agoravape.com\/it\/wp-json\/wp\/v2\/product\/11146\/revisions"}],"wp:featuredmedia":[{"embeddable":true,"href":"https:\/\/agoravape.com\/it\/wp-json\/wp\/v2\/media\/11171"}],"wp:attachment":[{"href":"https:\/\/agoravape.com\/it\/wp-json\/wp\/v2\/media?parent=11146"}],"wp:term":[{"taxonomy":"product_brand","embeddable":true,"href":"https:\/\/agoravape.com\/it\/wp-json\/wp\/v2\/product_brand?post=11146"},{"taxonomy":"product_cat","embeddable":true,"href":"https:\/\/agoravape.com\/it\/wp-json\/wp\/v2\/product_cat?post=11146"},{"taxonomy":"product_tag","embeddable":true,"href":"https:\/\/agoravape.com\/it\/wp-json\/wp\/v2\/product_tag?post=11146"}],"curies":[{"name":"wp","href":"https:\/\/api.w.org\/{rel}","templated":true}]}}