{"id":11193,"date":"2025-10-05T11:44:25","date_gmt":"2025-10-05T03:44:25","guid":{"rendered":"https:\/\/green-grasshopper-921422.hostingersite.com\/?post_type=product&#038;p=11193"},"modified":"2026-01-19T22:09:06","modified_gmt":"2026-01-19T14:09:06","slug":"crystal-mary-space-rocket-20000-soffi-vape","status":"publish","type":"product","link":"https:\/\/agoravape.com\/it\/product\/crystal-mary-space-rocket-20000-puffs-vape\/","title":{"rendered":"Crystal Mary Space Rocket Dual Mode 20000 Port Vape | Ampio numero di bocche, facile da usare"},"content":{"rendered":"<h2 data-v-md-heading=\"what-are-the-advantages-of-crystal-mary-space-rocket-dual-mode-20000-puff-vapes\" data-v-md-line=\"3\">Quali sono i vantaggi del Crystal Mary Space Rocket Dual-Mode da 20000 tiri?<\/h2>\n<p data-v-md-line=\"4\">Se sei stanco di cambiare vaporizzatore ogni pochi giorni, questo prodotto ti semplificher\u00e0 la vita. Il vaporizzatore spaziale Crystal Mary ha una durata ultra lunga e pu\u00f2 passare liberamente dalla modalit\u00e0 normale a quella avanzata. La modalit\u00e0 normale \u00e8 stata ottimizzata per una maggiore durata della batteria. La modalit\u00e0 avanzata ha un impatto maggiore, ma consuma pi\u00f9 fumo.<\/p>\n<p data-v-md-line=\"6\">\u00c8 adatto a chiunque desideri un gusto ricco senza sforzi. Non hai bisogno di un menu o di impostazioni complicate. Scegli la tua modalit\u00e0 e gustalo al meglio. Ecco fatto.<\/p>\n<h2 data-v-md-heading=\"excellent-performance-easy-and-convenient\" data-v-md-line=\"8\">Prestazioni eccellenti, facile e conveniente<\/h2>\n<p data-v-md-line=\"9\">Design a doppia maglia, facile da gestire. Le coil da 0,4 \u03a9 e 0,8 \u03a9 lavorano insieme per garantire un gusto puro e costante dall'inizio alla fine. La batteria si scarica pi\u00f9 lentamente e il fumo \u00e8 pi\u00f9 morbido. Quando la batteria \u00e8 scarica, \u00e8 possibile utilizzare l'interfaccia Type-C per caricarla. Lo stesso cavo utilizzato sul telefono. Facile da usare.<\/p>\n<h2 data-v-md-heading=\"specification-introduction\" data-v-md-line=\"11\">Introduzione alle specifiche<\/h2>\n<ul data-v-md-line=\"12\">\n<li>Frequenza di aspirazione: fino a 20000 volte in modalit\u00e0 normale e fino a 12000 volte in modalit\u00e0 avanzata<\/li>\n<li>E-liquid capacity: 25 milliliters<\/li>\n<li>Nucleo di atomizzazione: doppia maglia 0,4 \u03a9+0,8 \u03a9<\/li>\n<li>Batteria: batteria ricaricabile da 650 mAh<\/li>\n<li>Nicotina: il produttore non ha specificato la concentrazione. Si prega di controllare le opzioni del prodotto o di consultare il nostro team per la situazione attuale delle scorte.<\/li>\n<li>Principio di funzionamento: dispositivo a doppia modalit\u00e0. Basta cambiare modalit\u00e0 senza impostazioni complesse per iniziare a utilizzare<\/li>\n<li>Charging: Standard Type-C USB interface<\/li>\n<li>Stato: pronto all'uso appena estratto dalla confezione<\/li>\n<\/ul>\n<h2 data-v-md-heading=\"full-range-of-flavors\" data-v-md-line=\"21\">Full range of flavors<\/h2>\n<ul data-v-md-line=\"22\">\n<li>Gusto mirtillo e lampone aspro<\/li>\n<li>Strano sapore di frutta alla fragola<\/li>\n<li>frullato di ananas<\/li>\n<li>Mirtilli, lamponi, aroma di limone<\/li>\n<li>Watermelon smoothie<\/li>\n<li>Kiwi, passion fruit, guava flavor<\/li>\n<li>Peach smoothie<\/li>\n<li>Blueberry smoothie<\/li>\n<li>Gusto Zucchero Arcobaleno<\/li>\n<li>frullato di banana<\/li>\n<\/ul>\n<h2 data-v-md-heading=\"for-you-and-for-your-business-as-well\" data-v-md-line=\"33\">Per te e anche per la tua attivit\u00e0<\/h2>\n<p data-v-md-line=\"34\">Puoi acquistarne uno per te o farne scorta per il tuo negozio. Crystal Mary Space Rocket offre ordini all'ingrosso di confezioni da 10 unit\u00e0 per ogni gusto. Facile da mettere in vendita.<\/p>\n<p data-v-md-line=\"36\">Collaboriamo con partner affidabili come UPS, DPD e DHL per fornire servizi di consegna DDP, in modo che le tariffe possano essere elaborate in anticipo. La dogana non subir\u00e0 alcun incidente, n\u00e9 si verificheranno ritardi che non potrete spiegare ai clienti.<\/p>\n<h2 data-v-md-heading=\"why-do-you-like-it\" data-v-md-line=\"38\">Perch\u00e9 ti piace?<\/h2>\n<ul data-v-md-line=\"39\">\n<li>Big Mouth Count: scegli un dispositivo durevole e duraturo per rendere il tuo consumo pi\u00f9 senza preoccupazioni<\/li>\n<li>Selezione di nicotina: diversi mercati offrono diverse scelte e puoi scegliere quella pi\u00f9 adatta a te<\/li>\n<li>Ricaricabile: l'interfaccia di tipo C consente di utilizzarlo fino all'esaurimento dell'e-liquid<\/li>\n<li>Bobina a rete: le bobine a doppia rete garantiscono un gusto stabile e un'aspirazione fluida<\/li>\n<\/ul>\n<h2 data-v-md-heading=\"why-choose-to-collaborate-with-agoravape\" data-v-md-line=\"44\">Perch\u00e9 scegliere di collaborare con AgoraVape?<\/h2>\n<p data-v-md-line=\"45\">Offriamo solo prodotti genuini al 100% e ne siamo fermamente convinti. Gli acquirenti all'ingrosso che acquistano le sigarette elettroniche Crystal Mary Space Rocket dual-mode da 20.000 confezioni possono usufruire di sconti, assistenza rapida e servizi di consegna DDP rapidi in tutta Europa. Contattaci e crea un prodotto di successo che far\u00e0 tornare i tuoi clienti.<\/p>\n<p data-v-md-line=\"45\"><img loading=\"lazy\" decoding=\"async\" class=\"aligncenter size-full wp-image-11226\" src=\"https:\/\/agoravape.com\/wp-content\/uploads\/2025\/10\/CM-Space-Rocket-vape.webp\" alt=\"\" width=\"1400\" height=\"813\" srcset=\"https:\/\/agoravape.com\/wp-content\/uploads\/2025\/10\/CM-Space-Rocket-vape.webp 1400w, https:\/\/agoravape.com\/wp-content\/uploads\/2025\/10\/CM-Space-Rocket-vape-1200x697.webp 1200w, https:\/\/agoravape.com\/wp-content\/uploads\/2025\/10\/CM-Space-Rocket-vape-300x174.webp 300w, https:\/\/agoravape.com\/wp-content\/uploads\/2025\/10\/CM-Space-Rocket-vape-1024x595.webp 1024w, https:\/\/agoravape.com\/wp-content\/uploads\/2025\/10\/CM-Space-Rocket-vape-768x446.webp 768w\" sizes=\"auto, (max-width: 1400px) 100vw, 1400px\" \/><\/p>","protected":false},"excerpt":{"rendered":"<p>Stanchi di scambiare i vaporizzatori? Il Crystal Mary Space Rocket offre fino a 20.000 boccate. Passate dalla modalit\u00e0 Regular a lunga durata alla modalit\u00e0 Boost. Le bobine a doppia maglia garantiscono un sapore puro e costante. Semplice, potente e ricaricabile con tecnologia Type-C per un'esperienza che dura nel tempo.<\/p>","protected":false},"featured_media":11216,"comment_status":"open","ping_status":"closed","template":"","meta":[],"product_brand":[199],"product_cat":[124,185,1636,126,174,175,193,191,173,186,180,190],"product_tag":[],"class_list":{"0":"post-11193","1":"product","2":"type-product","3":"status-publish","4":"has-post-thumbnail","6":"product_brand-crystal-mary","7":"product_cat-vape-by-brand","8":"product_cat-10000-puffs-high-capacity","9":"product_cat-20000-puffs","10":"product_cat-crystal-mary","11":"product_cat-fruit-flavors","12":"product_cat-icy-mint","13":"product_cat-mesh-coil","14":"product_cat-rechargeable-disposables","15":"product_cat-vape-by-flavor-profile","16":"product_cat-vape-by-nicotine-strength","17":"product_cat-vape-by-puff-count","18":"product_cat-vape-by-feature-or-type","20":"first","21":"onbackorder","22":"shipping-taxable","23":"purchasable","24":"product-type-variable","25":"has-default-attributes"},"tiered_pricing_type":"percentage","tiered_pricing_fixed_rules":[],"tiered_pricing_product_settings":{"layout":"default","base_unit_name":{"singular":null,"plural":null},"default_variation":null},"tiered_pricing_minimum_quantity":10,"tiered_pricing_roles_data":[],"tiered_pricing_percentage_rules":{"30":"29","50":"35","100":"40","200":"44","500":"47","1000":"49"},"tiered_pricing_maximum_quantity":null,"tiered_pricing_quantity_step":"10","_links":{"self":[{"href":"https:\/\/agoravape.com\/it\/wp-json\/wp\/v2\/product\/11193","targetHints":{"allow":["GET"]}}],"collection":[{"href":"https:\/\/agoravape.com\/it\/wp-json\/wp\/v2\/product"}],"about":[{"href":"https:\/\/agoravape.com\/it\/wp-json\/wp\/v2\/types\/product"}],"replies":[{"embeddable":true,"href":"https:\/\/agoravape.com\/it\/wp-json\/wp\/v2\/comments?post=11193"}],"version-history":[{"count":0,"href":"https:\/\/agoravape.com\/it\/wp-json\/wp\/v2\/product\/11193\/revisions"}],"wp:featuredmedia":[{"embeddable":true,"href":"https:\/\/agoravape.com\/it\/wp-json\/wp\/v2\/media\/11216"}],"wp:attachment":[{"href":"https:\/\/agoravape.com\/it\/wp-json\/wp\/v2\/media?parent=11193"}],"wp:term":[{"taxonomy":"product_brand","embeddable":true,"href":"https:\/\/agoravape.com\/it\/wp-json\/wp\/v2\/product_brand?post=11193"},{"taxonomy":"product_cat","embeddable":true,"href":"https:\/\/agoravape.com\/it\/wp-json\/wp\/v2\/product_cat?post=11193"},{"taxonomy":"product_tag","embeddable":true,"href":"https:\/\/agoravape.com\/it\/wp-json\/wp\/v2\/product_tag?post=11193"}],"curies":[{"name":"wp","href":"https:\/\/api.w.org\/{rel}","templated":true}]}}