{"id":11238,"date":"2025-10-05T15:16:19","date_gmt":"2025-10-05T07:16:19","guid":{"rendered":"https:\/\/green-grasshopper-921422.hostingersite.com\/?post_type=product&#038;p=11238"},"modified":"2026-01-19T22:09:01","modified_gmt":"2026-01-19T14:09:01","slug":"bood-infinity-30000-soffi-vape","status":"publish","type":"product","link":"https:\/\/agoravape.com\/it\/product\/bood-infinity-30000-puffs-vape\/","title":{"rendered":"Bood Infinity 30000 sigaretta elettronica usa e getta a doppia rete | Gusto duraturo, non c'\u00e8 bisogno di preoccuparsi"},"content":{"rendered":"<h2 data-v-md-heading=\"so-what-is-the-special-feature-of-bood-infinity-s-30000-port-dual-network-disposable-vape\" data-v-md-line=\"3\">Qual \u00e8 la caratteristica speciale della sigaretta elettronica usa e getta a doppia rete da 30000 porte di Bood Infinity?<\/h2>\n<p data-v-md-line=\"4\">Se sei stanco di sostituire le tue sigarette elettroniche usa e getta ogni pochi giorni, questo prodotto ti semplificher\u00e0 la vita. Bood Infinity \u00e8 progettato per un uso a lungo termine e pu\u00f2 resistere fino a 30.000 tiri, permettendoti di mantenere un gusto stabile per settimane senza dover sostituire frequentemente la tua sigaretta elettronica.<\/p>\n<p data-v-md-line=\"6\">\u00c8 adatto a chiunque desideri uno svapo affidabile e duraturo. Non c'\u00e8 bisogno di menu, n\u00e9 di pulsanti ingombranti. Scegli l'aroma e la concentrazione, poi inala. Semplice e facile da usare.<\/p>\n<h2 data-v-md-heading=\"excellent-performance-no-need-for-complex-operations\" data-v-md-line=\"8\">Prestazioni eccellenti, nessuna necessit\u00e0 di operazioni complesse<\/h2>\n<p data-v-md-line=\"9\">La coil a doppia maglia svolge il compito principale. Si riscalda in modo uniforme, quindi ogni boccone \u00e8 delizioso come il primo e rimane sempre uniforme. La batteria da 650 mAh \u00e8 progettata per un uso continuo, garantendo un utilizzo fluido e senza ostacoli ogni volta.<\/p>\n<h2 data-v-md-heading=\"specification-overview\" data-v-md-line=\"11\">Panoramica delle specifiche<\/h2>\n<ul data-v-md-line=\"12\">\n<li>Suction frequency: up to 30000 times<\/li>\n<li>Contenuto di nicotina: 0%, 2% e 5%<\/li>\n<li>Principio di funzionamento: Attivato tramite inalazione<\/li>\n<li>Metodo di ricarica: non specificato dal produttore<\/li>\n<li>Stato: pronto all'uso dopo l'unboxing<\/li>\n<\/ul>\n<h2 data-v-md-heading=\"complete-flavor-series\" data-v-md-line=\"18\">Serie completa di sapori<\/h2>\n<ul data-v-md-line=\"19\">\n<li>Strawberry and watermelon flavor<\/li>\n<li>Gusto pesca, mango, ananas<\/li>\n<li>Gusto anguria e menta<\/li>\n<li>Le bacche hanno un sapore forte ed esplosivo<\/li>\n<li>Strano sapore di frutta alla fragola<\/li>\n<li>sapore hawaiano<\/li>\n<li>Gusto frullato di mirtilli<\/li>\n<li>Gusto acqua al mirtillo e limone<\/li>\n<li>Gusto ghiaccio nero<\/li>\n<li>Gusto Tiffany<\/li>\n<\/ul>\n<h2 data-v-md-heading=\"to-create-for-you-and-your-business\" data-v-md-line=\"30\">Per creare per te e per la tua attivit\u00e0<\/h2>\n<p data-v-md-line=\"31\">Se vuoi solo acquistare <a class=\"wpil_keyword_link\" title=\"MESSAGGIO\" href=\"https:\/\/agoravape.com\/it\/marchio\/bood\/\" data-wpil-keyword-link=\"linked\" data-wpil-monitor-id=\"104\">Messaggio<\/a> Infinity 30000 sigarette elettroniche usa e getta a doppia rete, acquistabili separatamente. Se gestisci un negozio fisico o online, puoi acquistare all'ingrosso 200 scatole di cartone, il che pu\u00f2 garantire che gli scaffali siano sempre pieni e i clienti soddisfatti.<\/p>\n<p data-v-md-line=\"33\">Collaboriamo con partner fidati come UPS, DPD e DHL per fornire servizi di consegna DDP in tutta Europa, in modo che le procedure doganali possano essere elaborate in anticipo e non si verifichino consegne impreviste dei pacchi.<\/p>\n<h2 data-v-md-heading=\"why-do-you-like-it\" data-v-md-line=\"35\">Perch\u00e9 ti piace?<\/h2>\n<ul data-v-md-line=\"36\">\n<li>Pi\u00f9 tiri: durevoli e duraturi, non c'\u00e8 bisogno di acquistare frequentemente nuovi vaporizzatori<\/li>\n<li>Selezione della nicotina: scegli la concentrazione di nicotina pi\u00f9 adatta alle tue abitudini quotidiane<\/li>\n<li>Attivazione dell'inalazione: non sono necessari pulsanti, facile da usare<\/li>\n<li>Bobine a doppia maglia: gusto costante, aspirazione fluida ogni volta<\/li>\n<\/ul>\n<h2 data-v-md-heading=\"why-choose-agoravape\" data-v-md-line=\"41\">Perch\u00e9 scegliere AgoraVape?<\/h2>\n<p data-v-md-line=\"42\">In qualit\u00e0 di uno dei distributori di sigarette elettroniche pi\u00f9 affidabili in Europa, offriamo solo prodotti originali al 100%. Se sei un acquirente aziendale, riceverai prezzi all'ingrosso scontati, un supporto affidabile e un servizio di consegna rapido e affidabile per le sigarette elettroniche usa e getta Bood Infinity 30000 a doppia mesh. Contattaci per prenotare le attrezzature che i tuoi clienti acquisteranno di nuovo.<\/p>","protected":false},"excerpt":{"rendered":"<p>Goditi settimane di gusto costante con la sigaretta elettronica Bood Infinity. La sua doppia bobina mesh offre fino a 30.000 boccate dal gusto uniforme. Con la semplice attivazione tramite inalazione e le opzioni di nicotina 0%, 2% e 5%, \u00e8 la sigaretta usa e getta definitiva, a lunga durata e senza complicazioni.<\/p>","protected":false},"featured_media":11262,"comment_status":"open","ping_status":"closed","template":"","meta":[],"product_brand":[200],"product_cat":[124,187,185,189,1637,127,174,175,193,191,173,186,180,190],"product_tag":[],"class_list":{"0":"post-11238","1":"product","2":"type-product","3":"status-publish","4":"has-post-thumbnail","6":"product_brand-bood","7":"product_cat-vape-by-brand","8":"product_cat-0mg-nicotine-free-vapes","9":"product_cat-10000-puffs-high-capacity","10":"product_cat-20mg-standard-nicotine-vapes","11":"product_cat-30000-puffs","12":"product_cat-bood","13":"product_cat-fruit-flavors","14":"product_cat-icy-mint","15":"product_cat-mesh-coil","16":"product_cat-rechargeable-disposables","17":"product_cat-vape-by-flavor-profile","18":"product_cat-vape-by-nicotine-strength","19":"product_cat-vape-by-puff-count","20":"product_cat-vape-by-feature-or-type","22":"first","23":"onbackorder","24":"shipping-taxable","25":"purchasable","26":"product-type-variable","27":"has-default-attributes"},"tiered_pricing_type":"percentage","tiered_pricing_fixed_rules":[],"tiered_pricing_product_settings":{"layout":"default","base_unit_name":{"singular":null,"plural":null},"default_variation":null},"tiered_pricing_minimum_quantity":10,"tiered_pricing_roles_data":[],"tiered_pricing_percentage_rules":{"100":"40","200":"44","500":"47","1000":"49"},"tiered_pricing_maximum_quantity":null,"tiered_pricing_quantity_step":"10","_links":{"self":[{"href":"https:\/\/agoravape.com\/it\/wp-json\/wp\/v2\/product\/11238","targetHints":{"allow":["GET"]}}],"collection":[{"href":"https:\/\/agoravape.com\/it\/wp-json\/wp\/v2\/product"}],"about":[{"href":"https:\/\/agoravape.com\/it\/wp-json\/wp\/v2\/types\/product"}],"replies":[{"embeddable":true,"href":"https:\/\/agoravape.com\/it\/wp-json\/wp\/v2\/comments?post=11238"}],"version-history":[{"count":0,"href":"https:\/\/agoravape.com\/it\/wp-json\/wp\/v2\/product\/11238\/revisions"}],"wp:featuredmedia":[{"embeddable":true,"href":"https:\/\/agoravape.com\/it\/wp-json\/wp\/v2\/media\/11262"}],"wp:attachment":[{"href":"https:\/\/agoravape.com\/it\/wp-json\/wp\/v2\/media?parent=11238"}],"wp:term":[{"taxonomy":"product_brand","embeddable":true,"href":"https:\/\/agoravape.com\/it\/wp-json\/wp\/v2\/product_brand?post=11238"},{"taxonomy":"product_cat","embeddable":true,"href":"https:\/\/agoravape.com\/it\/wp-json\/wp\/v2\/product_cat?post=11238"},{"taxonomy":"product_tag","embeddable":true,"href":"https:\/\/agoravape.com\/it\/wp-json\/wp\/v2\/product_tag?post=11238"}],"curies":[{"name":"wp","href":"https:\/\/api.w.org\/{rel}","templated":true}]}}