{"id":11401,"date":"2025-10-07T09:39:46","date_gmt":"2025-10-07T01:39:46","guid":{"rendered":"https:\/\/green-grasshopper-921422.hostingersite.com\/?post_type=product&#038;p=11401"},"modified":"2026-02-14T17:27:40","modified_gmt":"2026-02-14T16:27:40","slug":"scatola-digitale-randm-fumot-12000-soffi","status":"publish","type":"product","link":"https:\/\/agoravape.com\/it\/product\/randm-fumot-digital-box-12000-puffs\/","title":{"rendered":"RandM Fumot Digital Box 12000 Puff Vape | Grande conteggio dei tiri con comodo display digitale"},"content":{"rendered":"<h2 data-v-md-heading=\"what-is-the-randm-fumot-digital-box-12000-puff-vape\" data-v-md-line=\"3\">Che cos'\u00e8 la RandM Fumot Digital Box 12000 Puff Vape?<\/h2>\n<p data-v-md-line=\"4\">Se siete stanchi di consumare troppo presto gli articoli usa e getta, continuate a farlo. La scatola digitale RandM Fumot fornisce fino a 12000 boccate e visualizza il livello della batteria e del liquido elettronico su un chiaro schermo digitale. Nessuna speculazione, nessuna sorpresa.<\/p>\n<p data-v-md-line=\"6\">Se si desidera una svapata semplice, duratura, deliziosa ed efficace, questa \u00e8 l'ideale. Si inalano i vapori. Quando la batteria \u00e8 scarica, \u00e8 possibile ricaricarla. \u00e8 tutto.<\/p>\n<h2 data-v-md-heading=\"excellent-performance-without-any-complications\" data-v-md-line=\"8\">Prestazioni eccellenti senza complicazioni<\/h2>\n<p data-v-md-line=\"9\">All'interno \u00e8 presente una serpentina con maglia da 0,8 \u03a9 per mantenere un gusto costante dall'inizio alla fine. Questo quadro \u00e8 molto liscio al tatto e il vapore ha un corpo solido che non diventa ruvido. Quando la batteria deve essere ricaricata, \u00e8 possibile utilizzare il cavo Type-C per la ricarica. Si tratta del cavo utilizzato dalla maggior parte dei telefoni cellulari, quindi non \u00e8 necessario cercare indizi particolari. Il display digitale mostra il livello della batteria e il livello del liquido elettronico, semplificando l'uso quotidiano.<\/p>\n<h2 data-v-md-heading=\"quick-specifications\" data-v-md-line=\"11\">Specifiche rapide<\/h2>\n<p data-v-md-line=\"12\"><strong>Quantit\u00e0 di soffi:<\/strong>\u00a0Massimo 12000 soffi<br \/>\n<strong>Nicotina:<\/strong>\u00a0Disponibile nelle versioni 0%, 2%, 3% e 5%.<br \/>\n<strong>Principio di funzionamento:<\/strong>\u00a0Basta inalare per attivare<br \/>\n<strong>Ricarica:<\/strong>\u00a0Porta USB standard Tipo-C<br \/>\n<strong>Status:<\/strong>\u00a0Ready to use out of the box<\/p>\n<h2 data-v-md-heading=\"full-flavor-lineup\" data-v-md-line=\"18\">Gamma completa di sapori<\/h2>\n<ul data-v-md-line=\"19\">\n<li>Menta fresca<\/li>\n<li>Ghiaccio all'anguria<\/li>\n<li>Ghiaccio all'uva<\/li>\n<li>Mirtilli e lamponi<\/li>\n<li>Strawberry watermelon<\/li>\n<li>Strawberry and Banana<\/li>\n<li>Ghiaccio al mango<\/li>\n<li>Frutti di bosco misti<\/li>\n<li>Cherry Cola<\/li>\n<li>Kiwi e guava<\/li>\n<li>Inoltre, sono disponibili altri 49 gusti di prodotti<\/li>\n<\/ul>\n<h2 data-v-md-heading=\"for-you-and-your-business\" data-v-md-line=\"31\">For you and your business<\/h2>\n<p data-v-md-line=\"32\">Puoi scegliere <a class=\"wpil_keyword_link\" title=\"RandM\" href=\"https:\/\/agoravape.com\/it\/svapare-per-marca\/randm\/\" data-wpil-keyword-link=\"linked\" data-wpil-monitor-id=\"101\">RandM<\/a> Fumot Digital Box 12000 Bubble Smoke per uso personale o da conservare nel tuo negozio. Sono disponibili 200 scatole di cartone all'ingrosso, il che semplifica il rifornimento. Spediamo all'interno dell'UE tramite DDP con partner affidabili come UPS, DPD e DHL, quindi le tariffe sono pre-elaborate e non ci saranno spiacevoli sorprese alla dogana.<\/p>\n<p data-v-md-line=\"34\">Se vendete in paesi diversi, dovete verificare le normative locali relative alla concentrazione di nicotina e alle forme monouso. Il nostro team pu\u00f2 consigliarvi i prodotti pi\u00f9 venduti e le opzioni di conformit\u00e0.<\/p>\n<h2 data-v-md-heading=\"why-do-you-like-it\" data-v-md-line=\"36\">Perch\u00e9 ti piace?<\/h2>\n<p data-v-md-line=\"37\"><strong>Un sacco di sbuffi:<\/strong>\u00a0Durano pi\u00f9 a lungo, quindi non ne comprerete spesso di nuovi.<br \/>\n<strong>Selezione della nicotina:<\/strong>\u00a0Scegliere l'intensit\u00e0 appropriata per l'uso dei vapers.<br \/>\n<strong>Ricaricabile:<\/strong>\u00a0\u00c8 possibile utilizzare tutti gli e-liquid pagati invece di riempire mezza lattina.<br \/>\n<strong>Mesh coil:<\/strong>\u00a0Il gusto di ogni sigaretta \u00e8 pulito e costante, non solo le prime.<br \/>\n<strong>Display digitale:<\/strong>\u00a0I livelli della batteria e dei fluidi elettronici sono facilmente visibili a colpo d'occhio, il che aiuta a pianificare la giornata di lavoro.<br \/>\n<strong>Carica di tipo C:<\/strong>\u00a0Un solo cavo, per semplificare la vita.<br \/>\n<strong>Nessuna lotteria di pulsanti:<\/strong>\u00a0Attivazione in inspirazione per iniziare.<\/p>\n<h2 data-v-md-heading=\"why-choose-to-collaborate-with-agoravape\" data-v-md-line=\"45\">Perch\u00e9 scegliere di collaborare con AgoraVape?<\/h2>\n<p data-v-md-line=\"46\">Vendiamo solo materiale originale 100% e lo sosteniamo. Per i nostri clienti commerciali, offriamo prezzi scontati all'ingrosso, supporto reattivo e spedizione rapida EU DDP per RandM Fumot Digital Box 12000 Puffs Vape. Contattateci per acquistare un prodotto monouso affidabile ad alto contenuto di fumo per i vostri clienti.<\/p>","protected":false},"excerpt":{"rendered":"<p>Enjoy up to 12,000 puffs with the RandM Fumot Digital Box. Its clear digital display shows e-liquid and battery levels\u2014no more guesswork. A mesh coil ensures consistent flavor from start to finish, and it\u2019s easily rechargeable with a standard Type-C cable. Simple, long-lasting, and reliable.<\/p>","protected":false},"featured_media":11541,"comment_status":"open","ping_status":"closed","template":"","meta":[],"product_brand":[201],"product_cat":[124,187,185,1634,189,176,177,1674,174,175,193,128,191,178,179,173,186,180,190,192],"product_tag":[],"class_list":{"0":"post-11401","1":"product","2":"type-product","3":"status-publish","4":"has-post-thumbnail","6":"product_brand-randm","7":"product_cat-vape-by-brand","8":"product_cat-0mg-nicotine-free-vapes","9":"product_cat-10000-puffs-high-capacity","10":"product_cat-12000-puffs","11":"product_cat-20mg-standard-nicotine-vapes","12":"product_cat-beverage","13":"product_cat-dessert-sweets","14":"product_cat-eu-warehouse","15":"product_cat-fruit-flavors","16":"product_cat-icy-mint","17":"product_cat-mesh-coil","18":"product_cat-randm","19":"product_cat-rechargeable-disposables","20":"product_cat-tobacco","21":"product_cat-unique-blends","22":"product_cat-vape-by-flavor-profile","23":"product_cat-vape-by-nicotine-strength","24":"product_cat-vape-by-puff-count","25":"product_cat-vape-by-feature-or-type","26":"product_cat-vapes-with-screens","28":"first","29":"instock","30":"shipping-taxable","31":"purchasable","32":"product-type-variable","33":"has-default-attributes"},"tiered_pricing_type":"percentage","tiered_pricing_fixed_rules":[],"tiered_pricing_product_settings":{"layout":"default","base_unit_name":{"singular":null,"plural":null},"default_variation":null},"tiered_pricing_minimum_quantity":10,"tiered_pricing_roles_data":[],"tiered_pricing_percentage_rules":{"30":"29","50":"35","100":"40","200":"44","500":"47","1000":"49"},"tiered_pricing_maximum_quantity":null,"tiered_pricing_quantity_step":"10","_links":{"self":[{"href":"https:\/\/agoravape.com\/it\/wp-json\/wp\/v2\/product\/11401","targetHints":{"allow":["GET"]}}],"collection":[{"href":"https:\/\/agoravape.com\/it\/wp-json\/wp\/v2\/product"}],"about":[{"href":"https:\/\/agoravape.com\/it\/wp-json\/wp\/v2\/types\/product"}],"replies":[{"embeddable":true,"href":"https:\/\/agoravape.com\/it\/wp-json\/wp\/v2\/comments?post=11401"}],"version-history":[{"count":0,"href":"https:\/\/agoravape.com\/it\/wp-json\/wp\/v2\/product\/11401\/revisions"}],"wp:featuredmedia":[{"embeddable":true,"href":"https:\/\/agoravape.com\/it\/wp-json\/wp\/v2\/media\/11541"}],"wp:attachment":[{"href":"https:\/\/agoravape.com\/it\/wp-json\/wp\/v2\/media?parent=11401"}],"wp:term":[{"taxonomy":"product_brand","embeddable":true,"href":"https:\/\/agoravape.com\/it\/wp-json\/wp\/v2\/product_brand?post=11401"},{"taxonomy":"product_cat","embeddable":true,"href":"https:\/\/agoravape.com\/it\/wp-json\/wp\/v2\/product_cat?post=11401"},{"taxonomy":"product_tag","embeddable":true,"href":"https:\/\/agoravape.com\/it\/wp-json\/wp\/v2\/product_tag?post=11401"}],"curies":[{"name":"wp","href":"https:\/\/api.w.org\/{rel}","templated":true}]}}