{"id":11810,"date":"2025-10-08T14:00:13","date_gmt":"2025-10-08T06:00:13","guid":{"rendered":"https:\/\/green-grasshopper-921422.hostingersite.com\/?post_type=product&#038;p=11810"},"modified":"2026-03-26T13:22:37","modified_gmt":"2026-03-26T12:22:37","slug":"mrvi-growing-60k-3in1-spin-vape","status":"publish","type":"product","link":"https:\/\/agoravape.com\/it\/product\/mrvi-growing-60k-3in1-spin-vape\/","title":{"rendered":"MRVI Growing 60K aspirazione tre in uno vaporizzatore rotante per aromi | Tre aromi, pronti all'uso in qualsiasi momento, resistentissimi"},"content":{"rendered":"<p><img loading=\"lazy\" decoding=\"async\" class=\"aligncenter size-full wp-image-11853\" src=\"https:\/\/agoravape.com\/wp-content\/uploads\/2025\/10\/mrvi_60000-puffs_Agora_vape-scaled.webp\" alt=\"\" width=\"2560\" height=\"1280\" srcset=\"https:\/\/agoravape.com\/wp-content\/uploads\/2025\/10\/mrvi_60000-puffs_Agora_vape-scaled.webp 2560w, https:\/\/agoravape.com\/wp-content\/uploads\/2025\/10\/mrvi_60000-puffs_Agora_vape-scaled-1200x600.webp 1200w, https:\/\/agoravape.com\/wp-content\/uploads\/2025\/10\/mrvi_60000-puffs_Agora_vape-300x150.webp 300w, https:\/\/agoravape.com\/wp-content\/uploads\/2025\/10\/mrvi_60000-puffs_Agora_vape-1024x512.webp 1024w, https:\/\/agoravape.com\/wp-content\/uploads\/2025\/10\/mrvi_60000-puffs_Agora_vape-768x384.webp 768w, https:\/\/agoravape.com\/wp-content\/uploads\/2025\/10\/mrvi_60000-puffs_Agora_vape-1536x768.webp 1536w, https:\/\/agoravape.com\/wp-content\/uploads\/2025\/10\/mrvi_60000-puffs_Agora_vape-2048x1024.webp 2048w, https:\/\/agoravape.com\/wp-content\/uploads\/2025\/10\/mrvi_60000-puffs_Agora_vape-scaled-1100x550.webp 1100w\" sizes=\"auto, (max-width: 2560px) 100vw, 2560px\" \/><\/p>\n<p>&nbsp;<\/p>\n<h2 data-v-md-heading=\"what-are-the-advantages-of-using-mrvi-growing-60k-to-smoke-a-three-in-one-rotating-flavor-vape\" data-v-md-line=\"3\">Quali sono i vantaggi dell'utilizzo di MRVI Growing 60K per fumare un aroma rotante tre in uno?<\/h2>\n<p data-v-md-line=\"4\">Se siete stanchi di rimanere senza e-liquid o di cambiare dispositivo a met\u00e0 settimana, questo prodotto vi rinfrescher\u00e0 sicuramente la mente. MRVI Growing \u00e8 una svapata con una capacit\u00e0 fino a 60000 boccate, con tre gusti che possono essere cambiati semplicemente ruotando il selettore. \u00c8 come portare con s\u00e9 tre bombe di sigarette usa e getta senza apparire ingombranti.<\/p>\n<p data-v-md-line=\"6\">\u00c8 adatto a tutti gli utenti che desiderano una batteria di lunga durata, una facile selezione dei gusti e una comodit\u00e0 senza sforzo. Visualizzazione chiara del livello dell'e-liquid e della batteria, che consente di tenere sotto controllo l'energia residua in qualsiasi momento. Non \u00e8 necessario tirare a indovinare, n\u00e9 preoccuparsi di eventuali incidenti.<\/p>\n<h2 data-v-md-heading=\"excellent-performance-worry-free\" data-v-md-line=\"8\">Prestazioni eccellenti, senza preoccupazioni<\/h2>\n<p data-v-md-line=\"9\">La doppia bobina a rete garantisce un'aspirazione uniforme e costante ogni volta, e il gusto dell'ultimo morso \u00e8 buono come quello del primo. Il design a tre slot consente di passare da un aroma all'altro in pochi secondi, particolarmente adatto a chi non vuole consumare lo stesso aroma per tutto il giorno. Quando la batteria \u00e8 scarica, \u00e8 possibile utilizzare un cavo dati Type-C per ricaricarla. Pu\u00f2 essere lo stesso cavo di ricarica del telefono. Semplice e conveniente.<\/p>\n<h2 data-v-md-heading=\"specification-overview\" data-v-md-line=\"11\">Panoramica delle specifiche<\/h2>\n<p data-v-md-line=\"12\"><strong>Numero di aspirazioni<\/strong>Fino a 60000 aspirazioni<br \/>\n<strong>Nicotine content<\/strong>2% o 5%<br \/>\n<strong>Principio di funzionamento<\/strong>: Ruotare per cambiare gusto, quindi inalare per attivare il prodotto.<br \/>\n<strong>Ricarica<\/strong>: Porta USB standard di tipo C<br \/>\n<strong>Stato<\/strong>: Pronto all'uso appena tolto dalla scatola<br \/>\n<strong>Nucleo atomizzante<\/strong>: Doppia maglia<br \/>\n<strong>capacit\u00e0 di e-liquid<\/strong>: Tre scompartimenti per un totale di 48 millilitri<br \/>\n<strong>Batteria<\/strong>: 650mAh<br \/>\n<strong>Schermo di visualizzazione<\/strong>: Doppio display per e-liquid e batteria, con indicatore luminoso indipendente del vano di stoccaggio dell'olio<br \/>\n<strong>Peso singolo<\/strong>: 135 grammi<\/p>\n<h2 data-v-md-heading=\"full-range-of-flavors\" data-v-md-line=\"23\">Full range of flavors<\/h2>\n<ul data-v-md-line=\"24\">\n<li>Ghiaccio all'anguria\/Red Bull\/Strawberry Kiwi<\/li>\n<li>Limone e lime\/fragola e anguria\/ghiaccio al mirtillo<\/li>\n<li>Ghiaccio all'ananas, cocco, banana e mirtillo<\/li>\n<li>Ghiaccio al lampone e anguria\/gelato alla cola\/gelato alla mela acida<\/li>\n<li>Ghiaccio mix di frutta tropicale\/Ghiaccio gelato alla fragola\/Ghiaccio al mango<\/li>\n<li>Fragola Lampone Ciliegia Ghiaccio\/Amore 666 Ghiaccio\/Cherry Sugar Ghiaccio<\/li>\n<li>Ghiaccio misto ai frutti di bosco\/Ghiaccio caramella orsacchiotto\/Ghiaccio alla pesca<\/li>\n<li>Ghiaccio all'uva\/caramelle alla fragola\/gelato a forma di ghiacciolo<\/li>\n<\/ul>\n<h2 data-v-md-heading=\"for-you-and-for-your-business-as-well\" data-v-md-line=\"33\">Per te e anche per la tua attivit\u00e0<\/h2>\n<p data-v-md-line=\"34\">Potete sceglierne uno per voi o farne una scorta per il vostro negozio. Ogni scatola all'ingrosso contiene 10 pezzi, il che rende conveniente un ordine ragionevole. Se ne avete bisogno di pi\u00f9, l'intera scatola pu\u00f2 contenerne 160.<\/p>\n<p data-v-md-line=\"36\">Collaboriamo con partner come UPS, DPD e DHL per fornire servizi di consegna DDP in tutta Europa, in modo che le tariffe possano essere elaborate in anticipo. Il vostro ordine pu\u00f2 essere immediatamente quotato senza che si verifichino situazioni impreviste alla dogana.<\/p>\n<h2 data-v-md-heading=\"why-do-you-like-it\" data-v-md-line=\"38\">Perch\u00e9 ti piace?<\/h2>\n<p data-v-md-line=\"39\"><strong>Aspirazione eccessiva<\/strong>: Il tempo di aspirazione \u00e8 pi\u00f9 lungo, quindi non \u00e8 necessario acquistarne di nuovi di frequente.<br \/>\n<strong>Tre gusti tra cui scegliere<\/strong>: Cambiare in qualsiasi momento se si desidera cambiare sapore.<br \/>\n<strong>Selezione del contenuto di nicotina<\/strong>: Scegliere 2% o 5% in base alle proprie preferenze.<br \/>\n<strong>e-liquido ricaricabile di tipo C<\/strong>: Utilizzare tutto l'e-liquid acquistato senza sprechi.<br \/>\n<strong>Nucleo atomizzatore a doppia maglia<\/strong>: offre un gusto costante e un'esperienza di aspirazione uniforme ogni volta.<br \/>\n<strong>Schermo chiaro<\/strong>: Controllare il livello dell'e-liquid e della batteria in un colpo d'occhio.<\/p>\n<h2 data-v-md-heading=\"why-choose-agoravape\" data-v-md-line=\"46\">Perch\u00e9 scegliere AgoraVape?<\/h2>\n<p data-v-md-line=\"47\">Offriamo solo set originali 100% e e-liquidi monouso. I clienti aziendali possono godere di prezzi all'ingrosso altamente competitivi, di un supporto affidabile e di servizi di consegna DDP veloci e affidabili per MRVI Growing 60K Puffs tre in uno vapes sapore rotante. Contattateci per fare scorta di un dispositivo a triplo sapore che vale la pena di riacquistare per i vostri clienti.<\/p>","protected":false},"excerpt":{"rendered":"<p>&nbsp; What are the advantages of using MRVI Growing 60K to smoke a three in one rotating flavor vape? If<\/p>","protected":false},"featured_media":11861,"comment_status":"open","ping_status":"closed","template":"","meta":[],"product_brand":[202],"product_cat":[124,185,189,1642,176,177,195,174,175,193,129,191,173,186,180,190,192],"product_tag":[],"class_list":{"0":"post-11810","1":"product","2":"type-product","3":"status-publish","4":"has-post-thumbnail","6":"product_brand-mrvi","7":"product_cat-vape-by-brand","8":"product_cat-10000-puffs-high-capacity","9":"product_cat-20mg-standard-nicotine-vapes","10":"product_cat-60000-puffs","11":"product_cat-beverage","12":"product_cat-dessert-sweets","13":"product_cat-dual-flavor-switch","14":"product_cat-fruit-flavors","15":"product_cat-icy-mint","16":"product_cat-mesh-coil","17":"product_cat-mrvi","18":"product_cat-rechargeable-disposables","19":"product_cat-vape-by-flavor-profile","20":"product_cat-vape-by-nicotine-strength","21":"product_cat-vape-by-puff-count","22":"product_cat-vape-by-feature-or-type","23":"product_cat-vapes-with-screens","25":"first","26":"instock","27":"shipping-taxable","28":"purchasable","29":"product-type-variable","30":"has-default-attributes"},"tiered_pricing_type":"percentage","tiered_pricing_fixed_rules":[],"tiered_pricing_product_settings":{"layout":"default","base_unit_name":{"singular":null,"plural":null},"default_variation":null},"tiered_pricing_minimum_quantity":10,"tiered_pricing_roles_data":[],"tiered_pricing_percentage_rules":{"30":"29","50":"35","100":"40","200":"44","500":"47","1000":"49"},"tiered_pricing_maximum_quantity":null,"tiered_pricing_quantity_step":"10","_links":{"self":[{"href":"https:\/\/agoravape.com\/it\/wp-json\/wp\/v2\/product\/11810","targetHints":{"allow":["GET"]}}],"collection":[{"href":"https:\/\/agoravape.com\/it\/wp-json\/wp\/v2\/product"}],"about":[{"href":"https:\/\/agoravape.com\/it\/wp-json\/wp\/v2\/types\/product"}],"replies":[{"embeddable":true,"href":"https:\/\/agoravape.com\/it\/wp-json\/wp\/v2\/comments?post=11810"}],"version-history":[{"count":0,"href":"https:\/\/agoravape.com\/it\/wp-json\/wp\/v2\/product\/11810\/revisions"}],"wp:featuredmedia":[{"embeddable":true,"href":"https:\/\/agoravape.com\/it\/wp-json\/wp\/v2\/media\/11861"}],"wp:attachment":[{"href":"https:\/\/agoravape.com\/it\/wp-json\/wp\/v2\/media?parent=11810"}],"wp:term":[{"taxonomy":"product_brand","embeddable":true,"href":"https:\/\/agoravape.com\/it\/wp-json\/wp\/v2\/product_brand?post=11810"},{"taxonomy":"product_cat","embeddable":true,"href":"https:\/\/agoravape.com\/it\/wp-json\/wp\/v2\/product_cat?post=11810"},{"taxonomy":"product_tag","embeddable":true,"href":"https:\/\/agoravape.com\/it\/wp-json\/wp\/v2\/product_tag?post=11810"}],"curies":[{"name":"wp","href":"https:\/\/api.w.org\/{rel}","templated":true}]}}