{"id":11876,"date":"2025-10-08T16:13:37","date_gmt":"2025-10-08T08:13:37","guid":{"rendered":"https:\/\/green-grasshopper-921422.hostingersite.com\/?post_type=product&#038;p=11876"},"modified":"2026-03-26T13:22:26","modified_gmt":"2026-03-26T12:22:26","slug":"mrvi-twins-32000-puff-doppio-sapore-vape","status":"publish","type":"product","link":"https:\/\/agoravape.com\/it\/product\/mrvi-twins-32000-puffs-dual-flavor-vape\/","title":{"rendered":"MRVI Twins 32000 Dual Flavor, sigaretta elettronica usa e getta | Due gusti, grandi boccate, facile da maneggiare."},"content":{"rendered":"<h2 data-v-md-heading=\"what-are-the-special-features-of-mrvi-twins-32000-dual-flavored-disposable-vape\" data-v-md-line=\"3\"><img loading=\"lazy\" decoding=\"async\" class=\"aligncenter size-full wp-image-11894\" src=\"https:\/\/agoravape.com\/wp-content\/uploads\/2025\/10\/mrvi-32k-puffs_Agora_vape-scaled.webp\" alt=\"\" width=\"2560\" height=\"1707\" srcset=\"https:\/\/agoravape.com\/wp-content\/uploads\/2025\/10\/mrvi-32k-puffs_Agora_vape-scaled.webp 2560w, https:\/\/agoravape.com\/wp-content\/uploads\/2025\/10\/mrvi-32k-puffs_Agora_vape-scaled-1200x800.webp 1200w, https:\/\/agoravape.com\/wp-content\/uploads\/2025\/10\/mrvi-32k-puffs_Agora_vape-300x200.webp 300w, https:\/\/agoravape.com\/wp-content\/uploads\/2025\/10\/mrvi-32k-puffs_Agora_vape-1024x683.webp 1024w, https:\/\/agoravape.com\/wp-content\/uploads\/2025\/10\/mrvi-32k-puffs_Agora_vape-768x512.webp 768w, https:\/\/agoravape.com\/wp-content\/uploads\/2025\/10\/mrvi-32k-puffs_Agora_vape-1536x1024.webp 1536w, https:\/\/agoravape.com\/wp-content\/uploads\/2025\/10\/mrvi-32k-puffs_Agora_vape-2048x1366.webp 2048w\" sizes=\"auto, (max-width: 2560px) 100vw, 2560px\" \/><\/h2>\n<h2 data-v-md-heading=\"what-are-the-special-features-of-mrvi-twins-32000-dual-flavored-disposable-vape\" data-v-md-line=\"3\">Quali sono le caratteristiche speciali di MRVI Twins 32000 dual flavored disposable vape?<\/h2>\n<p data-v-md-line=\"4\">Se siete stanchi delle sigarette usa e getta che si rompono in pochi giorni, potreste dare un'occhiata a questo prodotto. MRVI Twins ha una capacit\u00e0 fino a 32000 boccate e combina due sapori in un unico dispositivo, consentendo di cambiare facilmente sapore senza dover portare con s\u00e9 una seconda sigaretta elettronica. \u00c8 stato progettato per coloro che cercano un gusto duraturo e un utilizzo semplice (non richiede impostazioni, \u00e8 facile e conveniente).<\/p>\n<p data-v-md-line=\"6\">Nonostante l'enorme bocca, \u00e8 comunque comoda da tenere in mano e pu\u00f2 essere facilmente inserita in tasca. \u00c8 possibile ottenere un fumo stabile e una comoda ricarica, in modo da poterlo prendere in mano e goderne appieno.<\/p>\n<h2 data-v-md-heading=\"excellent-performance-easy-and-convenient\" data-v-md-line=\"8\">Prestazioni eccellenti, facile e conveniente<\/h2>\n<p data-v-md-line=\"9\">La doppia spirale \u00e8 il cuore di Twins, per cui ogni boccone \u00e8 delizioso come il primo. La bobina a rete viene riscaldata in modo uniforme, consentendo di assaporare un gusto puro e ricco dall'inizio alla fine. Quando la batteria \u00e8 scarica, \u00e8 possibile ricaricarla attraverso l'interfaccia Type-C e il cavo di ricarica \u00e8 semplice come quello del telefono.<\/p>\n<h2 data-v-md-heading=\"specification-introduction\" data-v-md-line=\"11\">Introduzione alle specifiche<\/h2>\n<p data-v-md-line=\"12\"><strong>Suction frequency<\/strong>fino a 32000 volte<br \/>\n<strong>Nicotine content<\/strong>2% e 5% opzionali<br \/>\n<strong>Principio di funzionamento<\/strong>: Attiva con una sola boccata<br \/>\n<strong>Ricarica<\/strong>: Interfaccia USB standard di tipo C<br \/>\n<strong>Stato<\/strong>: Pronto all'uso appena tolto dalla scatola<\/p>\n<h2 data-v-md-heading=\"multiple-flavor-options\" data-v-md-line=\"18\">Multiple flavor options<\/h2>\n<ul data-v-md-line=\"19\">\n<li>Ghiaccio all'ananas\/Ghiaccio all'uva<\/li>\n<li>Ghiaccio alla banana \/ Kiwi alla fragola<\/li>\n<li>Frullato di mango\/crema soda all'arancia<\/li>\n<li>Ghiaccio alla pesca\/Toro rosso<\/li>\n<li>Ghiaccio al mirtillo\/Mela rossa<\/li>\n<li>Anguria alla menta\/bacche miste<\/li>\n<li>Ghiaccio alla fragola\/Caramella arcobaleno<\/li>\n<li>Soda alla ciliegia\/ghiaccio al mirtillo<\/li>\n<li>Fragola Anguria\/Mirtillo Uva<\/li>\n<li>Triplo melone\/soda ghiacciata<\/li>\n<\/ul>\n<h2 data-v-md-heading=\"for-you-and-your-business\" data-v-md-line=\"30\">For you and your business<\/h2>\n<p data-v-md-line=\"31\">\u00c8 possibile acquistare MRVI Twins 32000 separatamente per uso personale, oppure fare scorta per fornire servizi all'ingrosso al proprio negozio. La confezione in cartone all'ingrosso \u00e8 di 10 pezzi per scatola, con 160 pezzi per scatola, il che rende molto semplice la pianificazione dell'inventario. Se avete bisogno di dettagli specifici sulla scatola di cartone, siamo sempre pronti a condividerli con voi.<\/p>\n<p data-v-md-line=\"33\">Spediamo attraverso partner di fiducia come UPS, DPD e DHL in DDP al netto delle tasse per garantire tempi di consegna prevedibili ed evitare incidenti doganali in tutta Europa. Il contenuto e la concentrazione di nicotina possono variare a seconda del paese\/regione, pertanto si prega di verificare le normative locali prima di effettuare un ordine.<\/p>\n<h2 data-v-md-heading=\"why-do-you-like-it\" data-v-md-line=\"35\">Perch\u00e9 ti piace?<\/h2>\n<p data-v-md-line=\"36\"><strong>Fumo pesante<\/strong>: Durevoli e duraturi, non c'\u00e8 bisogno di acquistare frequentemente nuove sigarette.<br \/>\n<strong>Selezione della nicotina<\/strong>: Potete scegliere la concentrazione che pi\u00f9 vi aggrada.<br \/>\n<strong>Ricaricabile<\/strong>: significa che \u00e8 possibile utilizzare tutti gli e-liquid acquistati.<br \/>\n<strong>Bobina a maglie<\/strong>: Garantisce un gusto consistente e ricco ogni volta.<\/p>\n<h2 data-v-md-heading=\"why-choose-to-collaborate-with-agoravape\" data-v-md-line=\"41\">Perch\u00e9 scegliere di collaborare con AgoraVape?<\/h2>\n<p data-v-md-line=\"42\">Vendiamo solo attrezzature originali 100% e garantiamo la qualit\u00e0 dei prodotti che spediamo. Per i clienti commerciali, questo significa che MRVI Twins 32000 dual flavored vape hanno prezzi all'ingrosso altamente competitivi, un supporto affidabile e una logistica veloce e affidabile. Vi invitiamo a contattarci per sapere come acquistare un dispositivo che soddisfi le esigenze dei clienti, abbia un sapore ricco, un lungo tempo di funzionamento e sia comodo per l'uso quotidiano.<\/p>","protected":false},"excerpt":{"rendered":"<p>&nbsp;<\/p>","protected":false},"featured_media":11886,"comment_status":"open","ping_status":"closed","template":"","meta":[],"product_brand":[202],"product_cat":[124,185,189,176,195,174,175,193,129,191,173,186,180,190],"product_tag":[],"class_list":{"0":"post-11876","1":"product","2":"type-product","3":"status-publish","4":"has-post-thumbnail","6":"product_brand-mrvi","7":"product_cat-vape-by-brand","8":"product_cat-10000-puffs-high-capacity","9":"product_cat-20mg-standard-nicotine-vapes","10":"product_cat-beverage","11":"product_cat-dual-flavor-switch","12":"product_cat-fruit-flavors","13":"product_cat-icy-mint","14":"product_cat-mesh-coil","15":"product_cat-mrvi","16":"product_cat-rechargeable-disposables","17":"product_cat-vape-by-flavor-profile","18":"product_cat-vape-by-nicotine-strength","19":"product_cat-vape-by-puff-count","20":"product_cat-vape-by-feature-or-type","22":"first","23":"instock","24":"shipping-taxable","25":"purchasable","26":"product-type-variable","27":"has-default-attributes"},"tiered_pricing_type":"percentage","tiered_pricing_fixed_rules":[],"tiered_pricing_product_settings":{"layout":"default","base_unit_name":{"singular":null,"plural":null},"default_variation":null},"tiered_pricing_minimum_quantity":10,"tiered_pricing_roles_data":[],"tiered_pricing_percentage_rules":{"30":"29","50":"35","100":"40","200":"44","500":"47","1000":"49"},"tiered_pricing_maximum_quantity":null,"tiered_pricing_quantity_step":"10","_links":{"self":[{"href":"https:\/\/agoravape.com\/it\/wp-json\/wp\/v2\/product\/11876","targetHints":{"allow":["GET"]}}],"collection":[{"href":"https:\/\/agoravape.com\/it\/wp-json\/wp\/v2\/product"}],"about":[{"href":"https:\/\/agoravape.com\/it\/wp-json\/wp\/v2\/types\/product"}],"replies":[{"embeddable":true,"href":"https:\/\/agoravape.com\/it\/wp-json\/wp\/v2\/comments?post=11876"}],"version-history":[{"count":0,"href":"https:\/\/agoravape.com\/it\/wp-json\/wp\/v2\/product\/11876\/revisions"}],"wp:featuredmedia":[{"embeddable":true,"href":"https:\/\/agoravape.com\/it\/wp-json\/wp\/v2\/media\/11886"}],"wp:attachment":[{"href":"https:\/\/agoravape.com\/it\/wp-json\/wp\/v2\/media?parent=11876"}],"wp:term":[{"taxonomy":"product_brand","embeddable":true,"href":"https:\/\/agoravape.com\/it\/wp-json\/wp\/v2\/product_brand?post=11876"},{"taxonomy":"product_cat","embeddable":true,"href":"https:\/\/agoravape.com\/it\/wp-json\/wp\/v2\/product_cat?post=11876"},{"taxonomy":"product_tag","embeddable":true,"href":"https:\/\/agoravape.com\/it\/wp-json\/wp\/v2\/product_tag?post=11876"}],"curies":[{"name":"wp","href":"https:\/\/api.w.org\/{rel}","templated":true}]}}