{"id":11954,"date":"2025-10-08T20:53:04","date_gmt":"2025-10-08T12:53:04","guid":{"rendered":"https:\/\/green-grasshopper-921422.hostingersite.com\/?post_type=product&#038;p=11954"},"modified":"2026-03-21T12:43:57","modified_gmt":"2026-03-21T11:43:57","slug":"mrvi-puffing-15k-vape-con-schermo","status":"publish","type":"product","link":"https:\/\/agoravape.com\/it\/product\/mrvi-puffing-15k-puffs-vape-with-screen\/","title":{"rendered":"MRVI Puffing 15K Dual Mesh Vape con schermo | Gusto duraturo, display comodo"},"content":{"rendered":"<h2 data-v-md-heading=\"what-is-the-mrvi-puffing-15k-dual-eye-vape-with-screen\" data-v-md-line=\"3\">Che cos'\u00e8 la MRVI Puffing 15K dual eye vape con schermo?<\/h2>\n<p data-v-md-line=\"4\">Se si desidera una svapata che possa essere utilizzata giorno dopo giorno e che abbia un gusto duraturo, questa svapata \u00e8 sicuramente la scelta migliore. MRVI Puffing 15K \u00e8 dotato di un atomizzatore di grande capacit\u00e0 da 25 ml e di un nucleo atomizzatore a doppio occhio, che consente di mantenere un'aspirazione pulita e nitida fino alla fine.<\/p>\n<p data-v-md-line=\"6\">\u00c8 inoltre dotato di un semplice schermo incorporato che visualizza a colpo d'occhio la quantit\u00e0 di e-liquid e la carica della batteria. Si potrebbe pensare che il funzionamento di una svapata con uno schermo sia ingombrante, ma questa svapata \u00e8 molto semplice. \u00c8 persino dotata di un cordino per facilitarne il trasporto.<\/p>\n<h2 data-v-md-heading=\"excellent-performance-easy-and-convenient\" data-v-md-line=\"8\">Prestazioni eccellenti, facile e conveniente<\/h2>\n<p data-v-md-line=\"9\">Il design a doppia maglia consente un riscaldamento rapido e uniforme, garantendo la giusta consistenza dal primo all'ultimo morso. La batteria da 750 mAh \u00e8 ricaricabile e consente di svapare 25 ml di e-liquid senza sprecarli. Quando la batteria \u00e8 scarica, \u00e8 possibile utilizzare un cavo dati standard Type-C per la connessione. Lo schermo visualizzer\u00e0 l'e-liquid rimanente e il livello della batteria, cos\u00ec non dovrete pi\u00f9 preoccuparvi di tirare a indovinare.<\/p>\n<h2 data-v-md-heading=\"specification-overview\" data-v-md-line=\"11\">Panoramica delle specifiche<\/h2>\n<ul data-v-md-line=\"12\">\n<li>Frequenza di aspirazione: fino a 15000 volte<\/li>\n<li>Contenuto di nicotina: 2% e 5% (la fornitura specifica dipende dalle normative locali)<\/li>\n<li>Principio di funzionamento: Attivato tramite inalazione<\/li>\n<li>Charging: Standard Type-C USB interface<\/li>\n<li>Stato: pronto all'uso appena estratto dalla confezione<\/li>\n<\/ul>\n<h2 data-v-md-heading=\"multiple-flavor-options\" data-v-md-line=\"18\">Multiple flavor options<\/h2>\n<ul data-v-md-line=\"19\">\n<li>Blueberry smoothie<\/li>\n<li>Frullato di banana<\/li>\n<li>Strawberry watermelon<\/li>\n<li>Gelato alla melata<\/li>\n<li>Frullato di mele rosse<\/li>\n<li>Peach and Mango<\/li>\n<li>Gomma da masticare al mirtillo<\/li>\n<li>Watermelon smoothie<\/li>\n<li>frullato di ananas<\/li>\n<li>Fango rosa da esplosione<\/li>\n<\/ul>\n<h2 data-v-md-heading=\"for-you-and-for-your-business-as-well\" data-v-md-line=\"30\">Per te e anche per la tua attivit\u00e0<\/h2>\n<p data-v-md-line=\"31\">Acquistare per s\u00e9? Semplice e conveniente. Selezionate il gusto e la concentrazione da utilizzare. State ancora facendo scorte per il negozio? Abbiamo preparato opzioni espandibili. MRVI Puffing 15K offre all'ingrosso scatole interne in confezioni da 10 e scatole esterne in confezioni da 160. Collaboriamo con partner come UPS, DPD e DHL per le spedizioni via DDP in Europa, in modo che le tariffe possano essere elaborate in anticipo per evitare situazioni doganali impreviste.<\/p>\n<h2 data-v-md-heading=\"why-do-you-like-it\" data-v-md-line=\"33\">Perch\u00e9 ti piace?<\/h2>\n<ul data-v-md-line=\"34\">\n<li>Grande capacit\u00e0 di aspirazione: fino a 15000 porte, il che significa meno ricariche e ordini ripetuti.<\/li>\n<li>Il contenuto di nicotina pu\u00f2 essere selezionato tra 2% e 5% per soddisfare le diverse preferenze e richieste del mercato.<\/li>\n<li>Ricaricabile: Utilizza tutto l'e-liquid che paghi.<\/li>\n<li>Bobina a rete: La bobina a doppio strato garantisce un gusto costante e un'esperienza di aspirazione soddisfacente.<\/li>\n<li>Informazioni sullo schermo: Controllare il livello della batteria e dell'e-liquid in un colpo d'occhio.<\/li>\n<\/ul>\n<h2 data-v-md-heading=\"why-choose-to-collaborate-with-agoravape\" data-v-md-line=\"40\">Perch\u00e9 scegliere di collaborare con AgoraVape?<\/h2>\n<p data-v-md-line=\"41\">Forniamo solo prodotti originali 100% provenienti da fonti affidabili. Le nostre operazioni nell'UE si concentrano sulla conformit\u00e0, compresa la TPD2 (se richiesta) e la verifica dell'et\u00e0 alla cassa. Potrete usufruire di pagamenti sicuri, fatture chiare e consegne tracciabili in tutta Europa. Avete bisogno di assistenza per l'abbinamento dei gusti o per i piani di rifornimento? Il nostro team \u00e8 sempre pronto a fornirvi un supporto rapido e consigli ragionevoli. Contattateci immediatamente per ordinare MRVI Puffing 15K Puffs Dual Mesh Vape (con schermo), fornendo ai vostri clienti prodotti affidabili e popolari.<\/p>","protected":false},"excerpt":{"rendered":"<p>Che cos'\u00e8 la MRVI Puffing 15K dual eye vape con schermo? Se si desidera un dispositivo di svapo che possa essere utilizzato<\/p>","protected":false},"featured_media":11977,"comment_status":"open","ping_status":"closed","template":"","meta":[],"product_brand":[202],"product_cat":[124,185,1635,189,177,174,175,193,129,191,173,186,180,190,192],"product_tag":[],"class_list":{"0":"post-11954","1":"product","2":"type-product","3":"status-publish","4":"has-post-thumbnail","6":"product_brand-mrvi","7":"product_cat-vape-by-brand","8":"product_cat-10000-puffs-high-capacity","9":"product_cat-15000-puffs","10":"product_cat-20mg-standard-nicotine-vapes","11":"product_cat-dessert-sweets","12":"product_cat-fruit-flavors","13":"product_cat-icy-mint","14":"product_cat-mesh-coil","15":"product_cat-mrvi","16":"product_cat-rechargeable-disposables","17":"product_cat-vape-by-flavor-profile","18":"product_cat-vape-by-nicotine-strength","19":"product_cat-vape-by-puff-count","20":"product_cat-vape-by-feature-or-type","21":"product_cat-vapes-with-screens","23":"first","24":"instock","25":"shipping-taxable","26":"purchasable","27":"product-type-variable","28":"has-default-attributes"},"tiered_pricing_type":"percentage","tiered_pricing_fixed_rules":[],"tiered_pricing_product_settings":{"layout":"default","base_unit_name":{"singular":null,"plural":null},"default_variation":null},"tiered_pricing_minimum_quantity":10,"tiered_pricing_roles_data":[],"tiered_pricing_percentage_rules":{"30":"29","50":"35","100":"40","200":"44","500":"47","1000":"49"},"tiered_pricing_maximum_quantity":null,"tiered_pricing_quantity_step":"10","_links":{"self":[{"href":"https:\/\/agoravape.com\/it\/wp-json\/wp\/v2\/product\/11954","targetHints":{"allow":["GET"]}}],"collection":[{"href":"https:\/\/agoravape.com\/it\/wp-json\/wp\/v2\/product"}],"about":[{"href":"https:\/\/agoravape.com\/it\/wp-json\/wp\/v2\/types\/product"}],"replies":[{"embeddable":true,"href":"https:\/\/agoravape.com\/it\/wp-json\/wp\/v2\/comments?post=11954"}],"version-history":[{"count":0,"href":"https:\/\/agoravape.com\/it\/wp-json\/wp\/v2\/product\/11954\/revisions"}],"wp:featuredmedia":[{"embeddable":true,"href":"https:\/\/agoravape.com\/it\/wp-json\/wp\/v2\/media\/11977"}],"wp:attachment":[{"href":"https:\/\/agoravape.com\/it\/wp-json\/wp\/v2\/media?parent=11954"}],"wp:term":[{"taxonomy":"product_brand","embeddable":true,"href":"https:\/\/agoravape.com\/it\/wp-json\/wp\/v2\/product_brand?post=11954"},{"taxonomy":"product_cat","embeddable":true,"href":"https:\/\/agoravape.com\/it\/wp-json\/wp\/v2\/product_cat?post=11954"},{"taxonomy":"product_tag","embeddable":true,"href":"https:\/\/agoravape.com\/it\/wp-json\/wp\/v2\/product_tag?post=11954"}],"curies":[{"name":"wp","href":"https:\/\/api.w.org\/{rel}","templated":true}]}}