{"id":12022,"date":"2025-10-09T10:44:23","date_gmt":"2025-10-09T02:44:23","guid":{"rendered":"https:\/\/green-grasshopper-921422.hostingersite.com\/?post_type=product&#038;p=12022"},"modified":"2026-01-19T22:08:48","modified_gmt":"2026-01-19T14:08:48","slug":"fizzy-nova-plus-40000-soffi-led-vape","status":"publish","type":"product","link":"https:\/\/agoravape.com\/it\/product\/fizzy-nova-plus-40000-puffs-led-vape\/","title":{"rendered":"FIZZY Nova Plus 40000 bites | Long lasting taste, equipped with intelligent LED screen"},"content":{"rendered":"<h2 data-v-md-heading=\"what-about-the-fizzy-nova-plus-40000-port-led-screen-vape\" data-v-md-line=\"3\"><img loading=\"lazy\" decoding=\"async\" class=\"aligncenter size-full wp-image-12076\" src=\"https:\/\/agoravape.com\/wp-content\/uploads\/2025\/10\/fizzy-40000plus_Agora_vape.webp\" alt=\"\" width=\"2121\" height=\"1321\" srcset=\"https:\/\/agoravape.com\/wp-content\/uploads\/2025\/10\/fizzy-40000plus_Agora_vape.webp 2121w, https:\/\/agoravape.com\/wp-content\/uploads\/2025\/10\/fizzy-40000plus_Agora_vape-1200x747.webp 1200w, https:\/\/agoravape.com\/wp-content\/uploads\/2025\/10\/fizzy-40000plus_Agora_vape-300x187.webp 300w, https:\/\/agoravape.com\/wp-content\/uploads\/2025\/10\/fizzy-40000plus_Agora_vape-1024x638.webp 1024w, https:\/\/agoravape.com\/wp-content\/uploads\/2025\/10\/fizzy-40000plus_Agora_vape-768x478.webp 768w, https:\/\/agoravape.com\/wp-content\/uploads\/2025\/10\/fizzy-40000plus_Agora_vape-1536x957.webp 1536w, https:\/\/agoravape.com\/wp-content\/uploads\/2025\/10\/fizzy-40000plus_Agora_vape-2048x1276.webp 2048w\" sizes=\"auto, (max-width: 2121px) 100vw, 2121px\" \/><\/h2>\n<h2 data-v-md-heading=\"what-about-the-fizzy-nova-plus-40000-port-led-screen-vape\" data-v-md-line=\"3\">Che dire del vaporizzatore FIZZY Nova Plus con schermo LED da 40000 porte?<\/h2>\n<p data-v-md-line=\"4\">Se sei stanco di cambiare le tue sigarette elettroniche usa e getta ogni pochi giorni, questo prodotto pu\u00f2 cambiare le tue abitudini. FIZZY Nova Plus pu\u00f2 fornire una capacit\u00e0 fino a 40.000 porte ed \u00e8 dotato di un semplice schermo LED, che ti consente di monitorare il funzionamento delle tue sigarette elettroniche in qualsiasi momento. Non c'\u00e8 bisogno di tirare a indovinare, \u00e8 tutto chiaro a colpo d'occhio.<\/p>\n<p data-v-md-line=\"6\">\u00c8 adatto a chiunque desideri resistenza, un gusto stabile e nessuna preoccupazione per il funzionamento. Offre le prestazioni di una coil a rete e la praticit\u00e0 di un'interfaccia Type-C. Ha una sensazione di solidit\u00e0, ma pu\u00f2 essere facilmente riposto in tasca. Potresti pensare che questo prodotto resistente possa sembrare ingombrante, ma \u00e8 sorprendentemente facile da usare quotidianamente.<\/p>\n<h2 data-v-md-heading=\"excellent-performance-easy-and-convenient\" data-v-md-line=\"8\">Prestazioni eccellenti, facile e conveniente<\/h2>\n<p data-v-md-line=\"9\">Il cuore di Nova Plus \u00e8 un atomizzatore a rete, che garantisce un gusto puro e morbido a ogni aspirazione, dalla freschezza al retrogusto. Lo schermo LED pu\u00f2 visualizzare lo stato corrente in qualsiasi momento, facilitando la pianificazione di un programma di ricarica. Quando la batteria \u00e8 scarica, pu\u00f2 essere ricaricata tramite l'interfaccia Type-C. \u00c8 lo stesso cavo di ricarica comunemente utilizzato sul telefono, quindi non c'\u00e8 bisogno di preoccuparsi di trovare un cavo di ricarica dedicato.<\/p>\n<h2 data-v-md-heading=\"specification-introduction\" data-v-md-line=\"11\">Introduzione alle specifiche<\/h2>\n<ul data-v-md-line=\"12\">\n<li>Frequenza di aspirazione: fino a 40000 volte<\/li>\n<li>Nicotina: 2% e 5% facoltativi (la fornitura specifica dipende dalle normative locali)<\/li>\n<li>Principio di funzionamento: Attivato tramite inalazione<\/li>\n<li>Charging: Standard Type-C USB interface<\/li>\n<li>Stato: pronto all'uso appena estratto dalla confezione<\/li>\n<li>Capacit\u00e0 del liquido elettronico: 40 millilitri<\/li>\n<li>Batteria: 850 mAh<\/li>\n<li>Coil: Mesh coil<\/li>\n<li>Dimensioni e peso: 52,5 \u00d7 24,5 \u00d7 104,3 millimetri, 120 grammi<\/li>\n<\/ul>\n<h2 data-v-md-heading=\"full-range-of-flavors\" data-v-md-line=\"22\">Full range of flavors<\/h2>\n<ul data-v-md-line=\"23\">\n<li>Strawberry smoothie<\/li>\n<li>Mirtillo e cocco<\/li>\n<li>Kiwi alla fragola<\/li>\n<li>Blueberry smoothie<\/li>\n<li>Watermelon smoothie<\/li>\n<li>Uomo Anguria<\/li>\n<li>Kiwi, passion fruit, guava<\/li>\n<li>Lampone Limone<\/li>\n<li>Triple Berry<\/li>\n<li>Sabbia di ghiaccio pesca<\/li>\n<li>Lime d'uva<\/li>\n<li>Acqua al limone e mirtilli<\/li>\n<\/ul>\n<h2 data-v-md-heading=\"for-you-for-your-business\" data-v-md-line=\"36\">Per te, per il tuo business<\/h2>\n<p data-v-md-line=\"37\">Puoi acquistare il vaporizzatore FIZZY Nova Plus 40000 LED Screen separatamente per uso personale. Se acquisti in negozi fisici o online, offriamo anche opzioni all'ingrosso. Puoi scegliere una confezione media da 10 o una confezione grande da 180 per adattare il tuo ordine alle tue esigenze.<\/p>\n<p data-v-md-line=\"39\">Forniamo servizi di consegna DDP tramite partner affidabili come UPS, DPD e DHL, in modo da ottenere prezzi chiari ed evitare problemi doganali imprevisti sulle tratte ammesse. Breve dichiarazione di conformit\u00e0: questo dispositivo contiene 40 millilitri di e-liquid, superando il limite di 2 millilitri previsto dalla Direttiva TPD dell'UE. Si prega di verificare le normative locali prima di effettuare un ordine. L'opzione con contenuto di nicotina al 2% \u00e8 conforme alle restrizioni UE. L'opzione con contenuto di nicotina al 5% \u00e8 adatta ai mercati che consentono l'uso di e-liquid ad alta concentrazione.<\/p>\n<h2 data-v-md-heading=\"why-do-you-like-it\" data-v-md-line=\"41\">Perch\u00e9 ti piace?<\/h2>\n<ul data-v-md-line=\"42\">\n<li>Pi\u00f9 tiri: durevoli e duraturi, non c'\u00e8 bisogno di acquistare frequentemente nuove sigarette<\/li>\n<li>Selezione della concentrazione di nicotina: scegli la concentrazione di nicotina pi\u00f9 adatta al tuo gusto e al tuo mercato<\/li>\n<li>Ricaricabile: utilizza tutto l'e-liquid che acquisti in una volta sola<\/li>\n<li>Nucleo dell'atomizzatore a rete: fornisce un'esperienza di aspirazione stabile e ricca ogni volta<\/li>\n<li>Schermo LED: stato chiaro a colpo d'occhio<\/li>\n<\/ul>\n<h2 data-v-md-heading=\"why-collaborate-with-agoravape\" data-v-md-line=\"48\">Perch\u00e9 collaborare con AgoraVape?<\/h2>\n<p data-v-md-line=\"49\">Vendiamo solo prodotti originali al 100% e non abbiamo dubbi al riguardo. I clienti B2B che acquistano le sigarette elettroniche FIZZY Nova Plus 40000 con schermo LED possono usufruire di prezzi all'ingrosso scontati, assistenza rapida e affidabile e servizi di consegna rapidi e affidabili. Se desideri acquistare un prodotto affidabile e molto apprezzato dai clienti abituali, contattaci.<\/p>\n<p><script src=\"chrome-extension:\/\/fpelahbljekknahkcaegamhcndkfpfnc\/iFrame.js\" type=\"text\/javascript\"><\/script><\/p>\n<p><script src=\"chrome-extension:\/\/fpelahbljekknahkcaegamhcndkfpfnc\/iFrame.js\" type=\"text\/javascript\"><\/script><\/p>\n<p><script src=\"chrome-extension:\/\/fpelahbljekknahkcaegamhcndkfpfnc\/iFrame.js\" type=\"text\/javascript\"><\/script><\/p>","protected":false},"excerpt":{"rendered":"<p>&nbsp;<\/p>\n<p><script src=\"chrome-extension:\/\/fpelahbljekknahkcaegamhcndkfpfnc\/iFrame.js\" type=\"text\/javascript\"><\/script><\/p>","protected":false},"featured_media":12075,"comment_status":"open","ping_status":"closed","template":"","meta":[],"product_brand":[203],"product_cat":[124,185,189,1639,176,130,174,175,193,191,173,186,180,190,192],"product_tag":[],"class_list":{"0":"post-12022","1":"product","2":"type-product","3":"status-publish","4":"has-post-thumbnail","6":"product_brand-fizzy","7":"product_cat-vape-by-brand","8":"product_cat-10000-puffs-high-capacity","9":"product_cat-20mg-standard-nicotine-vapes","10":"product_cat-40000-puffs","11":"product_cat-beverage","12":"product_cat-fizzy","13":"product_cat-fruit-flavors","14":"product_cat-icy-mint","15":"product_cat-mesh-coil","16":"product_cat-rechargeable-disposables","17":"product_cat-vape-by-flavor-profile","18":"product_cat-vape-by-nicotine-strength","19":"product_cat-vape-by-puff-count","20":"product_cat-vape-by-feature-or-type","21":"product_cat-vapes-with-screens","23":"first","24":"onbackorder","25":"shipping-taxable","26":"purchasable","27":"product-type-variable","28":"has-default-attributes"},"tiered_pricing_type":"percentage","tiered_pricing_fixed_rules":[],"tiered_pricing_product_settings":{"layout":"default","base_unit_name":{"singular":null,"plural":null},"default_variation":null},"tiered_pricing_minimum_quantity":10,"tiered_pricing_roles_data":[],"tiered_pricing_percentage_rules":{"50":"35","100":"40","200":"44","500":"47","1000":"49"},"tiered_pricing_maximum_quantity":null,"tiered_pricing_quantity_step":"10","_links":{"self":[{"href":"https:\/\/agoravape.com\/it\/wp-json\/wp\/v2\/product\/12022","targetHints":{"allow":["GET"]}}],"collection":[{"href":"https:\/\/agoravape.com\/it\/wp-json\/wp\/v2\/product"}],"about":[{"href":"https:\/\/agoravape.com\/it\/wp-json\/wp\/v2\/types\/product"}],"replies":[{"embeddable":true,"href":"https:\/\/agoravape.com\/it\/wp-json\/wp\/v2\/comments?post=12022"}],"version-history":[{"count":0,"href":"https:\/\/agoravape.com\/it\/wp-json\/wp\/v2\/product\/12022\/revisions"}],"wp:featuredmedia":[{"embeddable":true,"href":"https:\/\/agoravape.com\/it\/wp-json\/wp\/v2\/media\/12075"}],"wp:attachment":[{"href":"https:\/\/agoravape.com\/it\/wp-json\/wp\/v2\/media?parent=12022"}],"wp:term":[{"taxonomy":"product_brand","embeddable":true,"href":"https:\/\/agoravape.com\/it\/wp-json\/wp\/v2\/product_brand?post=12022"},{"taxonomy":"product_cat","embeddable":true,"href":"https:\/\/agoravape.com\/it\/wp-json\/wp\/v2\/product_cat?post=12022"},{"taxonomy":"product_tag","embeddable":true,"href":"https:\/\/agoravape.com\/it\/wp-json\/wp\/v2\/product_tag?post=12022"}],"curies":[{"name":"wp","href":"https:\/\/api.w.org\/{rel}","templated":true}]}}