{"id":12151,"date":"2025-10-09T14:33:47","date_gmt":"2025-10-09T06:33:47","guid":{"rendered":"https:\/\/green-grasshopper-921422.hostingersite.com\/?post_type=product&#038;p=12151"},"modified":"2026-03-29T10:24:03","modified_gmt":"2026-03-29T08:24:03","slug":"fizzy-max-iii-60000-soffi-6in1-vape","status":"publish","type":"product","link":"https:\/\/agoravape.com\/it\/product\/fizzy-max-iii-60000-puffs-6in1-vape\/","title":{"rendered":"FIZZY Max III 60000 confezione da sei in uno | Costruito in sei gusti, facile da maneggiare"},"content":{"rendered":"<h2 data-v-md-heading=\"what-is-the-charm-of-the-fizzy-max-iii-60000-pack-six-in-one-vape\" data-v-md-line=\"3\"><img loading=\"lazy\" decoding=\"async\" class=\"aligncenter size-full wp-image-12203\" src=\"https:\/\/agoravape.com\/wp-content\/uploads\/2025\/10\/FIZZY-Max-III-60000-Puffs-6-in-1-Flavor-Vape_Agora_vape-39-scaled.webp\" alt=\"\" width=\"1168\" height=\"2560\" srcset=\"https:\/\/agoravape.com\/wp-content\/uploads\/2025\/10\/FIZZY-Max-III-60000-Puffs-6-in-1-Flavor-Vape_Agora_vape-39-scaled.webp 1168w, https:\/\/agoravape.com\/wp-content\/uploads\/2025\/10\/FIZZY-Max-III-60000-Puffs-6-in-1-Flavor-Vape_Agora_vape-39-137x300.webp 137w, https:\/\/agoravape.com\/wp-content\/uploads\/2025\/10\/FIZZY-Max-III-60000-Puffs-6-in-1-Flavor-Vape_Agora_vape-39-467x1024.webp 467w, https:\/\/agoravape.com\/wp-content\/uploads\/2025\/10\/FIZZY-Max-III-60000-Puffs-6-in-1-Flavor-Vape_Agora_vape-39-768x1684.webp 768w, https:\/\/agoravape.com\/wp-content\/uploads\/2025\/10\/FIZZY-Max-III-60000-Puffs-6-in-1-Flavor-Vape_Agora_vape-39-701x1536.webp 701w, https:\/\/agoravape.com\/wp-content\/uploads\/2025\/10\/FIZZY-Max-III-60000-Puffs-6-in-1-Flavor-Vape_Agora_vape-39-934x2048.webp 934w, https:\/\/agoravape.com\/wp-content\/uploads\/2025\/10\/FIZZY-Max-III-60000-Puffs-6-in-1-Flavor-Vape_Agora_vape-39-1200x2631.webp 1200w\" sizes=\"auto, (max-width: 1168px) 100vw, 1168px\" \/><\/h2>\n<h2 data-v-md-heading=\"what-is-the-charm-of-the-fizzy-max-iii-60000-pack-six-in-one-vape\" data-v-md-line=\"3\">Qual \u00e8 il fascino della confezione FIZZY Max III 60000 sei in uno?<\/h2>\n<p data-v-md-line=\"4\">Se siete stanchi di cambiare spesso dispositivo per soddisfare le vostre papille gustative, questo prodotto pu\u00f2 semplificarvi la vita. FIZZY Max III integra sei scomparti indipendenti per e-liquid in un unico dispositivo, fornendo fino a 60000 boccate di capacit\u00e0 in qualsiasi momento. \u00c8 possibile accedere facilmente a una variet\u00e0 di scelte senza doversi preoccupare di rovistare nelle tasche piene di e-liquid monouso.<\/p>\n<p data-v-md-line=\"6\">Se desiderate un dispositivo di svapo che sia durevole, affidabile, che possa essere caricato in qualsiasi momento e che vi faccia divertire, allora \u00e8 la vostra scelta ideale. Pu\u00f2 facilmente gestire sia l'uso quotidiano che il tempo libero del fine settimana. \u00c8 alta 125 millimetri e pesa circa 160 grammi, il che la rende facile da inserire nella tasca di una giacca.<\/p>\n<h2 data-v-md-heading=\"excellent-performance-and-easy-operation\" data-v-md-line=\"8\">Prestazioni eccellenti e facilit\u00e0 d'uso<\/h2>\n<p data-v-md-line=\"9\">Il nucleo atomizzatore a rete ha il compito principale di garantire un gusto costante dal primo all'ultimo morso. Inoltre, \u00e8 dotato di una comoda interfaccia di ricarica Type-C, che consente di ricaricare facilmente con un cavo di ricarica del telefono cellulare. Lo schermo a LED consente di essere sempre informati sugli ultimi sviluppi con un semplice sguardo, eliminando la necessit\u00e0 di fare congetture.<\/p>\n<h2 data-v-md-heading=\"specification-overview\" data-v-md-line=\"11\">Panoramica delle specifiche<\/h2>\n<ul data-v-md-line=\"12\">\n<li>Frequenza di aspirazione: fino a 60000 volte<\/li>\n<li>Contenuto di nicotina: 2% o 5%<\/li>\n<li>Principio di funzionamento: Attivato tramite inalazione<\/li>\n<li>Metodo di ricarica: interfaccia USB standard di tipo C<\/li>\n<li>Stato: pronto all'uso appena estratto dalla confezione<\/li>\n<\/ul>\n<h2 data-v-md-heading=\"complete-flavor-series\" data-v-md-line=\"18\">Serie completa di sapori<\/h2>\n<p data-v-md-line=\"19\">Ogni dispositivo e confezione contiene sei gusti. Questa serie offre i seguenti gusti:<\/p>\n<ul data-v-md-line=\"20\">\n<li>Anguria alla fragola\/limone\/cocco al mirtillo<\/li>\n<li>Ghiaccio al mirtillo\/Soda alla ciliegia\/Limone al lampone<\/li>\n<li>Ghiaccio all'anguria\/ Cola alla vaniglia\/ Bacca mista<\/li>\n<li>Frutto del drago alla fragola\/Red Bull\/Anguria al lampone<\/li>\n<li>Fragola Lampone\/Mango Pesca\/Mirtillo Anguria<\/li>\n<li>Fragola, uva, mirtillo, cocco, pesca, limone<\/li>\n<li>Mirtillo lampone\/triplo melone\/fragola ghiacciata<\/li>\n<li>Frutti di bosco misti\/Kiwi Frutto della passione Guava\/Fragola Anguria<\/li>\n<li>Ghiaccio alla fragola\/al kiwi\/al mirtillo\/al cocomero<\/li>\n<li>Ghiaccio al mirtillo\/ Kiwi al lampone\/Ananas acido all'arancia<\/li>\n<\/ul>\n<p data-v-md-line=\"31\">Nota: le combinazioni di gusti possono variare a seconda del lotto. Ogni macchina offre comunque sei gusti diversi.<\/p>\n<h2 data-v-md-heading=\"for-you-and-your-business\" data-v-md-line=\"33\">For you and your business<\/h2>\n<p data-v-md-line=\"34\">Potete acquistare FIZZY Max III per uso personale o per aggiungerlo al vostro negozio. La confezione all'ingrosso \u00e8 di 10 pezzi per scatola media e 120 pezzi per scatola grande. Questo rende il processo di ordinazione semplice e il magazzino ben organizzato.<\/p>\n<p data-v-md-line=\"36\">Utilizziamo partner fidati come UPS, DPD e DHL per spedire gli e-liquid nella maggior parte delle destinazioni europee tramite DDP (Delivered Duty Paid), in modo che le tariffe siano gi\u00e0 state elaborate e non si verifichino problemi doganali imprevisti. Se vendete prodotti in mercati diversi, fate riferimento alle normative locali per comprendere i limiti di nicotina, poich\u00e9 molti paesi\/regioni dell'UE non consentono un contenuto di nicotina superiore a 5%.<\/p>\n<h2 data-v-md-heading=\"why-do-you-like-it\" data-v-md-line=\"38\">Perch\u00e9 ti piace?<\/h2>\n<ul data-v-md-line=\"39\">\n<li>Aspirazione massiccia: Fino a 60000 operazioni di aspirazione significano meno ordini ripetuti e visite al negozio a met\u00e0 settimana.<\/li>\n<li>Opzioni di contenuto di nicotina: 2% o 5%, potete scegliere il contenuto di nicotina pi\u00f9 adatto alle vostre abitudini quotidiane.<\/li>\n<li>Ricaricabile: La ricarica di tipo C consente di consumare ogni goccia di e-liquid.<\/li>\n<li>Bobina a rete: Consistenza liscia e consistente, che consente di mantenere il sapore originale ad ogni inspirazione.<\/li>\n<li>Sei gusti tra cui scegliere: \u00e8 possibile cambiare facilmente gusto senza dover cambiare dispositivo.<\/li>\n<\/ul>\n<h2 data-v-md-heading=\"why-choose-agoravape\" data-v-md-line=\"45\">Perch\u00e9 scegliere AgoraVape?<\/h2>\n<p data-v-md-line=\"46\">Offriamo solo prodotti originali 100% e crediamo fermamente in questo. Per gli acquirenti aziendali, questo significa che FIZZY Max III 60000 sei in un vapes aromatizzato pu\u00f2 godere di prezzi scontati all'ingrosso, supporto rapido del servizio clienti e consegna veloce DDP. Contattateci per riservare ai vostri clienti un dispositivo che valga la pena di riprendere.<\/p>\n<p><script src=\"chrome-extension:\/\/fpelahbljekknahkcaegamhcndkfpfnc\/iFrame.js\" type=\"text\/javascript\"><\/script><\/p>","protected":false},"excerpt":{"rendered":"<p>What is the charm of the FIZZY Max III 60000 pack six in one vape? If you are tired of<\/p>","protected":false},"featured_media":12165,"comment_status":"open","ping_status":"closed","template":"","meta":[],"product_brand":[203],"product_cat":[124,185,189,1642,176,195,130,174,175,193,191,173,186,180,190,192],"product_tag":[],"class_list":{"0":"post-12151","1":"product","2":"type-product","3":"status-publish","4":"has-post-thumbnail","6":"product_brand-fizzy","7":"product_cat-vape-by-brand","8":"product_cat-10000-puffs-high-capacity","9":"product_cat-20mg-standard-nicotine-vapes","10":"product_cat-60000-puffs","11":"product_cat-beverage","12":"product_cat-dual-flavor-switch","13":"product_cat-fizzy","14":"product_cat-fruit-flavors","15":"product_cat-icy-mint","16":"product_cat-mesh-coil","17":"product_cat-rechargeable-disposables","18":"product_cat-vape-by-flavor-profile","19":"product_cat-vape-by-nicotine-strength","20":"product_cat-vape-by-puff-count","21":"product_cat-vape-by-feature-or-type","22":"product_cat-vapes-with-screens","24":"first","25":"onbackorder","26":"shipping-taxable","27":"purchasable","28":"product-type-variable","29":"has-default-attributes"},"tiered_pricing_type":"percentage","tiered_pricing_fixed_rules":[],"tiered_pricing_product_settings":{"layout":"default","base_unit_name":{"singular":null,"plural":null},"default_variation":null},"tiered_pricing_minimum_quantity":10,"tiered_pricing_roles_data":[],"tiered_pricing_percentage_rules":{"50":"35","100":"40","200":"44","500":"47","1000":"49"},"tiered_pricing_maximum_quantity":null,"tiered_pricing_quantity_step":"10","_links":{"self":[{"href":"https:\/\/agoravape.com\/it\/wp-json\/wp\/v2\/product\/12151","targetHints":{"allow":["GET"]}}],"collection":[{"href":"https:\/\/agoravape.com\/it\/wp-json\/wp\/v2\/product"}],"about":[{"href":"https:\/\/agoravape.com\/it\/wp-json\/wp\/v2\/types\/product"}],"replies":[{"embeddable":true,"href":"https:\/\/agoravape.com\/it\/wp-json\/wp\/v2\/comments?post=12151"}],"version-history":[{"count":0,"href":"https:\/\/agoravape.com\/it\/wp-json\/wp\/v2\/product\/12151\/revisions"}],"wp:featuredmedia":[{"embeddable":true,"href":"https:\/\/agoravape.com\/it\/wp-json\/wp\/v2\/media\/12165"}],"wp:attachment":[{"href":"https:\/\/agoravape.com\/it\/wp-json\/wp\/v2\/media?parent=12151"}],"wp:term":[{"taxonomy":"product_brand","embeddable":true,"href":"https:\/\/agoravape.com\/it\/wp-json\/wp\/v2\/product_brand?post=12151"},{"taxonomy":"product_cat","embeddable":true,"href":"https:\/\/agoravape.com\/it\/wp-json\/wp\/v2\/product_cat?post=12151"},{"taxonomy":"product_tag","embeddable":true,"href":"https:\/\/agoravape.com\/it\/wp-json\/wp\/v2\/product_tag?post=12151"}],"curies":[{"name":"wp","href":"https:\/\/api.w.org\/{rel}","templated":true}]}}