{"id":12329,"date":"2025-10-09T20:50:27","date_gmt":"2025-10-09T12:50:27","guid":{"rendered":"https:\/\/green-grasshopper-921422.hostingersite.com\/?post_type=product&#038;p=12329"},"modified":"2026-01-19T22:08:38","modified_gmt":"2026-01-19T14:08:38","slug":"vapme-shisha-30000-soffi-dtl-narghile-vape","status":"publish","type":"product","link":"https:\/\/agoravape.com\/it\/product\/vapme-shisha-30000-puffs-dtl-hookah-vape\/","title":{"rendered":"Vapme Shisha 30000 porte DTL vaporizzatore usa e getta | Resistente e duraturo, dotato di bobine a rete"},"content":{"rendered":"<h2 data-v-md-heading=\"what-exactly-is-the-vapme-shisha-30000-dtl-disposable-vape\" data-v-md-line=\"3\">Che cos'\u00e8 esattamente il vape monouso Vapme Shisha 30000 DTL?<\/h2>\n<p data-v-md-line=\"4\">Se siete stanchi di cambiare la vostra svapata ogni pochi giorni, allora questa svapata vale sicuramente la pena di essere acquistata. Vapme Shisha 30000 \u00e8 una svapata monouso DTL con un'enorme riserva di e-liquid e una batteria ricaricabile, che vi permetter\u00e0 di utilizzare ogni goccia a vostro piacimento.<\/p>\n<p data-v-md-line=\"6\">\u00c8 adatto a tutti coloro che desiderano un dispositivo semplice da usare e facile da sperimentare come un narghil\u00e8. Le bobine a rete offrono un'ampia aspirazione e una consistenza consistente. Tuttavia, non abbiamo menzionato una parola sul numero di aspirazioni. Fino a 30000 soffi\u201c risulta dai test del produttore, quindi il numero effettivo di soffi dipender\u00e0 dal vostro metodo di inalazione e dalla durata di ogni soffio.<\/p>\n<h2 data-v-md-heading=\"excellent-performance-without-any-complex-configurations\" data-v-md-line=\"8\">Prestazioni eccellenti senza configurazioni complesse<\/h2>\n<p data-v-md-line=\"9\">Il cuore di questo dispositivo \u00e8 una bobina a maglie da 0,6 \u03a9, che assicura un gusto stabile e puro a ogni boccone. Dopo una settimana di utilizzo, non ci sar\u00e0 alcun odore di bruciato. Quando la batteria \u00e8 scarica, \u00e8 sufficiente collegare il cavo dati Type-C per continuare a usarla. Pu\u00f2 essere lo stesso caricabatterie del telefono, quindi non \u00e8 necessaria alcuna configurazione speciale.<\/p>\n<h2 data-v-md-heading=\"specification-overview\" data-v-md-line=\"11\">Panoramica delle specifiche<\/h2>\n<p data-v-md-line=\"12\"><strong>Numero di aspirazioni<\/strong>Fino a 30000 aspirazioni<br \/>\n<strong>Nicotine content<\/strong>2% (20mg\/mL)<br \/>\n<strong>Principio di funzionamento<\/strong>: Aspirazione per narghil\u00e8 DTL<br \/>\n<strong>Ricarica<\/strong>: Interfaccia USB standard di tipo C<br \/>\n<strong>Stato<\/strong>: Pronto all'uso dopo averlo disimballato<br \/>\n<strong>capacit\u00e0 di e-liquid<\/strong>: 36 millilitri<br \/>\n<strong>Batteria<\/strong>Batteria ricaricabile da 800 mAh<br \/>\n<strong>Nucleo atomizzante<\/strong>: Nucleo di atomizzazione con maglia da 0,6 \u03a9<br \/>\n<strong>Imballaggio all'ingrosso<\/strong>: 100 pezzi per scatola (peso lordo circa 13 chilogrammi)<\/p>\n<h2 data-v-md-heading=\"full-range-of-flavors\" data-v-md-line=\"22\">Full range of flavors<\/h2>\n<ul data-v-md-line=\"23\">\n<li>Amore 66<\/li>\n<li>Strawberry watermelon<\/li>\n<li>Kiwi alla fragola<\/li>\n<li>Strawberry smoothie<\/li>\n<li>Lady Killer<\/li>\n<li>Gomma da masticare al mirtillo<\/li>\n<li>Kiwi, passion fruit, guava<\/li>\n<li>Anguria Red Bull<\/li>\n<li>Frutti di bosco misti<\/li>\n<li>Pesca, Mango, Ananas<\/li>\n<\/ul>\n<h2 data-v-md-heading=\"for-you-and-for-your-business-as-well\" data-v-md-line=\"34\">Per te e anche per la tua attivit\u00e0<\/h2>\n<p data-v-md-line=\"35\">Potete scegliere Vapme Shisha 30000 da soli o aggiungerlo al vostro negozio. La confezione all'ingrosso contiene 100 unit\u00e0, il che rende conveniente fare scorta di vari gusti in qualsiasi momento.<\/p>\n<p data-v-md-line=\"37\">Spediamo in varie parti d'Europa attraverso partner fidati come UPS, DPD e DHL su base Delivered Duty Paid (DDP), assicurando che non si verifichino incidenti alla dogana. Tuttavia, prima di effettuare un ordine, verificare le normative locali. In alcuni paesi\/regioni dell'UE, gli e-liquid monouso ad alta capacit\u00e0 di nicotina potrebbero non essere consentiti per la vendita al dettaglio in base a normative come la TPD.<\/p>\n<h2 data-v-md-heading=\"the-reason-why-you-will-like-it\" data-v-md-line=\"39\">Il motivo per cui ti piacer\u00e0<\/h2>\n<p data-v-md-line=\"40\"><strong>Aspirazione massiccia:<\/strong>\u00a0Durata pi\u00f9 lunga, in modo da non dover acquistare frequentemente nuove attrezzature.<br \/>\n<strong>Selezione della nicotina<\/strong>: Impostare su 2% per ottenere un'esperienza di smaltimento familiare.<br \/>\n<strong>Ricaricabile<\/strong>: Con una capacit\u00e0 di 36 millilitri, pu\u00f2 essere utilizzato senza scartare il dispositivo utilizzato a met\u00e0.<br \/>\n<strong>Nucleo di atomizzazione a rete<\/strong>: Dal primo all'ultimo morso, il gusto \u00e8 morbido e il fumo \u00e8 stabile.<br \/>\n<strong>Aspirazione fine<\/strong>: Presa d'aria a getto d'acqua, per un'esperienza rinfrescante ed esaltante.<\/p>\n<h2 data-v-md-heading=\"why-collaborate-with-agoravape\" data-v-md-line=\"46\">Perch\u00e9 collaborare con AgoraVape?<\/h2>\n<p data-v-md-line=\"47\">Acquistiamo solo prodotti originali 100% e garantiamo la qualit\u00e0 del prodotto. Per i clienti commerciali, \u00e8 possibile godere di prezzi scontati all'ingrosso, supporto affidabile e servizi di consegna veloce DDP per Vapme Shisha 30000 bocca fine aspirazione acqua tubo vapes monouso. Contattateci per scoprire come creare un dispositivo a cui vale la pena tornare per i vostri clienti.<\/p>","protected":false},"excerpt":{"rendered":"<p>What exactly is the Vapme Shisha 30000 DTL disposable vape? If you\u2019re tired of changing your vape every few days,<\/p>","protected":false},"featured_media":12383,"comment_status":"open","ping_status":"closed","template":"","meta":[],"product_brand":[204],"product_cat":[124,185,189,1637,176,174,175,193,191,179,173,186,180,190,131],"product_tag":[],"class_list":{"0":"post-12329","1":"product","2":"type-product","3":"status-publish","4":"has-post-thumbnail","6":"product_brand-vapme","7":"product_cat-vape-by-brand","8":"product_cat-10000-puffs-high-capacity","9":"product_cat-20mg-standard-nicotine-vapes","10":"product_cat-30000-puffs","11":"product_cat-beverage","12":"product_cat-fruit-flavors","13":"product_cat-icy-mint","14":"product_cat-mesh-coil","15":"product_cat-rechargeable-disposables","16":"product_cat-unique-blends","17":"product_cat-vape-by-flavor-profile","18":"product_cat-vape-by-nicotine-strength","19":"product_cat-vape-by-puff-count","20":"product_cat-vape-by-feature-or-type","21":"product_cat-vapme","23":"first","24":"onbackorder","25":"shipping-taxable","26":"purchasable","27":"product-type-variable","28":"has-default-attributes"},"tiered_pricing_type":"percentage","tiered_pricing_fixed_rules":[],"tiered_pricing_product_settings":{"layout":"default","base_unit_name":{"singular":null,"plural":null},"default_variation":null},"tiered_pricing_minimum_quantity":10,"tiered_pricing_roles_data":[],"tiered_pricing_percentage_rules":{"50":"35","100":"40","200":"44","500":"47","1000":"49"},"tiered_pricing_maximum_quantity":null,"tiered_pricing_quantity_step":"10","_links":{"self":[{"href":"https:\/\/agoravape.com\/it\/wp-json\/wp\/v2\/product\/12329","targetHints":{"allow":["GET"]}}],"collection":[{"href":"https:\/\/agoravape.com\/it\/wp-json\/wp\/v2\/product"}],"about":[{"href":"https:\/\/agoravape.com\/it\/wp-json\/wp\/v2\/types\/product"}],"replies":[{"embeddable":true,"href":"https:\/\/agoravape.com\/it\/wp-json\/wp\/v2\/comments?post=12329"}],"version-history":[{"count":0,"href":"https:\/\/agoravape.com\/it\/wp-json\/wp\/v2\/product\/12329\/revisions"}],"wp:featuredmedia":[{"embeddable":true,"href":"https:\/\/agoravape.com\/it\/wp-json\/wp\/v2\/media\/12383"}],"wp:attachment":[{"href":"https:\/\/agoravape.com\/it\/wp-json\/wp\/v2\/media?parent=12329"}],"wp:term":[{"taxonomy":"product_brand","embeddable":true,"href":"https:\/\/agoravape.com\/it\/wp-json\/wp\/v2\/product_brand?post=12329"},{"taxonomy":"product_cat","embeddable":true,"href":"https:\/\/agoravape.com\/it\/wp-json\/wp\/v2\/product_cat?post=12329"},{"taxonomy":"product_tag","embeddable":true,"href":"https:\/\/agoravape.com\/it\/wp-json\/wp\/v2\/product_tag?post=12329"}],"curies":[{"name":"wp","href":"https:\/\/api.w.org\/{rel}","templated":true}]}}