{"id":12489,"date":"2025-10-09T21:37:56","date_gmt":"2025-10-09T13:37:56","guid":{"rendered":"https:\/\/green-grasshopper-921422.hostingersite.com\/?post_type=product&#038;p=12489"},"modified":"2026-03-26T13:22:25","modified_gmt":"2026-03-26T12:22:25","slug":"vapme-digitale-30000-soffi-mtl-vape","status":"publish","type":"product","link":"https:\/\/agoravape.com\/it\/product\/vapme-digital-30000-puffs-mtl-vape\/","title":{"rendered":"Vapme Digital 30000 tiri MTL, svapo monouso | Numero enorme di tiri. Tiro MTL fluido"},"content":{"rendered":"<h2 data-v-md-heading=\"what-are-the-advantages-of-vapme-digital-s-30000-mouth-disposable-vapes\" data-v-md-line=\"3\">Quali sono i vantaggi dei vapes monouso a bocca 30000 di Vapme Digital?<\/h2>\n<p data-v-md-line=\"4\">Se siete stanchi di cambiare dispositivo ogni giorno, questo prodotto vi semplificher\u00e0 la vita. Vapme Digital integra una capacit\u00e0 fino a 30000 boccate in un elegante dispositivo usa e getta che risulta naturale, fluido e facile da usare. Non c'\u00e8 bisogno di operazioni noiose o di menu.<\/p>\n<p data-v-md-line=\"6\">Se volete una svapata affidabile, deliziosa e subito disponibile, questa \u00e8 la scelta ideale. Se siete pendolari, eroi del turno di notte o chiunque odi le svapate che si esauriscono nei momenti pi\u00f9 critici, questa \u00e8 la scelta ideale. Si potrebbe pensare che un dispositivo di cos\u00ec grande capacit\u00e0 lo renda ingombrante, ma pu\u00f2 essere facilmente inserito in una tasca e tenuto comodamente in mano.<\/p>\n<h2 data-v-md-heading=\"excellent-performance-without-any-complexity\" data-v-md-line=\"8\">Excellent performance without any complexity<\/h2>\n<p data-v-md-line=\"9\">La bobina a maglie da 0,6 \u03a9 si fa carico di una grande responsabilit\u00e0. Si riscalda in modo uniforme, garantendo un gusto costante ad ogni boccone. Quando la batteria \u00e8 scarica, \u00e8 possibile caricarla tramite l'interfaccia Type-C. Pu\u00f2 essere la stessa del cavo di ricarica del telefono. Facile da usare. Senza bisogno di impostazioni complesse, \u00e8 possibile ottenere un'esperienza di inalazione simile alla sigaretta simulata.<\/p>\n<h2 data-v-md-heading=\"specification-introduction\" data-v-md-line=\"11\">Introduzione alle specifiche<\/h2>\n<ul data-v-md-line=\"12\">\n<li>Suction frequency: up to 30000 times<\/li>\n<li>Contenuto di nicotina: 0%, 2%, 3%, 5% (la fornitura specifica varia a seconda della regione)<\/li>\n<li>Principio di funzionamento: basta inspirare per attivare<\/li>\n<li>Capacit\u00e0 del liquido elettronico: 20 millilitri<\/li>\n<li>Batteria: 850 mAh<\/li>\n<li>Atomizing core: 0.6 \u03a9 mesh<\/li>\n<li>Modalit\u00e0: Aspirazione orale<\/li>\n<li>Charging: Standard Type-C USB interface<\/li>\n<li>Stato: pronto all'uso appena estratto dalla confezione<\/li>\n<\/ul>\n<p data-v-md-line=\"22\">Nota: il numero di aspirazioni \u00e8 un valore stimato basato su test standard. La frequenza di aspirazione effettiva varia a seconda della durata dell'aspirazione e della potenza preferita.<\/p>\n<h2 data-v-md-heading=\"full-range-of-flavors\" data-v-md-line=\"24\">Full range of flavors<\/h2>\n<ul data-v-md-line=\"25\">\n<li>Blueberry and raspberry flavor<\/li>\n<li>Ghiaccio alla ciliegia<\/li>\n<li>Kiwi, passion fruit, guava flavor<\/li>\n<li>Ghiaccio alla fragola<\/li>\n<li>Strano sapore di frutta alla fragola<\/li>\n<li>Gusto Red Bull alla fragola<\/li>\n<li>Gusto fragola e uva<\/li>\n<li>Ghiaccio all'anguria<\/li>\n<li>Pesca ghiacciata<\/li>\n<li>Bevande energetiche<\/li>\n<li>Gusto Lady Killer<\/li>\n<li>Amore 66 sapori<\/li>\n<\/ul>\n<h2 data-v-md-heading=\"for-you-for-your-business\" data-v-md-line=\"38\">Per te, per il tuo business<\/h2>\n<p data-v-md-line=\"39\">\u00c8 possibile acquistare i vapori monouso Vapme Digital calibro 30000 per uso personale o per il proprio negozio. La confezione all'ingrosso contiene 160 unit\u00e0, il che rende conveniente la pianificazione dell'inventario e dei profitti.<\/p>\n<p data-v-md-line=\"41\">Forniamo servizi DDP attraverso partner di fiducia come UPS, DPD e DHL, coprendo l'intera regione europea. Il vostro ordine ha pagato i dazi doganali ed \u00e8 dotato di un sistema di tracciabilit\u00e0 completo per assicurarvi di non incorrere in incidenti alla dogana.<\/p>\n<p data-v-md-line=\"43\">La concentrazione di nicotina e la disponibilit\u00e0 di alcuni aromi possono variare a seconda della destinazione. Forniamo la nicotina consentita nel vostro paese\/regione e rispettiamo le normative locali.<\/p>\n<h2 data-v-md-heading=\"why-do-you-like-it\" data-v-md-line=\"45\">Perch\u00e9 ti piace?<\/h2>\n<ul data-v-md-line=\"46\">\n<li>Pi\u00f9 boccate: Resistente e duraturo, non \u00e8 necessario acquistare frequentemente nuovo e-liquid.<\/li>\n<li>Selezione della nicotina: Scegliete la concentrazione di nicotina pi\u00f9 adatta alle vostre abitudini di svapo.<\/li>\n<li>Ricaricabile: L'interfaccia Type-C consente di utilizzare tutti gli e-liquid acquistati.<\/li>\n<li>Nucleo di atomizzazione a rete: garantisce un gusto stabile e duraturo ogni volta.<\/li>\n<li>Fumo confortevole: Se state smettendo di fumare le sigarette, questo modo familiare di fumare vi far\u00e0 sentire naturali.<\/li>\n<\/ul>\n<h2 data-v-md-heading=\"why-choose-to-collaborate-with-agoravape\" data-v-md-line=\"52\">Perch\u00e9 scegliere di collaborare con AgoraVape?<\/h2>\n<p data-v-md-line=\"53\">Vendiamo solo prodotti originali 100% da fornitori verificati. Potete godere di prezzi scontati all'ingrosso, di un inventario affidabile e di un'assistenza rapida per i vapes monouso da 30000 puff di Vapme Digital. Forniamo servizi di trasporto veloci, prudenti e a pagamento in tutta Europa, consentendovi di concentrarvi sulle vendite senza dover sbrigare noiose pratiche burocratiche.<\/p>\n<p data-v-md-line=\"55\">Se avete domande sui prezzi dei prodotti sfusi o sulla conformit\u00e0 del vostro mercato, contattate il nostro team. Forniremo ai vostri clienti l'intensit\u00e0 e il sapore appropriati e manterremo aperta la vostra linea di prodotti.<\/p>\n<p><script src=\"chrome-extension:\/\/fpelahbljekknahkcaegamhcndkfpfnc\/iFrame.js\" type=\"text\/javascript\"><\/script><\/p>","protected":false},"excerpt":{"rendered":"<p>What are the advantages of Vapme Digital\u2019s 30000 mouth disposable vapes? If you\u2019re tired of changing devices every few days,<\/p>","protected":false},"featured_media":12511,"comment_status":"open","ping_status":"closed","template":"","meta":[],"product_brand":[204],"product_cat":[124,187,185,189,1637,176,174,175,193,191,179,173,186,180,190,131],"product_tag":[],"class_list":{"0":"post-12489","1":"product","2":"type-product","3":"status-publish","4":"has-post-thumbnail","6":"product_brand-vapme","7":"product_cat-vape-by-brand","8":"product_cat-0mg-nicotine-free-vapes","9":"product_cat-10000-puffs-high-capacity","10":"product_cat-20mg-standard-nicotine-vapes","11":"product_cat-30000-puffs","12":"product_cat-beverage","13":"product_cat-fruit-flavors","14":"product_cat-icy-mint","15":"product_cat-mesh-coil","16":"product_cat-rechargeable-disposables","17":"product_cat-unique-blends","18":"product_cat-vape-by-flavor-profile","19":"product_cat-vape-by-nicotine-strength","20":"product_cat-vape-by-puff-count","21":"product_cat-vape-by-feature-or-type","22":"product_cat-vapme","24":"first","25":"instock","26":"shipping-taxable","27":"purchasable","28":"product-type-variable","29":"has-default-attributes"},"tiered_pricing_type":"percentage","tiered_pricing_fixed_rules":[],"tiered_pricing_product_settings":{"layout":"default","base_unit_name":{"singular":null,"plural":null},"default_variation":null},"tiered_pricing_minimum_quantity":10,"tiered_pricing_roles_data":[],"tiered_pricing_percentage_rules":{"50":"35","100":"40","200":"44","500":"47","1000":"49"},"tiered_pricing_maximum_quantity":null,"tiered_pricing_quantity_step":"10","_links":{"self":[{"href":"https:\/\/agoravape.com\/it\/wp-json\/wp\/v2\/product\/12489","targetHints":{"allow":["GET"]}}],"collection":[{"href":"https:\/\/agoravape.com\/it\/wp-json\/wp\/v2\/product"}],"about":[{"href":"https:\/\/agoravape.com\/it\/wp-json\/wp\/v2\/types\/product"}],"replies":[{"embeddable":true,"href":"https:\/\/agoravape.com\/it\/wp-json\/wp\/v2\/comments?post=12489"}],"version-history":[{"count":0,"href":"https:\/\/agoravape.com\/it\/wp-json\/wp\/v2\/product\/12489\/revisions"}],"wp:featuredmedia":[{"embeddable":true,"href":"https:\/\/agoravape.com\/it\/wp-json\/wp\/v2\/media\/12511"}],"wp:attachment":[{"href":"https:\/\/agoravape.com\/it\/wp-json\/wp\/v2\/media?parent=12489"}],"wp:term":[{"taxonomy":"product_brand","embeddable":true,"href":"https:\/\/agoravape.com\/it\/wp-json\/wp\/v2\/product_brand?post=12489"},{"taxonomy":"product_cat","embeddable":true,"href":"https:\/\/agoravape.com\/it\/wp-json\/wp\/v2\/product_cat?post=12489"},{"taxonomy":"product_tag","embeddable":true,"href":"https:\/\/agoravape.com\/it\/wp-json\/wp\/v2\/product_tag?post=12489"}],"curies":[{"name":"wp","href":"https:\/\/api.w.org\/{rel}","templated":true}]}}