{"id":12594,"date":"2025-10-10T10:01:20","date_gmt":"2025-10-10T02:01:20","guid":{"rendered":"https:\/\/green-grasshopper-921422.hostingersite.com\/?post_type=product&#038;p=12594"},"modified":"2026-01-15T19:41:29","modified_gmt":"2026-01-15T11:41:29","slug":"vapme-shisha-hookah-15000-soffi-dtl-vape","status":"publish","type":"product","link":"https:\/\/agoravape.com\/it\/product\/vapme-shisha-hookah-15000-puffs-dtl-vape\/","title":{"rendered":"Vapme Shisha Hookah 15000 tiri DTL Vape | Svapo DTL ad alta capacit\u00e0 reso facile"},"content":{"rendered":"<h2 data-v-md-heading=\"what-are-the-advantages-of-vapme-shisha-hookah-15000-dtl-vapes\" data-v-md-line=\"3\"><img loading=\"lazy\" decoding=\"async\" class=\"aligncenter size-full wp-image-12616\" src=\"https:\/\/agoravape.com\/wp-content\/uploads\/2025\/10\/Vapme-Shisha-Hookah-15000-Puffs-DTL-Vape_Agora_vape-1-scaled.webp\" alt=\"\" width=\"2560\" height=\"1707\" srcset=\"https:\/\/agoravape.com\/wp-content\/uploads\/2025\/10\/Vapme-Shisha-Hookah-15000-Puffs-DTL-Vape_Agora_vape-1-scaled.webp 2560w, https:\/\/agoravape.com\/wp-content\/uploads\/2025\/10\/Vapme-Shisha-Hookah-15000-Puffs-DTL-Vape_Agora_vape-1-scaled-1200x800.webp 1200w\" sizes=\"auto, (max-width: 2560px) 100vw, 2560px\" \/><\/h2>\n<h2 data-v-md-heading=\"what-are-the-advantages-of-vapme-shisha-hookah-15000-dtl-vapes\" data-v-md-line=\"3\">Quali sono i vantaggi di Vapme Shisha Hookah 15000 DTL Vapes?<\/h2>\n<p data-v-md-line=\"4\">Se siete stanchi di cambiare e-liquid monouso ogni pochi giorni, questo prodotto vi semplificher\u00e0 la vita. Vapme Shisha Hookah 15000 \u00e8 un e-liquid monouso DTL ad alta capacit\u00e0 progettato per un uso prolungato, con un gusto stabile e zero problemi.<\/p>\n<p data-v-md-line=\"6\">\u00c8 adatto a tutti coloro che vogliono sperimentare il fumo in stile narghil\u00e8, inalare facilmente e mantenere un gusto stabile dal primo all'ultimo morso. Si potrebbe pensare che questa capacit\u00e0 di svapo abbia un sapore pi\u00f9 leggero dopo una settimana di utilizzo, ma la coil a rete \u00e8 in grado di mantenere il suo gusto puro e forte.<\/p>\n<h2 data-v-md-heading=\"excellent-performance-worry-free\" data-v-md-line=\"8\">Prestazioni eccellenti, senza preoccupazioni<\/h2>\n<p data-v-md-line=\"9\">Vapme \u00e8 dotata di una bobina a maglie da 0,6 \u03a9 e di 25 ml di e-liquid preinstallati, che rendono ogni boccata morbida e piena. La batteria da 850 mAh pu\u00f2 essere ricaricata tramite Type-C, in modo da poter utilizzare davvero la potenza acquistata senza sprecare mezza scatola di batteria. Quando la batteria \u00e8 esaurita, \u00e8 possibile utilizzare lo stesso cavo dati del telefono per ricaricarla. \u00c8 semplice.<\/p>\n<h2 data-v-md-heading=\"specification-introduction\" data-v-md-line=\"11\">Introduzione alle specifiche<\/h2>\n<ul data-v-md-line=\"12\">\n<li>Frequenza di aspirazione: fino a 15000 volte<\/li>\n<li>Contenuto di nicotina: 0% e 2%<\/li>\n<li>Metodo di fumo: aspirazione polmonare (DTL)<\/li>\n<li>Atomizing core: 0.6 \u03a9 mesh<\/li>\n<li>E-liquid capacity: 25 milliliters<\/li>\n<li>Batteria: batteria ricaricabile da 850 mAh<\/li>\n<li>Charging: Standard Type-C USB interface<\/li>\n<li>Stato: pronto all'uso dopo l'unboxing<\/li>\n<\/ul>\n<h2 data-v-md-heading=\"full-range-of-flavors\" data-v-md-line=\"21\">Full range of flavors<\/h2>\n<ul data-v-md-line=\"22\">\n<li>Mirtilli ghiacciati<\/li>\n<li>Kiwi, passion fruit, guava<\/li>\n<li>Acqua al limone e mirtilli<\/li>\n<li>Kiwi alla fragola<\/li>\n<li>Frutti di bosco misti<\/li>\n<li>Strawberry watermelon<\/li>\n<li>Ghiaccio all'uva<\/li>\n<li>Ghiaccio all'anguria<\/li>\n<li>Pesca Mang Ananas<\/li>\n<li>Ghiaccio alla fragola<\/li>\n<li>Pesca ghiacciata<\/li>\n<li>Mango e banana<\/li>\n<li>Bacca di ciliegia<\/li>\n<li>Mirtilli e lamponi<\/li>\n<li>Amore 66<\/li>\n<li>Mucca anguria<\/li>\n<li>Uva fragola<\/li>\n<li>Caramelle alla fragola e al lampone<\/li>\n<li>Mamba<\/li>\n<li>Ciliegia all'anguria<\/li>\n<li>Mele congelate<\/li>\n<li>Limone come<\/li>\n<li>Ghiaccio al ribes nero<\/li>\n<li>Frullato all'ananas<\/li>\n<\/ul>\n<h2 data-v-md-heading=\"for-you-and-for-your-business-as-well\" data-v-md-line=\"47\">Per te e anche per la tua attivit\u00e0<\/h2>\n<p data-v-md-line=\"48\">Se desiderate un narghil\u00e8 DTL monouso di lunga durata e dal sapore familiare, potete acquistare il Vapme Shisha Hookah 15000 per uso personale. Se siete rivenditori o acquirenti, potete acquistare scatole all'ingrosso da 200 pezzi per scatola.<\/p>\n<p data-v-md-line=\"50\">Per spedire i prodotti in Europa tramite DDP ci avvaliamo di partner fidati come UPS, DPD e DHL, in modo che le tariffe possano essere elaborate in anticipo per evitare situazioni impreviste alla dogana. Se avete bisogno di specificare un percorso o di spedire in lotti per diversi negozi, possiamo anche organizzarlo per voi.<\/p>\n<p data-v-md-line=\"52\">Dichiarazione di conformit\u00e0: La capacit\u00e0 di questo dispositivo \u00e8 di 25 millilitri, superando il limite TPD di 2 millilitri per i vapes preconfezionati. Nella maggior parte dei paesi\/regioni dell'UE, di solito non \u00e8 conforme alle normative TPD per la vendita al dettaglio. Prima di importare o vendere, verificare le normative locali.<\/p>\n<h2 data-v-md-heading=\"why-do-you-like-it\" data-v-md-line=\"54\">Perch\u00e9 ti piace?<\/h2>\n<ul data-v-md-line=\"55\">\n<li>Capacit\u00e0 ultra grande: fino a 15000 porte, il che significa meno acquisti ripetuti e meno problemi.<\/li>\n<li>Selezione del contenuto di nicotina: Scegliere 0% o 2% in base alle proprie preferenze.<\/li>\n<li>Ricaricabile: Ricarica di tipo C, per completare facilmente l'e-liquid.<\/li>\n<li>Bobina a rete: Esperienza di aspirazione DTL fluida, gusto costante<\/li>\n<\/ul>\n<h2 data-v-md-heading=\"why-choose-to-collaborate-with-agoravape\" data-v-md-line=\"60\">Perch\u00e9 scegliere di collaborare con AgoraVape?<\/h2>\n<p data-v-md-line=\"61\">Forniamo solo prodotti originali 100% da canali verificati per garantire che possiate acquistare prodotti originali ogni volta. I nostri clienti B2B possono godere di prezzi all'ingrosso altamente competitivi, di servizi di consegna DDP affidabili in Europa e di un supporto rapido da parte di professionisti che conoscono veramente il prodotto. Se volete aggiungere i prodotti Vapme Shisha Hookah 15000 DTL alla vostra linea di prodotti, contattateci immediatamente e vi aiuteremo a scegliere la combinazione di sapori pi\u00f9 venduta.<\/p>\n<p data-v-md-line=\"63\">Il prodotto ha un limite di et\u00e0. Solo per persone di et\u00e0 pari o superiore a 18 anni.<\/p>","protected":false},"excerpt":{"rendered":"<p>What are the advantages of Vapme Shisha Hookah 15000 DTL Vapes? If you\u2019re tired of changing disposable e-liquid every few<\/p>","protected":false},"featured_media":12627,"comment_status":"open","ping_status":"closed","template":"","meta":[],"product_brand":[204],"product_cat":[124,187,185,1635,189,176,177,174,175,193,191,179,173,186,180,190,131],"product_tag":[],"class_list":{"0":"post-12594","1":"product","2":"type-product","3":"status-publish","4":"has-post-thumbnail","6":"product_brand-vapme","7":"product_cat-vape-by-brand","8":"product_cat-0mg-nicotine-free-vapes","9":"product_cat-10000-puffs-high-capacity","10":"product_cat-15000-puffs","11":"product_cat-20mg-standard-nicotine-vapes","12":"product_cat-beverage","13":"product_cat-dessert-sweets","14":"product_cat-fruit-flavors","15":"product_cat-icy-mint","16":"product_cat-mesh-coil","17":"product_cat-rechargeable-disposables","18":"product_cat-unique-blends","19":"product_cat-vape-by-flavor-profile","20":"product_cat-vape-by-nicotine-strength","21":"product_cat-vape-by-puff-count","22":"product_cat-vape-by-feature-or-type","23":"product_cat-vapme","25":"first","26":"instock","27":"shipping-taxable","28":"purchasable","29":"product-type-variable","30":"has-default-attributes"},"tiered_pricing_type":"percentage","tiered_pricing_fixed_rules":[],"tiered_pricing_product_settings":{"layout":"default","base_unit_name":{"singular":null,"plural":null},"default_variation":null},"tiered_pricing_minimum_quantity":10,"tiered_pricing_roles_data":[],"tiered_pricing_percentage_rules":{"50":"35","100":"40","200":"44","500":"47","1000":"49"},"tiered_pricing_maximum_quantity":null,"tiered_pricing_quantity_step":"10","_links":{"self":[{"href":"https:\/\/agoravape.com\/it\/wp-json\/wp\/v2\/product\/12594","targetHints":{"allow":["GET"]}}],"collection":[{"href":"https:\/\/agoravape.com\/it\/wp-json\/wp\/v2\/product"}],"about":[{"href":"https:\/\/agoravape.com\/it\/wp-json\/wp\/v2\/types\/product"}],"replies":[{"embeddable":true,"href":"https:\/\/agoravape.com\/it\/wp-json\/wp\/v2\/comments?post=12594"}],"version-history":[{"count":0,"href":"https:\/\/agoravape.com\/it\/wp-json\/wp\/v2\/product\/12594\/revisions"}],"wp:featuredmedia":[{"embeddable":true,"href":"https:\/\/agoravape.com\/it\/wp-json\/wp\/v2\/media\/12627"}],"wp:attachment":[{"href":"https:\/\/agoravape.com\/it\/wp-json\/wp\/v2\/media?parent=12594"}],"wp:term":[{"taxonomy":"product_brand","embeddable":true,"href":"https:\/\/agoravape.com\/it\/wp-json\/wp\/v2\/product_brand?post=12594"},{"taxonomy":"product_cat","embeddable":true,"href":"https:\/\/agoravape.com\/it\/wp-json\/wp\/v2\/product_cat?post=12594"},{"taxonomy":"product_tag","embeddable":true,"href":"https:\/\/agoravape.com\/it\/wp-json\/wp\/v2\/product_tag?post=12594"}],"curies":[{"name":"wp","href":"https:\/\/api.w.org\/{rel}","templated":true}]}}