{"id":12654,"date":"2025-10-10T10:30:53","date_gmt":"2025-10-10T02:30:53","guid":{"rendered":"https:\/\/green-grasshopper-921422.hostingersite.com\/?post_type=product&#038;p=12654"},"modified":"2026-03-26T13:22:25","modified_gmt":"2026-03-26T12:22:25","slug":"vapme-digitale-12000-soffi-display-vape","status":"publish","type":"product","link":"https:\/\/agoravape.com\/it\/product\/vapme-digital-12000-puffs-display-vape\/","title":{"rendered":"Vapme Digital 12000 Puffs Display Digitale Vape | Sapore duraturo, reso semplice"},"content":{"rendered":"<h2 data-v-md-heading=\"what-are-the-highlights-of-vapme-digital-12000-digital-vapes\" data-v-md-line=\"3\">Quali sono i punti di forza dei vapers digitali Vapme Digital 12000?<\/h2>\n<p data-v-md-line=\"4\">Se siete stanchi dei vapers usa e getta che vengono abbandonati a met\u00e0 settimana, questo prodotto merita sicuramente un'occhiata. Vapme Digital 12000 ha una grande capacit\u00e0 di 20 ml di e-liquid, \u00e8 dotato di una batteria ricaricabile da 850 mAh e di un chiaro schermo digitale che pu\u00f2 visualizzare contemporaneamente i livelli di batteria e di e-liquid rimanenti. Non \u00e8 necessario tirare a indovinare, \u00e8 facile e conveniente.<\/p>\n<p data-v-md-line=\"6\">Se desiderate una svapata affidabile, deliziosa ed efficace, questo prodotto \u00e8 la scelta ideale. In base alle vostre abitudini di assorbimento dell'olio e all'uso quotidiano, potrete ottenere fino a 12000 boccate. Si potrebbe pensare che una svapata di cos\u00ec grande capacit\u00e0 sia ingombrante, ma questo prodotto \u00e8 sorprendentemente conveniente.<\/p>\n<h2 data-v-md-heading=\"excellent-performance-easy-and-convenient\" data-v-md-line=\"8\">Prestazioni eccellenti, facile e conveniente<\/h2>\n<p data-v-md-line=\"9\">Il nucleo di Vapme Digital 12000 adotta un nucleo di atomizzazione a maglia da 1,0 \u03a9, garantendo che ogni boccata sia deliziosa come la prima. Aspirazione fluida e gusto costante in tutto l'atomizzatore. Quando la batteria \u00e8 scarica, \u00e8 possibile caricarla attraverso l'interfaccia Type-C e il cavo di ricarica pu\u00f2 essere lo stesso del cavo di ricarica del telefono. Semplice e conveniente.<\/p>\n<h2 data-v-md-heading=\"specification-introduction\" data-v-md-line=\"11\">Introduzione alle specifiche<\/h2>\n<ul data-v-md-line=\"12\">\n<li>Frequenza di aspirazione: fino a 12000 volte<\/li>\n<li>Nicotine content: 0%, 2%, 3%, or 5%<\/li>\n<li>Working principle: Activate with just one puff<\/li>\n<li>Charging: Standard Type-C USB interface<\/li>\n<li>Stato: pronto all'uso appena estratto dalla confezione<\/li>\n<\/ul>\n<h2 data-v-md-heading=\"full-range-of-flavors\" data-v-md-line=\"18\">Full range of flavors<\/h2>\n<ul data-v-md-line=\"19\">\n<li>Acqua al limone e mirtilli<\/li>\n<li>Strawberry watermelon<\/li>\n<li>Ghiaccio all'anguria<\/li>\n<li>Pesca ghiacciata<\/li>\n<li>Frutti di bosco misti<\/li>\n<li>Mango, pesca, ananas<\/li>\n<li>Ghiaccio alla fragola<\/li>\n<li>Cherry Cola<\/li>\n<li>Ghiaccio all'uva<\/li>\n<li>Mirtilli e lamponi<\/li>\n<li>Ghiaccio alla ciliegia<\/li>\n<li>Gelato alla fragola e kiwi<\/li>\n<li>Kiwi, passion fruit, guava<\/li>\n<li>Binji ai frutti tropicali<\/li>\n<li>Ghiaccio alla fragola e banana<\/li>\n<li>Ghiaccio alla mela e ai frutti di bosco<\/li>\n<li>Ghiaccio alla fragola e al frutto del drago<\/li>\n<li>Ghiaccio alla pesca e al mirtillo<\/li>\n<li>Ghiaccio alla pesca e al mango<\/li>\n<li>Menthol ice<\/li>\n<\/ul>\n<h2 data-v-md-heading=\"for-you-and-your-business\" data-v-md-line=\"40\">For you and your business<\/h2>\n<p data-v-md-line=\"41\">\u00c8 possibile acquistare la confezione Vapme Digital 12000 per uso personale o per fare scorta nel proprio negozio. Scatole di cartone all'ingrosso da 200 pezzi per scatola, in modo da poter pianificare facilmente l'inventario e mantenere gli scaffali completamente carichi.<\/p>\n<p data-v-md-line=\"43\">Spediamo attraverso partner di fiducia come UPS, DPD e DHL in tutta Europa, in modo che il vostro ordine possa essere consegnato rapidamente e che la dogana non vi crei problemi. Le normative per i vapers usa e getta di grande capacit\u00e0 variano a seconda dei paesi\/regioni, pertanto vi invitiamo a controllare le normative locali o a contattarci per ricevere indicazioni prima di effettuare un ordine.<\/p>\n<h2 data-v-md-heading=\"why-do-you-like-it\" data-v-md-line=\"45\">Perch\u00e9 ti piace?<\/h2>\n<ul data-v-md-line=\"46\">\n<li>Aspirazione potente: tempo di utilizzo pi\u00f9 lungo, quindi non \u00e8 necessario acquistarne di nuovi frequentemente.<\/li>\n<li>Nicotine selection: Choose the concentration that is suitable for your daily use.<\/li>\n<li>Ricaricabile: utilizzi tutti i liquidi elettronici acquistati.<\/li>\n<li>Bobina a rete: Offre un gusto costante e un'esperienza di aspirazione omogenea ogni volta.<\/li>\n<li>Schermo digitale: Offre una chiara visione della batteria e dell'e-liquid, tenendovi sempre informati sullo stato attuale.<\/li>\n<\/ul>\n<h2 data-v-md-heading=\"why-choose-agoravape\" data-v-md-line=\"52\">Perch\u00e9 scegliere AgoraVape?<\/h2>\n<p data-v-md-line=\"53\">Vendiamo solo prodotti originali 100% e garantiamo la qualit\u00e0 dei prodotti che spediamo. I clienti aziendali possono godere di prezzi all'ingrosso altamente competitivi, di un supporto reattivo e di servizi di consegna veloci, tracciabili e riservati. Forniamo metodi di pagamento sicuri e, in caso di problemi, la nostra politica di restituzione rende facile la gestione.<\/p>\n<p data-v-md-line=\"55\">Siete pronti ad acquistare Vapme Digital 12000 online in Europa o a conservarla nel vostro negozio? Contattateci e vi aiuteremo a scegliere l'aroma e la concentrazione di nicotina pi\u00f9 adatti ai vostri clienti.<\/p>","protected":false},"excerpt":{"rendered":"<p>Quali sono i punti di forza dei vapers digitali Vapme Digital 12000? Se siete stanchi di vapme usa e getta che vengono rottamati<\/p>","protected":false},"featured_media":12680,"comment_status":"open","ping_status":"closed","template":"","meta":[],"product_brand":[204],"product_cat":[124,187,185,1634,189,176,174,175,193,191,173,186,180,190,192,131],"product_tag":[],"class_list":{"0":"post-12654","1":"product","2":"type-product","3":"status-publish","4":"has-post-thumbnail","6":"product_brand-vapme","7":"product_cat-vape-by-brand","8":"product_cat-0mg-nicotine-free-vapes","9":"product_cat-10000-puffs-high-capacity","10":"product_cat-12000-puffs","11":"product_cat-20mg-standard-nicotine-vapes","12":"product_cat-beverage","13":"product_cat-fruit-flavors","14":"product_cat-icy-mint","15":"product_cat-mesh-coil","16":"product_cat-rechargeable-disposables","17":"product_cat-vape-by-flavor-profile","18":"product_cat-vape-by-nicotine-strength","19":"product_cat-vape-by-puff-count","20":"product_cat-vape-by-feature-or-type","21":"product_cat-vapes-with-screens","22":"product_cat-vapme","24":"first","25":"onbackorder","26":"shipping-taxable","27":"purchasable","28":"product-type-variable","29":"has-default-attributes"},"tiered_pricing_type":"percentage","tiered_pricing_fixed_rules":[],"tiered_pricing_product_settings":{"layout":"default","base_unit_name":{"singular":null,"plural":null},"default_variation":null},"tiered_pricing_minimum_quantity":10,"tiered_pricing_roles_data":[],"tiered_pricing_percentage_rules":{"50":"35","100":"40","200":"44","500":"47","1000":"49"},"tiered_pricing_maximum_quantity":null,"tiered_pricing_quantity_step":"10","_links":{"self":[{"href":"https:\/\/agoravape.com\/it\/wp-json\/wp\/v2\/product\/12654","targetHints":{"allow":["GET"]}}],"collection":[{"href":"https:\/\/agoravape.com\/it\/wp-json\/wp\/v2\/product"}],"about":[{"href":"https:\/\/agoravape.com\/it\/wp-json\/wp\/v2\/types\/product"}],"replies":[{"embeddable":true,"href":"https:\/\/agoravape.com\/it\/wp-json\/wp\/v2\/comments?post=12654"}],"version-history":[{"count":0,"href":"https:\/\/agoravape.com\/it\/wp-json\/wp\/v2\/product\/12654\/revisions"}],"wp:featuredmedia":[{"embeddable":true,"href":"https:\/\/agoravape.com\/it\/wp-json\/wp\/v2\/media\/12680"}],"wp:attachment":[{"href":"https:\/\/agoravape.com\/it\/wp-json\/wp\/v2\/media?parent=12654"}],"wp:term":[{"taxonomy":"product_brand","embeddable":true,"href":"https:\/\/agoravape.com\/it\/wp-json\/wp\/v2\/product_brand?post=12654"},{"taxonomy":"product_cat","embeddable":true,"href":"https:\/\/agoravape.com\/it\/wp-json\/wp\/v2\/product_cat?post=12654"},{"taxonomy":"product_tag","embeddable":true,"href":"https:\/\/agoravape.com\/it\/wp-json\/wp\/v2\/product_tag?post=12654"}],"curies":[{"name":"wp","href":"https:\/\/api.w.org\/{rel}","templated":true}]}}