{"id":12712,"date":"2025-10-10T11:23:40","date_gmt":"2025-10-10T03:23:40","guid":{"rendered":"https:\/\/green-grasshopper-921422.hostingersite.com\/?post_type=product&#038;p=12712"},"modified":"2026-03-26T13:22:25","modified_gmt":"2026-03-26T12:22:25","slug":"vapme-monster-16000-soffi-vape","status":"publish","type":"product","link":"https:\/\/agoravape.com\/it\/product\/vapme-monster-16000-puffs-vape\/","title":{"rendered":"Vapme Monster 16000 Puffs Mesh Coil Vape usa e getta | Grandi tiri, sapore pulito, zero problemi"},"content":{"rendered":"<h2 data-v-md-heading=\"what-about-the-vapme-monster-16000-mesh-coil-disposable-vape\" data-v-md-line=\"3\"><img loading=\"lazy\" decoding=\"async\" class=\"aligncenter size-full wp-image-12734\" src=\"https:\/\/agoravape.com\/wp-content\/uploads\/2025\/10\/Vapme-Monster-16000-Puffs-Mesh-Coil-Disposable-Vape_Agora_vape-1-scaled.webp\" alt=\"\" width=\"2560\" height=\"1937\" srcset=\"https:\/\/agoravape.com\/wp-content\/uploads\/2025\/10\/Vapme-Monster-16000-Puffs-Mesh-Coil-Disposable-Vape_Agora_vape-1-scaled.webp 2560w, https:\/\/agoravape.com\/wp-content\/uploads\/2025\/10\/Vapme-Monster-16000-Puffs-Mesh-Coil-Disposable-Vape_Agora_vape-1-scaled-1200x908.webp 1200w, https:\/\/agoravape.com\/wp-content\/uploads\/2025\/10\/Vapme-Monster-16000-Puffs-Mesh-Coil-Disposable-Vape_Agora_vape-1-300x227.webp 300w, https:\/\/agoravape.com\/wp-content\/uploads\/2025\/10\/Vapme-Monster-16000-Puffs-Mesh-Coil-Disposable-Vape_Agora_vape-1-1024x775.webp 1024w, https:\/\/agoravape.com\/wp-content\/uploads\/2025\/10\/Vapme-Monster-16000-Puffs-Mesh-Coil-Disposable-Vape_Agora_vape-1-768x581.webp 768w, https:\/\/agoravape.com\/wp-content\/uploads\/2025\/10\/Vapme-Monster-16000-Puffs-Mesh-Coil-Disposable-Vape_Agora_vape-1-1536x1162.webp 1536w, https:\/\/agoravape.com\/wp-content\/uploads\/2025\/10\/Vapme-Monster-16000-Puffs-Mesh-Coil-Disposable-Vape_Agora_vape-1-2048x1550.webp 2048w\" sizes=\"auto, (max-width: 2560px) 100vw, 2560px\" \/><\/h2>\n<h2 data-v-md-heading=\"what-about-the-vapme-monster-16000-mesh-coil-disposable-vape\" data-v-md-line=\"3\">Che dire del Vapme Monster 16000 mesh coil usa e getta?<\/h2>\n<p data-v-md-line=\"4\">Se siete stanchi di cambiare la vostra svapata ogni pochi giorni, questa svapata vi far\u00e0 sicuramente sentire pi\u00f9 freschi. Vapme Monster ha una batteria di lunga durata e una consistenza liscia che non scompare a met\u00e0.<\/p>\n<p data-v-md-line=\"6\">\u00c8 adatto a tutti coloro che desiderano una svapata monouso affidabile e deliziosa senza preoccuparsi di regolare le impostazioni. Basta scegliere il gusto e il contenuto di nicotina e poi si pu\u00f2 iniziare a godersi una giornata meravigliosa. Si potrebbe pensare che avere cos\u00ec tante boccate di vapes sia ingombrante, ma possono essere facilmente trasportate in una tasca.<\/p>\n<h2 data-v-md-heading=\"excellent-performance-easy-and-convenient\" data-v-md-line=\"8\">Prestazioni eccellenti, facile e conveniente<\/h2>\n<p data-v-md-line=\"9\">La bobina a maglia da 0,8 \u03a9 si fa carico di una grande responsabilit\u00e0. \u00c8 in grado di riscaldare uniformemente l'e-liquid, rendendo ogni boccone delizioso come il primo. Quando la batteria \u00e8 scarica, non \u00e8 necessario gettarla. \u00c8 possibile ricaricarla attraverso la porta Type-C e continuare a utilizzare lo stesso cavo dati del telefono. Semplice e facile da implementare.<\/p>\n<h2 data-v-md-heading=\"specification-introduction\" data-v-md-line=\"11\">Introduzione alle specifiche<\/h2>\n<ul data-v-md-line=\"12\">\n<li>Suction frequency: up to 16000 times<\/li>\n<li>Contenuto di nicotina: 0%\/2%\/3%\/5%<\/li>\n<li>Principio di funzionamento: Attivato tramite inalazione<\/li>\n<li>Charging: Standard Type-C USB interface<\/li>\n<li>E-liquid capacity: 26 milliliters<\/li>\n<li>Nucleo di atomizzazione: maglia da 0,8 \u03a9<\/li>\n<li>Batteria: batteria ricaricabile da 850 mAh<\/li>\n<li>Stato: pronto all'uso dopo l'unboxing<\/li>\n<\/ul>\n<h2 data-v-md-heading=\"full-range-of-flavors\" data-v-md-line=\"21\">Full range of flavors<\/h2>\n<ul data-v-md-line=\"22\">\n<li>Acqua ghiacciata al limone e mirtilli<\/li>\n<li>Pesca ghiacciata<\/li>\n<li>Ghiaccio all'anguria<\/li>\n<li>Mirtilli e lamponi<\/li>\n<li>Ghiaccio alla ciliegia<\/li>\n<li>Ghiaccio alla fragola<\/li>\n<li>Strawberry watermelon<\/li>\n<li>Frutti di bosco misti<\/li>\n<li>Kiwi alla fragola<\/li>\n<li>Kiwi, passion fruit, guava<\/li>\n<li>Red Bull al mirtillo<\/li>\n<li>Pesca, Mango, Ananas<\/li>\n<\/ul>\n<h2 data-v-md-heading=\"for-you-and-your-business\" data-v-md-line=\"35\">For you and your business<\/h2>\n<p data-v-md-line=\"36\">Acquistare per s\u00e9, facile e conveniente. Scegliete l'aroma e la concentrazione che preferite per godere di un'esperienza di svapo di lunga durata senza problemi. Le batterie ricaricabili consentono di godere appieno di 26 millilitri di e-liquid senza sprecarli.<\/p>\n<p data-v-md-line=\"38\">Gestite un negozio fisico o un negozio online? Offriamo scatole all'ingrosso da 200 unit\u00e0 per uno stoccaggio efficiente. Collaboriamo con partner di fiducia come UPS, DPD e DHL per utilizzare la consegna DDP, in modo che le tariffe e le tasse possano essere elaborate in anticipo. Non c'\u00e8 bisogno di preoccuparsi di incidenti doganali, il trasporto in Europa pu\u00f2 essere completamente tracciato. Assicurarsi di controllare le normative locali prima di rivendere.<\/p>\n<h2 data-v-md-heading=\"why-do-you-like-it\" data-v-md-line=\"40\">Perch\u00e9 ti piace?<\/h2>\n<ul data-v-md-line=\"41\">\n<li>Cicli di aspirazione multipli: Durevole e di lunga durata, non necessita di frequenti sostituzioni.<\/li>\n<li>Selezione del contenuto di nicotina: Scegliete una concentrazione di nicotina di 0%, 2%, 3% o 5% in base alle vostre abitudini di svapo.<\/li>\n<li>Ricaricabile: \u00c8 possibile utilizzare tutti gli e-liquid acquistati in una volta sola, senza buttare via i dispositivi usati a met\u00e0.<\/li>\n<li>Bobina a rete: Dal primo all'ultimo morso, il gusto rimane costante e omogeneo.<\/li>\n<li>L'interfaccia Type-C \u00e8 comoda: si pu\u00f2 ricaricare rapidamente utilizzando il cavo dati esistente.<\/li>\n<\/ul>\n<h2 data-v-md-heading=\"why-collaborate-with-agoravape\" data-v-md-line=\"47\">Perch\u00e9 collaborare con AgoraVape?<\/h2>\n<p data-v-md-line=\"48\">Vendiamo solo prodotti originali 100% e garantiamo una spedizione sicura. I clienti B2B che acquistano vapme Monster 16000 mesh coil usa e getta possono godere di prezzi scontati all'ingrosso, di un'assistenza clienti affidabile e di una logistica rapida e amichevole. Volete riservare ai vostri clienti un vape monouso da acquistare come cliente abituale? Contattateci e ci metteremo d'accordo con voi.<\/p>\n<p data-v-md-line=\"50\">Nota: il numero di boccate per sessione pu\u00f2 variare a seconda del metodo di fumo e delle condizioni ambientali. Assicurarsi di rispettare le leggi locali e le restrizioni di et\u00e0.<\/p>","protected":false},"excerpt":{"rendered":"<p>What about the Vapme Monster 16000 mesh coil disposable vape? If you are tired of changing your vape every few<\/p>","protected":false},"featured_media":12745,"comment_status":"open","ping_status":"closed","template":"","meta":[],"product_brand":[204],"product_cat":[124,187,185,189,176,174,175,193,191,173,186,180,190,131],"product_tag":[],"class_list":{"0":"post-12712","1":"product","2":"type-product","3":"status-publish","4":"has-post-thumbnail","6":"product_brand-vapme","7":"product_cat-vape-by-brand","8":"product_cat-0mg-nicotine-free-vapes","9":"product_cat-10000-puffs-high-capacity","10":"product_cat-20mg-standard-nicotine-vapes","11":"product_cat-beverage","12":"product_cat-fruit-flavors","13":"product_cat-icy-mint","14":"product_cat-mesh-coil","15":"product_cat-rechargeable-disposables","16":"product_cat-vape-by-flavor-profile","17":"product_cat-vape-by-nicotine-strength","18":"product_cat-vape-by-puff-count","19":"product_cat-vape-by-feature-or-type","20":"product_cat-vapme","22":"first","23":"instock","24":"shipping-taxable","25":"purchasable","26":"product-type-variable","27":"has-default-attributes"},"tiered_pricing_type":"percentage","tiered_pricing_fixed_rules":[],"tiered_pricing_product_settings":{"layout":"default","base_unit_name":{"singular":null,"plural":null},"default_variation":null},"tiered_pricing_minimum_quantity":10,"tiered_pricing_roles_data":[],"tiered_pricing_percentage_rules":{"50":"35","100":"40","200":"44","500":"47","1000":"49"},"tiered_pricing_maximum_quantity":null,"tiered_pricing_quantity_step":"10","_links":{"self":[{"href":"https:\/\/agoravape.com\/it\/wp-json\/wp\/v2\/product\/12712","targetHints":{"allow":["GET"]}}],"collection":[{"href":"https:\/\/agoravape.com\/it\/wp-json\/wp\/v2\/product"}],"about":[{"href":"https:\/\/agoravape.com\/it\/wp-json\/wp\/v2\/types\/product"}],"replies":[{"embeddable":true,"href":"https:\/\/agoravape.com\/it\/wp-json\/wp\/v2\/comments?post=12712"}],"version-history":[{"count":0,"href":"https:\/\/agoravape.com\/it\/wp-json\/wp\/v2\/product\/12712\/revisions"}],"wp:featuredmedia":[{"embeddable":true,"href":"https:\/\/agoravape.com\/it\/wp-json\/wp\/v2\/media\/12745"}],"wp:attachment":[{"href":"https:\/\/agoravape.com\/it\/wp-json\/wp\/v2\/media?parent=12712"}],"wp:term":[{"taxonomy":"product_brand","embeddable":true,"href":"https:\/\/agoravape.com\/it\/wp-json\/wp\/v2\/product_brand?post=12712"},{"taxonomy":"product_cat","embeddable":true,"href":"https:\/\/agoravape.com\/it\/wp-json\/wp\/v2\/product_cat?post=12712"},{"taxonomy":"product_tag","embeddable":true,"href":"https:\/\/agoravape.com\/it\/wp-json\/wp\/v2\/product_tag?post=12712"}],"curies":[{"name":"wp","href":"https:\/\/api.w.org\/{rel}","templated":true}]}}