{"id":12828,"date":"2025-10-10T15:20:00","date_gmt":"2025-10-10T07:20:00","guid":{"rendered":"https:\/\/green-grasshopper-921422.hostingersite.com\/?post_type=product&#038;p=12828"},"modified":"2025-12-15T21:31:14","modified_gmt":"2025-12-15T13:31:14","slug":"atvs-13000-soffi-vape-ricaricabile","status":"publish","type":"product","link":"https:\/\/agoravape.com\/it\/product\/atvs-13000-puffs-rechargeable-vape\/","title":{"rendered":"ATVS 13000 Puffs Vape ricaricabile con bobina a rete | Gusto duraturo con facile ricarica di tipo C"},"content":{"rendered":"<h2 data-v-md-heading=\"what-about-the-atvs-13000-rechargeable-mesh-coil-vape\" data-v-md-line=\"3\">Che dire del vaporizzatore con resistenza a rete ricaricabile ATVS 13000?<\/h2>\n<p data-v-md-line=\"4\">Se sei stanco delle sigarette elettroniche usa e getta che si scaricano in pochi giorni, allora questo vaporizzatore \u00e8 sicuramente la scelta migliore. L'ATVS 13000 \u00e8 dotato di una batteria ricaricabile da 600 mAh e di una resistenza a mesh, che ti permette di mantenere un sapore stabile dal primo all'ultimo assaggio. Per gli utenti che desiderano uno svapo affidabile e senza bisogno di ricambi, \u00e8 la scelta ideale.<\/p>\n<p data-v-md-line=\"6\">Potresti pensare che questo vaporizzatore con cos\u00ec tante boccate sia ingombrante, ma la sua portabilit\u00e0 ti sorprender\u00e0. \u00c8 molto comodo da tenere in mano e facile da usare nella vita di tutti i giorni.<\/p>\n<h2 data-v-md-heading=\"excellent-performance-and-easy-operation\" data-v-md-line=\"8\">Prestazioni eccellenti e facilit\u00e0 d'uso<\/h2>\n<p data-v-md-line=\"9\">La resistenza a rete si riscalda in modo uniforme, permettendoti di assaporare un gusto morbido come il primo sorso a ogni morso. Non c'\u00e8 bisogno di una configurazione noiosa. Nessun pulsante, plug and play. Quando la batteria \u00e8 scarica, pu\u00f2 essere ricaricata tramite Type-C, lo stesso cavo dati utilizzato nella maggior parte dei telefoni cellulari, rendendo la ricarica comoda.<\/p>\n<h2 data-v-md-heading=\"specification-overview\" data-v-md-line=\"11\">Panoramica delle specifiche<\/h2>\n<p data-v-md-line=\"12\"><strong>Numero di aspirazioni<\/strong>: fino a 13000 aspirazioni<br \/>\n<strong>capacit\u00e0 di e-liquid<\/strong>: 12 millilitri<br \/>\n<strong>Nucleo atomizzante<\/strong>: Nucleo di atomizzazione a rete, 0,9 \u03a9<br \/>\n<strong>Batteria<\/strong>: 18250 celle, 600mAh<br \/>\n<strong>Principio di funzionamento<\/strong>: Attivato per inalazione<br \/>\n<strong>Ricarica<\/strong>: Interfaccia USB standard di tipo C<br \/>\n<strong>Misurare<\/strong>: 41 \u00d7 33 \u00d7 140 millimetri<br \/>\n<strong>Stato<\/strong>: Pronto all'uso appena tolto dalla scatola<br \/>\n<strong>Nicotina<\/strong>: Le opzioni dipendono dal mercato. Contattateci per confermare l'attuale concentrazione di nicotina, comprese le opzioni senza nicotina e con sali di nicotina (fino a 20 milligrammi, a seconda della situazione specifica).<\/p>\n<h2 data-v-md-heading=\"full-flavor-series\" data-v-md-line=\"22\">Serie dal sapore pieno<\/h2>\n<ul data-v-md-line=\"23\">\n<li>Ghiaccio al mango<\/li>\n<li>Pista di ghiaccio blu<\/li>\n<li>Ghiacciolo alla fragola e all'anguria<\/li>\n<li>Menthol ice<\/li>\n<li>Ghiaccio all'anguria<\/li>\n<li>Ghiaccio alla frutta mista<\/li>\n<li>Ghiaccio alla fragola<\/li>\n<li>Ghiaccio all'uva<\/li>\n<li>Ghiaccio al melograno<\/li>\n<li>Pesca ghiacciata<\/li>\n<li>Coca Cola Ice<\/li>\n<\/ul>\n<h2 data-v-md-heading=\"for-you-for-your-business\" data-v-md-line=\"35\">Per te, per il tuo business<\/h2>\n<p data-v-md-line=\"36\">Puoi scegliere ATVS 13000 per uso personale, ma \u00e8 adatto anche per negozi di prodotti usa e getta e venditori online che desiderano durata e un'elevata fidelizzazione della clientela. Ogni scatola all'ingrosso contiene 10 pezzi e la scatola grande pu\u00f2 contenerne 200, cos\u00ec puoi facilmente espandere il tuo inventario.<\/p>\n<p data-v-md-line=\"38\">Spediamo i nostri prodotti nella maggior parte delle destinazioni europee tramite UPS, DPD e DHL tramite DDP, quindi le tariffe doganali possono essere pagate in anticipo e non ci saranno imprevisti con la dogana. L'ordine \u00e8 tracciabile e il nostro team di supporto \u00e8 sempre pronto ad assisterti.<\/p>\n<p data-v-md-line=\"40\">Breve spiegazione della conformit\u00e0. Questo dispositivo ha una capacit\u00e0 di 12 millilitri e un'elevata frequenza di aspirazione, superando il limite di vendita al dettaglio previsto dagli standard TPD in molti paesi\/regioni dell'UE. Si prega di verificare le normative locali prima di inserirlo nell'elenco e vi guideremo nella comprensione dell'ambito di licenza nel vostro mercato.<\/p>\n<h2 data-v-md-heading=\"why-do-you-like-it\" data-v-md-line=\"42\">Perch\u00e9 ti piace?<\/h2>\n<p data-v-md-line=\"43\"><strong>Altri tempi di aspirazione:<\/strong>\u00a0Tempi di aspirazione pi\u00f9 lunghi, non \u00e8 necessario acquistare frequentemente nuovi aspiratori<br \/>\n<strong>Ricaricabile:<\/strong>\u00a0Puoi utilizzare tutti gli e-liquidi acquistati<br \/>\n<strong>Bobina a maglie<\/strong>: Gusto costante e aspirazione fluida<br \/>\n<strong>Ricarica di tipo C:<\/strong>\u00a0Uguale al cavo di ricarica utilizzato nella maggior parte dei telefoni cellulari<br \/>\n<strong>Comoda attivazione dell'aspirazione:<\/strong>\u00a0Non c'\u00e8 bisogno di pulsanti, basta inspirare<\/p>\n<h2 data-v-md-heading=\"why-collaborate-with-agoravape\" data-v-md-line=\"49\">Perch\u00e9 collaborare con AgoraVape?<\/h2>\n<p data-v-md-line=\"50\">Offriamo solo prodotti originali al 100% e lo garantiamo con termini chiari, metodi di pagamento sicuri e un supporto rapido. I clienti aziendali che acquistano ATVS 13000 di vaporizzatori a coil mesh ricaricabili possono usufruire di prezzi all'ingrosso scontati, spedizioni rapide e servizi di consegna DDP affidabili. Desiderate un prezzo al dettaglio o all'ingrosso? Contattateci, vi forniremo rapidamente informazioni dettagliate.<\/p>\n<p data-v-md-line=\"52\">Comprendere rapidamente il numero di cicli di aspirazione. 13.000 volte \u00e8 il valore massimo testato in laboratorio, e il valore effettivo varier\u00e0 a seconda della potenza di aspirazione o dell'aroma scelto. Questo \u00e8 solo un parametro di riferimento affidabile per la durata dell'e-liquid, non una garanzia per tutti gli utenti.<\/p>","protected":false},"excerpt":{"rendered":"<p>&nbsp;<\/p>\n<p><script src=\"chrome-extension:\/\/fpelahbljekknahkcaegamhcndkfpfnc\/iFrame.js\" type=\"text\/javascript\"><\/script><\/p>","protected":false},"featured_media":12827,"comment_status":"open","ping_status":"closed","template":"","meta":[],"product_brand":[205],"product_cat":[124,185,132,176,174,175,193,191,173,186,180,190],"product_tag":[],"class_list":{"0":"post-12828","1":"product","2":"type-product","3":"status-publish","4":"has-post-thumbnail","6":"product_brand-atvs","7":"product_cat-vape-by-brand","8":"product_cat-10000-puffs-high-capacity","9":"product_cat-atvs","10":"product_cat-beverage","11":"product_cat-fruit-flavors","12":"product_cat-icy-mint","13":"product_cat-mesh-coil","14":"product_cat-rechargeable-disposables","15":"product_cat-vape-by-flavor-profile","16":"product_cat-vape-by-nicotine-strength","17":"product_cat-vape-by-puff-count","18":"product_cat-vape-by-feature-or-type","20":"first","21":"instock","22":"shipping-taxable","23":"purchasable","24":"product-type-variable","25":"has-default-attributes"},"tiered_pricing_type":"percentage","tiered_pricing_fixed_rules":[],"tiered_pricing_product_settings":{"layout":"default","base_unit_name":{"singular":null,"plural":null},"default_variation":null},"tiered_pricing_minimum_quantity":10,"tiered_pricing_roles_data":[],"tiered_pricing_percentage_rules":{"30":"29","50":"35","100":"40","200":"44","500":"47","1000":"49"},"tiered_pricing_maximum_quantity":null,"tiered_pricing_quantity_step":"10","_links":{"self":[{"href":"https:\/\/agoravape.com\/it\/wp-json\/wp\/v2\/product\/12828","targetHints":{"allow":["GET"]}}],"collection":[{"href":"https:\/\/agoravape.com\/it\/wp-json\/wp\/v2\/product"}],"about":[{"href":"https:\/\/agoravape.com\/it\/wp-json\/wp\/v2\/types\/product"}],"replies":[{"embeddable":true,"href":"https:\/\/agoravape.com\/it\/wp-json\/wp\/v2\/comments?post=12828"}],"version-history":[{"count":0,"href":"https:\/\/agoravape.com\/it\/wp-json\/wp\/v2\/product\/12828\/revisions"}],"wp:featuredmedia":[{"embeddable":true,"href":"https:\/\/agoravape.com\/it\/wp-json\/wp\/v2\/media\/12827"}],"wp:attachment":[{"href":"https:\/\/agoravape.com\/it\/wp-json\/wp\/v2\/media?parent=12828"}],"wp:term":[{"taxonomy":"product_brand","embeddable":true,"href":"https:\/\/agoravape.com\/it\/wp-json\/wp\/v2\/product_brand?post=12828"},{"taxonomy":"product_cat","embeddable":true,"href":"https:\/\/agoravape.com\/it\/wp-json\/wp\/v2\/product_cat?post=12828"},{"taxonomy":"product_tag","embeddable":true,"href":"https:\/\/agoravape.com\/it\/wp-json\/wp\/v2\/product_tag?post=12828"}],"curies":[{"name":"wp","href":"https:\/\/api.w.org\/{rel}","templated":true}]}}