{"id":12858,"date":"2025-10-10T15:33:58","date_gmt":"2025-10-10T07:33:58","guid":{"rendered":"https:\/\/green-grasshopper-921422.hostingersite.com\/?post_type=product&#038;p=12858"},"modified":"2026-01-13T00:44:51","modified_gmt":"2026-01-12T16:44:51","slug":"atvs-15000-puff-monouso-vape","status":"publish","type":"product","link":"https:\/\/agoravape.com\/it\/product\/atvs-15000-puffs-disposable-vape\/","title":{"rendered":"ATVS 15000 Puffs Mesh Coil Vape usa e getta | Numero elevato di tiri, sapore delicato"},"content":{"rendered":"<h2 data-v-md-heading=\"what-are-the-special-features-of-atvs-15000-mesh-coil-disposable-vapes\" data-v-md-line=\"3\"><img loading=\"lazy\" decoding=\"async\" class=\"aligncenter size-full wp-image-12855\" src=\"https:\/\/agoravape.com\/wp-content\/uploads\/2025\/10\/ATVS-15000-Puffs-Mesh-Coil-Disposable-Vape_Agora_vape-1.webp\" alt=\"\" width=\"1000\" height=\"477\" srcset=\"https:\/\/agoravape.com\/wp-content\/uploads\/2025\/10\/ATVS-15000-Puffs-Mesh-Coil-Disposable-Vape_Agora_vape-1.webp 1000w, https:\/\/agoravape.com\/wp-content\/uploads\/2025\/10\/ATVS-15000-Puffs-Mesh-Coil-Disposable-Vape_Agora_vape-1-300x143.webp 300w, https:\/\/agoravape.com\/wp-content\/uploads\/2025\/10\/ATVS-15000-Puffs-Mesh-Coil-Disposable-Vape_Agora_vape-1-768x366.webp 768w\" sizes=\"auto, (max-width: 1000px) 100vw, 1000px\" \/><\/h2>\n<h2 data-v-md-heading=\"what-are-the-special-features-of-atvs-15000-mesh-coil-disposable-vapes\" data-v-md-line=\"3\">Quali sono le caratteristiche speciali delle sigarette elettroniche usa e getta con resistenza a rete ATVS 15000?<\/h2>\n<p data-v-md-line=\"4\">Se sei stanco di usare sigarette elettroniche usa e getta quando provi i primi aromi, questo prodotto cambier\u00e0 tutto. L'ATVS \u00e8 dotato di coil a rete liscia che possono supportare fino a 15.000 boccate, consentendoti di mantenere un gusto pulito e stabile dal primo all'ultimo boccone.<\/p>\n<p data-v-md-line=\"6\">\u00c8 adatto a chiunque desideri resistenza e non debba preoccuparsi del funzionamento. Non richiede menu, n\u00e9 pulsanti. \u00c8 uno svapo robusto e durevole, con un gusto eccellente e facile da trasportare. Potresti pensare che uno svapo con un numero di bocche cos\u00ec ampio sia ingombrante, ma questo svapo compatto pu\u00f2 stare facilmente in tasca.<\/p>\n<h2 data-v-md-heading=\"excellent-performance-worry-free\" data-v-md-line=\"8\">Prestazioni eccellenti, senza preoccupazioni<\/h2>\n<p data-v-md-line=\"9\">La resistenza a rete \u00e8 il punto di forza di questo prodotto. Si riscalda in modo uniforme, mantenendo il gusto distinto e costante. Goditi un sorso appagante senza perdere il fiato a met\u00e0. Batteria integrata, resistente e facile da ricaricare, anche quando la batteria \u00e8 scarica. Un dispositivo, un cavo di collegamento, facile da maneggiare.<\/p>\n<h2 data-v-md-heading=\"specification-introduction\" data-v-md-line=\"11\">Introduzione alle specifiche<\/h2>\n<ul data-v-md-line=\"12\">\n<li>Frequenza di aspirazione: fino a 15000 volte<\/li>\n<li>Contenuto di nicotina: non specificato dal produttore. Contattateci per conoscere le concentrazioni di nicotina attualmente disponibili nel vostro mercato.<\/li>\n<li>Principio di funzionamento: design monouso facile da usare, senza pulsanti<\/li>\n<li>Ricarica: pu\u00f2 essere caricato tramite la porta USB integrata. Il tipo di interfaccia pu\u00f2 variare a seconda del lotto.<\/li>\n<li>Capacit\u00e0 del liquido elettronico: 15 millilitri<\/li>\n<li>Bobina: Mesh, 0,9 \u03a9<\/li>\n<li>Batteria: 650 mAh (modello batteria 13450)<\/li>\n<li>Materiale: guscio in PC<\/li>\n<li>Dimensioni: 48 \u00d7 24,5 \u00d7 90 millimetri<\/li>\n<li>Peso netto: 95,5 grammi<\/li>\n<li>Stato: pronto all'uso dopo l'unboxing<\/li>\n<\/ul>\n<h2 data-v-md-heading=\"full-range-of-flavors\" data-v-md-line=\"24\">Full range of flavors<\/h2>\n<ul data-v-md-line=\"25\">\n<li>Ghiaccio al mango<\/li>\n<li>Pista di ghiaccio blu<\/li>\n<li>Ghiacciolo alla fragola e all'anguria<\/li>\n<li>Menthol ice<\/li>\n<li>Ghiaccio all'anguria<\/li>\n<li>Ghiaccio alla frutta mista<\/li>\n<li>Ghiaccio alla fragola<\/li>\n<li>Ghiaccio all'uva<\/li>\n<li>Ghiaccio al melograno<\/li>\n<li>Pesca ghiacciata<\/li>\n<li>Coca Cola Ice<\/li>\n<\/ul>\n<h2 data-v-md-heading=\"for-you-and-for-your-business-as-well\" data-v-md-line=\"37\">Per te e anche per la tua attivit\u00e0<\/h2>\n<p data-v-md-line=\"38\">Acquistare per s\u00e9 \u00e8 semplicissimo. Scegli il tuo gusto preferito e inizia a gustarlo. Se gestisci un negozio fisico o online, puoi acquistare confezioni all'ingrosso da 10 pezzi per mantenere l'inventario ordinato e prevedibile.<\/p>\n<p data-v-md-line=\"40\">Offriamo servizi affidabili di spedizione DDP (Delivery Delivery Delivery) con IVA pagata tramite partner come UPS, DPD e DHL per il trasporto di prodotti in varie parti d'Europa. Ci\u00f2 significa che \u00e8 possibile tracciare la merce ed evitare problemi doganali. L'imballaggio \u00e8 ermetico e il nostro team vi assister\u00e0 nella gestione delle procedure necessarie, se necessario.<\/p>\n<h2 data-v-md-heading=\"why-do-you-like-it\" data-v-md-line=\"42\">Perch\u00e9 ti piace?<\/h2>\n<ul data-v-md-line=\"43\">\n<li>Grande capacit\u00e0 di aspirazione: fino a 15.000 porte, il che significa meno sostituzioni e maggiore economicit\u00e0<\/li>\n<li>Nucleo di atomizzazione a rete: gusto continuo e ricco, senza e-liquid insufficiente<\/li>\n<li>Ricaricabile: una volta completamente carica, ogni goccia di e-liquid pu\u00f2 essere utilizzata<\/li>\n<li>Portatile: compatto e robusto, con grande capacit\u00e0<\/li>\n<li>Facile da usare: nessun pulsante, nessuna impostazione richiesta, facile da usare<\/li>\n<\/ul>\n<h2 data-v-md-heading=\"why-choose-to-collaborate-with-agoravape\" data-v-md-line=\"49\">Perch\u00e9 scegliere di collaborare con AgoraVape?<\/h2>\n<p data-v-md-line=\"50\">Acquistiamo solo inventario ATVS originale al 100% per proteggere la tua reputazione e quella dei tuoi clienti. In qualit\u00e0 di uno dei distributori di sigarette elettroniche pi\u00f9 affidabili in Europa, offriamo prezzi all'ingrosso scontati, un supporto reattivo e servizi di spedizione DDP rapidi e affidabili. Rispettiamo le normative locali e gli standard di verifica dell'et\u00e0 (se necessario). Sei pronto ad acquistare il vaporizzatore monouso ATVS 15000 con resistenza a mesh? Contattaci e concorderemo per te prezzo, selezione di gusti e prossima data di spedizione.<\/p>","protected":false},"excerpt":{"rendered":"<p>&nbsp;<\/p>\n<p><script src=\"chrome-extension:\/\/fpelahbljekknahkcaegamhcndkfpfnc\/iFrame.js\" type=\"text\/javascript\"><\/script><\/p>","protected":false},"featured_media":12856,"comment_status":"open","ping_status":"closed","template":"","meta":[],"product_brand":[205],"product_cat":[124,185,1635,132,176,177,174,175,193,191,173,186,180,190],"product_tag":[],"class_list":{"0":"post-12858","1":"product","2":"type-product","3":"status-publish","4":"has-post-thumbnail","6":"product_brand-atvs","7":"product_cat-vape-by-brand","8":"product_cat-10000-puffs-high-capacity","9":"product_cat-15000-puffs","10":"product_cat-atvs","11":"product_cat-beverage","12":"product_cat-dessert-sweets","13":"product_cat-fruit-flavors","14":"product_cat-icy-mint","15":"product_cat-mesh-coil","16":"product_cat-rechargeable-disposables","17":"product_cat-vape-by-flavor-profile","18":"product_cat-vape-by-nicotine-strength","19":"product_cat-vape-by-puff-count","20":"product_cat-vape-by-feature-or-type","22":"first","23":"instock","24":"shipping-taxable","25":"purchasable","26":"product-type-variable","27":"has-default-attributes"},"tiered_pricing_type":"percentage","tiered_pricing_fixed_rules":[],"tiered_pricing_product_settings":{"layout":"default","base_unit_name":{"singular":null,"plural":null},"default_variation":null},"tiered_pricing_minimum_quantity":10,"tiered_pricing_roles_data":[],"tiered_pricing_percentage_rules":{"30":"29","50":"35","100":"40","200":"44","500":"47","1000":"49"},"tiered_pricing_maximum_quantity":null,"tiered_pricing_quantity_step":"10","_links":{"self":[{"href":"https:\/\/agoravape.com\/it\/wp-json\/wp\/v2\/product\/12858","targetHints":{"allow":["GET"]}}],"collection":[{"href":"https:\/\/agoravape.com\/it\/wp-json\/wp\/v2\/product"}],"about":[{"href":"https:\/\/agoravape.com\/it\/wp-json\/wp\/v2\/types\/product"}],"replies":[{"embeddable":true,"href":"https:\/\/agoravape.com\/it\/wp-json\/wp\/v2\/comments?post=12858"}],"version-history":[{"count":0,"href":"https:\/\/agoravape.com\/it\/wp-json\/wp\/v2\/product\/12858\/revisions"}],"wp:featuredmedia":[{"embeddable":true,"href":"https:\/\/agoravape.com\/it\/wp-json\/wp\/v2\/media\/12856"}],"wp:attachment":[{"href":"https:\/\/agoravape.com\/it\/wp-json\/wp\/v2\/media?parent=12858"}],"wp:term":[{"taxonomy":"product_brand","embeddable":true,"href":"https:\/\/agoravape.com\/it\/wp-json\/wp\/v2\/product_brand?post=12858"},{"taxonomy":"product_cat","embeddable":true,"href":"https:\/\/agoravape.com\/it\/wp-json\/wp\/v2\/product_cat?post=12858"},{"taxonomy":"product_tag","embeddable":true,"href":"https:\/\/agoravape.com\/it\/wp-json\/wp\/v2\/product_tag?post=12858"}],"curies":[{"name":"wp","href":"https:\/\/api.w.org\/{rel}","templated":true}]}}