{"id":12989,"date":"2025-10-10T16:38:06","date_gmt":"2025-10-10T08:38:06","guid":{"rendered":"https:\/\/green-grasshopper-921422.hostingersite.com\/?post_type=product&#038;p=12989"},"modified":"2026-03-14T16:22:43","modified_gmt":"2026-03-14T15:22:43","slug":"vape-3-in-1-60000-soffi-a-led","status":"publish","type":"product","link":"https:\/\/agoravape.com\/it\/product\/waspe-3-in-1-60000-puffs-led-vape\/","title":{"rendered":"Waspe 3-in-1 60000 tiri Triplo Aroma LED Vape | Tre aromi in uno, costruito per durare"},"content":{"rendered":"<h2 data-v-md-heading=\"what-is-the-charm-of-waspe-three-in-one-60000-mouth-triple-flavored-led-vape\" data-v-md-line=\"3\"><img loading=\"lazy\" decoding=\"async\" class=\"aligncenter size-full wp-image-13004\" src=\"https:\/\/agoravape.com\/wp-content\/uploads\/2025\/10\/Waspe-3-in-1-60000-Puffs-Triple-Flavor-LED-Vape_Agora_vape-2.webp\" alt=\"\" width=\"2000\" height=\"1125\" srcset=\"https:\/\/agoravape.com\/wp-content\/uploads\/2025\/10\/Waspe-3-in-1-60000-Puffs-Triple-Flavor-LED-Vape_Agora_vape-2.webp 2000w, https:\/\/agoravape.com\/wp-content\/uploads\/2025\/10\/Waspe-3-in-1-60000-Puffs-Triple-Flavor-LED-Vape_Agora_vape-2-1200x675.webp 1200w, https:\/\/agoravape.com\/wp-content\/uploads\/2025\/10\/Waspe-3-in-1-60000-Puffs-Triple-Flavor-LED-Vape_Agora_vape-2-300x169.webp 300w, https:\/\/agoravape.com\/wp-content\/uploads\/2025\/10\/Waspe-3-in-1-60000-Puffs-Triple-Flavor-LED-Vape_Agora_vape-2-1024x576.webp 1024w, https:\/\/agoravape.com\/wp-content\/uploads\/2025\/10\/Waspe-3-in-1-60000-Puffs-Triple-Flavor-LED-Vape_Agora_vape-2-768x432.webp 768w, https:\/\/agoravape.com\/wp-content\/uploads\/2025\/10\/Waspe-3-in-1-60000-Puffs-Triple-Flavor-LED-Vape_Agora_vape-2-1536x864.webp 1536w\" sizes=\"auto, (max-width: 2000px) 100vw, 2000px\" \/><\/h2>\n<h2 data-v-md-heading=\"what-is-the-charm-of-waspe-three-in-one-60000-mouth-triple-flavored-led-vape\" data-v-md-line=\"3\">Qual \u00e8 il fascino di Waspe tre in uno 60000 mouth triple flavored LED vape?<\/h2>\n<p data-v-md-line=\"4\">Se siete stanchi di portare con voi due o tre svapatori per soddisfare le vostre esigenze quotidiane, questo prodotto pu\u00f2 aiutarvi a farlo facilmente. Il Waspe three in one vape combina tre aromi e ha una capacit\u00e0 fino a 60000 boccate, consentendovi di cambiare facilmente senza dover cambiare dispositivo.<\/p>\n<p data-v-md-line=\"6\">Se cercate durata, gusto ricco e comodit\u00e0 di ricarica, questo prodotto \u00e8 la scelta ideale. Si potrebbe pensare che una svapata con una capacit\u00e0 cos\u00ec grande sia ingombrante come un mattone, ma \u00e8 sorprendentemente piccola e portatile, con una dimensione di soli 47 \u00d7 47 \u00d7 116 millimetri e un peso di circa 130 grammi. Trasporto quotidiano? Nessun problema.<\/p>\n<h2 data-v-md-heading=\"excellent-performance-easy-and-convenient\" data-v-md-line=\"8\">Prestazioni eccellenti, facile e conveniente<\/h2>\n<p data-v-md-line=\"9\">Il filo riscaldante a tripla maglia da 0,9 \u03a9 incorporato garantisce un gusto costante. Il filo riscaldante a rete si riscalda in modo rapido e uniforme, rendendo ogni boccone delizioso come il primo sorso. Quando la batteria \u00e8 scarica, \u00e8 sufficiente ricaricarla attraverso l'interfaccia Type-C. Lo schermo a LED permette di capire facilmente lo stato attuale con un solo sguardo, senza dover tirare a indovinare.<\/p>\n<h2 data-v-md-heading=\"specification-introduction\" data-v-md-line=\"11\">Introduzione alle specifiche<\/h2>\n<ul data-v-md-line=\"12\">\n<li>Frequenza di aspirazione: fino a 60000 volte<\/li>\n<li>Contenuto di nicotina: 0%, 2%, 5% (l'offerta specifica pu\u00f2 variare a seconda del mercato)<\/li>\n<li>Working principle: Activate with just one puff<\/li>\n<li>Charging: Standard Type-C USB interface<\/li>\n<li>Stato: pronto all'uso dopo l'unboxing<\/li>\n<\/ul>\n<h2 data-v-md-heading=\"full-range-of-flavors\" data-v-md-line=\"18\">Full range of flavors<\/h2>\n<ul data-v-md-line=\"19\">\n<li>Ghiaccio all'anguria, Kiwi alla fragola, Limone al lime<\/li>\n<li>Anguria alla fragola - Caramella alla fragola e lampone - Ghiaccio all'uva<\/li>\n<li>Ghiaccio al mirtillo, Ghiaccio al drago nero, Ghiaccio alla soda alla ciliegia<\/li>\n<li>Fragola Lampone Ciliegia - Amore 666 - Ghiaccio di zucchero alla ciliegia<\/li>\n<li>Ghiaccio alla pesca - ananas mango pesca - mirtillo rosso limone<\/li>\n<li>Red Bull Ice, Mango alla fragola, Bubble Gum all'anguria alla fragola<\/li>\n<li>Bacche miste - Cub Candy - Frutta mista<\/li>\n<li>Triplo melone ghiacciato, caramella arcobaleno, caramella al mirtillo<\/li>\n<li>Ghiaccio all'uva, Caramella alla fragola, Lampone alla fragola, Ciliegia<\/li>\n<li>Fragola e banana - Ghiaccio al cocco e ananas - Ghiaccio al mango<\/li>\n<li>Coca-Cola ghiacciata alla ciliegia - Coca-Cola alla fragola - Coca-Cola ghiacciata<\/li>\n<li>Lampone al mirtillo - Zucchero filato al mirtillo - Ghiaccio alla doppia mela<\/li>\n<\/ul>\n<h2 data-v-md-heading=\"for-you-for-your-business\" data-v-md-line=\"32\">Per te, per il tuo business<\/h2>\n<p data-v-md-line=\"33\">Potete scegliere un solo articolo per l'uso quotidiano o fare una scorta per il vostro negozio. Offriamo confezioni all'ingrosso con 10 pezzi per scatola e 160 pezzi per scatola, per una maggiore comodit\u00e0 di pianificazione e riordino.<\/p>\n<p data-v-md-line=\"35\">Offriamo opzioni DDP a pagamento attraverso partner come UPS, DPD e DHL per garantire una consegna senza problemi del vostro ordine senza tariffe impreviste. Avete bisogno di una guida per trovare la migliore combinazione di sapori per il vostro mercato? Non esitate a chiedere informazioni, creeremo con tutto il cuore una linea di prodotti diversificata per voi.<\/p>\n<p data-v-md-line=\"37\">Nota: le normative variano in Europa. Prima di procedere all'acquisto o alla rivendita, consultare le normative locali relative alla concentrazione di nicotina e alla capacit\u00e0 dell'e-liquid.<\/p>\n<h2 data-v-md-heading=\"why-do-you-like-it\" data-v-md-line=\"39\">Perch\u00e9 ti piace?<\/h2>\n<ul data-v-md-line=\"40\">\n<li>Capacit\u00e0 ultra grande: fino a 60000 porte, con conseguente riduzione delle sostituzioni e dei problemi.<\/li>\n<li>Tre gusti in uno: Non \u00e8 necessario portare con s\u00e9 pi\u00f9 dispositivi per cambiare aroma.<\/li>\n<li>La concentrazione di nicotina pu\u00f2 essere selezionata tra 0%, 2% o 5% per soddisfare le diverse preferenze e richieste del mercato.<\/li>\n<li>Ricaricabile: La ricarica Type-C consente di consumare ogni goccia.<\/li>\n<li>Configurazione della bobina a rete: Le triple bobine a rete da 0,9 \u03a9 offrono un'esperienza fluida e costante.<\/li>\n<li>Schermo a LED: Lo stato \u00e8 chiaro a colpo d'occhio e consente di controllare tutto.<\/li>\n<\/ul>\n<h2 data-v-md-heading=\"why-choose-to-collaborate-with-agoravape\" data-v-md-line=\"47\">Perch\u00e9 scegliere di collaborare con AgoraVape?<\/h2>\n<p data-v-md-line=\"48\">Acquistiamo solo prodotti originali 100% e siamo responsabili dei prodotti che vendiamo. I nostri clienti commerciali possono godere di prezzi all'ingrosso scontati, di un supporto di risposta rapida e di servizi di consegna DDP veloci e affidabili acquistando 60000 unit\u00e0 di vapes LED a triplo aroma Waspe. Siete invitati a discutere con noi di sconti all'ingrosso e combinazioni di sapori, in modo che i vostri clienti possano davvero tornare.<\/p>","protected":false},"excerpt":{"rendered":"<p>&nbsp;<\/p>\n<p><script src=\"chrome-extension:\/\/fpelahbljekknahkcaegamhcndkfpfnc\/iFrame.js\" type=\"text\/javascript\"><\/script><\/p>","protected":false},"featured_media":13015,"comment_status":"open","ping_status":"closed","template":"","meta":[],"product_brand":[206],"product_cat":[124,187,185,189,1642,176,177,195,174,175,193,191,173,186,180,190,192,133],"product_tag":[],"class_list":{"0":"post-12989","1":"product","2":"type-product","3":"status-publish","4":"has-post-thumbnail","6":"product_brand-waspe","7":"product_cat-vape-by-brand","8":"product_cat-0mg-nicotine-free-vapes","9":"product_cat-10000-puffs-high-capacity","10":"product_cat-20mg-standard-nicotine-vapes","11":"product_cat-60000-puffs","12":"product_cat-beverage","13":"product_cat-dessert-sweets","14":"product_cat-dual-flavor-switch","15":"product_cat-fruit-flavors","16":"product_cat-icy-mint","17":"product_cat-mesh-coil","18":"product_cat-rechargeable-disposables","19":"product_cat-vape-by-flavor-profile","20":"product_cat-vape-by-nicotine-strength","21":"product_cat-vape-by-puff-count","22":"product_cat-vape-by-feature-or-type","23":"product_cat-vapes-with-screens","24":"product_cat-waspe","26":"first","27":"instock","28":"shipping-taxable","29":"purchasable","30":"product-type-variable","31":"has-default-attributes"},"tiered_pricing_type":"percentage","tiered_pricing_fixed_rules":[],"tiered_pricing_product_settings":{"layout":"default","base_unit_name":{"singular":null,"plural":null},"default_variation":null},"tiered_pricing_minimum_quantity":10,"tiered_pricing_roles_data":[],"tiered_pricing_percentage_rules":{"50":"35","100":"40","200":"44","500":"47","1000":"49"},"tiered_pricing_maximum_quantity":null,"tiered_pricing_quantity_step":"10","_links":{"self":[{"href":"https:\/\/agoravape.com\/it\/wp-json\/wp\/v2\/product\/12989","targetHints":{"allow":["GET"]}}],"collection":[{"href":"https:\/\/agoravape.com\/it\/wp-json\/wp\/v2\/product"}],"about":[{"href":"https:\/\/agoravape.com\/it\/wp-json\/wp\/v2\/types\/product"}],"replies":[{"embeddable":true,"href":"https:\/\/agoravape.com\/it\/wp-json\/wp\/v2\/comments?post=12989"}],"version-history":[{"count":0,"href":"https:\/\/agoravape.com\/it\/wp-json\/wp\/v2\/product\/12989\/revisions"}],"wp:featuredmedia":[{"embeddable":true,"href":"https:\/\/agoravape.com\/it\/wp-json\/wp\/v2\/media\/13015"}],"wp:attachment":[{"href":"https:\/\/agoravape.com\/it\/wp-json\/wp\/v2\/media?parent=12989"}],"wp:term":[{"taxonomy":"product_brand","embeddable":true,"href":"https:\/\/agoravape.com\/it\/wp-json\/wp\/v2\/product_brand?post=12989"},{"taxonomy":"product_cat","embeddable":true,"href":"https:\/\/agoravape.com\/it\/wp-json\/wp\/v2\/product_cat?post=12989"},{"taxonomy":"product_tag","embeddable":true,"href":"https:\/\/agoravape.com\/it\/wp-json\/wp\/v2\/product_tag?post=12989"}],"curies":[{"name":"wp","href":"https:\/\/api.w.org\/{rel}","templated":true}]}}